{"id":16319,"date":"2024-07-12T16:22:40","date_gmt":"2024-07-12T13:22:40","guid":{"rendered":"https:\/\/tene.ee\/toode\/valmis-ehitatud-aiamaja-gloria-f\/"},"modified":"2024-11-28T11:46:06","modified_gmt":"2024-11-28T09:46:06","slug":"valmis-ehitatud-aiamaja-gloria-f","status":"publish","type":"product","link":"https:\/\/tene.ee\/de\/toode\/valmis-ehitatud-aiamaja-gloria-f\/","title":{"rendered":"Fertiges Gartenhaus Gloria F"},"content":{"rendered":"<p>TENE-Fertiggartenh\u00e4user und -Schuppen werden im Innenbereich gebaut, was eine bessere Qualit\u00e4t der fertigen H\u00e4user gew\u00e4hrleistet und dazu beitr\u00e4gt, m\u00f6gliche ung\u00fcnstige Verz\u00f6gerungen auf der Baustelle (z. B. schlechte Wetterbedingungen beim Holzmaterial, aus dem die Saunah\u00e4user hergestellt werden) zu vermeiden ist nordisches 28 mm dickes, hochwertiges Fichtenholz<br \/>\nDie T\u00fcren bestehen aus speziell trockenem (8-12 %) Brettschichtholz<br \/>\nDie T\u00fcrschwelle besteht aus rostfreiem Metall<br \/>\nT\u00fcr mit Holzf\u00fcllung (beidseitige T\u00fcr mit Glas) und inklusive Beschl\u00e4gen<br \/>\nDie Fundamentbalken bestehen aus autoklaviertem Holz<br \/>\nDer Boden besteht aus 18 mm starkem Profilbrett<br \/>\nDie Dacheindeckung besteht aus schwarzem Wabenruberoid<br \/>\nTraufen- und Kantenflecken<br \/>\nDie Decke besteht aus Profilbrettern. Im Preis nicht enthalten: Vorbereitung des Fundaments<br \/>\nAu\u00dfenlackierung Die Preise gelten im Tene-Werkslager und enthalten die gesetzliche Mehrwertsteuer. Der Preis beinhaltet nicht den Transport. Die Versandkosten h\u00e4ngen von der genauen Lieferadresse ab.<\/p>\n","protected":false},"excerpt":{"rendered":"<p>Das werksgefertigte Gartenhaus Gloria F wird fertig gebaut, also als \u201eschl\u00fcsselfertige\u201c Komplettl\u00f6sung, an den Kunden geliefert. Es besteht die M\u00f6glichkeit, das Gartenhaus im fertiggebauten Zustand \u00fcberallhin zu transportieren, wo es mit einem Kran erreichbar ist.<\/p>\n","protected":false},"featured_media":7491,"template":"","meta":{"_acf_changed":false},"product_brand":[],"product_cat":[318,337,365,319],"product_tag":[],"class_list":{"0":"post-16319","1":"product","2":"type-product","3":"status-publish","4":"has-post-thumbnail","6":"product_cat-gartenhauser","7":"product_cat-gartenhauser-28-mm","8":"product_cat-gartenhauser-mit-pult-flachdach","9":"product_cat-vorgefertigte-fertige-bausatze","10":"product_shipping_class-390e-de","11":"pa_pindala-0-10-m2-de","12":"pa_seina-paksus-28-mm-de","14":"first","15":"onbackorder","16":"sale","17":"purchasable","18":"product-type-simple"},"acf":[],"yoast_head":"<!-- This site is optimized with the Yoast SEO plugin v27.3 - https:\/\/yoast.com\/product\/yoast-seo-wordpress\/ -->\n<title>Tene.ee - Fertiges Gartenhaus Gloria F<\/title>\n<meta name=\"description\" content=\"Tene.ee Fertiges Gartenhaus Gloria F\" \/>\n<meta name=\"robots\" content=\"index, follow, max-snippet:-1, max-image-preview:large, max-video-preview:-1\" \/>\n<link rel=\"canonical\" href=\"https:\/\/tene.ee\/de\/toode\/valmis-ehitatud-aiamaja-gloria-f\/\" \/>\n<meta property=\"og:locale\" content=\"de_DE\" \/>\n<meta property=\"og:type\" content=\"article\" \/>\n<meta property=\"og:title\" content=\"Tene.ee - Fertiges Gartenhaus Gloria F\" \/>\n<meta property=\"og:description\" content=\"Tene.ee Fertiges Gartenhaus Gloria F\" \/>\n<meta property=\"og:url\" content=\"https:\/\/tene.ee\/de\/toode\/valmis-ehitatud-aiamaja-gloria-f\/\" \/>\n<meta property=\"og:site_name\" content=\"Tene.ee\" \/>\n<meta property=\"article:publisher\" content=\"https:\/\/www.facebook.com\/teneaiamajad\" \/>\n<meta property=\"article:modified_time\" content=\"2024-11-28T09:46:06+00:00\" \/>\n<meta property=\"og:image\" content=\"https:\/\/tene.ee\/wp-content\/uploads\/2024\/07\/Gloria-H-2.jpg\" \/>\n\t<meta property=\"og:image:width\" content=\"1600\" \/>\n\t<meta property=\"og:image:height\" content=\"1067\" \/>\n\t<meta property=\"og:image:type\" content=\"image\/jpeg\" \/>\n<meta name=\"twitter:card\" content=\"summary_large_image\" \/>\n<meta name=\"twitter:label1\" content=\"Gesch\u00e4tzte Lesezeit\" \/>\n\t<meta name=\"twitter:data1\" content=\"1\u00a0Minute\" \/>\n<script type=\"application\/ld+json\" class=\"yoast-schema-graph\">{\"@context\":\"https:\\\/\\\/schema.org\",\"@graph\":[{\"@type\":\"WebPage\",\"@id\":\"https:\\\/\\\/tene.ee\\\/de\\\/toode\\\/valmis-ehitatud-aiamaja-gloria-f\\\/\",\"url\":\"https:\\\/\\\/tene.ee\\\/de\\\/toode\\\/valmis-ehitatud-aiamaja-gloria-f\\\/\",\"name\":\"Tene.ee - Fertiges Gartenhaus Gloria F\",\"isPartOf\":{\"@id\":\"https:\\\/\\\/tene.ee\\\/de\\\/#website\"},\"primaryImageOfPage\":{\"@id\":\"https:\\\/\\\/tene.ee\\\/de\\\/toode\\\/valmis-ehitatud-aiamaja-gloria-f\\\/#primaryimage\"},\"image\":{\"@id\":\"https:\\\/\\\/tene.ee\\\/de\\\/toode\\\/valmis-ehitatud-aiamaja-gloria-f\\\/#primaryimage\"},\"thumbnailUrl\":\"https:\\\/\\\/tene.ee\\\/wp-content\\\/uploads\\\/2024\\\/07\\\/Gloria-H-2.jpg\",\"datePublished\":\"2024-07-12T13:22:40+00:00\",\"dateModified\":\"2024-11-28T09:46:06+00:00\",\"description\":\"Tene.ee Fertiges Gartenhaus Gloria F\",\"breadcrumb\":{\"@id\":\"https:\\\/\\\/tene.ee\\\/de\\\/toode\\\/valmis-ehitatud-aiamaja-gloria-f\\\/#breadcrumb\"},\"inLanguage\":\"de\",\"potentialAction\":[{\"@type\":\"ReadAction\",\"target\":[\"https:\\\/\\\/tene.ee\\\/de\\\/toode\\\/valmis-ehitatud-aiamaja-gloria-f\\\/\"]}]},{\"@type\":\"ImageObject\",\"inLanguage\":\"de\",\"@id\":\"https:\\\/\\\/tene.ee\\\/de\\\/toode\\\/valmis-ehitatud-aiamaja-gloria-f\\\/#primaryimage\",\"url\":\"https:\\\/\\\/tene.ee\\\/wp-content\\\/uploads\\\/2024\\\/07\\\/Gloria-H-2.jpg\",\"contentUrl\":\"https:\\\/\\\/tene.ee\\\/wp-content\\\/uploads\\\/2024\\\/07\\\/Gloria-H-2.jpg\",\"width\":1600,\"height\":1067},{\"@type\":\"BreadcrumbList\",\"@id\":\"https:\\\/\\\/tene.ee\\\/de\\\/toode\\\/valmis-ehitatud-aiamaja-gloria-f\\\/#breadcrumb\",\"itemListElement\":[{\"@type\":\"ListItem\",\"position\":1,\"name\":\"Avaleht\",\"item\":\"https:\\\/\\\/tene.ee\\\/de\\\/\"},{\"@type\":\"ListItem\",\"position\":2,\"name\":\"Produkte\",\"item\":\"https:\\\/\\\/tene.ee\\\/de\\\/shop\\\/\"},{\"@type\":\"ListItem\",\"position\":3,\"name\":\"Fertiges Gartenhaus Gloria F\"}]},{\"@type\":\"WebSite\",\"@id\":\"https:\\\/\\\/tene.ee\\\/de\\\/#website\",\"url\":\"https:\\\/\\\/tene.ee\\\/de\\\/\",\"name\":\"Tene.ee - Kaunite hetkede jaoks sinu aias\",\"description\":\"Tene.ee - parimad puit- ja aiamajad otse tootjalt\",\"publisher\":{\"@id\":\"https:\\\/\\\/tene.ee\\\/de\\\/#organization\"},\"alternateName\":\"Tene.ee\",\"potentialAction\":[{\"@type\":\"SearchAction\",\"target\":{\"@type\":\"EntryPoint\",\"urlTemplate\":\"https:\\\/\\\/tene.ee\\\/de\\\/?s={search_term_string}\"},\"query-input\":{\"@type\":\"PropertyValueSpecification\",\"valueRequired\":true,\"valueName\":\"search_term_string\"}}],\"inLanguage\":\"de\"},{\"@type\":\"Organization\",\"@id\":\"https:\\\/\\\/tene.ee\\\/de\\\/#organization\",\"name\":\"Tene.ee\",\"url\":\"https:\\\/\\\/tene.ee\\\/de\\\/\",\"logo\":{\"@type\":\"ImageObject\",\"inLanguage\":\"de\",\"@id\":\"https:\\\/\\\/tene.ee\\\/de\\\/#\\\/schema\\\/logo\\\/image\\\/\",\"url\":\"https:\\\/\\\/tene.ee\\\/wp-content\\\/uploads\\\/2024\\\/12\\\/TENE-logo-2018-2.png\",\"contentUrl\":\"https:\\\/\\\/tene.ee\\\/wp-content\\\/uploads\\\/2024\\\/12\\\/TENE-logo-2018-2.png\",\"width\":2339,\"height\":1654,\"caption\":\"Tene.ee\"},\"image\":{\"@id\":\"https:\\\/\\\/tene.ee\\\/de\\\/#\\\/schema\\\/logo\\\/image\\\/\"},\"sameAs\":[\"https:\\\/\\\/www.facebook.com\\\/teneaiamajad\"]}]}<\/script>\n<!-- \/ Yoast SEO plugin. -->","yoast_head_json":{"title":"Tene.ee - Fertiges Gartenhaus Gloria F","description":"Tene.ee Fertiges Gartenhaus Gloria F","robots":{"index":"index","follow":"follow","max-snippet":"max-snippet:-1","max-image-preview":"max-image-preview:large","max-video-preview":"max-video-preview:-1"},"canonical":"https:\/\/tene.ee\/de\/toode\/valmis-ehitatud-aiamaja-gloria-f\/","og_locale":"de_DE","og_type":"article","og_title":"Tene.ee - Fertiges Gartenhaus Gloria F","og_description":"Tene.ee Fertiges Gartenhaus Gloria F","og_url":"https:\/\/tene.ee\/de\/toode\/valmis-ehitatud-aiamaja-gloria-f\/","og_site_name":"Tene.ee","article_publisher":"https:\/\/www.facebook.com\/teneaiamajad","article_modified_time":"2024-11-28T09:46:06+00:00","og_image":[{"width":1600,"height":1067,"url":"https:\/\/tene.ee\/wp-content\/uploads\/2024\/07\/Gloria-H-2.jpg","type":"image\/jpeg"}],"twitter_card":"summary_large_image","twitter_misc":{"Gesch\u00e4tzte Lesezeit":"1\u00a0Minute"},"schema":{"@context":"https:\/\/schema.org","@graph":[{"@type":"WebPage","@id":"https:\/\/tene.ee\/de\/toode\/valmis-ehitatud-aiamaja-gloria-f\/","url":"https:\/\/tene.ee\/de\/toode\/valmis-ehitatud-aiamaja-gloria-f\/","name":"Tene.ee - Fertiges Gartenhaus Gloria F","isPartOf":{"@id":"https:\/\/tene.ee\/de\/#website"},"primaryImageOfPage":{"@id":"https:\/\/tene.ee\/de\/toode\/valmis-ehitatud-aiamaja-gloria-f\/#primaryimage"},"image":{"@id":"https:\/\/tene.ee\/de\/toode\/valmis-ehitatud-aiamaja-gloria-f\/#primaryimage"},"thumbnailUrl":"https:\/\/tene.ee\/wp-content\/uploads\/2024\/07\/Gloria-H-2.jpg","datePublished":"2024-07-12T13:22:40+00:00","dateModified":"2024-11-28T09:46:06+00:00","description":"Tene.ee Fertiges Gartenhaus Gloria F","breadcrumb":{"@id":"https:\/\/tene.ee\/de\/toode\/valmis-ehitatud-aiamaja-gloria-f\/#breadcrumb"},"inLanguage":"de","potentialAction":[{"@type":"ReadAction","target":["https:\/\/tene.ee\/de\/toode\/valmis-ehitatud-aiamaja-gloria-f\/"]}]},{"@type":"ImageObject","inLanguage":"de","@id":"https:\/\/tene.ee\/de\/toode\/valmis-ehitatud-aiamaja-gloria-f\/#primaryimage","url":"https:\/\/tene.ee\/wp-content\/uploads\/2024\/07\/Gloria-H-2.jpg","contentUrl":"https:\/\/tene.ee\/wp-content\/uploads\/2024\/07\/Gloria-H-2.jpg","width":1600,"height":1067},{"@type":"BreadcrumbList","@id":"https:\/\/tene.ee\/de\/toode\/valmis-ehitatud-aiamaja-gloria-f\/#breadcrumb","itemListElement":[{"@type":"ListItem","position":1,"name":"Avaleht","item":"https:\/\/tene.ee\/de\/"},{"@type":"ListItem","position":2,"name":"Produkte","item":"https:\/\/tene.ee\/de\/shop\/"},{"@type":"ListItem","position":3,"name":"Fertiges Gartenhaus Gloria F"}]},{"@type":"WebSite","@id":"https:\/\/tene.ee\/de\/#website","url":"https:\/\/tene.ee\/de\/","name":"Tene.ee - Kaunite hetkede jaoks sinu aias","description":"Tene.ee - parimad puit- ja aiamajad otse tootjalt","publisher":{"@id":"https:\/\/tene.ee\/de\/#organization"},"alternateName":"Tene.ee","potentialAction":[{"@type":"SearchAction","target":{"@type":"EntryPoint","urlTemplate":"https:\/\/tene.ee\/de\/?s={search_term_string}"},"query-input":{"@type":"PropertyValueSpecification","valueRequired":true,"valueName":"search_term_string"}}],"inLanguage":"de"},{"@type":"Organization","@id":"https:\/\/tene.ee\/de\/#organization","name":"Tene.ee","url":"https:\/\/tene.ee\/de\/","logo":{"@type":"ImageObject","inLanguage":"de","@id":"https:\/\/tene.ee\/de\/#\/schema\/logo\/image\/","url":"https:\/\/tene.ee\/wp-content\/uploads\/2024\/12\/TENE-logo-2018-2.png","contentUrl":"https:\/\/tene.ee\/wp-content\/uploads\/2024\/12\/TENE-logo-2018-2.png","width":2339,"height":1654,"caption":"Tene.ee"},"image":{"@id":"https:\/\/tene.ee\/de\/#\/schema\/logo\/image\/"},"sameAs":["https:\/\/www.facebook.com\/teneaiamajad"]}]}},"_links":{"self":[{"href":"https:\/\/tene.ee\/de\/wp-json\/wp\/v2\/product\/16319","targetHints":{"allow":["GET"]}}],"collection":[{"href":"https:\/\/tene.ee\/de\/wp-json\/wp\/v2\/product"}],"about":[{"href":"https:\/\/tene.ee\/de\/wp-json\/wp\/v2\/types\/product"}],"wp:featuredmedia":[{"embeddable":true,"href":"https:\/\/tene.ee\/de\/wp-json\/wp\/v2\/media\/7491"}],"wp:attachment":[{"href":"https:\/\/tene.ee\/de\/wp-json\/wp\/v2\/media?parent=16319"}],"wp:term":[{"taxonomy":"product_brand","embeddable":true,"href":"https:\/\/tene.ee\/de\/wp-json\/wp\/v2\/product_brand?post=16319"},{"taxonomy":"product_cat","embeddable":true,"href":"https:\/\/tene.ee\/de\/wp-json\/wp\/v2\/product_cat?post=16319"},{"taxonomy":"product_tag","embeddable":true,"href":"https:\/\/tene.ee\/de\/wp-json\/wp\/v2\/product_tag?post=16319"}],"curies":[{"name":"wp","href":"https:\/\/api.w.org\/{rel}","templated":true}]}}