{"id":16317,"date":"2024-07-12T16:22:40","date_gmt":"2024-07-12T13:22:40","guid":{"rendered":"https:\/\/tene.ee\/toode\/puestine-tuennisaun-tornio-o-240-cm\/"},"modified":"2024-11-28T11:45:58","modified_gmt":"2024-11-28T09:45:58","slug":"puestine-tuennisaun-tornio-o-240-cm","status":"publish","type":"product","link":"https:\/\/tene.ee\/de\/toode\/puestine-tuennisaun-tornio-o-240-cm\/","title":{"rendered":"Saunatonne Tornio, \u00d8 240 cm"},"content":{"rendered":"<p>Die Standfasssauna Tornio f\u00fcr bis zu 6 Personen, hergestellt in der Gartenhausmanufaktur von Tene Kaubanduse, ist bereit f\u00fcr den Saunaeinsatz. Wir transportieren das Produkt dorthin, wo es mit einem Kran erreichbar ist. Achtung! Die fertigen Dachelemente mit Dacheindeckung und Randblechen sind im Lieferumfang enthalten und m\u00fcssen vor Ort beim Kunden montiert werden.Das fertige ovale Saunaset f\u00fcr bis zu 6 Personen beinhaltet:Das verwendete Holz ist zu 100 % hochwertiges nordisches FichtenholzB\u00fchne im DampfbadHolzboden aus 28 mm starkem BodenbrettVom BodenHolzrostofen mit Glast\u00fcrHochwertiger Schornstein mit Klappe und Wassertank 25 LHeizsteine \u200b\u200b80 kgHitzebest\u00e4ndiger Boden, Geh\u00e4use und R\u00fcckwand des OfensAu\u00dfen lackiert mit Teknos AQUAPRIMER Beize TM 1824Ruberoid mit schwarzer Wabe f\u00fcr D\u00e4cherDachkappe aus MetallAbschlie\u00dfbare Frontt\u00fcr mit geh\u00e4rtetem Glas2 zu \u00f6ffnende Fenster mit geh\u00e4rtetem Glas im DampfbadWandst\u00e4rke: 40 mmDurchmesser 240 cmH\u00f6he mit Dach 300 cmGewicht ca. 1000 kg<\/p>\n","protected":false},"excerpt":{"rendered":"<p>Fertig aufgebaute Stand-Fass-Sauna Tornio, \u00d8 240cm, schwarzer Wabenruberoid zur \u00dcberdachung, Holzofen mit Steinen (100kg), hochwertiger Kamin mit Rollladen und Wassertank. Au\u00dfen lackiert mit Teknos AQUAPRIMER Beize TM 1824.Die vertikale Fasssauna Tornio ist auch mit Elektroofen erh\u00e4ltlich.<\/p>\n","protected":false},"featured_media":7443,"template":"","meta":{"_acf_changed":false},"product_brand":[],"product_cat":[371,314,370],"product_tag":[],"class_list":{"0":"post-16317","1":"product","2":"type-product","3":"status-publish","4":"has-post-thumbnail","6":"product_cat-fasssaunen","7":"product_cat-saunen","8":"product_cat-vorgefertigte-saunen","9":"product_shipping_class-390e-de","10":"pa_iseloomustus-1-raum","11":"pa_katuse-tuup-pyramidendach","12":"pa_pindala-0-10-m2-de","13":"pa_seina-paksus-40-mm-de","14":"pa_vali-keris-huum-elektrikeris-de","15":"pa_vali-keris-puukuttega-skamet-keris-de","17":"first","18":"onbackorder","19":"sale","20":"purchasable","21":"product-type-simple"},"acf":[],"yoast_head":"<!-- This site is optimized with the Yoast SEO plugin v27.4 - https:\/\/yoast.com\/product\/yoast-seo-wordpress\/ -->\n<title>Tene.ee - Saunatonne Tornio, \u00d8 240 cm<\/title>\n<meta name=\"description\" content=\"Tene.ee Saunatonne Tornio, \u00d8 240 cm\" \/>\n<meta name=\"robots\" content=\"index, follow, max-snippet:-1, max-image-preview:large, max-video-preview:-1\" \/>\n<link rel=\"canonical\" href=\"https:\/\/tene.ee\/de\/toode\/puestine-tuennisaun-tornio-o-240-cm\/\" \/>\n<meta property=\"og:locale\" content=\"de_DE\" \/>\n<meta property=\"og:type\" content=\"article\" \/>\n<meta property=\"og:title\" content=\"Tene.ee - Saunatonne Tornio, \u00d8 240 cm\" \/>\n<meta property=\"og:description\" content=\"Tene.ee Saunatonne Tornio, \u00d8 240 cm\" \/>\n<meta property=\"og:url\" content=\"https:\/\/tene.ee\/de\/toode\/puestine-tuennisaun-tornio-o-240-cm\/\" \/>\n<meta property=\"og:site_name\" content=\"Tene.ee\" \/>\n<meta property=\"article:publisher\" content=\"https:\/\/www.facebook.com\/teneaiamajad\" \/>\n<meta property=\"article:modified_time\" content=\"2024-11-28T09:45:58+00:00\" \/>\n<meta property=\"og:image\" content=\"https:\/\/tene.ee\/wp-content\/uploads\/2024\/07\/Torusaun__Tornio-1024x683.jpeg\" \/>\n\t<meta property=\"og:image:width\" content=\"1024\" \/>\n\t<meta property=\"og:image:height\" content=\"683\" \/>\n\t<meta property=\"og:image:type\" content=\"image\/jpeg\" \/>\n<meta name=\"twitter:card\" content=\"summary_large_image\" \/>\n<meta name=\"twitter:label1\" content=\"Gesch\u00e4tzte Lesezeit\" \/>\n\t<meta name=\"twitter:data1\" content=\"1\u00a0Minute\" \/>\n<script type=\"application\/ld+json\" class=\"yoast-schema-graph\">{\"@context\":\"https:\\\/\\\/schema.org\",\"@graph\":[{\"@type\":\"WebPage\",\"@id\":\"https:\\\/\\\/tene.ee\\\/de\\\/toode\\\/puestine-tuennisaun-tornio-o-240-cm\\\/\",\"url\":\"https:\\\/\\\/tene.ee\\\/de\\\/toode\\\/puestine-tuennisaun-tornio-o-240-cm\\\/\",\"name\":\"Tene.ee - Saunatonne Tornio, \u00d8 240 cm\",\"isPartOf\":{\"@id\":\"https:\\\/\\\/tene.ee\\\/de\\\/#website\"},\"primaryImageOfPage\":{\"@id\":\"https:\\\/\\\/tene.ee\\\/de\\\/toode\\\/puestine-tuennisaun-tornio-o-240-cm\\\/#primaryimage\"},\"image\":{\"@id\":\"https:\\\/\\\/tene.ee\\\/de\\\/toode\\\/puestine-tuennisaun-tornio-o-240-cm\\\/#primaryimage\"},\"thumbnailUrl\":\"https:\\\/\\\/tene.ee\\\/wp-content\\\/uploads\\\/2024\\\/07\\\/Torusaun__Tornio.jpeg\",\"datePublished\":\"2024-07-12T13:22:40+00:00\",\"dateModified\":\"2024-11-28T09:45:58+00:00\",\"description\":\"Tene.ee Saunatonne Tornio, \u00d8 240 cm\",\"breadcrumb\":{\"@id\":\"https:\\\/\\\/tene.ee\\\/de\\\/toode\\\/puestine-tuennisaun-tornio-o-240-cm\\\/#breadcrumb\"},\"inLanguage\":\"de\",\"potentialAction\":[{\"@type\":\"ReadAction\",\"target\":[\"https:\\\/\\\/tene.ee\\\/de\\\/toode\\\/puestine-tuennisaun-tornio-o-240-cm\\\/\"]}]},{\"@type\":\"ImageObject\",\"inLanguage\":\"de\",\"@id\":\"https:\\\/\\\/tene.ee\\\/de\\\/toode\\\/puestine-tuennisaun-tornio-o-240-cm\\\/#primaryimage\",\"url\":\"https:\\\/\\\/tene.ee\\\/wp-content\\\/uploads\\\/2024\\\/07\\\/Torusaun__Tornio.jpeg\",\"contentUrl\":\"https:\\\/\\\/tene.ee\\\/wp-content\\\/uploads\\\/2024\\\/07\\\/Torusaun__Tornio.jpeg\",\"width\":2500,\"height\":1667},{\"@type\":\"BreadcrumbList\",\"@id\":\"https:\\\/\\\/tene.ee\\\/de\\\/toode\\\/puestine-tuennisaun-tornio-o-240-cm\\\/#breadcrumb\",\"itemListElement\":[{\"@type\":\"ListItem\",\"position\":1,\"name\":\"Avaleht\",\"item\":\"https:\\\/\\\/tene.ee\\\/de\\\/\"},{\"@type\":\"ListItem\",\"position\":2,\"name\":\"Produkte\",\"item\":\"https:\\\/\\\/tene.ee\\\/de\\\/shop\\\/\"},{\"@type\":\"ListItem\",\"position\":3,\"name\":\"Saunatonne Tornio, \u00d8 240 cm\"}]},{\"@type\":\"WebSite\",\"@id\":\"https:\\\/\\\/tene.ee\\\/de\\\/#website\",\"url\":\"https:\\\/\\\/tene.ee\\\/de\\\/\",\"name\":\"Tene.ee - Kaunite hetkede jaoks sinu aias\",\"description\":\"Tene.ee - parimad puit- ja aiamajad otse tootjalt\",\"publisher\":{\"@id\":\"https:\\\/\\\/tene.ee\\\/de\\\/#organization\"},\"alternateName\":\"Tene.ee\",\"potentialAction\":[{\"@type\":\"SearchAction\",\"target\":{\"@type\":\"EntryPoint\",\"urlTemplate\":\"https:\\\/\\\/tene.ee\\\/de\\\/?s={search_term_string}\"},\"query-input\":{\"@type\":\"PropertyValueSpecification\",\"valueRequired\":true,\"valueName\":\"search_term_string\"}}],\"inLanguage\":\"de\"},{\"@type\":\"Organization\",\"@id\":\"https:\\\/\\\/tene.ee\\\/de\\\/#organization\",\"name\":\"Tene.ee\",\"url\":\"https:\\\/\\\/tene.ee\\\/de\\\/\",\"logo\":{\"@type\":\"ImageObject\",\"inLanguage\":\"de\",\"@id\":\"https:\\\/\\\/tene.ee\\\/de\\\/#\\\/schema\\\/logo\\\/image\\\/\",\"url\":\"https:\\\/\\\/tene.ee\\\/wp-content\\\/uploads\\\/2024\\\/12\\\/TENE-logo-2018-2.png\",\"contentUrl\":\"https:\\\/\\\/tene.ee\\\/wp-content\\\/uploads\\\/2024\\\/12\\\/TENE-logo-2018-2.png\",\"width\":2339,\"height\":1654,\"caption\":\"Tene.ee\"},\"image\":{\"@id\":\"https:\\\/\\\/tene.ee\\\/de\\\/#\\\/schema\\\/logo\\\/image\\\/\"},\"sameAs\":[\"https:\\\/\\\/www.facebook.com\\\/teneaiamajad\"]}]}<\/script>\n<!-- \/ Yoast SEO plugin. -->","yoast_head_json":{"title":"Tene.ee - Saunatonne Tornio, \u00d8 240 cm","description":"Tene.ee Saunatonne Tornio, \u00d8 240 cm","robots":{"index":"index","follow":"follow","max-snippet":"max-snippet:-1","max-image-preview":"max-image-preview:large","max-video-preview":"max-video-preview:-1"},"canonical":"https:\/\/tene.ee\/de\/toode\/puestine-tuennisaun-tornio-o-240-cm\/","og_locale":"de_DE","og_type":"article","og_title":"Tene.ee - Saunatonne Tornio, \u00d8 240 cm","og_description":"Tene.ee Saunatonne Tornio, \u00d8 240 cm","og_url":"https:\/\/tene.ee\/de\/toode\/puestine-tuennisaun-tornio-o-240-cm\/","og_site_name":"Tene.ee","article_publisher":"https:\/\/www.facebook.com\/teneaiamajad","article_modified_time":"2024-11-28T09:45:58+00:00","og_image":[{"width":1024,"height":683,"url":"https:\/\/tene.ee\/wp-content\/uploads\/2024\/07\/Torusaun__Tornio-1024x683.jpeg","type":"image\/jpeg"}],"twitter_card":"summary_large_image","twitter_misc":{"Gesch\u00e4tzte Lesezeit":"1\u00a0Minute"},"schema":{"@context":"https:\/\/schema.org","@graph":[{"@type":"WebPage","@id":"https:\/\/tene.ee\/de\/toode\/puestine-tuennisaun-tornio-o-240-cm\/","url":"https:\/\/tene.ee\/de\/toode\/puestine-tuennisaun-tornio-o-240-cm\/","name":"Tene.ee - Saunatonne Tornio, \u00d8 240 cm","isPartOf":{"@id":"https:\/\/tene.ee\/de\/#website"},"primaryImageOfPage":{"@id":"https:\/\/tene.ee\/de\/toode\/puestine-tuennisaun-tornio-o-240-cm\/#primaryimage"},"image":{"@id":"https:\/\/tene.ee\/de\/toode\/puestine-tuennisaun-tornio-o-240-cm\/#primaryimage"},"thumbnailUrl":"https:\/\/tene.ee\/wp-content\/uploads\/2024\/07\/Torusaun__Tornio.jpeg","datePublished":"2024-07-12T13:22:40+00:00","dateModified":"2024-11-28T09:45:58+00:00","description":"Tene.ee Saunatonne Tornio, \u00d8 240 cm","breadcrumb":{"@id":"https:\/\/tene.ee\/de\/toode\/puestine-tuennisaun-tornio-o-240-cm\/#breadcrumb"},"inLanguage":"de","potentialAction":[{"@type":"ReadAction","target":["https:\/\/tene.ee\/de\/toode\/puestine-tuennisaun-tornio-o-240-cm\/"]}]},{"@type":"ImageObject","inLanguage":"de","@id":"https:\/\/tene.ee\/de\/toode\/puestine-tuennisaun-tornio-o-240-cm\/#primaryimage","url":"https:\/\/tene.ee\/wp-content\/uploads\/2024\/07\/Torusaun__Tornio.jpeg","contentUrl":"https:\/\/tene.ee\/wp-content\/uploads\/2024\/07\/Torusaun__Tornio.jpeg","width":2500,"height":1667},{"@type":"BreadcrumbList","@id":"https:\/\/tene.ee\/de\/toode\/puestine-tuennisaun-tornio-o-240-cm\/#breadcrumb","itemListElement":[{"@type":"ListItem","position":1,"name":"Avaleht","item":"https:\/\/tene.ee\/de\/"},{"@type":"ListItem","position":2,"name":"Produkte","item":"https:\/\/tene.ee\/de\/shop\/"},{"@type":"ListItem","position":3,"name":"Saunatonne Tornio, \u00d8 240 cm"}]},{"@type":"WebSite","@id":"https:\/\/tene.ee\/de\/#website","url":"https:\/\/tene.ee\/de\/","name":"Tene.ee - Kaunite hetkede jaoks sinu aias","description":"Tene.ee - parimad puit- ja aiamajad otse tootjalt","publisher":{"@id":"https:\/\/tene.ee\/de\/#organization"},"alternateName":"Tene.ee","potentialAction":[{"@type":"SearchAction","target":{"@type":"EntryPoint","urlTemplate":"https:\/\/tene.ee\/de\/?s={search_term_string}"},"query-input":{"@type":"PropertyValueSpecification","valueRequired":true,"valueName":"search_term_string"}}],"inLanguage":"de"},{"@type":"Organization","@id":"https:\/\/tene.ee\/de\/#organization","name":"Tene.ee","url":"https:\/\/tene.ee\/de\/","logo":{"@type":"ImageObject","inLanguage":"de","@id":"https:\/\/tene.ee\/de\/#\/schema\/logo\/image\/","url":"https:\/\/tene.ee\/wp-content\/uploads\/2024\/12\/TENE-logo-2018-2.png","contentUrl":"https:\/\/tene.ee\/wp-content\/uploads\/2024\/12\/TENE-logo-2018-2.png","width":2339,"height":1654,"caption":"Tene.ee"},"image":{"@id":"https:\/\/tene.ee\/de\/#\/schema\/logo\/image\/"},"sameAs":["https:\/\/www.facebook.com\/teneaiamajad"]}]}},"_links":{"self":[{"href":"https:\/\/tene.ee\/de\/wp-json\/wp\/v2\/product\/16317","targetHints":{"allow":["GET"]}}],"collection":[{"href":"https:\/\/tene.ee\/de\/wp-json\/wp\/v2\/product"}],"about":[{"href":"https:\/\/tene.ee\/de\/wp-json\/wp\/v2\/types\/product"}],"wp:featuredmedia":[{"embeddable":true,"href":"https:\/\/tene.ee\/de\/wp-json\/wp\/v2\/media\/7443"}],"wp:attachment":[{"href":"https:\/\/tene.ee\/de\/wp-json\/wp\/v2\/media?parent=16317"}],"wp:term":[{"taxonomy":"product_brand","embeddable":true,"href":"https:\/\/tene.ee\/de\/wp-json\/wp\/v2\/product_brand?post=16317"},{"taxonomy":"product_cat","embeddable":true,"href":"https:\/\/tene.ee\/de\/wp-json\/wp\/v2\/product_cat?post=16317"},{"taxonomy":"product_tag","embeddable":true,"href":"https:\/\/tene.ee\/de\/wp-json\/wp\/v2\/product_tag?post=16317"}],"curies":[{"name":"wp","href":"https:\/\/api.w.org\/{rel}","templated":true}]}}