{"id":16311,"date":"2024-07-12T16:22:40","date_gmt":"2024-07-12T13:22:40","guid":{"rendered":"https:\/\/tene.ee\/toode\/valmissaun-hannu-terrassi-ja-puhkeruumiga\/"},"modified":"2024-11-28T11:45:41","modified_gmt":"2024-11-28T09:45:41","slug":"valmissaun-hannu-terrassi-ja-puhkeruumiga","status":"publish","type":"product","link":"https:\/\/tene.ee\/de\/toode\/valmissaun-hannu-terrassi-ja-puhkeruumiga\/","title":{"rendered":"Fertigsauna Hannu mit Terrasse und Ruheraum"},"content":{"rendered":"<p>Die vorgefertigten Saunen von TENE werden in der Halle gebaut, was eine bessere Qualit\u00e4t der Fertigh\u00e4user gew\u00e4hrleistet und dazu beitr\u00e4gt, m\u00f6gliche ung\u00fcnstige Verz\u00f6gerungen auf der Baustelle (z.\u00a0B. schlechte Wetterbedingungen) zu vermeiden.<\/p>\n<p><strong>Das Set einer vorgefertigten TENE Sauna mit 40 mm Wandst\u00e4rke umfasst Folgendes:<\/strong><\/p>\n<p>Saunah\u00e4user werden aus Fichtenholz nordischer Qualit\u00e4t<br \/>\nT\u00fcren und Fenster aus extratrockenem (8\u201312\u00a0%) Brettschichtholz<br \/>\nein Fenster mit Hartglas, zu \u00f6ffnen in zwei Richtungen (inkl. Beschl\u00e4ge) im Schwitzraum<br \/>\nT\u00fcr mit Hartglas (inkl. Beschl\u00e4ge)<br \/>\nHolzofen, hochwertiger Schornstein mit Klappe und Wassertank, Ofenboden und u-f\u00f6rmiges hitzebest\u00e4ndiges Geh\u00e4use, Saunasteine (im Set enthalten).<br \/>\neine Saunabank mit R\u00fcckenlehne<br \/>\nDach der Sauna isoliert mit 50\u00a0cm dicker Wolle<br \/>\nBedachung aus schwarzen Wabenschindeln<br \/>\nTraufe und Randbleche<br \/>\nim Autoklaven impr\u00e4gnierte Fundamentbalken<br \/>\nBoden aus 18\u00a0mm starken Profilbrettern<br \/>\nWasserrinne im Boden des Schwitzraumes<br \/>\nDecke aus Profilbrettern<\/p>\n","protected":false},"excerpt":{"rendered":"<p>Die Fertigsauna Hannu mit Terrasse und Ruheraum wird als schl\u00fcsselfertige Komplettl\u00f6sung an den Kunden geliefert. Die vorgefertigte Sauna kann an jeden mit einem Kranwagen erreichbaren Ort transportiert werden.<\/p>\n","protected":false},"featured_media":7179,"template":"","meta":{"_acf_changed":false},"product_brand":[],"product_cat":[314,370],"product_tag":[],"class_list":{"0":"post-16311","1":"product","2":"type-product","3":"status-publish","4":"has-post-thumbnail","6":"product_cat-saunen","7":"product_cat-vorgefertigte-saunen","8":"product_shipping_class-390e-de","9":"pa_iseloomustus-2-raum","10":"pa_iseloomustus-rechteck-haeuser","11":"pa_iseloomustus-terrasse","12":"pa_katuse-tuup-satteldach","13":"pa_pindala-10-20-m2-de","14":"pa_seina-paksus-40-mm-de","16":"first","17":"onbackorder","18":"sale","19":"purchasable","20":"product-type-simple"},"acf":[],"yoast_head":"<!-- This site is optimized with the Yoast SEO plugin v27.3 - https:\/\/yoast.com\/product\/yoast-seo-wordpress\/ -->\n<title>Tene.ee - Fertigsauna Hannu mit Terrasse und Ruheraum<\/title>\n<meta name=\"description\" content=\"Tene.ee Fertigsauna Hannu mit Terrasse und Ruheraum\" \/>\n<meta name=\"robots\" content=\"index, follow, max-snippet:-1, max-image-preview:large, max-video-preview:-1\" \/>\n<link rel=\"canonical\" href=\"https:\/\/tene.ee\/de\/toode\/valmissaun-hannu-terrassi-ja-puhkeruumiga\/\" \/>\n<meta property=\"og:locale\" content=\"de_DE\" \/>\n<meta property=\"og:type\" content=\"article\" \/>\n<meta property=\"og:title\" content=\"Tene.ee - Fertigsauna Hannu mit Terrasse und Ruheraum\" \/>\n<meta property=\"og:description\" content=\"Tene.ee Fertigsauna Hannu mit Terrasse und Ruheraum\" \/>\n<meta property=\"og:url\" content=\"https:\/\/tene.ee\/de\/toode\/valmissaun-hannu-terrassi-ja-puhkeruumiga\/\" \/>\n<meta property=\"og:site_name\" content=\"Tene.ee\" \/>\n<meta property=\"article:publisher\" content=\"https:\/\/www.facebook.com\/teneaiamajad\" \/>\n<meta property=\"article:modified_time\" content=\"2024-11-28T09:45:41+00:00\" \/>\n<meta property=\"og:image\" content=\"https:\/\/tene.ee\/wp-content\/uploads\/2024\/07\/Sauna_Hannu_40-1.jpg\" \/>\n\t<meta property=\"og:image:width\" content=\"1600\" \/>\n\t<meta property=\"og:image:height\" content=\"1067\" \/>\n\t<meta property=\"og:image:type\" content=\"image\/jpeg\" \/>\n<meta name=\"twitter:card\" content=\"summary_large_image\" \/>\n<meta name=\"twitter:label1\" content=\"Gesch\u00e4tzte Lesezeit\" \/>\n\t<meta name=\"twitter:data1\" content=\"1\u00a0Minute\" \/>\n<script type=\"application\/ld+json\" class=\"yoast-schema-graph\">{\"@context\":\"https:\\\/\\\/schema.org\",\"@graph\":[{\"@type\":\"WebPage\",\"@id\":\"https:\\\/\\\/tene.ee\\\/de\\\/toode\\\/valmissaun-hannu-terrassi-ja-puhkeruumiga\\\/\",\"url\":\"https:\\\/\\\/tene.ee\\\/de\\\/toode\\\/valmissaun-hannu-terrassi-ja-puhkeruumiga\\\/\",\"name\":\"Tene.ee - Fertigsauna Hannu mit Terrasse und Ruheraum\",\"isPartOf\":{\"@id\":\"https:\\\/\\\/tene.ee\\\/de\\\/#website\"},\"primaryImageOfPage\":{\"@id\":\"https:\\\/\\\/tene.ee\\\/de\\\/toode\\\/valmissaun-hannu-terrassi-ja-puhkeruumiga\\\/#primaryimage\"},\"image\":{\"@id\":\"https:\\\/\\\/tene.ee\\\/de\\\/toode\\\/valmissaun-hannu-terrassi-ja-puhkeruumiga\\\/#primaryimage\"},\"thumbnailUrl\":\"https:\\\/\\\/tene.ee\\\/wp-content\\\/uploads\\\/2024\\\/07\\\/Sauna_Hannu_40-1.jpg\",\"datePublished\":\"2024-07-12T13:22:40+00:00\",\"dateModified\":\"2024-11-28T09:45:41+00:00\",\"description\":\"Tene.ee Fertigsauna Hannu mit Terrasse und Ruheraum\",\"breadcrumb\":{\"@id\":\"https:\\\/\\\/tene.ee\\\/de\\\/toode\\\/valmissaun-hannu-terrassi-ja-puhkeruumiga\\\/#breadcrumb\"},\"inLanguage\":\"de\",\"potentialAction\":[{\"@type\":\"ReadAction\",\"target\":[\"https:\\\/\\\/tene.ee\\\/de\\\/toode\\\/valmissaun-hannu-terrassi-ja-puhkeruumiga\\\/\"]}]},{\"@type\":\"ImageObject\",\"inLanguage\":\"de\",\"@id\":\"https:\\\/\\\/tene.ee\\\/de\\\/toode\\\/valmissaun-hannu-terrassi-ja-puhkeruumiga\\\/#primaryimage\",\"url\":\"https:\\\/\\\/tene.ee\\\/wp-content\\\/uploads\\\/2024\\\/07\\\/Sauna_Hannu_40-1.jpg\",\"contentUrl\":\"https:\\\/\\\/tene.ee\\\/wp-content\\\/uploads\\\/2024\\\/07\\\/Sauna_Hannu_40-1.jpg\",\"width\":1600,\"height\":1067},{\"@type\":\"BreadcrumbList\",\"@id\":\"https:\\\/\\\/tene.ee\\\/de\\\/toode\\\/valmissaun-hannu-terrassi-ja-puhkeruumiga\\\/#breadcrumb\",\"itemListElement\":[{\"@type\":\"ListItem\",\"position\":1,\"name\":\"Avaleht\",\"item\":\"https:\\\/\\\/tene.ee\\\/de\\\/\"},{\"@type\":\"ListItem\",\"position\":2,\"name\":\"Produkte\",\"item\":\"https:\\\/\\\/tene.ee\\\/de\\\/shop\\\/\"},{\"@type\":\"ListItem\",\"position\":3,\"name\":\"Fertigsauna Hannu mit Terrasse und Ruheraum\"}]},{\"@type\":\"WebSite\",\"@id\":\"https:\\\/\\\/tene.ee\\\/de\\\/#website\",\"url\":\"https:\\\/\\\/tene.ee\\\/de\\\/\",\"name\":\"Tene.ee - Kaunite hetkede jaoks sinu aias\",\"description\":\"Tene.ee - parimad puit- ja aiamajad otse tootjalt\",\"publisher\":{\"@id\":\"https:\\\/\\\/tene.ee\\\/de\\\/#organization\"},\"alternateName\":\"Tene.ee\",\"potentialAction\":[{\"@type\":\"SearchAction\",\"target\":{\"@type\":\"EntryPoint\",\"urlTemplate\":\"https:\\\/\\\/tene.ee\\\/de\\\/?s={search_term_string}\"},\"query-input\":{\"@type\":\"PropertyValueSpecification\",\"valueRequired\":true,\"valueName\":\"search_term_string\"}}],\"inLanguage\":\"de\"},{\"@type\":\"Organization\",\"@id\":\"https:\\\/\\\/tene.ee\\\/de\\\/#organization\",\"name\":\"Tene.ee\",\"url\":\"https:\\\/\\\/tene.ee\\\/de\\\/\",\"logo\":{\"@type\":\"ImageObject\",\"inLanguage\":\"de\",\"@id\":\"https:\\\/\\\/tene.ee\\\/de\\\/#\\\/schema\\\/logo\\\/image\\\/\",\"url\":\"https:\\\/\\\/tene.ee\\\/wp-content\\\/uploads\\\/2024\\\/12\\\/TENE-logo-2018-2.png\",\"contentUrl\":\"https:\\\/\\\/tene.ee\\\/wp-content\\\/uploads\\\/2024\\\/12\\\/TENE-logo-2018-2.png\",\"width\":2339,\"height\":1654,\"caption\":\"Tene.ee\"},\"image\":{\"@id\":\"https:\\\/\\\/tene.ee\\\/de\\\/#\\\/schema\\\/logo\\\/image\\\/\"},\"sameAs\":[\"https:\\\/\\\/www.facebook.com\\\/teneaiamajad\"]}]}<\/script>\n<!-- \/ Yoast SEO plugin. -->","yoast_head_json":{"title":"Tene.ee - Fertigsauna Hannu mit Terrasse und Ruheraum","description":"Tene.ee Fertigsauna Hannu mit Terrasse und Ruheraum","robots":{"index":"index","follow":"follow","max-snippet":"max-snippet:-1","max-image-preview":"max-image-preview:large","max-video-preview":"max-video-preview:-1"},"canonical":"https:\/\/tene.ee\/de\/toode\/valmissaun-hannu-terrassi-ja-puhkeruumiga\/","og_locale":"de_DE","og_type":"article","og_title":"Tene.ee - Fertigsauna Hannu mit Terrasse und Ruheraum","og_description":"Tene.ee Fertigsauna Hannu mit Terrasse und Ruheraum","og_url":"https:\/\/tene.ee\/de\/toode\/valmissaun-hannu-terrassi-ja-puhkeruumiga\/","og_site_name":"Tene.ee","article_publisher":"https:\/\/www.facebook.com\/teneaiamajad","article_modified_time":"2024-11-28T09:45:41+00:00","og_image":[{"width":1600,"height":1067,"url":"https:\/\/tene.ee\/wp-content\/uploads\/2024\/07\/Sauna_Hannu_40-1.jpg","type":"image\/jpeg"}],"twitter_card":"summary_large_image","twitter_misc":{"Gesch\u00e4tzte Lesezeit":"1\u00a0Minute"},"schema":{"@context":"https:\/\/schema.org","@graph":[{"@type":"WebPage","@id":"https:\/\/tene.ee\/de\/toode\/valmissaun-hannu-terrassi-ja-puhkeruumiga\/","url":"https:\/\/tene.ee\/de\/toode\/valmissaun-hannu-terrassi-ja-puhkeruumiga\/","name":"Tene.ee - Fertigsauna Hannu mit Terrasse und Ruheraum","isPartOf":{"@id":"https:\/\/tene.ee\/de\/#website"},"primaryImageOfPage":{"@id":"https:\/\/tene.ee\/de\/toode\/valmissaun-hannu-terrassi-ja-puhkeruumiga\/#primaryimage"},"image":{"@id":"https:\/\/tene.ee\/de\/toode\/valmissaun-hannu-terrassi-ja-puhkeruumiga\/#primaryimage"},"thumbnailUrl":"https:\/\/tene.ee\/wp-content\/uploads\/2024\/07\/Sauna_Hannu_40-1.jpg","datePublished":"2024-07-12T13:22:40+00:00","dateModified":"2024-11-28T09:45:41+00:00","description":"Tene.ee Fertigsauna Hannu mit Terrasse und Ruheraum","breadcrumb":{"@id":"https:\/\/tene.ee\/de\/toode\/valmissaun-hannu-terrassi-ja-puhkeruumiga\/#breadcrumb"},"inLanguage":"de","potentialAction":[{"@type":"ReadAction","target":["https:\/\/tene.ee\/de\/toode\/valmissaun-hannu-terrassi-ja-puhkeruumiga\/"]}]},{"@type":"ImageObject","inLanguage":"de","@id":"https:\/\/tene.ee\/de\/toode\/valmissaun-hannu-terrassi-ja-puhkeruumiga\/#primaryimage","url":"https:\/\/tene.ee\/wp-content\/uploads\/2024\/07\/Sauna_Hannu_40-1.jpg","contentUrl":"https:\/\/tene.ee\/wp-content\/uploads\/2024\/07\/Sauna_Hannu_40-1.jpg","width":1600,"height":1067},{"@type":"BreadcrumbList","@id":"https:\/\/tene.ee\/de\/toode\/valmissaun-hannu-terrassi-ja-puhkeruumiga\/#breadcrumb","itemListElement":[{"@type":"ListItem","position":1,"name":"Avaleht","item":"https:\/\/tene.ee\/de\/"},{"@type":"ListItem","position":2,"name":"Produkte","item":"https:\/\/tene.ee\/de\/shop\/"},{"@type":"ListItem","position":3,"name":"Fertigsauna Hannu mit Terrasse und Ruheraum"}]},{"@type":"WebSite","@id":"https:\/\/tene.ee\/de\/#website","url":"https:\/\/tene.ee\/de\/","name":"Tene.ee - Kaunite hetkede jaoks sinu aias","description":"Tene.ee - parimad puit- ja aiamajad otse tootjalt","publisher":{"@id":"https:\/\/tene.ee\/de\/#organization"},"alternateName":"Tene.ee","potentialAction":[{"@type":"SearchAction","target":{"@type":"EntryPoint","urlTemplate":"https:\/\/tene.ee\/de\/?s={search_term_string}"},"query-input":{"@type":"PropertyValueSpecification","valueRequired":true,"valueName":"search_term_string"}}],"inLanguage":"de"},{"@type":"Organization","@id":"https:\/\/tene.ee\/de\/#organization","name":"Tene.ee","url":"https:\/\/tene.ee\/de\/","logo":{"@type":"ImageObject","inLanguage":"de","@id":"https:\/\/tene.ee\/de\/#\/schema\/logo\/image\/","url":"https:\/\/tene.ee\/wp-content\/uploads\/2024\/12\/TENE-logo-2018-2.png","contentUrl":"https:\/\/tene.ee\/wp-content\/uploads\/2024\/12\/TENE-logo-2018-2.png","width":2339,"height":1654,"caption":"Tene.ee"},"image":{"@id":"https:\/\/tene.ee\/de\/#\/schema\/logo\/image\/"},"sameAs":["https:\/\/www.facebook.com\/teneaiamajad"]}]}},"_links":{"self":[{"href":"https:\/\/tene.ee\/de\/wp-json\/wp\/v2\/product\/16311","targetHints":{"allow":["GET"]}}],"collection":[{"href":"https:\/\/tene.ee\/de\/wp-json\/wp\/v2\/product"}],"about":[{"href":"https:\/\/tene.ee\/de\/wp-json\/wp\/v2\/types\/product"}],"wp:featuredmedia":[{"embeddable":true,"href":"https:\/\/tene.ee\/de\/wp-json\/wp\/v2\/media\/7179"}],"wp:attachment":[{"href":"https:\/\/tene.ee\/de\/wp-json\/wp\/v2\/media?parent=16311"}],"wp:term":[{"taxonomy":"product_brand","embeddable":true,"href":"https:\/\/tene.ee\/de\/wp-json\/wp\/v2\/product_brand?post=16311"},{"taxonomy":"product_cat","embeddable":true,"href":"https:\/\/tene.ee\/de\/wp-json\/wp\/v2\/product_cat?post=16311"},{"taxonomy":"product_tag","embeddable":true,"href":"https:\/\/tene.ee\/de\/wp-json\/wp\/v2\/product_tag?post=16311"}],"curies":[{"name":"wp","href":"https:\/\/api.w.org\/{rel}","templated":true}]}}