{"id":16298,"date":"2024-07-12T16:32:38","date_gmt":"2024-07-12T13:32:38","guid":{"rendered":"https:\/\/tene.ee\/toode\/valmis-aiamaja-piha-aitta-17-70-mm\/"},"modified":"2024-11-28T11:44:28","modified_gmt":"2024-11-28T09:44:28","slug":"valmis-aiamaja-piha-aitta-17-70-mm","status":"publish","type":"product","link":"https:\/\/tene.ee\/de\/toode\/valmis-aiamaja-piha-aitta-17-70-mm\/","title":{"rendered":"Fertig-Gartenhaus Piha-Aitta 17 70 mm"},"content":{"rendered":"<p>Die vorgefertigten Gartenh\u00e4user und Schuppen von TENE werden in der Halle gebaut, was eine bessere Qualit\u00e4t der Fertigh\u00e4user gew\u00e4hrleistet und dazu beitr\u00e4gt, m\u00f6gliche ung\u00fcnstige Verz\u00f6gerungen auf der Baustelle (z.\u00a0B. schlechte Wetterbedingungen) zu vermeiden.<\/p>\n<p><strong>Das Set der Gartenh\u00e4user mit einer Wandst\u00e4rke von 70 mm von TENE umfasst gem\u00e4\u00df Produktzeichnung folgende Artikel:<\/strong><\/p>\n<p>100\u00a0% Fichtenholz nordischer Qualit\u00e4t, Wandst\u00e4rke 70\u00a0mm<br \/>\nT\u00fcren und Fenster aus extratrockenem (8\u201312\u00a0%) Brettschichtholz<br \/>\nDreh-Kipp-Fenster deutscher Bauart mit verglaster Einheit (ISO) mit Dichtung, inkl. Beschl\u00e4ge<br \/>\nT\u00fcr deutscher Bauart mit verglaster Einheit (ISO), inkl. Beschl\u00e4ge<br \/>\nBoden aus 28\u00a0mm starken Profilbrettern<br \/>\nDach, isoliert mit 50\u00a0cm dicker Wolle<br \/>\nDecke aus Profilbrettern<br \/>\nBedachung aus schwarzen Wabenschindeln<br \/>\nTraufe und Randbleche<br \/>\nGewindestangen<br \/>\nim Autoklaven impr\u00e4gnierte Fundamentbalken<br \/>\nEdelstahlschwelle<\/p>\n","protected":false},"excerpt":{"rendered":"<p>Das vorgefertigte Gartenhaus Piha-Aitta\u00a017 mit Terrasse wird als schl\u00fcsselfertige Komplettl\u00f6sung an den Kunden geliefert. Das vorgefertigte Gartenhaus kann an jeden mit einem Kranwagen erreichbaren Ort transportiert werden.<\/p>\n","protected":false},"featured_media":7547,"template":"","meta":{"_acf_changed":false},"product_brand":[],"product_cat":[318,363,319],"product_tag":[],"class_list":{"0":"post-16298","1":"product","2":"type-product","3":"status-publish","4":"has-post-thumbnail","6":"product_cat-gartenhauser","7":"product_cat-gartenhauser-70-mm","8":"product_cat-vorgefertigte-fertige-bausatze","9":"product_shipping_class-390e-de","10":"pa_iseloomustus-1-raum","11":"pa_iseloomustus-rechteck-haeuser","12":"pa_iseloomustus-terrasse","13":"pa_katuse-tuup-satteldach","14":"pa_pindala-10-20-m2-de","15":"pa_seina-paksus-70-mm-de","17":"first","18":"onbackorder","19":"sale","20":"purchasable","21":"product-type-simple"},"acf":[],"yoast_head":"<!-- This site is optimized with the Yoast SEO plugin v27.3 - https:\/\/yoast.com\/product\/yoast-seo-wordpress\/ -->\n<title>Tene.ee - Fertig-Gartenhaus Piha-Aitta 17 70 mm<\/title>\n<meta name=\"description\" content=\"Tene.ee Fertig-Gartenhaus Piha-Aitta 17 70 mm\" \/>\n<meta name=\"robots\" content=\"index, follow, max-snippet:-1, max-image-preview:large, max-video-preview:-1\" \/>\n<link rel=\"canonical\" href=\"https:\/\/tene.ee\/de\/toode\/valmis-aiamaja-piha-aitta-17-70-mm\/\" \/>\n<meta property=\"og:locale\" content=\"de_DE\" \/>\n<meta property=\"og:type\" content=\"article\" \/>\n<meta property=\"og:title\" content=\"Tene.ee - Fertig-Gartenhaus Piha-Aitta 17 70 mm\" \/>\n<meta property=\"og:description\" content=\"Tene.ee Fertig-Gartenhaus Piha-Aitta 17 70 mm\" \/>\n<meta property=\"og:url\" content=\"https:\/\/tene.ee\/de\/toode\/valmis-aiamaja-piha-aitta-17-70-mm\/\" \/>\n<meta property=\"og:site_name\" content=\"Tene.ee\" \/>\n<meta property=\"article:publisher\" content=\"https:\/\/www.facebook.com\/teneaiamajad\" \/>\n<meta property=\"article:modified_time\" content=\"2024-11-28T09:44:28+00:00\" \/>\n<meta property=\"og:image\" content=\"https:\/\/tene.ee\/wp-content\/uploads\/2024\/07\/Piha-aitta_12_15_17-2-1024x683.jpg\" \/>\n\t<meta property=\"og:image:width\" content=\"1024\" \/>\n\t<meta property=\"og:image:height\" content=\"683\" \/>\n\t<meta property=\"og:image:type\" content=\"image\/jpeg\" \/>\n<meta name=\"twitter:card\" content=\"summary_large_image\" \/>\n<meta name=\"twitter:label1\" content=\"Gesch\u00e4tzte Lesezeit\" \/>\n\t<meta name=\"twitter:data1\" content=\"1\u00a0Minute\" \/>\n<script type=\"application\/ld+json\" class=\"yoast-schema-graph\">{\"@context\":\"https:\\\/\\\/schema.org\",\"@graph\":[{\"@type\":\"WebPage\",\"@id\":\"https:\\\/\\\/tene.ee\\\/de\\\/toode\\\/valmis-aiamaja-piha-aitta-17-70-mm\\\/\",\"url\":\"https:\\\/\\\/tene.ee\\\/de\\\/toode\\\/valmis-aiamaja-piha-aitta-17-70-mm\\\/\",\"name\":\"Tene.ee - Fertig-Gartenhaus Piha-Aitta 17 70 mm\",\"isPartOf\":{\"@id\":\"https:\\\/\\\/tene.ee\\\/de\\\/#website\"},\"primaryImageOfPage\":{\"@id\":\"https:\\\/\\\/tene.ee\\\/de\\\/toode\\\/valmis-aiamaja-piha-aitta-17-70-mm\\\/#primaryimage\"},\"image\":{\"@id\":\"https:\\\/\\\/tene.ee\\\/de\\\/toode\\\/valmis-aiamaja-piha-aitta-17-70-mm\\\/#primaryimage\"},\"thumbnailUrl\":\"https:\\\/\\\/tene.ee\\\/wp-content\\\/uploads\\\/2024\\\/07\\\/Piha-aitta_12_15_17-2.jpg\",\"datePublished\":\"2024-07-12T13:32:38+00:00\",\"dateModified\":\"2024-11-28T09:44:28+00:00\",\"description\":\"Tene.ee Fertig-Gartenhaus Piha-Aitta 17 70 mm\",\"breadcrumb\":{\"@id\":\"https:\\\/\\\/tene.ee\\\/de\\\/toode\\\/valmis-aiamaja-piha-aitta-17-70-mm\\\/#breadcrumb\"},\"inLanguage\":\"de\",\"potentialAction\":[{\"@type\":\"ReadAction\",\"target\":[\"https:\\\/\\\/tene.ee\\\/de\\\/toode\\\/valmis-aiamaja-piha-aitta-17-70-mm\\\/\"]}]},{\"@type\":\"ImageObject\",\"inLanguage\":\"de\",\"@id\":\"https:\\\/\\\/tene.ee\\\/de\\\/toode\\\/valmis-aiamaja-piha-aitta-17-70-mm\\\/#primaryimage\",\"url\":\"https:\\\/\\\/tene.ee\\\/wp-content\\\/uploads\\\/2024\\\/07\\\/Piha-aitta_12_15_17-2.jpg\",\"contentUrl\":\"https:\\\/\\\/tene.ee\\\/wp-content\\\/uploads\\\/2024\\\/07\\\/Piha-aitta_12_15_17-2.jpg\",\"width\":2500,\"height\":1667},{\"@type\":\"BreadcrumbList\",\"@id\":\"https:\\\/\\\/tene.ee\\\/de\\\/toode\\\/valmis-aiamaja-piha-aitta-17-70-mm\\\/#breadcrumb\",\"itemListElement\":[{\"@type\":\"ListItem\",\"position\":1,\"name\":\"Avaleht\",\"item\":\"https:\\\/\\\/tene.ee\\\/de\\\/\"},{\"@type\":\"ListItem\",\"position\":2,\"name\":\"Produkte\",\"item\":\"https:\\\/\\\/tene.ee\\\/de\\\/shop\\\/\"},{\"@type\":\"ListItem\",\"position\":3,\"name\":\"Fertig-Gartenhaus Piha-Aitta 17 70 mm\"}]},{\"@type\":\"WebSite\",\"@id\":\"https:\\\/\\\/tene.ee\\\/de\\\/#website\",\"url\":\"https:\\\/\\\/tene.ee\\\/de\\\/\",\"name\":\"Tene.ee - Kaunite hetkede jaoks sinu aias\",\"description\":\"Tene.ee - parimad puit- ja aiamajad otse tootjalt\",\"publisher\":{\"@id\":\"https:\\\/\\\/tene.ee\\\/de\\\/#organization\"},\"alternateName\":\"Tene.ee\",\"potentialAction\":[{\"@type\":\"SearchAction\",\"target\":{\"@type\":\"EntryPoint\",\"urlTemplate\":\"https:\\\/\\\/tene.ee\\\/de\\\/?s={search_term_string}\"},\"query-input\":{\"@type\":\"PropertyValueSpecification\",\"valueRequired\":true,\"valueName\":\"search_term_string\"}}],\"inLanguage\":\"de\"},{\"@type\":\"Organization\",\"@id\":\"https:\\\/\\\/tene.ee\\\/de\\\/#organization\",\"name\":\"Tene.ee\",\"url\":\"https:\\\/\\\/tene.ee\\\/de\\\/\",\"logo\":{\"@type\":\"ImageObject\",\"inLanguage\":\"de\",\"@id\":\"https:\\\/\\\/tene.ee\\\/de\\\/#\\\/schema\\\/logo\\\/image\\\/\",\"url\":\"https:\\\/\\\/tene.ee\\\/wp-content\\\/uploads\\\/2024\\\/12\\\/TENE-logo-2018-2.png\",\"contentUrl\":\"https:\\\/\\\/tene.ee\\\/wp-content\\\/uploads\\\/2024\\\/12\\\/TENE-logo-2018-2.png\",\"width\":2339,\"height\":1654,\"caption\":\"Tene.ee\"},\"image\":{\"@id\":\"https:\\\/\\\/tene.ee\\\/de\\\/#\\\/schema\\\/logo\\\/image\\\/\"},\"sameAs\":[\"https:\\\/\\\/www.facebook.com\\\/teneaiamajad\"]}]}<\/script>\n<!-- \/ Yoast SEO plugin. -->","yoast_head_json":{"title":"Tene.ee - Fertig-Gartenhaus Piha-Aitta 17 70 mm","description":"Tene.ee Fertig-Gartenhaus Piha-Aitta 17 70 mm","robots":{"index":"index","follow":"follow","max-snippet":"max-snippet:-1","max-image-preview":"max-image-preview:large","max-video-preview":"max-video-preview:-1"},"canonical":"https:\/\/tene.ee\/de\/toode\/valmis-aiamaja-piha-aitta-17-70-mm\/","og_locale":"de_DE","og_type":"article","og_title":"Tene.ee - Fertig-Gartenhaus Piha-Aitta 17 70 mm","og_description":"Tene.ee Fertig-Gartenhaus Piha-Aitta 17 70 mm","og_url":"https:\/\/tene.ee\/de\/toode\/valmis-aiamaja-piha-aitta-17-70-mm\/","og_site_name":"Tene.ee","article_publisher":"https:\/\/www.facebook.com\/teneaiamajad","article_modified_time":"2024-11-28T09:44:28+00:00","og_image":[{"width":1024,"height":683,"url":"https:\/\/tene.ee\/wp-content\/uploads\/2024\/07\/Piha-aitta_12_15_17-2-1024x683.jpg","type":"image\/jpeg"}],"twitter_card":"summary_large_image","twitter_misc":{"Gesch\u00e4tzte Lesezeit":"1\u00a0Minute"},"schema":{"@context":"https:\/\/schema.org","@graph":[{"@type":"WebPage","@id":"https:\/\/tene.ee\/de\/toode\/valmis-aiamaja-piha-aitta-17-70-mm\/","url":"https:\/\/tene.ee\/de\/toode\/valmis-aiamaja-piha-aitta-17-70-mm\/","name":"Tene.ee - Fertig-Gartenhaus Piha-Aitta 17 70 mm","isPartOf":{"@id":"https:\/\/tene.ee\/de\/#website"},"primaryImageOfPage":{"@id":"https:\/\/tene.ee\/de\/toode\/valmis-aiamaja-piha-aitta-17-70-mm\/#primaryimage"},"image":{"@id":"https:\/\/tene.ee\/de\/toode\/valmis-aiamaja-piha-aitta-17-70-mm\/#primaryimage"},"thumbnailUrl":"https:\/\/tene.ee\/wp-content\/uploads\/2024\/07\/Piha-aitta_12_15_17-2.jpg","datePublished":"2024-07-12T13:32:38+00:00","dateModified":"2024-11-28T09:44:28+00:00","description":"Tene.ee Fertig-Gartenhaus Piha-Aitta 17 70 mm","breadcrumb":{"@id":"https:\/\/tene.ee\/de\/toode\/valmis-aiamaja-piha-aitta-17-70-mm\/#breadcrumb"},"inLanguage":"de","potentialAction":[{"@type":"ReadAction","target":["https:\/\/tene.ee\/de\/toode\/valmis-aiamaja-piha-aitta-17-70-mm\/"]}]},{"@type":"ImageObject","inLanguage":"de","@id":"https:\/\/tene.ee\/de\/toode\/valmis-aiamaja-piha-aitta-17-70-mm\/#primaryimage","url":"https:\/\/tene.ee\/wp-content\/uploads\/2024\/07\/Piha-aitta_12_15_17-2.jpg","contentUrl":"https:\/\/tene.ee\/wp-content\/uploads\/2024\/07\/Piha-aitta_12_15_17-2.jpg","width":2500,"height":1667},{"@type":"BreadcrumbList","@id":"https:\/\/tene.ee\/de\/toode\/valmis-aiamaja-piha-aitta-17-70-mm\/#breadcrumb","itemListElement":[{"@type":"ListItem","position":1,"name":"Avaleht","item":"https:\/\/tene.ee\/de\/"},{"@type":"ListItem","position":2,"name":"Produkte","item":"https:\/\/tene.ee\/de\/shop\/"},{"@type":"ListItem","position":3,"name":"Fertig-Gartenhaus Piha-Aitta 17 70 mm"}]},{"@type":"WebSite","@id":"https:\/\/tene.ee\/de\/#website","url":"https:\/\/tene.ee\/de\/","name":"Tene.ee - Kaunite hetkede jaoks sinu aias","description":"Tene.ee - parimad puit- ja aiamajad otse tootjalt","publisher":{"@id":"https:\/\/tene.ee\/de\/#organization"},"alternateName":"Tene.ee","potentialAction":[{"@type":"SearchAction","target":{"@type":"EntryPoint","urlTemplate":"https:\/\/tene.ee\/de\/?s={search_term_string}"},"query-input":{"@type":"PropertyValueSpecification","valueRequired":true,"valueName":"search_term_string"}}],"inLanguage":"de"},{"@type":"Organization","@id":"https:\/\/tene.ee\/de\/#organization","name":"Tene.ee","url":"https:\/\/tene.ee\/de\/","logo":{"@type":"ImageObject","inLanguage":"de","@id":"https:\/\/tene.ee\/de\/#\/schema\/logo\/image\/","url":"https:\/\/tene.ee\/wp-content\/uploads\/2024\/12\/TENE-logo-2018-2.png","contentUrl":"https:\/\/tene.ee\/wp-content\/uploads\/2024\/12\/TENE-logo-2018-2.png","width":2339,"height":1654,"caption":"Tene.ee"},"image":{"@id":"https:\/\/tene.ee\/de\/#\/schema\/logo\/image\/"},"sameAs":["https:\/\/www.facebook.com\/teneaiamajad"]}]}},"_links":{"self":[{"href":"https:\/\/tene.ee\/de\/wp-json\/wp\/v2\/product\/16298","targetHints":{"allow":["GET"]}}],"collection":[{"href":"https:\/\/tene.ee\/de\/wp-json\/wp\/v2\/product"}],"about":[{"href":"https:\/\/tene.ee\/de\/wp-json\/wp\/v2\/types\/product"}],"wp:featuredmedia":[{"embeddable":true,"href":"https:\/\/tene.ee\/de\/wp-json\/wp\/v2\/media\/7547"}],"wp:attachment":[{"href":"https:\/\/tene.ee\/de\/wp-json\/wp\/v2\/media?parent=16298"}],"wp:term":[{"taxonomy":"product_brand","embeddable":true,"href":"https:\/\/tene.ee\/de\/wp-json\/wp\/v2\/product_brand?post=16298"},{"taxonomy":"product_cat","embeddable":true,"href":"https:\/\/tene.ee\/de\/wp-json\/wp\/v2\/product_cat?post=16298"},{"taxonomy":"product_tag","embeddable":true,"href":"https:\/\/tene.ee\/de\/wp-json\/wp\/v2\/product_tag?post=16298"}],"curies":[{"name":"wp","href":"https:\/\/api.w.org\/{rel}","templated":true}]}}