{"id":16258,"date":"2024-07-12T16:45:08","date_gmt":"2024-07-12T13:45:08","guid":{"rendered":"https:\/\/tene.ee\/toode\/platvormhaagis-cp300-r-drop\/"},"modified":"2024-11-28T11:45:58","modified_gmt":"2024-11-28T09:45:58","slug":"platvormhaagis-cp300-r-drop","status":"publish","type":"product","link":"https:\/\/tene.ee\/de\/toode\/platvormhaagis-cp300-r-drop\/","title":{"rendered":"Anh\u00e4nger mit Whirlpool-Plattform"},"content":{"rendered":"<p>Ein multifunktionaler Plattformanh\u00e4nger auf einem geschwei\u00dften Rahmen mit einer starken Konstruktion. Durch den glatten Boden und das Fehlen von Anschl\u00fcssen kann der Anh\u00e4nger sowohl f\u00fcr den Transport von Fracht als auch beispielsweise als Basis f\u00fcr die Sauna oder den Whirlpool Ihrer Tr\u00e4ume verwendet werden. Der Anh\u00e4nger ist mit 4 St\u00fctzbeinen ausgestattet, von denen 2 unter dem Boden und 2 zur Befestigung an den Seiten sind. Technische Daten Gesamtgewicht (kg): 750 Eigengewicht (kg): 226 Nutzlast (kg): 524 Kastenl\u00e4nge (m): 3 Kastenbreite (m): 2,08 Anh\u00e4ngerl\u00e4nge (m): 4,31 Anh\u00e4ngerbreite (m): 2,08 Ladeh\u00f6he (m): 0,58 Br\u00fccke: Torsionsbremsen: NEIN Rahmen: Geschwei\u00dft Bereifung: 195\/55 R10C 4 x 100 M+S Serienausstattung St\u00fctzrad Starker, feuerverzinkter, geschwei\u00dfter Rahmen Laminierter wasserdichter Boden aus Sperrholz Transportbox neigbar Ausgewuchtete R\u00e4der mit M+S Bereifung 4+4 Lastbefestigungshaken (an den Au\u00dfenseiten des Kastens) Stecker 7 Klemmen 4 Ausleger Auslegerkurbel R\u00fccklichter<\/p>\n","protected":false},"excerpt":{"rendered":"<p>Ein multifunktionaler Plattformanh\u00e4nger auf einem geschwei\u00dften Rahmen mit einer starken Konstruktion.<br \/>\nDer Anh\u00e4nger ist mit 4 St\u00fctzbeinen ausgestattet, von denen 2 unter dem Boden und 2 zur Befestigung an den Seiten sind.<\/p>\n","protected":false},"featured_media":9099,"template":"","meta":{"_acf_changed":false},"product_brand":[],"product_cat":[316,317],"product_tag":[],"class_list":{"0":"post-16258","1":"product","2":"type-product","3":"status-publish","4":"has-post-thumbnail","6":"product_cat-muud-tooted-de","7":"product_cat-badezuber","9":"first","10":"onbackorder","11":"sale","12":"purchasable","13":"product-type-simple"},"acf":[],"yoast_head":"<!-- This site is optimized with the Yoast SEO plugin v27.3 - https:\/\/yoast.com\/product\/yoast-seo-wordpress\/ -->\n<title>Tene.ee - Anh\u00e4nger mit Whirlpool-Plattform<\/title>\n<meta name=\"description\" content=\"Tene.ee Anh\u00e4nger mit Whirlpool-Plattform\" \/>\n<meta name=\"robots\" content=\"index, follow, max-snippet:-1, max-image-preview:large, max-video-preview:-1\" \/>\n<link rel=\"canonical\" href=\"https:\/\/tene.ee\/de\/toode\/platvormhaagis-cp300-r-drop\/\" \/>\n<meta property=\"og:locale\" content=\"de_DE\" \/>\n<meta property=\"og:type\" content=\"article\" \/>\n<meta property=\"og:title\" content=\"Tene.ee - Anh\u00e4nger mit Whirlpool-Plattform\" \/>\n<meta property=\"og:description\" content=\"Tene.ee Anh\u00e4nger mit Whirlpool-Plattform\" \/>\n<meta property=\"og:url\" content=\"https:\/\/tene.ee\/de\/toode\/platvormhaagis-cp300-r-drop\/\" \/>\n<meta property=\"og:site_name\" content=\"Tene.ee\" \/>\n<meta property=\"article:publisher\" content=\"https:\/\/www.facebook.com\/teneaiamajad\" \/>\n<meta property=\"article:modified_time\" content=\"2024-11-28T09:45:58+00:00\" \/>\n<meta property=\"og:image\" content=\"https:\/\/tene.ee\/wp-content\/uploads\/2024\/07\/ec0213ti.jpg\" \/>\n\t<meta property=\"og:image:width\" content=\"1920\" \/>\n\t<meta property=\"og:image:height\" content=\"1440\" \/>\n\t<meta property=\"og:image:type\" content=\"image\/jpeg\" \/>\n<meta name=\"twitter:card\" content=\"summary_large_image\" \/>\n<meta name=\"twitter:label1\" content=\"Gesch\u00e4tzte Lesezeit\" \/>\n\t<meta name=\"twitter:data1\" content=\"1\u00a0Minute\" \/>\n<script type=\"application\/ld+json\" class=\"yoast-schema-graph\">{\"@context\":\"https:\\\/\\\/schema.org\",\"@graph\":[{\"@type\":\"WebPage\",\"@id\":\"https:\\\/\\\/tene.ee\\\/de\\\/toode\\\/platvormhaagis-cp300-r-drop\\\/\",\"url\":\"https:\\\/\\\/tene.ee\\\/de\\\/toode\\\/platvormhaagis-cp300-r-drop\\\/\",\"name\":\"Tene.ee - Anh\u00e4nger mit Whirlpool-Plattform\",\"isPartOf\":{\"@id\":\"https:\\\/\\\/tene.ee\\\/de\\\/#website\"},\"primaryImageOfPage\":{\"@id\":\"https:\\\/\\\/tene.ee\\\/de\\\/toode\\\/platvormhaagis-cp300-r-drop\\\/#primaryimage\"},\"image\":{\"@id\":\"https:\\\/\\\/tene.ee\\\/de\\\/toode\\\/platvormhaagis-cp300-r-drop\\\/#primaryimage\"},\"thumbnailUrl\":\"https:\\\/\\\/tene.ee\\\/wp-content\\\/uploads\\\/2024\\\/07\\\/ec0213ti.jpg\",\"datePublished\":\"2024-07-12T13:45:08+00:00\",\"dateModified\":\"2024-11-28T09:45:58+00:00\",\"description\":\"Tene.ee Anh\u00e4nger mit Whirlpool-Plattform\",\"breadcrumb\":{\"@id\":\"https:\\\/\\\/tene.ee\\\/de\\\/toode\\\/platvormhaagis-cp300-r-drop\\\/#breadcrumb\"},\"inLanguage\":\"de\",\"potentialAction\":[{\"@type\":\"ReadAction\",\"target\":[\"https:\\\/\\\/tene.ee\\\/de\\\/toode\\\/platvormhaagis-cp300-r-drop\\\/\"]}]},{\"@type\":\"ImageObject\",\"inLanguage\":\"de\",\"@id\":\"https:\\\/\\\/tene.ee\\\/de\\\/toode\\\/platvormhaagis-cp300-r-drop\\\/#primaryimage\",\"url\":\"https:\\\/\\\/tene.ee\\\/wp-content\\\/uploads\\\/2024\\\/07\\\/ec0213ti.jpg\",\"contentUrl\":\"https:\\\/\\\/tene.ee\\\/wp-content\\\/uploads\\\/2024\\\/07\\\/ec0213ti.jpg\",\"width\":1920,\"height\":1440},{\"@type\":\"BreadcrumbList\",\"@id\":\"https:\\\/\\\/tene.ee\\\/de\\\/toode\\\/platvormhaagis-cp300-r-drop\\\/#breadcrumb\",\"itemListElement\":[{\"@type\":\"ListItem\",\"position\":1,\"name\":\"Avaleht\",\"item\":\"https:\\\/\\\/tene.ee\\\/de\\\/\"},{\"@type\":\"ListItem\",\"position\":2,\"name\":\"Produkte\",\"item\":\"https:\\\/\\\/tene.ee\\\/de\\\/shop\\\/\"},{\"@type\":\"ListItem\",\"position\":3,\"name\":\"Anh\u00e4nger mit Whirlpool-Plattform\"}]},{\"@type\":\"WebSite\",\"@id\":\"https:\\\/\\\/tene.ee\\\/de\\\/#website\",\"url\":\"https:\\\/\\\/tene.ee\\\/de\\\/\",\"name\":\"Tene.ee - Kaunite hetkede jaoks sinu aias\",\"description\":\"Tene.ee - parimad puit- ja aiamajad otse tootjalt\",\"publisher\":{\"@id\":\"https:\\\/\\\/tene.ee\\\/de\\\/#organization\"},\"alternateName\":\"Tene.ee\",\"potentialAction\":[{\"@type\":\"SearchAction\",\"target\":{\"@type\":\"EntryPoint\",\"urlTemplate\":\"https:\\\/\\\/tene.ee\\\/de\\\/?s={search_term_string}\"},\"query-input\":{\"@type\":\"PropertyValueSpecification\",\"valueRequired\":true,\"valueName\":\"search_term_string\"}}],\"inLanguage\":\"de\"},{\"@type\":\"Organization\",\"@id\":\"https:\\\/\\\/tene.ee\\\/de\\\/#organization\",\"name\":\"Tene.ee\",\"url\":\"https:\\\/\\\/tene.ee\\\/de\\\/\",\"logo\":{\"@type\":\"ImageObject\",\"inLanguage\":\"de\",\"@id\":\"https:\\\/\\\/tene.ee\\\/de\\\/#\\\/schema\\\/logo\\\/image\\\/\",\"url\":\"https:\\\/\\\/tene.ee\\\/wp-content\\\/uploads\\\/2024\\\/12\\\/TENE-logo-2018-2.png\",\"contentUrl\":\"https:\\\/\\\/tene.ee\\\/wp-content\\\/uploads\\\/2024\\\/12\\\/TENE-logo-2018-2.png\",\"width\":2339,\"height\":1654,\"caption\":\"Tene.ee\"},\"image\":{\"@id\":\"https:\\\/\\\/tene.ee\\\/de\\\/#\\\/schema\\\/logo\\\/image\\\/\"},\"sameAs\":[\"https:\\\/\\\/www.facebook.com\\\/teneaiamajad\"]}]}<\/script>\n<!-- \/ Yoast SEO plugin. -->","yoast_head_json":{"title":"Tene.ee - Anh\u00e4nger mit Whirlpool-Plattform","description":"Tene.ee Anh\u00e4nger mit Whirlpool-Plattform","robots":{"index":"index","follow":"follow","max-snippet":"max-snippet:-1","max-image-preview":"max-image-preview:large","max-video-preview":"max-video-preview:-1"},"canonical":"https:\/\/tene.ee\/de\/toode\/platvormhaagis-cp300-r-drop\/","og_locale":"de_DE","og_type":"article","og_title":"Tene.ee - Anh\u00e4nger mit Whirlpool-Plattform","og_description":"Tene.ee Anh\u00e4nger mit Whirlpool-Plattform","og_url":"https:\/\/tene.ee\/de\/toode\/platvormhaagis-cp300-r-drop\/","og_site_name":"Tene.ee","article_publisher":"https:\/\/www.facebook.com\/teneaiamajad","article_modified_time":"2024-11-28T09:45:58+00:00","og_image":[{"width":1920,"height":1440,"url":"https:\/\/tene.ee\/wp-content\/uploads\/2024\/07\/ec0213ti.jpg","type":"image\/jpeg"}],"twitter_card":"summary_large_image","twitter_misc":{"Gesch\u00e4tzte Lesezeit":"1\u00a0Minute"},"schema":{"@context":"https:\/\/schema.org","@graph":[{"@type":"WebPage","@id":"https:\/\/tene.ee\/de\/toode\/platvormhaagis-cp300-r-drop\/","url":"https:\/\/tene.ee\/de\/toode\/platvormhaagis-cp300-r-drop\/","name":"Tene.ee - Anh\u00e4nger mit Whirlpool-Plattform","isPartOf":{"@id":"https:\/\/tene.ee\/de\/#website"},"primaryImageOfPage":{"@id":"https:\/\/tene.ee\/de\/toode\/platvormhaagis-cp300-r-drop\/#primaryimage"},"image":{"@id":"https:\/\/tene.ee\/de\/toode\/platvormhaagis-cp300-r-drop\/#primaryimage"},"thumbnailUrl":"https:\/\/tene.ee\/wp-content\/uploads\/2024\/07\/ec0213ti.jpg","datePublished":"2024-07-12T13:45:08+00:00","dateModified":"2024-11-28T09:45:58+00:00","description":"Tene.ee Anh\u00e4nger mit Whirlpool-Plattform","breadcrumb":{"@id":"https:\/\/tene.ee\/de\/toode\/platvormhaagis-cp300-r-drop\/#breadcrumb"},"inLanguage":"de","potentialAction":[{"@type":"ReadAction","target":["https:\/\/tene.ee\/de\/toode\/platvormhaagis-cp300-r-drop\/"]}]},{"@type":"ImageObject","inLanguage":"de","@id":"https:\/\/tene.ee\/de\/toode\/platvormhaagis-cp300-r-drop\/#primaryimage","url":"https:\/\/tene.ee\/wp-content\/uploads\/2024\/07\/ec0213ti.jpg","contentUrl":"https:\/\/tene.ee\/wp-content\/uploads\/2024\/07\/ec0213ti.jpg","width":1920,"height":1440},{"@type":"BreadcrumbList","@id":"https:\/\/tene.ee\/de\/toode\/platvormhaagis-cp300-r-drop\/#breadcrumb","itemListElement":[{"@type":"ListItem","position":1,"name":"Avaleht","item":"https:\/\/tene.ee\/de\/"},{"@type":"ListItem","position":2,"name":"Produkte","item":"https:\/\/tene.ee\/de\/shop\/"},{"@type":"ListItem","position":3,"name":"Anh\u00e4nger mit Whirlpool-Plattform"}]},{"@type":"WebSite","@id":"https:\/\/tene.ee\/de\/#website","url":"https:\/\/tene.ee\/de\/","name":"Tene.ee - Kaunite hetkede jaoks sinu aias","description":"Tene.ee - parimad puit- ja aiamajad otse tootjalt","publisher":{"@id":"https:\/\/tene.ee\/de\/#organization"},"alternateName":"Tene.ee","potentialAction":[{"@type":"SearchAction","target":{"@type":"EntryPoint","urlTemplate":"https:\/\/tene.ee\/de\/?s={search_term_string}"},"query-input":{"@type":"PropertyValueSpecification","valueRequired":true,"valueName":"search_term_string"}}],"inLanguage":"de"},{"@type":"Organization","@id":"https:\/\/tene.ee\/de\/#organization","name":"Tene.ee","url":"https:\/\/tene.ee\/de\/","logo":{"@type":"ImageObject","inLanguage":"de","@id":"https:\/\/tene.ee\/de\/#\/schema\/logo\/image\/","url":"https:\/\/tene.ee\/wp-content\/uploads\/2024\/12\/TENE-logo-2018-2.png","contentUrl":"https:\/\/tene.ee\/wp-content\/uploads\/2024\/12\/TENE-logo-2018-2.png","width":2339,"height":1654,"caption":"Tene.ee"},"image":{"@id":"https:\/\/tene.ee\/de\/#\/schema\/logo\/image\/"},"sameAs":["https:\/\/www.facebook.com\/teneaiamajad"]}]}},"_links":{"self":[{"href":"https:\/\/tene.ee\/de\/wp-json\/wp\/v2\/product\/16258","targetHints":{"allow":["GET"]}}],"collection":[{"href":"https:\/\/tene.ee\/de\/wp-json\/wp\/v2\/product"}],"about":[{"href":"https:\/\/tene.ee\/de\/wp-json\/wp\/v2\/types\/product"}],"wp:featuredmedia":[{"embeddable":true,"href":"https:\/\/tene.ee\/de\/wp-json\/wp\/v2\/media\/9099"}],"wp:attachment":[{"href":"https:\/\/tene.ee\/de\/wp-json\/wp\/v2\/media?parent=16258"}],"wp:term":[{"taxonomy":"product_brand","embeddable":true,"href":"https:\/\/tene.ee\/de\/wp-json\/wp\/v2\/product_brand?post=16258"},{"taxonomy":"product_cat","embeddable":true,"href":"https:\/\/tene.ee\/de\/wp-json\/wp\/v2\/product_cat?post=16258"},{"taxonomy":"product_tag","embeddable":true,"href":"https:\/\/tene.ee\/de\/wp-json\/wp\/v2\/product_tag?post=16258"}],"curies":[{"name":"wp","href":"https:\/\/api.w.org\/{rel}","templated":true}]}}