{"id":16254,"date":"2024-07-12T16:48:57","date_gmt":"2024-07-12T13:48:57","guid":{"rendered":"https:\/\/tene.ee\/toode\/aiamaja-bunkie-hudson-magamislavatsiga-uks-ja-aknad-klaaspaketiga\/"},"modified":"2024-11-28T11:46:07","modified_gmt":"2024-11-28T09:46:07","slug":"aiamaja-bunkie-hudson-magamislavatsiga-uks-ja-aknad-klaaspaketiga","status":"publish","type":"product","link":"https:\/\/tene.ee\/de\/toode\/aiamaja-bunkie-hudson-magamislavatsiga-uks-ja-aknad-klaaspaketiga\/","title":{"rendered":"Gartenhaus Bunkie Hudson mit Schlafmatratze, T\u00fcr und Fenstern mit Doppelverglasung"},"content":{"rendered":"<p>Das von der Garten- und Holzhausfabrik Tene hergestellte Set aus 40-mm-Gartenh\u00e4usern, Blockh\u00e4usern, Unterst\u00e4nden, Pavillons, Saunen, Sommerh\u00e4usern, Grillh\u00fctten und Holzgaragen umfasst T\u00fcren und Fenster (je nach Modell kann das Produktset auch keine enthalten). , ein oder mehrere Fenster), Boden, Befestigungsmaterial und Montageanleitung, was den Aufbau eines Gartenhauses einfach und zeitsparend macht. Tene Gartenhaus-Set mit 40 mm Wandst\u00e4rke je nach Modell beinhaltet: 100 % nordische hochwertige Fichte Holzmaterial Doppelt\u00fcr und Fenster aus speziell trocken verleimtem Holz (8 %\u201312 %) Wendefenster mit Glaspaket, inklusive Beschl\u00e4ge Doppelt\u00fcr mit Glaspaket, inklusive Beschl\u00e4ge Boden und Decke aus 18 mm starker Profilplatte Autoklavierte Holzfundamentbalken Sturmleisten Befestigungselemente (N\u00e4gel und Schrauben) Montageanleitung Die Preise gelten im Tene-Werkslager und enthalten die gesetzliche Mehrwertsteuer. Der Produkttransport ist in den Preisen nicht enthalten.<\/p>\n","protected":false},"excerpt":{"rendered":"<p>Im Preis inbegriffen sind eine Doppelt\u00fcr mit doppelt verglasten Fenstern und doppelt verglasten Fenstern, eine Schwelle aus Edelstahl, ein Boden, impr\u00e4gnierte Fundamentestriche, Befestigungselemente und eine Montageanleitung. Der Preis beinhaltet nicht den Transport und das Dachmaterial.<\/p>\n","protected":false},"featured_media":9331,"template":"","meta":{"_acf_changed":false},"product_brand":[],"product_cat":[318,335],"product_tag":[],"class_list":{"0":"post-16254","1":"product","2":"type-product","3":"status-publish","4":"has-post-thumbnail","6":"product_cat-gartenhauser","7":"product_cat-gartenhauser-40-mm","8":"product_shipping_class-390e-de","10":"first","11":"instock","12":"sale","13":"purchasable","14":"product-type-simple"},"acf":[],"yoast_head":"<!-- This site is optimized with the Yoast SEO plugin v27.3 - https:\/\/yoast.com\/product\/yoast-seo-wordpress\/ -->\n<title>Tene.ee - Gartenhaus Bunkie Hudson mit Schlafmatratze, T\u00fcr und Fenstern mit Doppelverglasung<\/title>\n<meta name=\"description\" content=\"Tene.ee Gartenhaus Bunkie Hudson mit Schlafmatratze, T\u00fcr und Fenstern mit Doppelverglasung\" \/>\n<meta name=\"robots\" content=\"index, follow, max-snippet:-1, max-image-preview:large, max-video-preview:-1\" \/>\n<link rel=\"canonical\" href=\"https:\/\/tene.ee\/de\/toode\/aiamaja-bunkie-hudson-magamislavatsiga-uks-ja-aknad-klaaspaketiga\/\" \/>\n<meta property=\"og:locale\" content=\"de_DE\" \/>\n<meta property=\"og:type\" content=\"article\" \/>\n<meta property=\"og:title\" content=\"Tene.ee - Gartenhaus Bunkie Hudson mit Schlafmatratze, T\u00fcr und Fenstern mit Doppelverglasung\" \/>\n<meta property=\"og:description\" content=\"Tene.ee Gartenhaus Bunkie Hudson mit Schlafmatratze, T\u00fcr und Fenstern mit Doppelverglasung\" \/>\n<meta property=\"og:url\" content=\"https:\/\/tene.ee\/de\/toode\/aiamaja-bunkie-hudson-magamislavatsiga-uks-ja-aknad-klaaspaketiga\/\" \/>\n<meta property=\"og:site_name\" content=\"Tene.ee\" \/>\n<meta property=\"article:publisher\" content=\"https:\/\/www.facebook.com\/teneaiamajad\" \/>\n<meta property=\"article:modified_time\" content=\"2024-11-28T09:46:07+00:00\" \/>\n<meta property=\"og:image\" content=\"https:\/\/tene.ee\/wp-content\/uploads\/2024\/07\/Bunkie_Hudson-1024x683.jpg\" \/>\n\t<meta property=\"og:image:width\" content=\"1024\" \/>\n\t<meta property=\"og:image:height\" content=\"683\" \/>\n\t<meta property=\"og:image:type\" content=\"image\/jpeg\" \/>\n<meta name=\"twitter:card\" content=\"summary_large_image\" \/>\n<meta name=\"twitter:label1\" content=\"Gesch\u00e4tzte Lesezeit\" \/>\n\t<meta name=\"twitter:data1\" content=\"1\u00a0Minute\" \/>\n<script type=\"application\/ld+json\" class=\"yoast-schema-graph\">{\"@context\":\"https:\\\/\\\/schema.org\",\"@graph\":[{\"@type\":\"WebPage\",\"@id\":\"https:\\\/\\\/tene.ee\\\/de\\\/toode\\\/aiamaja-bunkie-hudson-magamislavatsiga-uks-ja-aknad-klaaspaketiga\\\/\",\"url\":\"https:\\\/\\\/tene.ee\\\/de\\\/toode\\\/aiamaja-bunkie-hudson-magamislavatsiga-uks-ja-aknad-klaaspaketiga\\\/\",\"name\":\"Tene.ee - Gartenhaus Bunkie Hudson mit Schlafmatratze, T\u00fcr und Fenstern mit Doppelverglasung\",\"isPartOf\":{\"@id\":\"https:\\\/\\\/tene.ee\\\/de\\\/#website\"},\"primaryImageOfPage\":{\"@id\":\"https:\\\/\\\/tene.ee\\\/de\\\/toode\\\/aiamaja-bunkie-hudson-magamislavatsiga-uks-ja-aknad-klaaspaketiga\\\/#primaryimage\"},\"image\":{\"@id\":\"https:\\\/\\\/tene.ee\\\/de\\\/toode\\\/aiamaja-bunkie-hudson-magamislavatsiga-uks-ja-aknad-klaaspaketiga\\\/#primaryimage\"},\"thumbnailUrl\":\"https:\\\/\\\/tene.ee\\\/wp-content\\\/uploads\\\/2024\\\/07\\\/Bunkie_Hudson.jpg\",\"datePublished\":\"2024-07-12T13:48:57+00:00\",\"dateModified\":\"2024-11-28T09:46:07+00:00\",\"description\":\"Tene.ee Gartenhaus Bunkie Hudson mit Schlafmatratze, T\u00fcr und Fenstern mit Doppelverglasung\",\"breadcrumb\":{\"@id\":\"https:\\\/\\\/tene.ee\\\/de\\\/toode\\\/aiamaja-bunkie-hudson-magamislavatsiga-uks-ja-aknad-klaaspaketiga\\\/#breadcrumb\"},\"inLanguage\":\"de\",\"potentialAction\":[{\"@type\":\"ReadAction\",\"target\":[\"https:\\\/\\\/tene.ee\\\/de\\\/toode\\\/aiamaja-bunkie-hudson-magamislavatsiga-uks-ja-aknad-klaaspaketiga\\\/\"]}]},{\"@type\":\"ImageObject\",\"inLanguage\":\"de\",\"@id\":\"https:\\\/\\\/tene.ee\\\/de\\\/toode\\\/aiamaja-bunkie-hudson-magamislavatsiga-uks-ja-aknad-klaaspaketiga\\\/#primaryimage\",\"url\":\"https:\\\/\\\/tene.ee\\\/wp-content\\\/uploads\\\/2024\\\/07\\\/Bunkie_Hudson.jpg\",\"contentUrl\":\"https:\\\/\\\/tene.ee\\\/wp-content\\\/uploads\\\/2024\\\/07\\\/Bunkie_Hudson.jpg\",\"width\":2500,\"height\":1667},{\"@type\":\"BreadcrumbList\",\"@id\":\"https:\\\/\\\/tene.ee\\\/de\\\/toode\\\/aiamaja-bunkie-hudson-magamislavatsiga-uks-ja-aknad-klaaspaketiga\\\/#breadcrumb\",\"itemListElement\":[{\"@type\":\"ListItem\",\"position\":1,\"name\":\"Avaleht\",\"item\":\"https:\\\/\\\/tene.ee\\\/de\\\/\"},{\"@type\":\"ListItem\",\"position\":2,\"name\":\"Produkte\",\"item\":\"https:\\\/\\\/tene.ee\\\/de\\\/shop\\\/\"},{\"@type\":\"ListItem\",\"position\":3,\"name\":\"Gartenhaus Bunkie Hudson mit Schlafmatratze, T\u00fcr und Fenstern mit Doppelverglasung\"}]},{\"@type\":\"WebSite\",\"@id\":\"https:\\\/\\\/tene.ee\\\/de\\\/#website\",\"url\":\"https:\\\/\\\/tene.ee\\\/de\\\/\",\"name\":\"Tene.ee - Kaunite hetkede jaoks sinu aias\",\"description\":\"Tene.ee - parimad puit- ja aiamajad otse tootjalt\",\"publisher\":{\"@id\":\"https:\\\/\\\/tene.ee\\\/de\\\/#organization\"},\"alternateName\":\"Tene.ee\",\"potentialAction\":[{\"@type\":\"SearchAction\",\"target\":{\"@type\":\"EntryPoint\",\"urlTemplate\":\"https:\\\/\\\/tene.ee\\\/de\\\/?s={search_term_string}\"},\"query-input\":{\"@type\":\"PropertyValueSpecification\",\"valueRequired\":true,\"valueName\":\"search_term_string\"}}],\"inLanguage\":\"de\"},{\"@type\":\"Organization\",\"@id\":\"https:\\\/\\\/tene.ee\\\/de\\\/#organization\",\"name\":\"Tene.ee\",\"url\":\"https:\\\/\\\/tene.ee\\\/de\\\/\",\"logo\":{\"@type\":\"ImageObject\",\"inLanguage\":\"de\",\"@id\":\"https:\\\/\\\/tene.ee\\\/de\\\/#\\\/schema\\\/logo\\\/image\\\/\",\"url\":\"https:\\\/\\\/tene.ee\\\/wp-content\\\/uploads\\\/2024\\\/12\\\/TENE-logo-2018-2.png\",\"contentUrl\":\"https:\\\/\\\/tene.ee\\\/wp-content\\\/uploads\\\/2024\\\/12\\\/TENE-logo-2018-2.png\",\"width\":2339,\"height\":1654,\"caption\":\"Tene.ee\"},\"image\":{\"@id\":\"https:\\\/\\\/tene.ee\\\/de\\\/#\\\/schema\\\/logo\\\/image\\\/\"},\"sameAs\":[\"https:\\\/\\\/www.facebook.com\\\/teneaiamajad\"]}]}<\/script>\n<!-- \/ Yoast SEO plugin. -->","yoast_head_json":{"title":"Tene.ee - Gartenhaus Bunkie Hudson mit Schlafmatratze, T\u00fcr und Fenstern mit Doppelverglasung","description":"Tene.ee Gartenhaus Bunkie Hudson mit Schlafmatratze, T\u00fcr und Fenstern mit Doppelverglasung","robots":{"index":"index","follow":"follow","max-snippet":"max-snippet:-1","max-image-preview":"max-image-preview:large","max-video-preview":"max-video-preview:-1"},"canonical":"https:\/\/tene.ee\/de\/toode\/aiamaja-bunkie-hudson-magamislavatsiga-uks-ja-aknad-klaaspaketiga\/","og_locale":"de_DE","og_type":"article","og_title":"Tene.ee - Gartenhaus Bunkie Hudson mit Schlafmatratze, T\u00fcr und Fenstern mit Doppelverglasung","og_description":"Tene.ee Gartenhaus Bunkie Hudson mit Schlafmatratze, T\u00fcr und Fenstern mit Doppelverglasung","og_url":"https:\/\/tene.ee\/de\/toode\/aiamaja-bunkie-hudson-magamislavatsiga-uks-ja-aknad-klaaspaketiga\/","og_site_name":"Tene.ee","article_publisher":"https:\/\/www.facebook.com\/teneaiamajad","article_modified_time":"2024-11-28T09:46:07+00:00","og_image":[{"width":1024,"height":683,"url":"https:\/\/tene.ee\/wp-content\/uploads\/2024\/07\/Bunkie_Hudson-1024x683.jpg","type":"image\/jpeg"}],"twitter_card":"summary_large_image","twitter_misc":{"Gesch\u00e4tzte Lesezeit":"1\u00a0Minute"},"schema":{"@context":"https:\/\/schema.org","@graph":[{"@type":"WebPage","@id":"https:\/\/tene.ee\/de\/toode\/aiamaja-bunkie-hudson-magamislavatsiga-uks-ja-aknad-klaaspaketiga\/","url":"https:\/\/tene.ee\/de\/toode\/aiamaja-bunkie-hudson-magamislavatsiga-uks-ja-aknad-klaaspaketiga\/","name":"Tene.ee - Gartenhaus Bunkie Hudson mit Schlafmatratze, T\u00fcr und Fenstern mit Doppelverglasung","isPartOf":{"@id":"https:\/\/tene.ee\/de\/#website"},"primaryImageOfPage":{"@id":"https:\/\/tene.ee\/de\/toode\/aiamaja-bunkie-hudson-magamislavatsiga-uks-ja-aknad-klaaspaketiga\/#primaryimage"},"image":{"@id":"https:\/\/tene.ee\/de\/toode\/aiamaja-bunkie-hudson-magamislavatsiga-uks-ja-aknad-klaaspaketiga\/#primaryimage"},"thumbnailUrl":"https:\/\/tene.ee\/wp-content\/uploads\/2024\/07\/Bunkie_Hudson.jpg","datePublished":"2024-07-12T13:48:57+00:00","dateModified":"2024-11-28T09:46:07+00:00","description":"Tene.ee Gartenhaus Bunkie Hudson mit Schlafmatratze, T\u00fcr und Fenstern mit Doppelverglasung","breadcrumb":{"@id":"https:\/\/tene.ee\/de\/toode\/aiamaja-bunkie-hudson-magamislavatsiga-uks-ja-aknad-klaaspaketiga\/#breadcrumb"},"inLanguage":"de","potentialAction":[{"@type":"ReadAction","target":["https:\/\/tene.ee\/de\/toode\/aiamaja-bunkie-hudson-magamislavatsiga-uks-ja-aknad-klaaspaketiga\/"]}]},{"@type":"ImageObject","inLanguage":"de","@id":"https:\/\/tene.ee\/de\/toode\/aiamaja-bunkie-hudson-magamislavatsiga-uks-ja-aknad-klaaspaketiga\/#primaryimage","url":"https:\/\/tene.ee\/wp-content\/uploads\/2024\/07\/Bunkie_Hudson.jpg","contentUrl":"https:\/\/tene.ee\/wp-content\/uploads\/2024\/07\/Bunkie_Hudson.jpg","width":2500,"height":1667},{"@type":"BreadcrumbList","@id":"https:\/\/tene.ee\/de\/toode\/aiamaja-bunkie-hudson-magamislavatsiga-uks-ja-aknad-klaaspaketiga\/#breadcrumb","itemListElement":[{"@type":"ListItem","position":1,"name":"Avaleht","item":"https:\/\/tene.ee\/de\/"},{"@type":"ListItem","position":2,"name":"Produkte","item":"https:\/\/tene.ee\/de\/shop\/"},{"@type":"ListItem","position":3,"name":"Gartenhaus Bunkie Hudson mit Schlafmatratze, T\u00fcr und Fenstern mit Doppelverglasung"}]},{"@type":"WebSite","@id":"https:\/\/tene.ee\/de\/#website","url":"https:\/\/tene.ee\/de\/","name":"Tene.ee - Kaunite hetkede jaoks sinu aias","description":"Tene.ee - parimad puit- ja aiamajad otse tootjalt","publisher":{"@id":"https:\/\/tene.ee\/de\/#organization"},"alternateName":"Tene.ee","potentialAction":[{"@type":"SearchAction","target":{"@type":"EntryPoint","urlTemplate":"https:\/\/tene.ee\/de\/?s={search_term_string}"},"query-input":{"@type":"PropertyValueSpecification","valueRequired":true,"valueName":"search_term_string"}}],"inLanguage":"de"},{"@type":"Organization","@id":"https:\/\/tene.ee\/de\/#organization","name":"Tene.ee","url":"https:\/\/tene.ee\/de\/","logo":{"@type":"ImageObject","inLanguage":"de","@id":"https:\/\/tene.ee\/de\/#\/schema\/logo\/image\/","url":"https:\/\/tene.ee\/wp-content\/uploads\/2024\/12\/TENE-logo-2018-2.png","contentUrl":"https:\/\/tene.ee\/wp-content\/uploads\/2024\/12\/TENE-logo-2018-2.png","width":2339,"height":1654,"caption":"Tene.ee"},"image":{"@id":"https:\/\/tene.ee\/de\/#\/schema\/logo\/image\/"},"sameAs":["https:\/\/www.facebook.com\/teneaiamajad"]}]}},"_links":{"self":[{"href":"https:\/\/tene.ee\/de\/wp-json\/wp\/v2\/product\/16254","targetHints":{"allow":["GET"]}}],"collection":[{"href":"https:\/\/tene.ee\/de\/wp-json\/wp\/v2\/product"}],"about":[{"href":"https:\/\/tene.ee\/de\/wp-json\/wp\/v2\/types\/product"}],"wp:featuredmedia":[{"embeddable":true,"href":"https:\/\/tene.ee\/de\/wp-json\/wp\/v2\/media\/9331"}],"wp:attachment":[{"href":"https:\/\/tene.ee\/de\/wp-json\/wp\/v2\/media?parent=16254"}],"wp:term":[{"taxonomy":"product_brand","embeddable":true,"href":"https:\/\/tene.ee\/de\/wp-json\/wp\/v2\/product_brand?post=16254"},{"taxonomy":"product_cat","embeddable":true,"href":"https:\/\/tene.ee\/de\/wp-json\/wp\/v2\/product_cat?post=16254"},{"taxonomy":"product_tag","embeddable":true,"href":"https:\/\/tene.ee\/de\/wp-json\/wp\/v2\/product_tag?post=16254"}],"curies":[{"name":"wp","href":"https:\/\/api.w.org\/{rel}","templated":true}]}}