{"id":16235,"date":"2024-07-12T17:09:14","date_gmt":"2024-07-12T14:09:14","guid":{"rendered":"https:\/\/tene.ee\/toode\/valmis-puukuur-540\/"},"modified":"2024-11-28T11:46:24","modified_gmt":"2024-11-28T09:46:24","slug":"valmis-puukuur-540","status":"publish","type":"product","link":"https:\/\/tene.ee\/de\/toode\/valmis-puukuur-540\/","title":{"rendered":"Fertiger Holzschuppen 540"},"content":{"rendered":"<p>Der in der Tene-Fabrik hergestellte Holzschuppen \u201e540\u201c f\u00fcr den Innenbereich ist die perfekte L\u00f6sung f\u00fcr die Aufbewahrung Ihrer Gartenger\u00e4te und B\u00e4ume. Dieser hochwertige Holzschuppen besteht aus langlebigem Holz und ist mit allen notwendigen Funktionen ausgestattet, um die sichere und ordnungsgem\u00e4\u00dfe Aufbewahrung Ihrer Ausr\u00fcstung zu gew\u00e4hrleisten. Das Tene-Holzschuppen-Set 540 beinhaltet: Au\u00dfenwandma\u00dfe 540 x 234 cm, Wandbrett 15&#215;88, Seitenwand H\u00f6he 240 cm vorne und hinten 194 cm Dachfirsth\u00f6he 250 cm Bodenfl\u00e4che 12,4 m2 T\u00fcren: 1425 x 1955, 840 x 1955 Fenster: 500 x 500 Dachwinkel 12 Grad Dachfl\u00e4che 17 m2 Dachbrett 28 x 120 Hausvolumen 27,5 m3 Schuppenau\u00dfenseite mit wei\u00dfer TEKNOS-Beize versehen\u00a0<\/p>\n","protected":false},"excerpt":{"rendered":"<p>Der in der Tene-Fabrik hergestellte Holzschuppen \u201e540\u201c f\u00fcr den Innenbereich ist die perfekte L\u00f6sung f\u00fcr die Aufbewahrung Ihrer Gartenger\u00e4te und<\/p>\n","protected":false},"featured_media":14523,"template":"","meta":{"_acf_changed":false},"product_brand":[],"product_cat":[318,338],"product_tag":[],"class_list":{"0":"post-16235","1":"product","2":"type-product","3":"status-publish","4":"has-post-thumbnail","6":"product_cat-gartenhauser","7":"product_cat-holzschuppen","8":"product_shipping_class-390e-de","10":"first","11":"instock","12":"sale","13":"purchasable","14":"product-type-simple"},"acf":[],"yoast_head":"<!-- This site is optimized with the Yoast SEO plugin v27.3 - https:\/\/yoast.com\/product\/yoast-seo-wordpress\/ -->\n<title>Tene.ee - Fertiger Holzschuppen 540<\/title>\n<meta name=\"description\" content=\"Tene.ee Fertiger Holzschuppen 540\" \/>\n<meta name=\"robots\" content=\"index, follow, max-snippet:-1, max-image-preview:large, max-video-preview:-1\" \/>\n<link rel=\"canonical\" href=\"https:\/\/tene.ee\/de\/toode\/valmis-puukuur-540\/\" \/>\n<meta property=\"og:locale\" content=\"de_DE\" \/>\n<meta property=\"og:type\" content=\"article\" \/>\n<meta property=\"og:title\" content=\"Tene.ee - Fertiger Holzschuppen 540\" \/>\n<meta property=\"og:description\" content=\"Tene.ee Fertiger Holzschuppen 540\" \/>\n<meta property=\"og:url\" content=\"https:\/\/tene.ee\/de\/toode\/valmis-puukuur-540\/\" \/>\n<meta property=\"og:site_name\" content=\"Tene.ee\" \/>\n<meta property=\"article:publisher\" content=\"https:\/\/www.facebook.com\/teneaiamajad\" \/>\n<meta property=\"article:modified_time\" content=\"2024-11-28T09:46:24+00:00\" \/>\n<meta property=\"og:image\" content=\"https:\/\/tene.ee\/wp-content\/uploads\/2024\/07\/2134-1024x768.png\" \/>\n\t<meta property=\"og:image:width\" content=\"1024\" \/>\n\t<meta property=\"og:image:height\" content=\"768\" \/>\n\t<meta property=\"og:image:type\" content=\"image\/png\" \/>\n<meta name=\"twitter:card\" content=\"summary_large_image\" \/>\n<script type=\"application\/ld+json\" class=\"yoast-schema-graph\">{\"@context\":\"https:\\\/\\\/schema.org\",\"@graph\":[{\"@type\":\"WebPage\",\"@id\":\"https:\\\/\\\/tene.ee\\\/de\\\/toode\\\/valmis-puukuur-540\\\/\",\"url\":\"https:\\\/\\\/tene.ee\\\/de\\\/toode\\\/valmis-puukuur-540\\\/\",\"name\":\"Tene.ee - Fertiger Holzschuppen 540\",\"isPartOf\":{\"@id\":\"https:\\\/\\\/tene.ee\\\/de\\\/#website\"},\"primaryImageOfPage\":{\"@id\":\"https:\\\/\\\/tene.ee\\\/de\\\/toode\\\/valmis-puukuur-540\\\/#primaryimage\"},\"image\":{\"@id\":\"https:\\\/\\\/tene.ee\\\/de\\\/toode\\\/valmis-puukuur-540\\\/#primaryimage\"},\"thumbnailUrl\":\"https:\\\/\\\/tene.ee\\\/wp-content\\\/uploads\\\/2024\\\/07\\\/2134.png\",\"datePublished\":\"2024-07-12T14:09:14+00:00\",\"dateModified\":\"2024-11-28T09:46:24+00:00\",\"description\":\"Tene.ee Fertiger Holzschuppen 540\",\"breadcrumb\":{\"@id\":\"https:\\\/\\\/tene.ee\\\/de\\\/toode\\\/valmis-puukuur-540\\\/#breadcrumb\"},\"inLanguage\":\"de\",\"potentialAction\":[{\"@type\":\"ReadAction\",\"target\":[\"https:\\\/\\\/tene.ee\\\/de\\\/toode\\\/valmis-puukuur-540\\\/\"]}]},{\"@type\":\"ImageObject\",\"inLanguage\":\"de\",\"@id\":\"https:\\\/\\\/tene.ee\\\/de\\\/toode\\\/valmis-puukuur-540\\\/#primaryimage\",\"url\":\"https:\\\/\\\/tene.ee\\\/wp-content\\\/uploads\\\/2024\\\/07\\\/2134.png\",\"contentUrl\":\"https:\\\/\\\/tene.ee\\\/wp-content\\\/uploads\\\/2024\\\/07\\\/2134.png\",\"width\":4032,\"height\":3024},{\"@type\":\"BreadcrumbList\",\"@id\":\"https:\\\/\\\/tene.ee\\\/de\\\/toode\\\/valmis-puukuur-540\\\/#breadcrumb\",\"itemListElement\":[{\"@type\":\"ListItem\",\"position\":1,\"name\":\"Avaleht\",\"item\":\"https:\\\/\\\/tene.ee\\\/de\\\/\"},{\"@type\":\"ListItem\",\"position\":2,\"name\":\"Produkte\",\"item\":\"https:\\\/\\\/tene.ee\\\/de\\\/shop\\\/\"},{\"@type\":\"ListItem\",\"position\":3,\"name\":\"Fertiger Holzschuppen 540\"}]},{\"@type\":\"WebSite\",\"@id\":\"https:\\\/\\\/tene.ee\\\/de\\\/#website\",\"url\":\"https:\\\/\\\/tene.ee\\\/de\\\/\",\"name\":\"Tene.ee - Kaunite hetkede jaoks sinu aias\",\"description\":\"Tene.ee - parimad puit- ja aiamajad otse tootjalt\",\"publisher\":{\"@id\":\"https:\\\/\\\/tene.ee\\\/de\\\/#organization\"},\"alternateName\":\"Tene.ee\",\"potentialAction\":[{\"@type\":\"SearchAction\",\"target\":{\"@type\":\"EntryPoint\",\"urlTemplate\":\"https:\\\/\\\/tene.ee\\\/de\\\/?s={search_term_string}\"},\"query-input\":{\"@type\":\"PropertyValueSpecification\",\"valueRequired\":true,\"valueName\":\"search_term_string\"}}],\"inLanguage\":\"de\"},{\"@type\":\"Organization\",\"@id\":\"https:\\\/\\\/tene.ee\\\/de\\\/#organization\",\"name\":\"Tene.ee\",\"url\":\"https:\\\/\\\/tene.ee\\\/de\\\/\",\"logo\":{\"@type\":\"ImageObject\",\"inLanguage\":\"de\",\"@id\":\"https:\\\/\\\/tene.ee\\\/de\\\/#\\\/schema\\\/logo\\\/image\\\/\",\"url\":\"https:\\\/\\\/tene.ee\\\/wp-content\\\/uploads\\\/2024\\\/12\\\/TENE-logo-2018-2.png\",\"contentUrl\":\"https:\\\/\\\/tene.ee\\\/wp-content\\\/uploads\\\/2024\\\/12\\\/TENE-logo-2018-2.png\",\"width\":2339,\"height\":1654,\"caption\":\"Tene.ee\"},\"image\":{\"@id\":\"https:\\\/\\\/tene.ee\\\/de\\\/#\\\/schema\\\/logo\\\/image\\\/\"},\"sameAs\":[\"https:\\\/\\\/www.facebook.com\\\/teneaiamajad\"]}]}<\/script>\n<!-- \/ Yoast SEO plugin. -->","yoast_head_json":{"title":"Tene.ee - Fertiger Holzschuppen 540","description":"Tene.ee Fertiger Holzschuppen 540","robots":{"index":"index","follow":"follow","max-snippet":"max-snippet:-1","max-image-preview":"max-image-preview:large","max-video-preview":"max-video-preview:-1"},"canonical":"https:\/\/tene.ee\/de\/toode\/valmis-puukuur-540\/","og_locale":"de_DE","og_type":"article","og_title":"Tene.ee - Fertiger Holzschuppen 540","og_description":"Tene.ee Fertiger Holzschuppen 540","og_url":"https:\/\/tene.ee\/de\/toode\/valmis-puukuur-540\/","og_site_name":"Tene.ee","article_publisher":"https:\/\/www.facebook.com\/teneaiamajad","article_modified_time":"2024-11-28T09:46:24+00:00","og_image":[{"width":1024,"height":768,"url":"https:\/\/tene.ee\/wp-content\/uploads\/2024\/07\/2134-1024x768.png","type":"image\/png"}],"twitter_card":"summary_large_image","schema":{"@context":"https:\/\/schema.org","@graph":[{"@type":"WebPage","@id":"https:\/\/tene.ee\/de\/toode\/valmis-puukuur-540\/","url":"https:\/\/tene.ee\/de\/toode\/valmis-puukuur-540\/","name":"Tene.ee - Fertiger Holzschuppen 540","isPartOf":{"@id":"https:\/\/tene.ee\/de\/#website"},"primaryImageOfPage":{"@id":"https:\/\/tene.ee\/de\/toode\/valmis-puukuur-540\/#primaryimage"},"image":{"@id":"https:\/\/tene.ee\/de\/toode\/valmis-puukuur-540\/#primaryimage"},"thumbnailUrl":"https:\/\/tene.ee\/wp-content\/uploads\/2024\/07\/2134.png","datePublished":"2024-07-12T14:09:14+00:00","dateModified":"2024-11-28T09:46:24+00:00","description":"Tene.ee Fertiger Holzschuppen 540","breadcrumb":{"@id":"https:\/\/tene.ee\/de\/toode\/valmis-puukuur-540\/#breadcrumb"},"inLanguage":"de","potentialAction":[{"@type":"ReadAction","target":["https:\/\/tene.ee\/de\/toode\/valmis-puukuur-540\/"]}]},{"@type":"ImageObject","inLanguage":"de","@id":"https:\/\/tene.ee\/de\/toode\/valmis-puukuur-540\/#primaryimage","url":"https:\/\/tene.ee\/wp-content\/uploads\/2024\/07\/2134.png","contentUrl":"https:\/\/tene.ee\/wp-content\/uploads\/2024\/07\/2134.png","width":4032,"height":3024},{"@type":"BreadcrumbList","@id":"https:\/\/tene.ee\/de\/toode\/valmis-puukuur-540\/#breadcrumb","itemListElement":[{"@type":"ListItem","position":1,"name":"Avaleht","item":"https:\/\/tene.ee\/de\/"},{"@type":"ListItem","position":2,"name":"Produkte","item":"https:\/\/tene.ee\/de\/shop\/"},{"@type":"ListItem","position":3,"name":"Fertiger Holzschuppen 540"}]},{"@type":"WebSite","@id":"https:\/\/tene.ee\/de\/#website","url":"https:\/\/tene.ee\/de\/","name":"Tene.ee - Kaunite hetkede jaoks sinu aias","description":"Tene.ee - parimad puit- ja aiamajad otse tootjalt","publisher":{"@id":"https:\/\/tene.ee\/de\/#organization"},"alternateName":"Tene.ee","potentialAction":[{"@type":"SearchAction","target":{"@type":"EntryPoint","urlTemplate":"https:\/\/tene.ee\/de\/?s={search_term_string}"},"query-input":{"@type":"PropertyValueSpecification","valueRequired":true,"valueName":"search_term_string"}}],"inLanguage":"de"},{"@type":"Organization","@id":"https:\/\/tene.ee\/de\/#organization","name":"Tene.ee","url":"https:\/\/tene.ee\/de\/","logo":{"@type":"ImageObject","inLanguage":"de","@id":"https:\/\/tene.ee\/de\/#\/schema\/logo\/image\/","url":"https:\/\/tene.ee\/wp-content\/uploads\/2024\/12\/TENE-logo-2018-2.png","contentUrl":"https:\/\/tene.ee\/wp-content\/uploads\/2024\/12\/TENE-logo-2018-2.png","width":2339,"height":1654,"caption":"Tene.ee"},"image":{"@id":"https:\/\/tene.ee\/de\/#\/schema\/logo\/image\/"},"sameAs":["https:\/\/www.facebook.com\/teneaiamajad"]}]}},"_links":{"self":[{"href":"https:\/\/tene.ee\/de\/wp-json\/wp\/v2\/product\/16235","targetHints":{"allow":["GET"]}}],"collection":[{"href":"https:\/\/tene.ee\/de\/wp-json\/wp\/v2\/product"}],"about":[{"href":"https:\/\/tene.ee\/de\/wp-json\/wp\/v2\/types\/product"}],"wp:featuredmedia":[{"embeddable":true,"href":"https:\/\/tene.ee\/de\/wp-json\/wp\/v2\/media\/14523"}],"wp:attachment":[{"href":"https:\/\/tene.ee\/de\/wp-json\/wp\/v2\/media?parent=16235"}],"wp:term":[{"taxonomy":"product_brand","embeddable":true,"href":"https:\/\/tene.ee\/de\/wp-json\/wp\/v2\/product_brand?post=16235"},{"taxonomy":"product_cat","embeddable":true,"href":"https:\/\/tene.ee\/de\/wp-json\/wp\/v2\/product_cat?post=16235"},{"taxonomy":"product_tag","embeddable":true,"href":"https:\/\/tene.ee\/de\/wp-json\/wp\/v2\/product_tag?post=16235"}],"curies":[{"name":"wp","href":"https:\/\/api.w.org\/{rel}","templated":true}]}}