{"id":16232,"date":"2024-07-12T17:09:14","date_gmt":"2024-07-12T14:09:14","guid":{"rendered":"https:\/\/tene.ee\/toode\/valmis-puukuur-90-a\/"},"modified":"2024-11-28T11:46:24","modified_gmt":"2024-11-28T09:46:24","slug":"valmis-puukuur-90-a","status":"publish","type":"product","link":"https:\/\/tene.ee\/de\/toode\/valmis-puukuur-90-a\/","title":{"rendered":"Fertiger Holzschuppen 90 A"},"content":{"rendered":"<p>Der in der Tene-Fabrik hergestellte Holzschuppen \u201e90 A\u201c f\u00fcr den Innenbereich ist die perfekte L\u00f6sung f\u00fcr die Aufbewahrung Ihrer Gartenger\u00e4te und B\u00e4ume. Dieser hochwertige Holzschuppen besteht aus langlebigem Holz und ist mit allen notwendigen Funktionen ausgestattet, um die sichere und ordnungsgem\u00e4\u00dfe Lagerung Ihrer Ausr\u00fcstung zu gew\u00e4hrleisten. Das Tene Holzschuppen-Set 90 A beinhaltet: Au\u00dfenma\u00dfe: 400 x 234 cm Holzschuppenbreite ~150 cm und Lagerbreite ~240cm H\u00f6he der R\u00fcckwand: 200 cm H\u00f6he der Vorderwand: 250 cm Doppelt\u00fcren mit Glas 1425\u00d71955 mm T\u00fcr: 840\u00d71955 mm Fl\u00e4che 9,2 m2 Der Schuppen verf\u00fcgt \u00fcber eine Au\u00dfenl\u00fcftungs\u00f6ffnung mit Gitter Dacheindeckung: Metalltrapezprofil schwarz matt ( RR 32 BT Matt) Der Schuppen ist au\u00dfen mit wei\u00dfer TEKNOS-Beize versehen<\/p>\n","protected":false},"excerpt":{"rendered":"<p>Fl\u00e4che des Holzschuppens ~9,6 m\u00b2 (4,0 x 2,34 m)<br \/>\nDer fertige transportable Holzschuppen 90 A ist ein idealer Aufbewahrungsort f\u00fcr Brennholz und Gartenger\u00e4te!<\/p>\n","protected":false},"featured_media":14483,"template":"","meta":{"_acf_changed":false},"product_brand":[],"product_cat":[318,338],"product_tag":[],"class_list":{"0":"post-16232","1":"product","2":"type-product","3":"status-publish","4":"has-post-thumbnail","6":"product_cat-gartenhauser","7":"product_cat-holzschuppen","8":"product_shipping_class-390e-de","9":"pa_pindala-0-10-m2-de","11":"first","12":"onbackorder","13":"sale","14":"purchasable","15":"product-type-simple"},"acf":[],"yoast_head":"<!-- This site is optimized with the Yoast SEO plugin v27.5 - https:\/\/yoast.com\/product\/yoast-seo-wordpress\/ -->\n<title>Tene.ee - Fertiger Holzschuppen 90 A<\/title>\n<meta name=\"description\" content=\"Tene.ee Fertiger Holzschuppen 90 A\" \/>\n<meta name=\"robots\" content=\"index, follow, max-snippet:-1, max-image-preview:large, max-video-preview:-1\" \/>\n<link rel=\"canonical\" href=\"https:\/\/tene.ee\/de\/toode\/valmis-puukuur-90-a\/\" \/>\n<meta property=\"og:locale\" content=\"de_DE\" \/>\n<meta property=\"og:type\" content=\"article\" \/>\n<meta property=\"og:title\" content=\"Tene.ee - Fertiger Holzschuppen 90 A\" \/>\n<meta property=\"og:description\" content=\"Tene.ee Fertiger Holzschuppen 90 A\" \/>\n<meta property=\"og:url\" content=\"https:\/\/tene.ee\/de\/toode\/valmis-puukuur-90-a\/\" \/>\n<meta property=\"og:site_name\" content=\"Tene.ee\" \/>\n<meta property=\"article:publisher\" content=\"https:\/\/www.facebook.com\/teneaiamajad\" \/>\n<meta property=\"article:modified_time\" content=\"2024-11-28T09:46:24+00:00\" \/>\n<meta property=\"og:image\" content=\"https:\/\/tene.ee\/wp-content\/uploads\/2024\/07\/IMG_3114-scaled-1.jpg\" \/>\n\t<meta property=\"og:image:width\" content=\"2560\" \/>\n\t<meta property=\"og:image:height\" content=\"1920\" \/>\n\t<meta property=\"og:image:type\" content=\"image\/jpeg\" \/>\n<meta name=\"twitter:card\" content=\"summary_large_image\" \/>\n<meta name=\"twitter:label1\" content=\"Gesch\u00e4tzte Lesezeit\" \/>\n\t<meta name=\"twitter:data1\" content=\"1\u00a0Minute\" \/>\n<script type=\"application\/ld+json\" class=\"yoast-schema-graph\">{\"@context\":\"https:\\\/\\\/schema.org\",\"@graph\":[{\"@type\":\"WebPage\",\"@id\":\"https:\\\/\\\/tene.ee\\\/de\\\/toode\\\/valmis-puukuur-90-a\\\/\",\"url\":\"https:\\\/\\\/tene.ee\\\/de\\\/toode\\\/valmis-puukuur-90-a\\\/\",\"name\":\"Tene.ee - Fertiger Holzschuppen 90 A\",\"isPartOf\":{\"@id\":\"https:\\\/\\\/tene.ee\\\/de\\\/#website\"},\"primaryImageOfPage\":{\"@id\":\"https:\\\/\\\/tene.ee\\\/de\\\/toode\\\/valmis-puukuur-90-a\\\/#primaryimage\"},\"image\":{\"@id\":\"https:\\\/\\\/tene.ee\\\/de\\\/toode\\\/valmis-puukuur-90-a\\\/#primaryimage\"},\"thumbnailUrl\":\"https:\\\/\\\/tene.ee\\\/wp-content\\\/uploads\\\/2024\\\/07\\\/IMG_3114-scaled-1.jpg\",\"datePublished\":\"2024-07-12T14:09:14+00:00\",\"dateModified\":\"2024-11-28T09:46:24+00:00\",\"description\":\"Tene.ee Fertiger Holzschuppen 90 A\",\"breadcrumb\":{\"@id\":\"https:\\\/\\\/tene.ee\\\/de\\\/toode\\\/valmis-puukuur-90-a\\\/#breadcrumb\"},\"inLanguage\":\"de\",\"potentialAction\":[{\"@type\":\"ReadAction\",\"target\":[\"https:\\\/\\\/tene.ee\\\/de\\\/toode\\\/valmis-puukuur-90-a\\\/\"]}]},{\"@type\":\"ImageObject\",\"inLanguage\":\"de\",\"@id\":\"https:\\\/\\\/tene.ee\\\/de\\\/toode\\\/valmis-puukuur-90-a\\\/#primaryimage\",\"url\":\"https:\\\/\\\/tene.ee\\\/wp-content\\\/uploads\\\/2024\\\/07\\\/IMG_3114-scaled-1.jpg\",\"contentUrl\":\"https:\\\/\\\/tene.ee\\\/wp-content\\\/uploads\\\/2024\\\/07\\\/IMG_3114-scaled-1.jpg\",\"width\":2560,\"height\":1920},{\"@type\":\"BreadcrumbList\",\"@id\":\"https:\\\/\\\/tene.ee\\\/de\\\/toode\\\/valmis-puukuur-90-a\\\/#breadcrumb\",\"itemListElement\":[{\"@type\":\"ListItem\",\"position\":1,\"name\":\"Avaleht\",\"item\":\"https:\\\/\\\/tene.ee\\\/de\\\/\"},{\"@type\":\"ListItem\",\"position\":2,\"name\":\"Produkte\",\"item\":\"https:\\\/\\\/tene.ee\\\/de\\\/shop\\\/\"},{\"@type\":\"ListItem\",\"position\":3,\"name\":\"Fertiger Holzschuppen 90 A\"}]},{\"@type\":\"WebSite\",\"@id\":\"https:\\\/\\\/tene.ee\\\/de\\\/#website\",\"url\":\"https:\\\/\\\/tene.ee\\\/de\\\/\",\"name\":\"Tene.ee - Kaunite hetkede jaoks sinu aias\",\"description\":\"Tene.ee - parimad puit- ja aiamajad otse tootjalt\",\"publisher\":{\"@id\":\"https:\\\/\\\/tene.ee\\\/de\\\/#organization\"},\"alternateName\":\"Tene.ee\",\"potentialAction\":[{\"@type\":\"SearchAction\",\"target\":{\"@type\":\"EntryPoint\",\"urlTemplate\":\"https:\\\/\\\/tene.ee\\\/de\\\/?s={search_term_string}\"},\"query-input\":{\"@type\":\"PropertyValueSpecification\",\"valueRequired\":true,\"valueName\":\"search_term_string\"}}],\"inLanguage\":\"de\"},{\"@type\":\"Organization\",\"@id\":\"https:\\\/\\\/tene.ee\\\/de\\\/#organization\",\"name\":\"Tene.ee\",\"url\":\"https:\\\/\\\/tene.ee\\\/de\\\/\",\"logo\":{\"@type\":\"ImageObject\",\"inLanguage\":\"de\",\"@id\":\"https:\\\/\\\/tene.ee\\\/de\\\/#\\\/schema\\\/logo\\\/image\\\/\",\"url\":\"https:\\\/\\\/tene.ee\\\/wp-content\\\/uploads\\\/2024\\\/12\\\/TENE-logo-2018-2.png\",\"contentUrl\":\"https:\\\/\\\/tene.ee\\\/wp-content\\\/uploads\\\/2024\\\/12\\\/TENE-logo-2018-2.png\",\"width\":2339,\"height\":1654,\"caption\":\"Tene.ee\"},\"image\":{\"@id\":\"https:\\\/\\\/tene.ee\\\/de\\\/#\\\/schema\\\/logo\\\/image\\\/\"},\"sameAs\":[\"https:\\\/\\\/www.facebook.com\\\/teneaiamajad\"]}]}<\/script>\n<!-- \/ Yoast SEO plugin. -->","yoast_head_json":{"title":"Tene.ee - Fertiger Holzschuppen 90 A","description":"Tene.ee Fertiger Holzschuppen 90 A","robots":{"index":"index","follow":"follow","max-snippet":"max-snippet:-1","max-image-preview":"max-image-preview:large","max-video-preview":"max-video-preview:-1"},"canonical":"https:\/\/tene.ee\/de\/toode\/valmis-puukuur-90-a\/","og_locale":"de_DE","og_type":"article","og_title":"Tene.ee - Fertiger Holzschuppen 90 A","og_description":"Tene.ee Fertiger Holzschuppen 90 A","og_url":"https:\/\/tene.ee\/de\/toode\/valmis-puukuur-90-a\/","og_site_name":"Tene.ee","article_publisher":"https:\/\/www.facebook.com\/teneaiamajad","article_modified_time":"2024-11-28T09:46:24+00:00","og_image":[{"width":2560,"height":1920,"url":"https:\/\/tene.ee\/wp-content\/uploads\/2024\/07\/IMG_3114-scaled-1.jpg","type":"image\/jpeg"}],"twitter_card":"summary_large_image","twitter_misc":{"Gesch\u00e4tzte Lesezeit":"1\u00a0Minute"},"schema":{"@context":"https:\/\/schema.org","@graph":[{"@type":"WebPage","@id":"https:\/\/tene.ee\/de\/toode\/valmis-puukuur-90-a\/","url":"https:\/\/tene.ee\/de\/toode\/valmis-puukuur-90-a\/","name":"Tene.ee - Fertiger Holzschuppen 90 A","isPartOf":{"@id":"https:\/\/tene.ee\/de\/#website"},"primaryImageOfPage":{"@id":"https:\/\/tene.ee\/de\/toode\/valmis-puukuur-90-a\/#primaryimage"},"image":{"@id":"https:\/\/tene.ee\/de\/toode\/valmis-puukuur-90-a\/#primaryimage"},"thumbnailUrl":"https:\/\/tene.ee\/wp-content\/uploads\/2024\/07\/IMG_3114-scaled-1.jpg","datePublished":"2024-07-12T14:09:14+00:00","dateModified":"2024-11-28T09:46:24+00:00","description":"Tene.ee Fertiger Holzschuppen 90 A","breadcrumb":{"@id":"https:\/\/tene.ee\/de\/toode\/valmis-puukuur-90-a\/#breadcrumb"},"inLanguage":"de","potentialAction":[{"@type":"ReadAction","target":["https:\/\/tene.ee\/de\/toode\/valmis-puukuur-90-a\/"]}]},{"@type":"ImageObject","inLanguage":"de","@id":"https:\/\/tene.ee\/de\/toode\/valmis-puukuur-90-a\/#primaryimage","url":"https:\/\/tene.ee\/wp-content\/uploads\/2024\/07\/IMG_3114-scaled-1.jpg","contentUrl":"https:\/\/tene.ee\/wp-content\/uploads\/2024\/07\/IMG_3114-scaled-1.jpg","width":2560,"height":1920},{"@type":"BreadcrumbList","@id":"https:\/\/tene.ee\/de\/toode\/valmis-puukuur-90-a\/#breadcrumb","itemListElement":[{"@type":"ListItem","position":1,"name":"Avaleht","item":"https:\/\/tene.ee\/de\/"},{"@type":"ListItem","position":2,"name":"Produkte","item":"https:\/\/tene.ee\/de\/shop\/"},{"@type":"ListItem","position":3,"name":"Fertiger Holzschuppen 90 A"}]},{"@type":"WebSite","@id":"https:\/\/tene.ee\/de\/#website","url":"https:\/\/tene.ee\/de\/","name":"Tene.ee - Kaunite hetkede jaoks sinu aias","description":"Tene.ee - parimad puit- ja aiamajad otse tootjalt","publisher":{"@id":"https:\/\/tene.ee\/de\/#organization"},"alternateName":"Tene.ee","potentialAction":[{"@type":"SearchAction","target":{"@type":"EntryPoint","urlTemplate":"https:\/\/tene.ee\/de\/?s={search_term_string}"},"query-input":{"@type":"PropertyValueSpecification","valueRequired":true,"valueName":"search_term_string"}}],"inLanguage":"de"},{"@type":"Organization","@id":"https:\/\/tene.ee\/de\/#organization","name":"Tene.ee","url":"https:\/\/tene.ee\/de\/","logo":{"@type":"ImageObject","inLanguage":"de","@id":"https:\/\/tene.ee\/de\/#\/schema\/logo\/image\/","url":"https:\/\/tene.ee\/wp-content\/uploads\/2024\/12\/TENE-logo-2018-2.png","contentUrl":"https:\/\/tene.ee\/wp-content\/uploads\/2024\/12\/TENE-logo-2018-2.png","width":2339,"height":1654,"caption":"Tene.ee"},"image":{"@id":"https:\/\/tene.ee\/de\/#\/schema\/logo\/image\/"},"sameAs":["https:\/\/www.facebook.com\/teneaiamajad"]}]}},"_links":{"self":[{"href":"https:\/\/tene.ee\/de\/wp-json\/wp\/v2\/product\/16232","targetHints":{"allow":["GET"]}}],"collection":[{"href":"https:\/\/tene.ee\/de\/wp-json\/wp\/v2\/product"}],"about":[{"href":"https:\/\/tene.ee\/de\/wp-json\/wp\/v2\/types\/product"}],"wp:featuredmedia":[{"embeddable":true,"href":"https:\/\/tene.ee\/de\/wp-json\/wp\/v2\/media\/14483"}],"wp:attachment":[{"href":"https:\/\/tene.ee\/de\/wp-json\/wp\/v2\/media?parent=16232"}],"wp:term":[{"taxonomy":"product_brand","embeddable":true,"href":"https:\/\/tene.ee\/de\/wp-json\/wp\/v2\/product_brand?post=16232"},{"taxonomy":"product_cat","embeddable":true,"href":"https:\/\/tene.ee\/de\/wp-json\/wp\/v2\/product_cat?post=16232"},{"taxonomy":"product_tag","embeddable":true,"href":"https:\/\/tene.ee\/de\/wp-json\/wp\/v2\/product_tag?post=16232"}],"curies":[{"name":"wp","href":"https:\/\/api.w.org\/{rel}","templated":true}]}}