{"id":16224,"date":"2024-07-12T17:13:18","date_gmt":"2024-07-12T14:13:18","guid":{"rendered":"https:\/\/tene.ee\/toode\/kuemblustuenn-haagisel-hall-207-premium\/"},"modified":"2024-11-28T11:46:31","modified_gmt":"2024-11-28T09:46:31","slug":"kuemblustuenn-haagisel-hall-207-premium","status":"publish","type":"product","link":"https:\/\/tene.ee\/de\/toode\/kuemblustuenn-haagisel-hall-207-premium\/","title":{"rendered":"Whirlpool auf Anh\u00e4nger Grau (207), Premium"},"content":{"rendered":"<p>Whirlpool mit Deckel f\u00fcr bis zu 8 Personen. Au\u00dfendurchmesser des Whirlpools mit Deckel: 1650. H\u00f6he des Whirlpools vom Boden: 145 cm Der Inhalt und der Deckel sind aus grauem Granit. Wasserablauf mit Wasserhahn. Aufheizzeit f\u00fcr Wasser mit einer Temperatur von 5\u201338\u00b0 bei 50 cm langen B\u00e4umen ca. 4\u20134,5 Stunden (Aufheizen mit Holzbriketts ca. 3\u20133,5 Stunden). mit Ofen ca. 300 kg Anh\u00e4nger mit Whirlpool wiegt ca. 530 kg ACHTUNG! Der Preis des Produkts beinhaltet nicht die Abrechnung des Whirlpools auf dem Anh\u00e4nger in ARK. Die Abrechnung des Whirlpools auf dem Anh\u00e4nger ALS ANH\u00c4NGER beinhaltet die folgenden zus\u00e4tzlichen Kosten f\u00fcr den Kunden:<br \/>\n\u2022Anh\u00e4ngerkennzeichen 30 \u20ac<br \/>\n\u2022Anh\u00e4ngerregistrierung 63 \u20ac<br \/>\nInsgesamt 93 \u20ac. Die Abrechnung eines Whirlpools auf einem Anh\u00e4nger als SPEZIALANH\u00c4NGER beinhaltet folgende zus\u00e4tzliche Kosten f\u00fcr den Kunden:<br \/>\n\u2022Anrechnung der Einzelfahrzeuggenehmigung 205 \u20ac<br \/>\n\u2022Anh\u00e4ngerregistrierung 63 \u20ac<br \/>\n\u2022Anh\u00e4ngerkennzeichen 30 \u20ac<br \/>\nGesamt 298 \u20ac Das Produkt kann an folgender Lieferstelle abgeholt werden:<br \/>\n\u2022 Landkreis L\u00e4\u00e4ne, Haapsalu, Berg Lihula 22b<\/p>\n","protected":false},"excerpt":{"rendered":"<p>Whirlpool auf R\u00e4dern f\u00fcr 8 Personen mit einem Durchmesser von 207 cm. Genie\u00dfen Sie Fassgenuss, wohin der Weg auch f\u00fchrt!<\/p>\n","protected":false},"featured_media":14731,"template":"","meta":{"_acf_changed":false},"product_brand":[],"product_cat":[317,314,322,321],"product_tag":[],"class_list":{"0":"post-16224","1":"product","2":"type-product","3":"status-publish","4":"has-post-thumbnail","6":"product_cat-badezuber","7":"product_cat-saunen","8":"product_cat-saunen-auf-radern","9":"product_cat-sofort-verfugbar","10":"pa_kumblustunni-diameeter-207-cm-de","12":"first","13":"instock","14":"sale","15":"purchasable","16":"product-type-simple"},"acf":[],"yoast_head":"<!-- This site is optimized with the Yoast SEO plugin v27.4 - https:\/\/yoast.com\/product\/yoast-seo-wordpress\/ -->\n<title>Tene.ee - Whirlpool auf Anh\u00e4nger Grau (207), Premium<\/title>\n<meta name=\"description\" content=\"Tene.ee Whirlpool auf Anh\u00e4nger Grau (207), Premium\" \/>\n<meta name=\"robots\" content=\"index, follow, max-snippet:-1, max-image-preview:large, max-video-preview:-1\" \/>\n<link rel=\"canonical\" href=\"https:\/\/tene.ee\/de\/toode\/kuemblustuenn-haagisel-hall-207-premium\/\" \/>\n<meta property=\"og:locale\" content=\"de_DE\" \/>\n<meta property=\"og:type\" content=\"article\" \/>\n<meta property=\"og:title\" content=\"Tene.ee - Whirlpool auf Anh\u00e4nger Grau (207), Premium\" \/>\n<meta property=\"og:description\" content=\"Tene.ee Whirlpool auf Anh\u00e4nger Grau (207), Premium\" \/>\n<meta property=\"og:url\" content=\"https:\/\/tene.ee\/de\/toode\/kuemblustuenn-haagisel-hall-207-premium\/\" \/>\n<meta property=\"og:site_name\" content=\"Tene.ee\" \/>\n<meta property=\"article:publisher\" content=\"https:\/\/www.facebook.com\/teneaiamajad\" \/>\n<meta property=\"article:modified_time\" content=\"2024-11-28T09:46:31+00:00\" \/>\n<meta property=\"og:image\" content=\"https:\/\/tene.ee\/wp-content\/uploads\/2024\/07\/IMG_3713-scaled-1.jpg\" \/>\n\t<meta property=\"og:image:width\" content=\"2560\" \/>\n\t<meta property=\"og:image:height\" content=\"1707\" \/>\n\t<meta property=\"og:image:type\" content=\"image\/jpeg\" \/>\n<meta name=\"twitter:card\" content=\"summary_large_image\" \/>\n<meta name=\"twitter:label1\" content=\"Gesch\u00e4tzte Lesezeit\" \/>\n\t<meta name=\"twitter:data1\" content=\"1\u00a0Minute\" \/>\n<script type=\"application\/ld+json\" class=\"yoast-schema-graph\">{\"@context\":\"https:\\\/\\\/schema.org\",\"@graph\":[{\"@type\":\"WebPage\",\"@id\":\"https:\\\/\\\/tene.ee\\\/de\\\/toode\\\/kuemblustuenn-haagisel-hall-207-premium\\\/\",\"url\":\"https:\\\/\\\/tene.ee\\\/de\\\/toode\\\/kuemblustuenn-haagisel-hall-207-premium\\\/\",\"name\":\"Tene.ee - Whirlpool auf Anh\u00e4nger Grau (207), Premium\",\"isPartOf\":{\"@id\":\"https:\\\/\\\/tene.ee\\\/de\\\/#website\"},\"primaryImageOfPage\":{\"@id\":\"https:\\\/\\\/tene.ee\\\/de\\\/toode\\\/kuemblustuenn-haagisel-hall-207-premium\\\/#primaryimage\"},\"image\":{\"@id\":\"https:\\\/\\\/tene.ee\\\/de\\\/toode\\\/kuemblustuenn-haagisel-hall-207-premium\\\/#primaryimage\"},\"thumbnailUrl\":\"https:\\\/\\\/tene.ee\\\/wp-content\\\/uploads\\\/2024\\\/07\\\/IMG_3713-scaled-1.jpg\",\"datePublished\":\"2024-07-12T14:13:18+00:00\",\"dateModified\":\"2024-11-28T09:46:31+00:00\",\"description\":\"Tene.ee Whirlpool auf Anh\u00e4nger Grau (207), Premium\",\"breadcrumb\":{\"@id\":\"https:\\\/\\\/tene.ee\\\/de\\\/toode\\\/kuemblustuenn-haagisel-hall-207-premium\\\/#breadcrumb\"},\"inLanguage\":\"de\",\"potentialAction\":[{\"@type\":\"ReadAction\",\"target\":[\"https:\\\/\\\/tene.ee\\\/de\\\/toode\\\/kuemblustuenn-haagisel-hall-207-premium\\\/\"]}]},{\"@type\":\"ImageObject\",\"inLanguage\":\"de\",\"@id\":\"https:\\\/\\\/tene.ee\\\/de\\\/toode\\\/kuemblustuenn-haagisel-hall-207-premium\\\/#primaryimage\",\"url\":\"https:\\\/\\\/tene.ee\\\/wp-content\\\/uploads\\\/2024\\\/07\\\/IMG_3713-scaled-1.jpg\",\"contentUrl\":\"https:\\\/\\\/tene.ee\\\/wp-content\\\/uploads\\\/2024\\\/07\\\/IMG_3713-scaled-1.jpg\",\"width\":2560,\"height\":1707},{\"@type\":\"BreadcrumbList\",\"@id\":\"https:\\\/\\\/tene.ee\\\/de\\\/toode\\\/kuemblustuenn-haagisel-hall-207-premium\\\/#breadcrumb\",\"itemListElement\":[{\"@type\":\"ListItem\",\"position\":1,\"name\":\"Avaleht\",\"item\":\"https:\\\/\\\/tene.ee\\\/de\\\/\"},{\"@type\":\"ListItem\",\"position\":2,\"name\":\"Produkte\",\"item\":\"https:\\\/\\\/tene.ee\\\/de\\\/shop\\\/\"},{\"@type\":\"ListItem\",\"position\":3,\"name\":\"Whirlpool auf Anh\u00e4nger Grau (207), Premium\"}]},{\"@type\":\"WebSite\",\"@id\":\"https:\\\/\\\/tene.ee\\\/de\\\/#website\",\"url\":\"https:\\\/\\\/tene.ee\\\/de\\\/\",\"name\":\"Tene.ee - Kaunite hetkede jaoks sinu aias\",\"description\":\"Tene.ee - parimad puit- ja aiamajad otse tootjalt\",\"publisher\":{\"@id\":\"https:\\\/\\\/tene.ee\\\/de\\\/#organization\"},\"alternateName\":\"Tene.ee\",\"potentialAction\":[{\"@type\":\"SearchAction\",\"target\":{\"@type\":\"EntryPoint\",\"urlTemplate\":\"https:\\\/\\\/tene.ee\\\/de\\\/?s={search_term_string}\"},\"query-input\":{\"@type\":\"PropertyValueSpecification\",\"valueRequired\":true,\"valueName\":\"search_term_string\"}}],\"inLanguage\":\"de\"},{\"@type\":\"Organization\",\"@id\":\"https:\\\/\\\/tene.ee\\\/de\\\/#organization\",\"name\":\"Tene.ee\",\"url\":\"https:\\\/\\\/tene.ee\\\/de\\\/\",\"logo\":{\"@type\":\"ImageObject\",\"inLanguage\":\"de\",\"@id\":\"https:\\\/\\\/tene.ee\\\/de\\\/#\\\/schema\\\/logo\\\/image\\\/\",\"url\":\"https:\\\/\\\/tene.ee\\\/wp-content\\\/uploads\\\/2024\\\/12\\\/TENE-logo-2018-2.png\",\"contentUrl\":\"https:\\\/\\\/tene.ee\\\/wp-content\\\/uploads\\\/2024\\\/12\\\/TENE-logo-2018-2.png\",\"width\":2339,\"height\":1654,\"caption\":\"Tene.ee\"},\"image\":{\"@id\":\"https:\\\/\\\/tene.ee\\\/de\\\/#\\\/schema\\\/logo\\\/image\\\/\"},\"sameAs\":[\"https:\\\/\\\/www.facebook.com\\\/teneaiamajad\"]}]}<\/script>\n<!-- \/ Yoast SEO plugin. -->","yoast_head_json":{"title":"Tene.ee - Whirlpool auf Anh\u00e4nger Grau (207), Premium","description":"Tene.ee Whirlpool auf Anh\u00e4nger Grau (207), Premium","robots":{"index":"index","follow":"follow","max-snippet":"max-snippet:-1","max-image-preview":"max-image-preview:large","max-video-preview":"max-video-preview:-1"},"canonical":"https:\/\/tene.ee\/de\/toode\/kuemblustuenn-haagisel-hall-207-premium\/","og_locale":"de_DE","og_type":"article","og_title":"Tene.ee - Whirlpool auf Anh\u00e4nger Grau (207), Premium","og_description":"Tene.ee Whirlpool auf Anh\u00e4nger Grau (207), Premium","og_url":"https:\/\/tene.ee\/de\/toode\/kuemblustuenn-haagisel-hall-207-premium\/","og_site_name":"Tene.ee","article_publisher":"https:\/\/www.facebook.com\/teneaiamajad","article_modified_time":"2024-11-28T09:46:31+00:00","og_image":[{"width":2560,"height":1707,"url":"https:\/\/tene.ee\/wp-content\/uploads\/2024\/07\/IMG_3713-scaled-1.jpg","type":"image\/jpeg"}],"twitter_card":"summary_large_image","twitter_misc":{"Gesch\u00e4tzte Lesezeit":"1\u00a0Minute"},"schema":{"@context":"https:\/\/schema.org","@graph":[{"@type":"WebPage","@id":"https:\/\/tene.ee\/de\/toode\/kuemblustuenn-haagisel-hall-207-premium\/","url":"https:\/\/tene.ee\/de\/toode\/kuemblustuenn-haagisel-hall-207-premium\/","name":"Tene.ee - Whirlpool auf Anh\u00e4nger Grau (207), Premium","isPartOf":{"@id":"https:\/\/tene.ee\/de\/#website"},"primaryImageOfPage":{"@id":"https:\/\/tene.ee\/de\/toode\/kuemblustuenn-haagisel-hall-207-premium\/#primaryimage"},"image":{"@id":"https:\/\/tene.ee\/de\/toode\/kuemblustuenn-haagisel-hall-207-premium\/#primaryimage"},"thumbnailUrl":"https:\/\/tene.ee\/wp-content\/uploads\/2024\/07\/IMG_3713-scaled-1.jpg","datePublished":"2024-07-12T14:13:18+00:00","dateModified":"2024-11-28T09:46:31+00:00","description":"Tene.ee Whirlpool auf Anh\u00e4nger Grau (207), Premium","breadcrumb":{"@id":"https:\/\/tene.ee\/de\/toode\/kuemblustuenn-haagisel-hall-207-premium\/#breadcrumb"},"inLanguage":"de","potentialAction":[{"@type":"ReadAction","target":["https:\/\/tene.ee\/de\/toode\/kuemblustuenn-haagisel-hall-207-premium\/"]}]},{"@type":"ImageObject","inLanguage":"de","@id":"https:\/\/tene.ee\/de\/toode\/kuemblustuenn-haagisel-hall-207-premium\/#primaryimage","url":"https:\/\/tene.ee\/wp-content\/uploads\/2024\/07\/IMG_3713-scaled-1.jpg","contentUrl":"https:\/\/tene.ee\/wp-content\/uploads\/2024\/07\/IMG_3713-scaled-1.jpg","width":2560,"height":1707},{"@type":"BreadcrumbList","@id":"https:\/\/tene.ee\/de\/toode\/kuemblustuenn-haagisel-hall-207-premium\/#breadcrumb","itemListElement":[{"@type":"ListItem","position":1,"name":"Avaleht","item":"https:\/\/tene.ee\/de\/"},{"@type":"ListItem","position":2,"name":"Produkte","item":"https:\/\/tene.ee\/de\/shop\/"},{"@type":"ListItem","position":3,"name":"Whirlpool auf Anh\u00e4nger Grau (207), Premium"}]},{"@type":"WebSite","@id":"https:\/\/tene.ee\/de\/#website","url":"https:\/\/tene.ee\/de\/","name":"Tene.ee - Kaunite hetkede jaoks sinu aias","description":"Tene.ee - parimad puit- ja aiamajad otse tootjalt","publisher":{"@id":"https:\/\/tene.ee\/de\/#organization"},"alternateName":"Tene.ee","potentialAction":[{"@type":"SearchAction","target":{"@type":"EntryPoint","urlTemplate":"https:\/\/tene.ee\/de\/?s={search_term_string}"},"query-input":{"@type":"PropertyValueSpecification","valueRequired":true,"valueName":"search_term_string"}}],"inLanguage":"de"},{"@type":"Organization","@id":"https:\/\/tene.ee\/de\/#organization","name":"Tene.ee","url":"https:\/\/tene.ee\/de\/","logo":{"@type":"ImageObject","inLanguage":"de","@id":"https:\/\/tene.ee\/de\/#\/schema\/logo\/image\/","url":"https:\/\/tene.ee\/wp-content\/uploads\/2024\/12\/TENE-logo-2018-2.png","contentUrl":"https:\/\/tene.ee\/wp-content\/uploads\/2024\/12\/TENE-logo-2018-2.png","width":2339,"height":1654,"caption":"Tene.ee"},"image":{"@id":"https:\/\/tene.ee\/de\/#\/schema\/logo\/image\/"},"sameAs":["https:\/\/www.facebook.com\/teneaiamajad"]}]}},"_links":{"self":[{"href":"https:\/\/tene.ee\/de\/wp-json\/wp\/v2\/product\/16224","targetHints":{"allow":["GET"]}}],"collection":[{"href":"https:\/\/tene.ee\/de\/wp-json\/wp\/v2\/product"}],"about":[{"href":"https:\/\/tene.ee\/de\/wp-json\/wp\/v2\/types\/product"}],"wp:featuredmedia":[{"embeddable":true,"href":"https:\/\/tene.ee\/de\/wp-json\/wp\/v2\/media\/14731"}],"wp:attachment":[{"href":"https:\/\/tene.ee\/de\/wp-json\/wp\/v2\/media?parent=16224"}],"wp:term":[{"taxonomy":"product_brand","embeddable":true,"href":"https:\/\/tene.ee\/de\/wp-json\/wp\/v2\/product_brand?post=16224"},{"taxonomy":"product_cat","embeddable":true,"href":"https:\/\/tene.ee\/de\/wp-json\/wp\/v2\/product_cat?post=16224"},{"taxonomy":"product_tag","embeddable":true,"href":"https:\/\/tene.ee\/de\/wp-json\/wp\/v2\/product_tag?post=16224"}],"curies":[{"name":"wp","href":"https:\/\/api.w.org\/{rel}","templated":true}]}}