{"id":16792,"date":"2024-07-16T13:28:44","date_gmt":"2024-07-16T10:28:44","guid":{"rendered":"https:\/\/tene.ee\/verkaufsbedingungen\/"},"modified":"2025-07-29T02:49:19","modified_gmt":"2025-07-28T23:49:19","slug":"verkaufsbedingungen","status":"publish","type":"page","link":"https:\/\/tene.ee\/de\/verkaufsbedingungen\/","title":{"rendered":"Verkaufsbedingungen"},"content":{"rendered":"<div class=\"wpb-content-wrapper\"><p>[vc_row][vc_column][vc_column_text css=&#8220;&#8220; woodmart_inline=&#8220;no&#8220; text_larger=&#8220;no&#8220;]<\/p>\n<article id=\"post-10351\" class=\"post-10351 page type-page status-publish hentry\">\n<div class=\"entry-content\">\n<header class=\"entry-header\">\n<h3 data-section-id=\"1i5hxdq\" data-start=\"85\" data-end=\"111\"><strong data-start=\"89\" data-end=\"111\">1. Geltungsbereich<\/strong><\/h3>\n<p data-start=\"113\" data-end=\"1243\">1.1. Diese Allgemeinen Gesch\u00e4ftsbedingungen gelten f\u00fcr K\u00e4ufe, die \u00fcber den Online-Shop <a class=\"\" href=\"http:\/\/www.aiamajad.com\" target=\"_new\" rel=\"noopener\" data-start=\"200\" data-end=\"216\">www.aiamajad.com<\/a> zwischen dem K\u00e4ufer und Tene Kaubandus O\u00dc abgeschlossen werden.<br data-start=\"280\" data-end=\"283\" \/>1.2. Zus\u00e4tzlich zu diesen Bedingungen unterliegen die K\u00e4ufe den Gesetzen der Republik Estland, insbesondere dem Gesetz \u00fcber Schuldverh\u00e4ltnisse (V\u00d5S), dem Verbraucherschutzgesetz (TKS) und anderen relevanten gesetzlichen Bestimmungen.<br data-start=\"516\" data-end=\"519\" \/>1.3. Tene Kaubandus O\u00dc beh\u00e4lt sich das Recht vor, die AGB jederzeit zu \u00e4ndern. \u00c4nderungen werden auf <a class=\"\" href=\"http:\/\/www.aiamajad.com\" target=\"_new\" rel=\"noopener\" data-start=\"620\" data-end=\"636\">www.aiamajad.com<\/a> ver\u00f6ffentlicht.<br data-start=\"652\" data-end=\"655\" \/>1.4. Die Produktbilder im Online-Shop dienen nur zur Veranschaulichung und k\u00f6nnen vom tats\u00e4chlichen Produkt abweichen.<br data-start=\"773\" data-end=\"776\" \/>1.5. Produktbeschreibungen k\u00f6nnen unbeabsichtigte Fehler enthalten.<br data-start=\"843\" data-end=\"846\" \/>1.6. Tene Kaubandus O\u00dc hat das Recht, eine Bestellung ohne Vertragsstrafe zu stornieren und das Produkt oder die Dienstleistung nicht zu liefern, wenn:<br data-start=\"997\" data-end=\"1000\" \/>\u2013 das Produkt nicht auf Lager ist,<br data-start=\"1034\" data-end=\"1037\" \/>\u2013 der Preis oder die Produktinformationen aufgrund eines Systemfehlers falsch angegeben wurden.<br data-start=\"1132\" data-end=\"1135\" \/>Im Falle einer Stornierung wird der K\u00e4ufer kontaktiert und der bereits bezahlte Betrag wird zur\u00fcckerstattet.<\/p>\n<hr data-start=\"1245\" data-end=\"1248\" \/>\n<h3 data-section-id=\"1r33uf6\" data-start=\"1250\" data-end=\"1267\"><strong data-start=\"1254\" data-end=\"1267\">2. Preise<\/strong><\/h3>\n<p data-start=\"1269\" data-end=\"1527\">2.1. Alle im Online-Shop angegebenen Preise beinhalten die estnische Mehrwertsteuer von 24 %.<br data-start=\"1362\" data-end=\"1365\" \/>2.2. Versandkosten sind nicht im Preis enthalten.<br data-start=\"1414\" data-end=\"1417\" \/>2.3. Die Preise gelten ab dem Zeitpunkt der Bestellung bis zum Ende der Zahlungsfrist (1 Tag nach Bestellung).<\/p>\n<hr data-start=\"1529\" data-end=\"1532\" \/>\n<h3 data-section-id=\"76chgb\" data-start=\"1534\" data-end=\"1564\"><strong data-start=\"1538\" data-end=\"1564\">3. Bestellung aufgeben<\/strong><\/h3>\n<p data-start=\"1566\" data-end=\"2223\">3.1. F\u00fcgen Sie die gew\u00fcnschten Produkte dem Warenkorb hinzu.<br data-start=\"1626\" data-end=\"1629\" \/>3.2. \u00dcberpr\u00fcfen Sie den Warenkorb, indem Sie oben rechts auf der Seite auf \u201eOstukorv\u201c klicken.<br data-start=\"1723\" data-end=\"1726\" \/>3.3. F\u00fcllen Sie alle Pflichtfelder mit Ihren pers\u00f6nlichen Daten aus.<br data-start=\"1794\" data-end=\"1797\" \/>3.4. Akzeptieren Sie die AGB durch Ankreuzen der entsprechenden Box und klicken Sie auf \u201eWeiter\u201c.<br data-start=\"1894\" data-end=\"1897\" \/>3.5. Nach Best\u00e4tigung erhalten Sie eine E-Mail zur Best\u00e4tigung und der Kundenservice wird sich mit Ihnen in Verbindung setzen.<br data-start=\"2023\" data-end=\"2026\" \/>3.6. Bestellungen im Online-Shop von Tene werden von Montag bis Freitag von 9:00 bis 17:00 Uhr bearbeitet. Bestellungen, die freitags nach 14:00 Uhr eingehen, werden am folgenden Montag bearbeitet.<\/p>\n<hr data-start=\"2225\" data-end=\"2228\" \/>\n<h3 data-section-id=\"dv1y8c\" data-start=\"2230\" data-end=\"2272\"><strong data-start=\"2234\" data-end=\"2272\">4. Zustandekommen des Kaufvertrags<\/strong><\/h3>\n<p data-start=\"2274\" data-end=\"2732\">4.1. Mit dem Kaufvertrag verpflichtet sich Tene Kaubandus O\u00dc, dem K\u00e4ufer das bestellte Produkt zu \u00fcbergeben und das Eigentum daran zu \u00fcbertragen, w\u00e4hrend sich der K\u00e4ufer verpflichtet, den auf der Rechnung angegebenen Betrag zu zahlen und das Produkt abzunehmen.<br data-start=\"2535\" data-end=\"2538\" \/>4.2. Nicht bezahlte Bestellungen werden automatisch nach 7 Tagen storniert.<br data-start=\"2613\" data-end=\"2616\" \/>4.3. Der Kaufvertrag tritt in Kraft, sobald der Zahlungseingang auf dem Konto von Tene Kaubandus O\u00dc verzeichnet ist.<\/p>\n<hr data-start=\"2734\" data-end=\"2737\" \/>\n<h3 data-section-id=\"45biy8\" data-start=\"2739\" data-end=\"2759\"><strong data-start=\"2743\" data-end=\"2759\">5. Lieferung<\/strong><\/h3>\n<p data-start=\"2761\" data-end=\"2871\">5.1. Alle Produkte sind ab Lager erh\u00e4ltlich unter folgender Adresse: Lihula mnt. 22b, 90510 Haapsalu, Estland.<\/p>\n<hr data-start=\"2873\" data-end=\"2876\" \/>\n<h3 data-section-id=\"1hd9fyh\" data-start=\"2878\" data-end=\"2903\"><strong data-start=\"2882\" data-end=\"2903\">6. Widerrufsrecht<\/strong><\/h3>\n<p data-start=\"2905\" data-end=\"3841\">6.1. Der Verbraucher hat das Recht, innerhalb von 14 Tagen nach Erhalt der Ware ohne Angabe von Gr\u00fcnden vom Kaufvertrag zur\u00fcckzutreten. Dieses Recht gilt nur f\u00fcr Privatkunden.<br data-start=\"3080\" data-end=\"3083\" \/>6.2. Der Verbraucher darf das Produkt wie in einem Ladengesch\u00e4ft testen, um dessen Eignung zu beurteilen.<br data-start=\"3188\" data-end=\"3191\" \/>6.3. Das zur\u00fcckgegebene Produkt muss vollst\u00e4ndig sein (inkl. Originalverpackung und aller Bestandteile). Set-Angebote m\u00fcssen vollst\u00e4ndig zur\u00fcckgegeben werden.<br data-start=\"3349\" data-end=\"3352\" \/>6.4. F\u00fcr Sch\u00e4den, die durch unsachgem\u00e4\u00dfen Gebrauch entstehen, haftet der K\u00e4ufer.<br data-start=\"3432\" data-end=\"3435\" \/>6.5. Um vom Vertrag zur\u00fcckzutreten, muss der K\u00e4ufer innerhalb von 14 Tagen nach Erhalt der Ware eine E-Mail an <a class=\"cursor-pointer\" rel=\"noopener\" data-start=\"3546\" data-end=\"3558\">info@tene.ee<\/a> senden.<br data-start=\"3566\" data-end=\"3569\" \/>6.6. Die R\u00fccksendung muss innerhalb von 14 Tagen nach Widerruf erfolgen oder durch einen Versandnachweis belegt werden.<br data-start=\"3688\" data-end=\"3691\" \/>6.7. Tene Kaubandus O\u00dc erstattet alle Zahlungen innerhalb von 14 Tagen nach Eingang des Widerrufs.<br data-start=\"3789\" data-end=\"3792\" \/>6.8. Die Kosten der R\u00fccksendung tr\u00e4gt der K\u00e4ufer.<\/p>\n<hr data-start=\"3843\" data-end=\"3846\" \/>\n<h3 data-section-id=\"gvpohj\" data-start=\"3848\" data-end=\"3872\"><strong data-start=\"3852\" data-end=\"3872\">7. H\u00f6here Gewalt<\/strong><\/h3>\n<p data-start=\"3874\" data-end=\"4048\">7.1. Tene Kaubandus O\u00dc haftet nicht f\u00fcr Verz\u00f6gerungen oder Nichterf\u00fcllung von Verpflichtungen, die durch Umst\u00e4nde au\u00dferhalb ihrer Kontrolle (h\u00f6here Gewalt) verursacht wurden.<\/p>\n<hr data-start=\"4050\" data-end=\"4053\" \/>\n<h3 data-section-id=\"i632h5\" data-start=\"4055\" data-end=\"4077\"><strong data-start=\"4059\" data-end=\"4077\">8. Datenschutz<\/strong><\/h3>\n<p data-start=\"4079\" data-end=\"4700\">8.1. Der K\u00e4ufer erkl\u00e4rt sich damit einverstanden, dass seine personenbezogenen Daten (Name, Telefonnummer, Adresse, E-Mail) gespeichert und verarbeitet werden, auch zur Weitergabe an Partner zur Lieferung der Bestellung.<br data-start=\"4299\" data-end=\"4302\" \/>8.2. Tene Kaubandus O\u00dc kann die Kontaktdaten des K\u00e4ufers f\u00fcr Marketingzwecke und zur Versendung von Angeboten nutzen.<br data-start=\"4419\" data-end=\"4422\" \/>8.3. Der K\u00e4ufer kann der Nutzung seiner Daten zu diesen Zwecken jederzeit widersprechen, es sei denn, die Daten sind f\u00fcr die Vertragsabwicklung erforderlich.<br data-start=\"4579\" data-end=\"4582\" \/>8.4. Zahlungen erfolgen \u00fcber eine sichere Verbindung. Der Online-Shop hat keinen Zugriff auf die Bankdaten des Kunden.<\/p>\n<hr data-start=\"4702\" data-end=\"4705\" \/>\n<h3 data-section-id=\"1c9tj5z\" data-start=\"4707\" data-end=\"4744\"><strong data-start=\"4711\" data-end=\"4744\">9. Reklamationen und Garantie<\/strong><\/h3>\n<p data-start=\"4746\" data-end=\"5888\">9.1. Tene Kaubandus O\u00dc haftet f\u00fcr M\u00e4ngel, die innerhalb von 2 Jahren nach Erhalt der Ware auftreten.<br data-start=\"4846\" data-end=\"4849\" \/>9.2. Der K\u00e4ufer muss einen Mangel sp\u00e4testens 2 Monate nach dessen Entdeckung melden und den Kaufbeleg vorlegen. Reklamationen sind an <a class=\"cursor-pointer\" rel=\"noopener\" data-start=\"4983\" data-end=\"4995\">info@tene.ee<\/a> zu senden.<br data-start=\"5006\" data-end=\"5009\" \/>9.3. Bei einem Mangel muss der K\u00e4ufer die Nutzung des Produkts unverz\u00fcglich einstellen.<br data-start=\"5096\" data-end=\"5099\" \/>9.4. Innerhalb der 2-j\u00e4hrigen Gew\u00e4hrleistungsfrist gilt:<br data-start=\"5155\" data-end=\"5158\" \/>\u2013 In den ersten 6 Monaten wird vermutet, dass der Mangel bereits bei Lieferung vorlag,<br data-start=\"5244\" data-end=\"5247\" \/>\u2013 Danach muss der K\u00e4ufer nachweisen, dass der Mangel urspr\u00fcnglich vorhanden war,<br data-start=\"5327\" data-end=\"5330\" \/>\u2013 Der K\u00e4ufer kann kostenlose Nachbesserung, Ersatz, Preisnachlass oder R\u00fcckerstattung verlangen \u2013 je nach Schwere des Mangels.<br data-start=\"5456\" data-end=\"5459\" \/>9.5. Reklamationen m\u00fcssen per E-Mail an <a class=\"cursor-pointer\" rel=\"noopener\" data-start=\"5499\" data-end=\"5511\">info@tene.ee<\/a> gesendet werden, mit Beschreibung des Mangels und Kopie der Rechnung. Tene Kaubandus O\u00dc beh\u00e4lt sich das Recht vor, das Produkt zu pr\u00fcfen und \u00fcber die geeignete Ma\u00dfnahme (Reparatur, Austausch, R\u00fcckerstattung) zu entscheiden.<br data-start=\"5735\" data-end=\"5738\" \/>9.6. Das Unternehmen haftet nicht f\u00fcr Sch\u00e4den, die durch unsachgem\u00e4\u00dfen Gebrauch, nat\u00fcrlichen Verschlei\u00df oder fehlerhafte Handhabung verursacht wurden.<\/p>\n<hr data-start=\"5890\" data-end=\"5893\" \/>\n<h3 data-section-id=\"1dkjp3q\" data-start=\"5895\" data-end=\"5926\"><strong data-start=\"5899\" data-end=\"5926\">10. Schlussbestimmungen<\/strong><\/h3>\n<p data-start=\"5928\" data-end=\"6251\">10.1. Auf alle Vertr\u00e4ge zwischen Tene Kaubandus O\u00dc und dem K\u00e4ufer findet estnisches Recht Anwendung.<br data-start=\"6028\" data-end=\"6031\" \/>10.2. Streitigkeiten aus der Nutzung des Online-Shops werden vor estnischen Gerichten entschieden.<br data-start=\"6129\" data-end=\"6132\" \/>10.3. Der Kaufvertrag ist auf Grundlage dieser AGB g\u00fcltig und kann nur durch gegenseitige Vereinbarung ge\u00e4ndert werden.<\/p>\n<\/header>\n<\/div>\n<\/article>\n<p>[\/vc_column_text][\/vc_column][\/vc_row]<\/p>\n<\/div>","protected":false},"excerpt":{"rendered":"<p>[vc_row][vc_column][vc_column_text css=&#8220;&#8220; woodmart_inline=&#8220;no&#8220; text_larger=&#8220;no&#8220;] 1. Geltungsbereich 1.1. Diese Allgemeinen Gesch\u00e4ftsbedingungen gelten f\u00fcr K\u00e4ufe, die \u00fcber den Online-Shop www.aiamajad.com zwischen dem<\/p>\n","protected":false},"author":1,"featured_media":0,"parent":0,"menu_order":0,"comment_status":"closed","ping_status":"closed","template":"","meta":{"_acf_changed":false,"footnotes":""},"class_list":["post-16792","page","type-page","status-publish","hentry"],"acf":[],"yoast_head":"<!-- This site is optimized with the Yoast SEO plugin v27.5 - https:\/\/yoast.com\/product\/yoast-seo-wordpress\/ -->\n<title>Tene.ee - Verkaufsbedingungen<\/title>\n<meta name=\"description\" content=\"Tene.ee Verkaufsbedingungen\" \/>\n<meta name=\"robots\" content=\"index, follow, max-snippet:-1, max-image-preview:large, max-video-preview:-1\" \/>\n<link rel=\"canonical\" href=\"https:\/\/tene.ee\/de\/verkaufsbedingungen\/\" \/>\n<meta property=\"og:locale\" content=\"de_DE\" \/>\n<meta property=\"og:type\" content=\"article\" \/>\n<meta property=\"og:title\" content=\"Tene.ee - Verkaufsbedingungen\" \/>\n<meta property=\"og:description\" content=\"Tene.ee Verkaufsbedingungen\" \/>\n<meta property=\"og:url\" content=\"https:\/\/tene.ee\/de\/verkaufsbedingungen\/\" \/>\n<meta property=\"og:site_name\" content=\"Tene.ee\" \/>\n<meta property=\"article:publisher\" content=\"https:\/\/www.facebook.com\/teneaiamajad\" \/>\n<meta property=\"article:modified_time\" content=\"2025-07-28T23:49:19+00:00\" \/>\n<meta property=\"og:image\" content=\"https:\/\/tene.ee\/wp-content\/uploads\/2024\/12\/TENE-logo-2018-2.png\" \/>\n\t<meta property=\"og:image:width\" content=\"2339\" \/>\n\t<meta property=\"og:image:height\" content=\"1654\" \/>\n\t<meta property=\"og:image:type\" content=\"image\/png\" \/>\n<meta name=\"twitter:card\" content=\"summary_large_image\" \/>\n<meta name=\"twitter:label1\" content=\"Gesch\u00e4tzte Lesezeit\" \/>\n\t<meta name=\"twitter:data1\" content=\"4\u00a0Minuten\" \/>\n<script type=\"application\/ld+json\" class=\"yoast-schema-graph\">{\"@context\":\"https:\\\/\\\/schema.org\",\"@graph\":[{\"@type\":\"WebPage\",\"@id\":\"https:\\\/\\\/tene.ee\\\/de\\\/verkaufsbedingungen\\\/\",\"url\":\"https:\\\/\\\/tene.ee\\\/de\\\/verkaufsbedingungen\\\/\",\"name\":\"Tene.ee - Verkaufsbedingungen\",\"isPartOf\":{\"@id\":\"https:\\\/\\\/tene.ee\\\/de\\\/#website\"},\"datePublished\":\"2024-07-16T10:28:44+00:00\",\"dateModified\":\"2025-07-28T23:49:19+00:00\",\"description\":\"Tene.ee Verkaufsbedingungen\",\"breadcrumb\":{\"@id\":\"https:\\\/\\\/tene.ee\\\/de\\\/verkaufsbedingungen\\\/#breadcrumb\"},\"inLanguage\":\"de\",\"potentialAction\":[{\"@type\":\"ReadAction\",\"target\":[\"https:\\\/\\\/tene.ee\\\/de\\\/verkaufsbedingungen\\\/\"]}]},{\"@type\":\"BreadcrumbList\",\"@id\":\"https:\\\/\\\/tene.ee\\\/de\\\/verkaufsbedingungen\\\/#breadcrumb\",\"itemListElement\":[{\"@type\":\"ListItem\",\"position\":1,\"name\":\"Avaleht\",\"item\":\"https:\\\/\\\/tene.ee\\\/de\\\/\"},{\"@type\":\"ListItem\",\"position\":2,\"name\":\"Verkaufsbedingungen\"}]},{\"@type\":\"WebSite\",\"@id\":\"https:\\\/\\\/tene.ee\\\/de\\\/#website\",\"url\":\"https:\\\/\\\/tene.ee\\\/de\\\/\",\"name\":\"Tene.ee - Kaunite hetkede jaoks sinu aias\",\"description\":\"Tene.ee - parimad puit- ja aiamajad otse tootjalt\",\"publisher\":{\"@id\":\"https:\\\/\\\/tene.ee\\\/de\\\/#organization\"},\"alternateName\":\"Tene.ee\",\"potentialAction\":[{\"@type\":\"SearchAction\",\"target\":{\"@type\":\"EntryPoint\",\"urlTemplate\":\"https:\\\/\\\/tene.ee\\\/de\\\/?s={search_term_string}\"},\"query-input\":{\"@type\":\"PropertyValueSpecification\",\"valueRequired\":true,\"valueName\":\"search_term_string\"}}],\"inLanguage\":\"de\"},{\"@type\":\"Organization\",\"@id\":\"https:\\\/\\\/tene.ee\\\/de\\\/#organization\",\"name\":\"Tene.ee\",\"url\":\"https:\\\/\\\/tene.ee\\\/de\\\/\",\"logo\":{\"@type\":\"ImageObject\",\"inLanguage\":\"de\",\"@id\":\"https:\\\/\\\/tene.ee\\\/de\\\/#\\\/schema\\\/logo\\\/image\\\/\",\"url\":\"https:\\\/\\\/tene.ee\\\/wp-content\\\/uploads\\\/2024\\\/12\\\/TENE-logo-2018-2.png\",\"contentUrl\":\"https:\\\/\\\/tene.ee\\\/wp-content\\\/uploads\\\/2024\\\/12\\\/TENE-logo-2018-2.png\",\"width\":2339,\"height\":1654,\"caption\":\"Tene.ee\"},\"image\":{\"@id\":\"https:\\\/\\\/tene.ee\\\/de\\\/#\\\/schema\\\/logo\\\/image\\\/\"},\"sameAs\":[\"https:\\\/\\\/www.facebook.com\\\/teneaiamajad\"]}]}<\/script>\n<!-- \/ Yoast SEO plugin. -->","yoast_head_json":{"title":"Tene.ee - Verkaufsbedingungen","description":"Tene.ee Verkaufsbedingungen","robots":{"index":"index","follow":"follow","max-snippet":"max-snippet:-1","max-image-preview":"max-image-preview:large","max-video-preview":"max-video-preview:-1"},"canonical":"https:\/\/tene.ee\/de\/verkaufsbedingungen\/","og_locale":"de_DE","og_type":"article","og_title":"Tene.ee - Verkaufsbedingungen","og_description":"Tene.ee Verkaufsbedingungen","og_url":"https:\/\/tene.ee\/de\/verkaufsbedingungen\/","og_site_name":"Tene.ee","article_publisher":"https:\/\/www.facebook.com\/teneaiamajad","article_modified_time":"2025-07-28T23:49:19+00:00","og_image":[{"width":2339,"height":1654,"url":"https:\/\/tene.ee\/wp-content\/uploads\/2024\/12\/TENE-logo-2018-2.png","type":"image\/png"}],"twitter_card":"summary_large_image","twitter_misc":{"Gesch\u00e4tzte Lesezeit":"4\u00a0Minuten"},"schema":{"@context":"https:\/\/schema.org","@graph":[{"@type":"WebPage","@id":"https:\/\/tene.ee\/de\/verkaufsbedingungen\/","url":"https:\/\/tene.ee\/de\/verkaufsbedingungen\/","name":"Tene.ee - Verkaufsbedingungen","isPartOf":{"@id":"https:\/\/tene.ee\/de\/#website"},"datePublished":"2024-07-16T10:28:44+00:00","dateModified":"2025-07-28T23:49:19+00:00","description":"Tene.ee Verkaufsbedingungen","breadcrumb":{"@id":"https:\/\/tene.ee\/de\/verkaufsbedingungen\/#breadcrumb"},"inLanguage":"de","potentialAction":[{"@type":"ReadAction","target":["https:\/\/tene.ee\/de\/verkaufsbedingungen\/"]}]},{"@type":"BreadcrumbList","@id":"https:\/\/tene.ee\/de\/verkaufsbedingungen\/#breadcrumb","itemListElement":[{"@type":"ListItem","position":1,"name":"Avaleht","item":"https:\/\/tene.ee\/de\/"},{"@type":"ListItem","position":2,"name":"Verkaufsbedingungen"}]},{"@type":"WebSite","@id":"https:\/\/tene.ee\/de\/#website","url":"https:\/\/tene.ee\/de\/","name":"Tene.ee - Kaunite hetkede jaoks sinu aias","description":"Tene.ee - parimad puit- ja aiamajad otse tootjalt","publisher":{"@id":"https:\/\/tene.ee\/de\/#organization"},"alternateName":"Tene.ee","potentialAction":[{"@type":"SearchAction","target":{"@type":"EntryPoint","urlTemplate":"https:\/\/tene.ee\/de\/?s={search_term_string}"},"query-input":{"@type":"PropertyValueSpecification","valueRequired":true,"valueName":"search_term_string"}}],"inLanguage":"de"},{"@type":"Organization","@id":"https:\/\/tene.ee\/de\/#organization","name":"Tene.ee","url":"https:\/\/tene.ee\/de\/","logo":{"@type":"ImageObject","inLanguage":"de","@id":"https:\/\/tene.ee\/de\/#\/schema\/logo\/image\/","url":"https:\/\/tene.ee\/wp-content\/uploads\/2024\/12\/TENE-logo-2018-2.png","contentUrl":"https:\/\/tene.ee\/wp-content\/uploads\/2024\/12\/TENE-logo-2018-2.png","width":2339,"height":1654,"caption":"Tene.ee"},"image":{"@id":"https:\/\/tene.ee\/de\/#\/schema\/logo\/image\/"},"sameAs":["https:\/\/www.facebook.com\/teneaiamajad"]}]}},"_links":{"self":[{"href":"https:\/\/tene.ee\/de\/wp-json\/wp\/v2\/pages\/16792","targetHints":{"allow":["GET"]}}],"collection":[{"href":"https:\/\/tene.ee\/de\/wp-json\/wp\/v2\/pages"}],"about":[{"href":"https:\/\/tene.ee\/de\/wp-json\/wp\/v2\/types\/page"}],"author":[{"embeddable":true,"href":"https:\/\/tene.ee\/de\/wp-json\/wp\/v2\/users\/1"}],"replies":[{"embeddable":true,"href":"https:\/\/tene.ee\/de\/wp-json\/wp\/v2\/comments?post=16792"}],"version-history":[{"count":0,"href":"https:\/\/tene.ee\/de\/wp-json\/wp\/v2\/pages\/16792\/revisions"}],"wp:attachment":[{"href":"https:\/\/tene.ee\/de\/wp-json\/wp\/v2\/media?parent=16792"}],"curies":[{"name":"wp","href":"https:\/\/api.w.org\/{rel}","templated":true}]}}