{"id":16784,"date":"2024-06-28T11:28:09","date_gmt":"2024-06-28T08:28:09","guid":{"rendered":"https:\/\/tene.ee\/ueber-das-unternehmen\/"},"modified":"2025-07-29T00:58:35","modified_gmt":"2025-07-28T21:58:35","slug":"ueber-das-unternehmen","status":"publish","type":"page","link":"https:\/\/tene.ee\/de\/ueber-das-unternehmen\/","title":{"rendered":"\u00dcber uns"},"content":{"rendered":"<div class=\"wpb-content-wrapper\"><p>[vc_row woodmart_css_id=&#8220;66914e68a46da&#8220; responsive_spacing=&#8220;eyJwYXJhbV90eXBlIjoid29vZG1hcnRfcmVzcG9uc2l2ZV9zcGFjaW5nIiwic2VsZWN0b3JfaWQiOiI2NjkxNGU2OGE0NmRhIiwic2hvcnRjb2RlIjoidmNfcm93IiwiZGF0YSI6eyJ0YWJsZXQiOnt9LCJtb2JpbGUiOnt9fX0=&#8220; mobile_bg_img_hidden=&#8220;no&#8220; tablet_bg_img_hidden=&#8220;no&#8220; woodmart_parallax=&#8220;0&#8243; woodmart_gradient_switch=&#8220;no&#8220; woodmart_box_shadow=&#8220;no&#8220; wd_z_index=&#8220;no&#8220; woodmart_disable_overflow=&#8220;0&#8243; row_reverse_mobile=&#8220;0&#8243; row_reverse_tablet=&#8220;0&#8243;][vc_column woodmart_css_id=&#8220;6696ece7bcfbb&#8220; parallax_scroll=&#8220;no&#8220; woodmart_sticky_column=&#8220;false&#8220; wd_collapsible_content_switcher=&#8220;no&#8220; wd_column_role_offcanvas_desktop=&#8220;no&#8220; wd_column_role_offcanvas_tablet=&#8220;no&#8220; wd_column_role_offcanvas_mobile=&#8220;no&#8220; wd_column_role_content_desktop=&#8220;no&#8220; wd_column_role_content_tablet=&#8220;no&#8220; wd_column_role_content_mobile=&#8220;no&#8220; mobile_bg_img_hidden=&#8220;no&#8220; tablet_bg_img_hidden=&#8220;no&#8220; woodmart_parallax=&#8220;0&#8243; woodmart_box_shadow=&#8220;no&#8220; responsive_spacing=&#8220;eyJwYXJhbV90eXBlIjoid29vZG1hcnRfcmVzcG9uc2l2ZV9zcGFjaW5nIiwic2VsZWN0b3JfaWQiOiI2Njk2ZWNlN2JjZmJiIiwic2hvcnRjb2RlIjoidmNfY29sdW1uIiwiZGF0YSI6eyJ0YWJsZXQiOnt9LCJtb2JpbGUiOnt9fX0=&#8220; mobile_reset_margin=&#8220;no&#8220; tablet_reset_margin=&#8220;no&#8220; wd_z_index=&#8220;no&#8220; css=&#8220;.vc_custom_1721167085945{margin-top: -25px !important;}&#8220;]<style data-type=\"vc_shortcodes-custom-css\">.vc_custom_1697438305110{background-color: #ffffff !important;background-position: 0 0 !important;background-repeat: no-repeat !important;}.vc_custom_1728999767834{padding-top: 15px !important;}.vc_custom_1688626543448{background-position: 0 0 !important;background-repeat: no-repeat !important;}.vc_custom_1635965928690{background-position: 0 0 !important;background-repeat: no-repeat !important;}.vc_custom_1733483590745{padding-right: 80px !important;}.vc_custom_1728997871541{margin-top: 10px !important;padding-top: 15px !important;}.vc_custom_1733483620279{padding-right: 80px !important;}.vc_custom_1728997992500{padding-top: 15px !important;background-color: eyJwYXJhbV90eXBlIjoid29vZG1hcnRfY29sb3JwaWNrZXIiLCJjc3NfYXJncyI6eyJiYWNrZ3JvdW5kLWNvbG9yIjpbIiBhIl0sImJvcmRlci1jb2xvciI6WyIgYSJdfSwic2VsZWN0b3JfaWQiOiI2NzBlNjRhZjI1ZDEwIiwiZGF0YSI6eyJkZXNrdG9wIjoiIzgxZDc0MiJ9fQ== !important;}.wd-rs-670e71512d2dd.wd-el-video{--wd-aspect-ratio: 16\/9;}.wd-rs-65005b9da15f0 > .vc_column-inner > .wpb_wrapper{align-items: center;}#wd-670e69cff111d a{background-color:#707e5b;border-color:#707e5b !important;}#wd-670e69cff111d a:hover{background-color:#556045;border-color:#556045 !important;}#wd-670e6a4eaeb75 a{background-color:#707e5b;border-color:#707e5b !important;}#wd-670e6a4eaeb75 a:hover{background-color:#556045;border-color:#556045 !important;}<\/style><div class=\"wpb-content-wrapper\">[vc_row][vc_column]\t\t<div class=\"wd-el-video wd-wpb wd-animation wd-transform wd-animation-zoom-in wd-animation-normal wd-rs-670e71512d2dd wd-action-without wd-video-youtube vc_custom_1728999767834 wd-with-aspect-ratio\">\n\t\t\t\t\t\t\t<iframe src=\"https:\/\/www.youtube.com\/embed\/W84OPGv8FqE?feature=oembed&loop=1&mute=1&controls=1&autoplay=1&playlist=W84OPGv8FqE\" allowfullscreen allow=\"accelerometer; autoplay; encrypted-media; gyroscope; picture-in-picture\" width=\"100%\" height=\"100%\" loading=\"lazy\" aria-label=\"Video player\"><\/iframe>\t\t\t\n\t\t\t\n\t\t\t\n\t\t\t\t\t<\/div>\n\t\t[\/vc_column][\/vc_row][vc_section full_width=\"stretch_row\" woodmart_bg_position=\"right-bottom\" el_id=\"ettevottest\" mobile_bg_img_hidden=\"no\" tablet_bg_img_hidden=\"no\" woodmart_parallax=\"0\" woodmart_gradient_switch=\"no\" woodmart_disable_overflow=\"0\" css=\".vc_custom_1697438305110{background-color: #ffffff !important;background-position: 0 0 !important;background-repeat: no-repeat !important;}\" woodmart_css_id=\"652cda41013d2\" woodmart_box_shadow=\"no\" wd_z_index=\"no\" responsive_spacing=\"eyJwYXJhbV90eXBlIjoid29vZG1hcnRfcmVzcG9uc2l2ZV9zcGFjaW5nIiwic2VsZWN0b3JfaWQiOiI2NTJjZGE0MTAxM2QyIiwic2hvcnRjb2RlIjoidmNfc2VjdGlvbiIsImRhdGEiOnsidGFibGV0Ijp7fSwibW9iaWxlIjp7fX19\"][vc_row gap=\"30\" equal_height=\"yes\" content_placement=\"middle\" woodmart_bg_position=\"right-bottom\" mobile_bg_img_hidden=\"no\" tablet_bg_img_hidden=\"no\" woodmart_parallax=\"0\" woodmart_gradient_switch=\"no\" row_reverse_mobile=\"0\" row_reverse_tablet=\"0\" woodmart_disable_overflow=\"0\" el_class=\"container-row\" css=\".vc_custom_1688626543448{background-position: 0 0 !important;background-repeat: no-repeat !important;}\" woodmart_css_id=\"64a666ec67242\" woodmart_box_shadow=\"no\" wd_z_index=\"no\" responsive_spacing=\"eyJwYXJhbV90eXBlIjoid29vZG1hcnRfcmVzcG9uc2l2ZV9zcGFjaW5nIiwic2VsZWN0b3JfaWQiOiI2NGE2NjZlYzY3MjQyIiwic2hvcnRjb2RlIjoidmNfcm93IiwiZGF0YSI6eyJ0YWJsZXQiOnt9LCJtb2JpbGUiOnt9fX0=\"][vc_column width=\"3\/5\" woodmart_bg_position=\"left-top\" mobile_bg_img_hidden=\"no\" tablet_bg_img_hidden=\"no\" woodmart_parallax=\"0\" woodmart_sticky_column=\"false\" parallax_scroll=\"no\" mobile_reset_margin=\"no\" tablet_reset_margin=\"no\" el_class=\"container-text\" css=\".vc_custom_1635965928690{background-position: 0 0 !important;background-repeat: no-repeat !important;}\"][vc_custom_heading text=\"25 Jahre Qualit\u00e4t\" font_container=\"tag:h2|font_size:24px|text_align:left|line_height:32px\" use_theme_fonts=\"yes\" css=\"\" el_id=\"element\"][vc_column_text css=\".vc_custom_1733483590745{padding-right: 80px !important;}\" woodmart_inline=\"no\" text_larger=\"no\" el_id=\"padi\"]<span data-sheets-root=\"1\">In der Gartenhausfabrik Tene stellen wir seit \u00fcber 25 Jahren verschiedene Holzprodukte her, von denen die beliebtesten Holzh\u00e4user, Schuppen, Gartenh\u00e4user, Sommerh\u00e4user, Campingpl\u00e4tze, Blockh\u00e4user, Pavillons, Gartenpavillons, Unterst\u00e4nde, Schaukeln usw. sind. Holzbriketts und Gartenm\u00f6bel.<\/span>[\/vc_column_text]<div id=\"wd-670e69cff111d\" class=\" wd-rs-670e69cff111d vc_custom_1728997871541 wd-button-wrapper text-left\"><a href=\"https:\/\/tene.ee\/de\/shop\/\" title=\"Sortiment ansehen\" style=\"--btn-color:#fff;--btn-color-hover:#fff;\" class=\"btn btn-style-default btn-shape-round btn-size-large\">Unsere Produkte<\/a><\/div>[\/vc_column][vc_column width=\"2\/5\" vertical_alignment=\"eyJkZXZpY2VzIjp7ImRlc2t0b3AiOnsidmFsdWUiOiJjZW50ZXIifSwidGFibGV0Ijp7InZhbHVlIjoiIn0sIm1vYmlsZSI6eyJ2YWx1ZSI6IiJ9fX0=\" woodmart_css_id=\"65005b9da15f0\" parallax_scroll=\"no\" woodmart_sticky_column=\"false\" wd_collapsible_content_switcher=\"no\" mobile_bg_img_hidden=\"no\" tablet_bg_img_hidden=\"no\" woodmart_parallax=\"0\" woodmart_box_shadow=\"no\" mobile_reset_margin=\"no\" tablet_reset_margin=\"no\" wd_z_index=\"no\" wd_column_role_offcanvas_desktop=\"no\" wd_column_role_offcanvas_tablet=\"no\" wd_column_role_offcanvas_mobile=\"no\" wd_column_role_content_desktop=\"no\" wd_column_role_content_tablet=\"no\" wd_column_role_content_mobile=\"no\" responsive_spacing=\"eyJwYXJhbV90eXBlIjoid29vZG1hcnRfcmVzcG9uc2l2ZV9zcGFjaW5nIiwic2VsZWN0b3JfaWQiOiI2NTAwNWI5ZGExNWYwIiwic2hvcnRjb2RlIjoidmNfY29sdW1uIiwiZGF0YSI6eyJ0YWJsZXQiOnt9LCJtb2JpbGUiOnt9fX0=\"][vc_single_image image=\"24505\" img_size=\"1536x1179\" css_animation=\"wd-zoom-in\" css=\"\" woodmart_inline=\"no\" parallax_scroll=\"no\" el_id=\"ettevottest_pilt\" el_class=\"muri2\"][\/vc_column][\/vc_row][vc_row gap=\"30\" equal_height=\"yes\" content_placement=\"middle\" mobile_bg_img_hidden=\"no\" tablet_bg_img_hidden=\"no\" woodmart_parallax=\"0\" woodmart_gradient_switch=\"no\" row_reverse_mobile=\"0\" row_reverse_tablet=\"0\" woodmart_disable_overflow=\"0\" el_class=\"container-row\" el_id=\"Unterst\u00c3\u0192\u00c2\u00bctzung\" woodmart_css_id=\"64a669cbaff6b\" woodmart_box_shadow=\"no\" wd_z_index=\"no\" responsive_spacing=\"eyJwYXJhbV90eXBlIjoid29vZG1hcnRfcmVzcG9uc2l2ZV9zcGFjaW5nIiwic2VsZWN0b3JfaWQiOiI2NGE2NjljYmFmZjZiIiwic2hvcnRjb2RlIjoidmNfcm93IiwiZGF0YSI6eyJ0YWJsZXQiOnt9LCJtb2JpbGUiOnt9fX0=\"][vc_column width=\"2\/5\" offset=\"vc_hidden-xs\" woodmart_css_id=\"619f7f777b961\" parallax_scroll=\"no\" woodmart_sticky_column=\"false\" wd_collapsible_content_switcher=\"no\" mobile_bg_img_hidden=\"no\" tablet_bg_img_hidden=\"no\" woodmart_parallax=\"0\" woodmart_box_shadow=\"no\" mobile_reset_margin=\"no\" tablet_reset_margin=\"no\" wd_z_index=\"no\"][vc_single_image image=\"2423\" img_size=\"full\" css_animation=\"zoomIn\" css=\"\" woodmart_inline=\"no\" parallax_scroll=\"no\" el_class=\"muri\"][\/vc_column][vc_column width=\"3\/5\" mobile_bg_img_hidden=\"no\" tablet_bg_img_hidden=\"no\" woodmart_parallax=\"0\" woodmart_sticky_column=\"false\" el_class=\"container-text\" parallax_scroll=\"no\" mobile_reset_margin=\"no\" tablet_reset_margin=\"no\" woodmart_css_id=\"6213d448762f9\" wd_collapsible_content_switcher=\"no\" woodmart_box_shadow=\"no\" wd_z_index=\"no\"][vc_custom_heading text=\"Wir schaffen Arbeitspl\u00e4tze in einer kleinen Stadt in Estland\" font_container=\"tag:h2|font_size:24px|text_align:left|line_height:32px\" use_theme_fonts=\"yes\" css=\"\" el_id=\"element\"][vc_column_text css=\".vc_custom_1733483620279{padding-right: 80px !important;}\" woodmart_inline=\"no\" text_larger=\"no\"]<span data-sheets-root=\"1\">Sie k\u00f6nnen sich hier online mit der gesamten Produktpalette vertraut machen oder uns in L\u00e4\u00e4nemaa am Lihula mnt 22b besuchen, da sich die gesamte TENE-Produktion in Haapsalu befindet. Auf diese Weise unterst\u00fctzen wir das estnische Unternehmertum und schaffen Arbeitspl\u00e4tze in einem wundersch\u00f6nen Ferienort, indem wir hochwertige, in Estland hergestellte Produkte in die ganze Welt exportieren. Heute arbeiten fast 100 Menschen in Tene Kaubandus.<\/span>[\/vc_column_text]<div id=\"wd-670e6a4eaeb75\" class=\" wd-rs-670e6a4eaeb75 vc_custom_1728997992500 wd-button-wrapper text-left\"><a href=\"\/tookuulutused\/\" title=\"zur Arbeit kommen\" style=\"--btn-color:#fff;--btn-color-hover:#fff;\" class=\"btn btn-style-default btn-shape-round btn-size-large\">ZUR ARBEIT KOMMEN<\/a><\/div>[\/vc_column][\/vc_row][\/vc_section]<\/div><style data-type=\"vc_shortcodes-custom-css\">.vc_custom_1697438282897{background-color: #ffffff !important;}.vc_custom_1688979921662{background-image: url(https:\/\/aiamajad.com\/wp-content\/uploads\/2021\/10\/Pattern-garantii.png?id=13599) !important;background-position: center !important;background-repeat: no-repeat !important;background-size: contain !important;}.vc_custom_1733483636652{padding-bottom: 20px !important;}.vc_custom_1733483682855{padding-right: 80px !important;padding-bottom: 40px !important;}.vc_custom_1688981386084{margin-top: 20px !important;border-bottom-width: 5px !important;}.vc_custom_1728999230396{padding-top: 15px !important;padding-bottom: 15px !important;border-radius: 35px !important;}<\/style><div class=\"wpb-content-wrapper\">[vc_section full_width=\"stretch_row\" content_placement=\"middle\" mobile_bg_img_hidden=\"no\" tablet_bg_img_hidden=\"no\" woodmart_parallax=\"0\" woodmart_gradient_switch=\"no\" woodmart_disable_overflow=\"0\" css=\".vc_custom_1697438282897{background-color: #ffffff !important;}\" woodmart_css_id=\"652cda184e55c\" woodmart_box_shadow=\"no\" wd_z_index=\"no\" el_id=\"garantii\" responsive_spacing=\"eyJwYXJhbV90eXBlIjoid29vZG1hcnRfcmVzcG9uc2l2ZV9zcGFjaW5nIiwic2VsZWN0b3JfaWQiOiI2NTJjZGExODRlNTVjIiwic2hvcnRjb2RlIjoidmNfc2VjdGlvbiIsImRhdGEiOnsidGFibGV0Ijp7fSwibW9iaWxlIjp7fX19\"][vc_row full_width=\"stretch_row\" equal_height=\"yes\" content_placement=\"middle\" woodmart_bg_position=\"left-center\" mobile_bg_img_hidden=\"no\" tablet_bg_img_hidden=\"no\" woodmart_parallax=\"0\" woodmart_gradient_switch=\"no\" row_reverse_mobile=\"1\" row_reverse_tablet=\"0\" woodmart_disable_overflow=\"0\" el_class=\"container-row\" css=\".vc_custom_1688979921662{background-image: url(https:\/\/aiamajad.com\/wp-content\/uploads\/2021\/10\/Pattern-garantii.png?id=13599) !important;background-position: center !important;background-repeat: no-repeat !important;background-size: contain !important;}\" woodmart_css_id=\"64abcb5fa3b60\" woodmart_box_shadow=\"no\" wd_z_index=\"no\" responsive_spacing=\"eyJwYXJhbV90eXBlIjoid29vZG1hcnRfcmVzcG9uc2l2ZV9zcGFjaW5nIiwic2VsZWN0b3JfaWQiOiI2NGFiY2I1ZmEzYjYwIiwic2hvcnRjb2RlIjoidmNfcm93IiwiZGF0YSI6eyJ0YWJsZXQiOnt9LCJtb2JpbGUiOnt9fX0=\"][vc_column width=\"2\/5\" mobile_bg_img_hidden=\"no\" tablet_bg_img_hidden=\"no\" woodmart_parallax=\"0\" woodmart_sticky_column=\"false\" parallax_scroll=\"no\" mobile_reset_margin=\"no\" tablet_reset_margin=\"no\" woodmart_css_id=\"64abac7f07d5f\" wd_collapsible_content_switcher=\"no\" woodmart_box_shadow=\"no\" wd_z_index=\"no\" el_id=\"element-garantii-col\" wd_column_role_offcanvas_desktop=\"no\" wd_column_role_offcanvas_tablet=\"no\" wd_column_role_offcanvas_mobile=\"no\" wd_column_role_content_desktop=\"no\" wd_column_role_content_tablet=\"no\" wd_column_role_content_mobile=\"no\" responsive_spacing=\"eyJwYXJhbV90eXBlIjoid29vZG1hcnRfcmVzcG9uc2l2ZV9zcGFjaW5nIiwic2VsZWN0b3JfaWQiOiI2NGFiYWM3ZjA3ZDVmIiwic2hvcnRjb2RlIjoidmNfY29sdW1uIiwiZGF0YSI6eyJ0YWJsZXQiOnt9LCJtb2JpbGUiOnt9fX0=\" offset=\"vc_col-md-2\/5 vc_col-xs-12\"][vc_custom_heading text=\"Garantie\" font_container=\"tag:h2|font_size:24px|text_align:left|line_height:32px\" use_theme_fonts=\"yes\" css=\".vc_custom_1733483636652{padding-bottom: 20px !important;}\" el_id=\"element-garantii\"][vc_column_text css=\".vc_custom_1733483682855{padding-right: 80px !important;padding-bottom: 40px !important;}\" woodmart_inline=\"no\" text_larger=\"no\" el_id=\"element-garantii-text\"]<span data-sheets-root=\"1\">Qualit\u00e4tssicherung ist unser wichtigster Wert, weshalb wir ab dem Kaufdatum des Produkts eine f\u00fcnfj\u00e4hrige Garantie auf Produktdesigns gew\u00e4hren.<\/span>\r\n\r\n<span data-sheets-root=\"1\">Alle TENE-Produkte sind in einer Folie verpackt, die vor UV-Strahlung sch\u00fctzt, zus\u00e4tzlich werden die Produkte bei der Lieferung durch eine transportsichere Verpackung mit Klebeb\u00e4ndern und Holzschutzelementen gesch\u00fctzt.<\/span>\r\n\r\n<span data-sheets-root=\"1\">Alle unsere Produkte werden aus Fichtenholz hergestellt, das in nachhaltig bewirtschafteten W\u00e4ldern w\u00e4chst und aus nordeurop\u00e4ischen L\u00e4ndern stammt: Schweden, Finnland und den baltischen L\u00e4ndern (Estland, Lettland und Litauen).<\/span>[\/vc_column_text][vc_separator color=\"custom\" css=\".vc_custom_1688981386084{margin-top: 20px !important;border-bottom-width: 5px !important;}\" wd_hide_on_desktop=\"no\" wd_hide_on_tablet=\"no\" wd_hide_on_mobile=\"no\" accent_color=\"rgba(255,255,255,0.01)\"]<div id=\"wd-670e64e5d6445\" class=\" wd-rs-670e64e5d6445  wd-button-wrapper text-left\"><a href=\"https:\/\/tene.ee\/de\/kontakt\/\" title=\"Kontakt\" class=\"btn btn-color-primary btn-style-default btn-shape-round btn-size-large\">Kontakt<\/a><\/div>[\/vc_column][vc_column width=\"3\/5\" mobile_bg_img_hidden=\"no\" tablet_bg_img_hidden=\"no\" woodmart_parallax=\"0\" woodmart_sticky_column=\"false\" parallax_scroll=\"no\" mobile_reset_margin=\"no\" tablet_reset_margin=\"no\" el_class=\"container-text\" el_id=\"garantii\" woodmart_css_id=\"62a321629bbba\" wd_collapsible_content_switcher=\"no\" woodmart_box_shadow=\"no\" wd_z_index=\"no\" offset=\"vc_col-md-3\/5\" wd_column_role_offcanvas_desktop=\"no\" wd_column_role_offcanvas_tablet=\"no\" wd_column_role_offcanvas_mobile=\"no\" wd_column_role_content_desktop=\"no\" wd_column_role_content_tablet=\"no\" wd_column_role_content_mobile=\"no\" responsive_spacing=\"eyJwYXJhbV90eXBlIjoid29vZG1hcnRfcmVzcG9uc2l2ZV9zcGFjaW5nIiwic2VsZWN0b3JfaWQiOiI2MmEzMjE2MjliYmJhIiwic2hvcnRjb2RlIjoidmNfY29sdW1uIiwiZGF0YSI6eyJ0YWJsZXQiOnt9LCJtb2JpbGUiOnt9fX0=\"][vc_single_image image=\"24483\" img_size=\"full\" css_animation=\"zoomIn\" css=\".vc_custom_1728999230396{padding-top: 15px !important;padding-bottom: 15px !important;border-radius: 35px !important;}\" wd_animation=\"zoom-in\" woodmart_inline=\"no\" parallax_scroll=\"no\" el_class=\"muri2\"][\/vc_column][\/vc_row][\/vc_section]<\/div>[\/vc_column][\/vc_row]<\/p>\n<\/div>","protected":false},"excerpt":{"rendered":"<p>[vc_row woodmart_css_id=&#8220;66914e68a46da&#8220; responsive_spacing=&#8220;eyJwYXJhbV90eXBlIjoid29vZG1hcnRfcmVzcG9uc2l2ZV9zcGFjaW5nIiwic2VsZWN0b3JfaWQiOiI2NjkxNGU2OGE0NmRhIiwic2hvcnRjb2RlIjoidmNfcm93IiwiZGF0YSI6eyJ0YWJsZXQiOnt9LCJtb2JpbGUiOnt9fX0=&#8220; mobile_bg_img_hidden=&#8220;no&#8220; tablet_bg_img_hidden=&#8220;no&#8220; woodmart_parallax=&#8220;0&#8243; woodmart_gradient_switch=&#8220;no&#8220; woodmart_box_shadow=&#8220;no&#8220; wd_z_index=&#8220;no&#8220; woodmart_disable_overflow=&#8220;0&#8243; row_reverse_mobile=&#8220;0&#8243; row_reverse_tablet=&#8220;0&#8243;][vc_column woodmart_css_id=&#8220;6696ece7bcfbb&#8220; parallax_scroll=&#8220;no&#8220; woodmart_sticky_column=&#8220;false&#8220; wd_collapsible_content_switcher=&#8220;no&#8220; wd_column_role_offcanvas_desktop=&#8220;no&#8220; wd_column_role_offcanvas_tablet=&#8220;no&#8220; wd_column_role_offcanvas_mobile=&#8220;no&#8220; wd_column_role_content_desktop=&#8220;no&#8220;<\/p>\n","protected":false},"author":1,"featured_media":0,"parent":0,"menu_order":0,"comment_status":"closed","ping_status":"closed","template":"","meta":{"_acf_changed":false,"footnotes":""},"class_list":["post-16784","page","type-page","status-publish","hentry"],"acf":[],"yoast_head":"<!-- This site is optimized with the Yoast SEO plugin v27.5 - https:\/\/yoast.com\/product\/yoast-seo-wordpress\/ -->\n<title>Tene.ee - \u00dcber uns<\/title>\n<meta name=\"description\" content=\"Tene.ee \u00dcber uns\" \/>\n<meta name=\"robots\" content=\"index, follow, max-snippet:-1, max-image-preview:large, max-video-preview:-1\" \/>\n<link rel=\"canonical\" href=\"https:\/\/tene.ee\/de\/ueber-das-unternehmen\/\" \/>\n<meta property=\"og:locale\" content=\"de_DE\" \/>\n<meta property=\"og:type\" content=\"article\" \/>\n<meta property=\"og:title\" content=\"Tene.ee - \u00dcber uns\" \/>\n<meta property=\"og:description\" content=\"Tene.ee \u00dcber uns\" \/>\n<meta property=\"og:url\" content=\"https:\/\/tene.ee\/de\/ueber-das-unternehmen\/\" \/>\n<meta property=\"og:site_name\" content=\"Tene.ee\" \/>\n<meta property=\"article:publisher\" content=\"https:\/\/www.facebook.com\/teneaiamajad\" \/>\n<meta property=\"article:modified_time\" content=\"2025-07-28T21:58:35+00:00\" \/>\n<meta property=\"og:image\" content=\"https:\/\/tene.ee\/wp-content\/uploads\/2024\/12\/TENE-logo-2018-2.png\" \/>\n\t<meta property=\"og:image:width\" content=\"2339\" \/>\n\t<meta property=\"og:image:height\" content=\"1654\" \/>\n\t<meta property=\"og:image:type\" content=\"image\/png\" \/>\n<meta name=\"twitter:card\" content=\"summary_large_image\" \/>\n<meta name=\"twitter:label1\" content=\"Gesch\u00e4tzte Lesezeit\" \/>\n\t<meta name=\"twitter:data1\" content=\"1\u00a0Minute\" \/>\n<script type=\"application\/ld+json\" class=\"yoast-schema-graph\">{\"@context\":\"https:\\\/\\\/schema.org\",\"@graph\":[{\"@type\":\"WebPage\",\"@id\":\"https:\\\/\\\/tene.ee\\\/de\\\/ueber-das-unternehmen\\\/\",\"url\":\"https:\\\/\\\/tene.ee\\\/de\\\/ueber-das-unternehmen\\\/\",\"name\":\"Tene.ee - \u00dcber uns\",\"isPartOf\":{\"@id\":\"https:\\\/\\\/tene.ee\\\/de\\\/#website\"},\"datePublished\":\"2024-06-28T08:28:09+00:00\",\"dateModified\":\"2025-07-28T21:58:35+00:00\",\"description\":\"Tene.ee \u00dcber uns\",\"breadcrumb\":{\"@id\":\"https:\\\/\\\/tene.ee\\\/de\\\/ueber-das-unternehmen\\\/#breadcrumb\"},\"inLanguage\":\"de\",\"potentialAction\":[{\"@type\":\"ReadAction\",\"target\":[\"https:\\\/\\\/tene.ee\\\/de\\\/ueber-das-unternehmen\\\/\"]}]},{\"@type\":\"BreadcrumbList\",\"@id\":\"https:\\\/\\\/tene.ee\\\/de\\\/ueber-das-unternehmen\\\/#breadcrumb\",\"itemListElement\":[{\"@type\":\"ListItem\",\"position\":1,\"name\":\"Avaleht\",\"item\":\"https:\\\/\\\/tene.ee\\\/de\\\/\"},{\"@type\":\"ListItem\",\"position\":2,\"name\":\"\u00dcber uns\"}]},{\"@type\":\"WebSite\",\"@id\":\"https:\\\/\\\/tene.ee\\\/de\\\/#website\",\"url\":\"https:\\\/\\\/tene.ee\\\/de\\\/\",\"name\":\"Tene.ee - Kaunite hetkede jaoks sinu aias\",\"description\":\"Tene.ee - parimad puit- ja aiamajad otse tootjalt\",\"publisher\":{\"@id\":\"https:\\\/\\\/tene.ee\\\/de\\\/#organization\"},\"alternateName\":\"Tene.ee\",\"potentialAction\":[{\"@type\":\"SearchAction\",\"target\":{\"@type\":\"EntryPoint\",\"urlTemplate\":\"https:\\\/\\\/tene.ee\\\/de\\\/?s={search_term_string}\"},\"query-input\":{\"@type\":\"PropertyValueSpecification\",\"valueRequired\":true,\"valueName\":\"search_term_string\"}}],\"inLanguage\":\"de\"},{\"@type\":\"Organization\",\"@id\":\"https:\\\/\\\/tene.ee\\\/de\\\/#organization\",\"name\":\"Tene.ee\",\"url\":\"https:\\\/\\\/tene.ee\\\/de\\\/\",\"logo\":{\"@type\":\"ImageObject\",\"inLanguage\":\"de\",\"@id\":\"https:\\\/\\\/tene.ee\\\/de\\\/#\\\/schema\\\/logo\\\/image\\\/\",\"url\":\"https:\\\/\\\/tene.ee\\\/wp-content\\\/uploads\\\/2024\\\/12\\\/TENE-logo-2018-2.png\",\"contentUrl\":\"https:\\\/\\\/tene.ee\\\/wp-content\\\/uploads\\\/2024\\\/12\\\/TENE-logo-2018-2.png\",\"width\":2339,\"height\":1654,\"caption\":\"Tene.ee\"},\"image\":{\"@id\":\"https:\\\/\\\/tene.ee\\\/de\\\/#\\\/schema\\\/logo\\\/image\\\/\"},\"sameAs\":[\"https:\\\/\\\/www.facebook.com\\\/teneaiamajad\"]}]}<\/script>\n<!-- \/ Yoast SEO plugin. -->","yoast_head_json":{"title":"Tene.ee - \u00dcber uns","description":"Tene.ee \u00dcber uns","robots":{"index":"index","follow":"follow","max-snippet":"max-snippet:-1","max-image-preview":"max-image-preview:large","max-video-preview":"max-video-preview:-1"},"canonical":"https:\/\/tene.ee\/de\/ueber-das-unternehmen\/","og_locale":"de_DE","og_type":"article","og_title":"Tene.ee - \u00dcber uns","og_description":"Tene.ee \u00dcber uns","og_url":"https:\/\/tene.ee\/de\/ueber-das-unternehmen\/","og_site_name":"Tene.ee","article_publisher":"https:\/\/www.facebook.com\/teneaiamajad","article_modified_time":"2025-07-28T21:58:35+00:00","og_image":[{"width":2339,"height":1654,"url":"https:\/\/tene.ee\/wp-content\/uploads\/2024\/12\/TENE-logo-2018-2.png","type":"image\/png"}],"twitter_card":"summary_large_image","twitter_misc":{"Gesch\u00e4tzte Lesezeit":"1\u00a0Minute"},"schema":{"@context":"https:\/\/schema.org","@graph":[{"@type":"WebPage","@id":"https:\/\/tene.ee\/de\/ueber-das-unternehmen\/","url":"https:\/\/tene.ee\/de\/ueber-das-unternehmen\/","name":"Tene.ee - \u00dcber uns","isPartOf":{"@id":"https:\/\/tene.ee\/de\/#website"},"datePublished":"2024-06-28T08:28:09+00:00","dateModified":"2025-07-28T21:58:35+00:00","description":"Tene.ee \u00dcber uns","breadcrumb":{"@id":"https:\/\/tene.ee\/de\/ueber-das-unternehmen\/#breadcrumb"},"inLanguage":"de","potentialAction":[{"@type":"ReadAction","target":["https:\/\/tene.ee\/de\/ueber-das-unternehmen\/"]}]},{"@type":"BreadcrumbList","@id":"https:\/\/tene.ee\/de\/ueber-das-unternehmen\/#breadcrumb","itemListElement":[{"@type":"ListItem","position":1,"name":"Avaleht","item":"https:\/\/tene.ee\/de\/"},{"@type":"ListItem","position":2,"name":"\u00dcber uns"}]},{"@type":"WebSite","@id":"https:\/\/tene.ee\/de\/#website","url":"https:\/\/tene.ee\/de\/","name":"Tene.ee - Kaunite hetkede jaoks sinu aias","description":"Tene.ee - parimad puit- ja aiamajad otse tootjalt","publisher":{"@id":"https:\/\/tene.ee\/de\/#organization"},"alternateName":"Tene.ee","potentialAction":[{"@type":"SearchAction","target":{"@type":"EntryPoint","urlTemplate":"https:\/\/tene.ee\/de\/?s={search_term_string}"},"query-input":{"@type":"PropertyValueSpecification","valueRequired":true,"valueName":"search_term_string"}}],"inLanguage":"de"},{"@type":"Organization","@id":"https:\/\/tene.ee\/de\/#organization","name":"Tene.ee","url":"https:\/\/tene.ee\/de\/","logo":{"@type":"ImageObject","inLanguage":"de","@id":"https:\/\/tene.ee\/de\/#\/schema\/logo\/image\/","url":"https:\/\/tene.ee\/wp-content\/uploads\/2024\/12\/TENE-logo-2018-2.png","contentUrl":"https:\/\/tene.ee\/wp-content\/uploads\/2024\/12\/TENE-logo-2018-2.png","width":2339,"height":1654,"caption":"Tene.ee"},"image":{"@id":"https:\/\/tene.ee\/de\/#\/schema\/logo\/image\/"},"sameAs":["https:\/\/www.facebook.com\/teneaiamajad"]}]}},"_links":{"self":[{"href":"https:\/\/tene.ee\/de\/wp-json\/wp\/v2\/pages\/16784","targetHints":{"allow":["GET"]}}],"collection":[{"href":"https:\/\/tene.ee\/de\/wp-json\/wp\/v2\/pages"}],"about":[{"href":"https:\/\/tene.ee\/de\/wp-json\/wp\/v2\/types\/page"}],"author":[{"embeddable":true,"href":"https:\/\/tene.ee\/de\/wp-json\/wp\/v2\/users\/1"}],"replies":[{"embeddable":true,"href":"https:\/\/tene.ee\/de\/wp-json\/wp\/v2\/comments?post=16784"}],"version-history":[{"count":0,"href":"https:\/\/tene.ee\/de\/wp-json\/wp\/v2\/pages\/16784\/revisions"}],"wp:attachment":[{"href":"https:\/\/tene.ee\/de\/wp-json\/wp\/v2\/media?parent=16784"}],"curies":[{"name":"wp","href":"https:\/\/api.w.org\/{rel}","templated":true}]}}