{"id":65818,"date":"2024-11-13T14:56:20","date_gmt":"2024-11-13T12:56:20","guid":{"rendered":"https:\/\/tene.ee\/toode\/dreveny-garazovy-prives-40-mm\/"},"modified":"2024-11-13T14:56:20","modified_gmt":"2024-11-13T12:56:20","slug":"dreveny-garazovy-prives-40-mm","status":"publish","type":"product","link":"https:\/\/tene.ee\/cs\/toode\/dreveny-garazovy-prives-40-mm\/","title":{"rendered":"D\u00c3\u2026\u00e2\u201e\u00a2ev\u00c3\u201e\u00e2\u20ac\u00ban\u00c3\u0192\u00c2\u00bd gar\u00c3\u0192\u00c2\u00a1\u00c3\u2026\u00c2\u00beov\u00c3\u0192\u00c2\u00bd p\u00c3\u2026\u00e2\u201e\u00a2\u00c3\u0192\u00c2\u00adv\u00c3\u201e\u00e2\u20ac\u00bas 40 mm"},"content":{"rendered":"<p>Zahradn\u00c3\u0192\u00c2\u00ad p\u00c3\u2026\u00e2\u201e\u00a2\u00c3\u0192\u00c2\u00adst\u00c3\u2026\u00e2\u201e\u00a2e\u00c3\u2026\u00c2\u00a1ky, sruby, k\u00c3\u2026\u00c2\u00aflny, pavilony, sauny, alt\u00c3\u0192\u00c2\u00a1ny, grily a d\u00c3\u2026\u00e2\u201e\u00a2ev\u00c3\u201e\u00e2\u20ac\u00ban\u00c3\u0192\u00c2\u00a9 gar\u00c3\u0192\u00c2\u00a1\u00c3\u2026\u00c2\u00bee vyr\u00c3\u0192\u00c2\u00a1b\u00c3\u201e\u00e2\u20ac\u00ban\u00c3\u0192\u00c2\u00a9 v tov\u00c3\u0192\u00c2\u00a1rn\u00c3\u201e\u00e2\u20ac\u00ba na zahradn\u00c3\u0192\u00c2\u00ad a d\u00c3\u2026\u00e2\u201e\u00a2ev\u00c3\u201e\u00e2\u20ac\u00ban\u00c3\u0192\u00c2\u00a9 domky Tene jsou dod\u00c3\u0192\u00c2\u00a1v\u00c3\u0192\u00c2\u00a1ny v\u00c3\u201e\u00c2\u008detn\u00c3\u201e\u00e2\u20ac\u00ba dve\u00c3\u2026\u00e2\u201e\u00a2\u00c3\u0192\u00c2\u00ad, oken, upev\u00c3\u2026\u00cb\u2020ovac\u00c3\u0192\u00c2\u00adho kov\u00c3\u0192\u00c2\u00a1n\u00c3\u0192\u00c2\u00ad a mont\u00c3\u0192\u00c2\u00a1\u00c3\u2026\u00c2\u00ben\u00c3\u0192\u00c2\u00adho n\u00c3\u0192\u00c2\u00a1vodu, d\u00c3\u0192\u00c2\u00adky n\u00c3\u201e\u00e2\u20ac\u00bamu\u00c3\u2026\u00c2\u00be je stavba zahradn\u00c3\u0192\u00c2\u00adho p\u00c3\u2026\u00e2\u201e\u00a2\u00c3\u0192\u00c2\u00adst\u00c3\u2026\u00e2\u201e\u00a2e\u00c3\u2026\u00c2\u00a1ku jednoduch\u00c3\u0192\u00c2\u00a1 a \u00c3\u201e\u00c2\u008dasov\u00c3\u201e\u00e2\u20ac\u00ba nen\u00c3\u0192\u00c2\u00a1ro\u00c3\u201e\u00c2\u008dn\u00c3\u0192\u00c2\u00a1.<\/p>\n<p><b><strong>Sada d\u00c3\u2026\u00e2\u201e\u00a2ev\u00c3\u201e\u00e2\u20ac\u00ban\u00c3\u0192\u00c2\u00a9 gar\u00c3\u0192\u00c2\u00a1\u00c3\u2026\u00c2\u00bee Tene o tlou\u00c3\u2026\u00c2\u00a1\u00c3\u2026\u00c2\u00a5ce 40 mm se dod\u00c3\u0192\u00c2\u00a1v\u00c3\u0192\u00c2\u00a1 s p\u00c3\u2026\u00e2\u201e\u00a2\u00c3\u0192\u00c2\u00adslu\u00c3\u2026\u00c2\u00a1n\u00c3\u0192\u00c2\u00bdm modelem:<\/strong><\/b><\/p>\n<ul>\n<li>Jako d\u00c3\u2026\u00e2\u201e\u00a2ev\u00c3\u201e\u00e2\u20ac\u00ban\u00c3\u0192\u00c2\u00bd materi\u00c3\u0192\u00c2\u00a1l se pou\u00c3\u2026\u00c2\u00be\u00c3\u0192\u00c2\u00adv\u00c3\u0192\u00c2\u00a1 100% smrk seversk\u00c3\u0192\u00c2\u00a9 kvality.<\/li>\n<li>100% p\u00c3\u2026\u00e2\u201e\u00a2\u00c3\u0192\u00c2\u00adrodn\u00c3\u0192\u00c2\u00ad d\u00c3\u2026\u00e2\u201e\u00a2evo ze seversk\u00c3\u0192\u00c2\u00a9 d\u00c3\u2026\u00e2\u201e\u00a2eviny &#8211; 100% p\u00c3\u2026\u00e2\u201e\u00a2\u00c3\u0192\u00c2\u00adrodn\u00c3\u0192\u00c2\u00ad d\u00c3\u2026\u00e2\u201e\u00a2evo Dve\u00c3\u2026\u00e2\u201e\u00a2e a okna jsou vyrobeny ze speci\u00c3\u0192\u00c2\u00a1ln\u00c3\u0192\u00c2\u00adho lepen\u00c3\u0192\u00c2\u00a9ho lamina (8-12 %).<\/li>\n<li>8% d\u00c3\u2026\u00e2\u201e\u00a2evovl\u00c3\u0192\u00c2\u00a1kna (100% p\u00c3\u2026\u00e2\u201e\u00a2\u00c3\u0192\u00c2\u00adrodn\u00c3\u0192\u00c2\u00ad d\u00c3\u2026\u00e2\u201e\u00a2evo), dvojit\u00c3\u0192\u00c2\u00a9 okno s paketem skla, obsahuje d\u00c3\u0192\u00c2\u00bdhu.<\/li>\n<li>Dvouk\u00c3\u2026\u00e2\u201e\u00a2\u00c3\u0192\u00c2\u00addl\u00c3\u0192\u00c2\u00a9 dve\u00c3\u2026\u00e2\u201e\u00a2e se sklen\u00c3\u201e\u00e2\u20ac\u00ban\u00c3\u0192\u00c2\u00bdm paketem, v\u00c3\u201e\u00c2\u008detn\u00c3\u201e\u00e2\u20ac\u00ba d\u00c3\u0192\u00c2\u00bdhy.<\/li>\n<li>Strop, vyroben\u00c3\u0192\u00c2\u00bd z profilovan\u00c3\u0192\u00c2\u00a9ho d\u00c3\u2026\u00e2\u201e\u00a2eva o tlou\u00c3\u2026\u00c2\u00a1\u00c3\u2026\u00c2\u00a5ce 18 mm.<\/li>\n<li>Autokl\u00c3\u0192\u00c2\u00a1vovan\u00c3\u0192\u00c2\u00a9 impregnovan\u00c3\u0192\u00c2\u00a9 d\u00c3\u2026\u00e2\u201e\u00a2ev\u00c3\u201e\u00e2\u20ac\u00ban\u00c3\u0192\u00c2\u00a9 z\u00c3\u0192\u00c2\u00a1kladov\u00c3\u0192\u00c2\u00a9 v\u00c3\u0192\u00c2\u00bdpln\u00c3\u201e\u00e2\u20ac\u00ba.<\/li>\n<li>Spojovac\u00c3\u0192\u00c2\u00ad materi\u00c3\u0192\u00c2\u00a1l (h\u00c3\u2026\u00e2\u201e\u00a2eb\u00c3\u0192\u00c2\u00adky a vruty).<\/li>\n<li>Mont\u00c3\u0192\u00c2\u00a1\u00c3\u2026\u00c2\u00ben\u00c3\u0192\u00c2\u00ad n\u00c3\u0192\u00c2\u00a1vod<\/li>\n<\/ul>\n<p><b><strong>Ceny jsou uvedeny ze skladov\u00c3\u0192\u00c2\u00bdch z\u00c3\u0192\u00c2\u00a1sob v\u00c3\u0192\u00c2\u00bdrobn\u00c3\u0192\u00c2\u00adho z\u00c3\u0192\u00c2\u00a1vodu Tene a zahrnuj\u00c3\u0192\u00c2\u00ad DPH.<\/strong><\/b> <b><strong>Ceny nezahrnuj\u00c3\u0192\u00c2\u00ad dopravu v\u00c3\u0192\u00c2\u00bdrobku.<\/strong><\/b><\/p>\n","protected":false},"excerpt":{"rendered":"<p>Cena zahrnuje dve\u00c3\u2026\u00e2\u201e\u00a2e z lepen\u00c3\u0192\u00c2\u00a9ho lamina s paketem skla a okno s paketem skla, impregnovan\u00c3\u0192\u00c2\u00a9 z\u00c3\u0192\u00c2\u00a1kladov\u00c3\u0192\u00c2\u00a9 pru\u00c3\u2026\u00c2\u00beiny, upev\u00c3\u2026\u00cb\u2020ovac\u00c3\u0192\u00c2\u00ad p\u00c3\u2026\u00e2\u201e\u00a2\u00c3\u0192\u00c2\u00adslu\u00c3\u2026\u00c2\u00a1enstv\u00c3\u0192\u00c2\u00ad a mont\u00c3\u0192\u00c2\u00a1\u00c3\u2026\u00c2\u00ben\u00c3\u0192\u00c2\u00ad n\u00c3\u0192\u00c2\u00a1vod. Cena nezahrnuje dopravu a st\u00c3\u2026\u00e2\u201e\u00a2e\u00c3\u2026\u00c2\u00a1n\u00c3\u0192\u00c2\u00ad krytinu.<\/p>\n","protected":false},"featured_media":65779,"template":"","meta":{"_acf_changed":false},"product_brand":[],"product_cat":[497,496,519],"product_tag":[],"class_list":{"0":"post-65818","1":"product","2":"type-product","3":"status-publish","4":"has-post-thumbnail","6":"product_cat-drevene-garaze-se-40mm-stenami","7":"product_cat-garaze","8":"product_cat-nove-produkty","9":"pa_seina-paksus-40-mm-cs","11":"first","12":"onbackorder","13":"sale","14":"taxable","15":"shipping-taxable","16":"purchasable","17":"product-type-simple"},"acf":[],"yoast_head":"<!-- This site is optimized with the Yoast SEO plugin v27.4 - https:\/\/yoast.com\/product\/yoast-seo-wordpress\/ -->\n<title>Tene.ee - D\u00c3\u2026\u00e2\u201e\u00a2ev\u00c3\u201e\u00e2\u20ac\u00ban\u00c3\u0192\u00c2\u00bd gar\u00c3\u0192\u00c2\u00a1\u00c3\u2026\u00c2\u00beov\u00c3\u0192\u00c2\u00bd p\u00c3\u2026\u00e2\u201e\u00a2\u00c3\u0192\u00c2\u00adv\u00c3\u201e\u00e2\u20ac\u00bas 40 mm<\/title>\n<meta name=\"description\" content=\"Tene.ee D\u00c3\u2026\u00e2\u201e\u00a2ev\u00c3\u201e\u00e2\u20ac\u00ban\u00c3\u0192\u00c2\u00bd gar\u00c3\u0192\u00c2\u00a1\u00c3\u2026\u00c2\u00beov\u00c3\u0192\u00c2\u00bd p\u00c3\u2026\u00e2\u201e\u00a2\u00c3\u0192\u00c2\u00adv\u00c3\u201e\u00e2\u20ac\u00bas 40 mm\" \/>\n<meta name=\"robots\" content=\"index, follow, max-snippet:-1, max-image-preview:large, max-video-preview:-1\" \/>\n<link rel=\"canonical\" href=\"https:\/\/tene.ee\/cs\/toode\/dreveny-garazovy-prives-40-mm\/\" \/>\n<meta property=\"og:locale\" content=\"cs_CZ\" \/>\n<meta property=\"og:type\" content=\"article\" \/>\n<meta property=\"og:title\" content=\"Tene.ee - D\u00c3\u2026\u00e2\u201e\u00a2ev\u00c3\u201e\u00e2\u20ac\u00ban\u00c3\u0192\u00c2\u00bd gar\u00c3\u0192\u00c2\u00a1\u00c3\u2026\u00c2\u00beov\u00c3\u0192\u00c2\u00bd p\u00c3\u2026\u00e2\u201e\u00a2\u00c3\u0192\u00c2\u00adv\u00c3\u201e\u00e2\u20ac\u00bas 40 mm\" \/>\n<meta property=\"og:description\" content=\"Tene.ee D\u00c3\u2026\u00e2\u201e\u00a2ev\u00c3\u201e\u00e2\u20ac\u00ban\u00c3\u0192\u00c2\u00bd gar\u00c3\u0192\u00c2\u00a1\u00c3\u2026\u00c2\u00beov\u00c3\u0192\u00c2\u00bd p\u00c3\u2026\u00e2\u201e\u00a2\u00c3\u0192\u00c2\u00adv\u00c3\u201e\u00e2\u20ac\u00bas 40 mm\" \/>\n<meta property=\"og:url\" content=\"https:\/\/tene.ee\/cs\/toode\/dreveny-garazovy-prives-40-mm\/\" \/>\n<meta property=\"og:site_name\" content=\"Tene.ee\" \/>\n<meta property=\"article:publisher\" content=\"https:\/\/www.facebook.com\/teneaiamajad\" \/>\n<meta property=\"og:image\" content=\"http:\/\/tene.ee\/wp-content\/uploads\/2024\/11\/Caravan_Garage_40-1024x682.jpg\" \/>\n\t<meta property=\"og:image:width\" content=\"1024\" \/>\n\t<meta property=\"og:image:height\" content=\"682\" \/>\n\t<meta property=\"og:image:type\" content=\"image\/jpeg\" \/>\n<meta name=\"twitter:card\" content=\"summary_large_image\" \/>\n<meta name=\"twitter:label1\" content=\"Odhadovan\u00e1 doba \u010dten\u00ed\" \/>\n\t<meta name=\"twitter:data1\" content=\"1 minuta\" \/>\n<script type=\"application\/ld+json\" class=\"yoast-schema-graph\">{\"@context\":\"https:\\\/\\\/schema.org\",\"@graph\":[{\"@type\":\"WebPage\",\"@id\":\"https:\\\/\\\/tene.ee\\\/cs\\\/toode\\\/dreveny-garazovy-prives-40-mm\\\/\",\"url\":\"https:\\\/\\\/tene.ee\\\/cs\\\/toode\\\/dreveny-garazovy-prives-40-mm\\\/\",\"name\":\"Tene.ee - D\u00c3\u2026\u00e2\u201e\u00a2ev\u00c3\u201e\u00e2\u20ac\u00ban\u00c3\u0192\u00c2\u00bd gar\u00c3\u0192\u00c2\u00a1\u00c3\u2026\u00c2\u00beov\u00c3\u0192\u00c2\u00bd p\u00c3\u2026\u00e2\u201e\u00a2\u00c3\u0192\u00c2\u00adv\u00c3\u201e\u00e2\u20ac\u00bas 40 mm\",\"isPartOf\":{\"@id\":\"https:\\\/\\\/tene.ee\\\/cs\\\/#website\"},\"primaryImageOfPage\":{\"@id\":\"https:\\\/\\\/tene.ee\\\/cs\\\/toode\\\/dreveny-garazovy-prives-40-mm\\\/#primaryimage\"},\"image\":{\"@id\":\"https:\\\/\\\/tene.ee\\\/cs\\\/toode\\\/dreveny-garazovy-prives-40-mm\\\/#primaryimage\"},\"thumbnailUrl\":\"https:\\\/\\\/tene.ee\\\/wp-content\\\/uploads\\\/2024\\\/11\\\/Caravan_Garage_40.jpg\",\"datePublished\":\"2024-11-13T12:56:20+00:00\",\"description\":\"Tene.ee D\u00c3\u2026\u00e2\u201e\u00a2ev\u00c3\u201e\u00e2\u20ac\u00ban\u00c3\u0192\u00c2\u00bd gar\u00c3\u0192\u00c2\u00a1\u00c3\u2026\u00c2\u00beov\u00c3\u0192\u00c2\u00bd p\u00c3\u2026\u00e2\u201e\u00a2\u00c3\u0192\u00c2\u00adv\u00c3\u201e\u00e2\u20ac\u00bas 40 mm\",\"breadcrumb\":{\"@id\":\"https:\\\/\\\/tene.ee\\\/cs\\\/toode\\\/dreveny-garazovy-prives-40-mm\\\/#breadcrumb\"},\"inLanguage\":\"cs\",\"potentialAction\":[{\"@type\":\"ReadAction\",\"target\":[\"https:\\\/\\\/tene.ee\\\/cs\\\/toode\\\/dreveny-garazovy-prives-40-mm\\\/\"]}]},{\"@type\":\"ImageObject\",\"inLanguage\":\"cs\",\"@id\":\"https:\\\/\\\/tene.ee\\\/cs\\\/toode\\\/dreveny-garazovy-prives-40-mm\\\/#primaryimage\",\"url\":\"https:\\\/\\\/tene.ee\\\/wp-content\\\/uploads\\\/2024\\\/11\\\/Caravan_Garage_40.jpg\",\"contentUrl\":\"https:\\\/\\\/tene.ee\\\/wp-content\\\/uploads\\\/2024\\\/11\\\/Caravan_Garage_40.jpg\",\"width\":2500,\"height\":1666},{\"@type\":\"BreadcrumbList\",\"@id\":\"https:\\\/\\\/tene.ee\\\/cs\\\/toode\\\/dreveny-garazovy-prives-40-mm\\\/#breadcrumb\",\"itemListElement\":[{\"@type\":\"ListItem\",\"position\":1,\"name\":\"Avaleht\",\"item\":\"https:\\\/\\\/tene.ee\\\/cs\\\/\"},{\"@type\":\"ListItem\",\"position\":2,\"name\":\"V\u0161echny produkty\",\"item\":\"http:\\\/\\\/tene.ee\\\/cs\\\/shop\\\/\"},{\"@type\":\"ListItem\",\"position\":3,\"name\":\"D\u00c3\u2026\u00e2\u201e\u00a2ev\u00c3\u201e\u00e2\u20ac\u00ban\u00c3\u0192\u00c2\u00bd gar\u00c3\u0192\u00c2\u00a1\u00c3\u2026\u00c2\u00beov\u00c3\u0192\u00c2\u00bd p\u00c3\u2026\u00e2\u201e\u00a2\u00c3\u0192\u00c2\u00adv\u00c3\u201e\u00e2\u20ac\u00bas 40 mm\"}]},{\"@type\":\"WebSite\",\"@id\":\"https:\\\/\\\/tene.ee\\\/cs\\\/#website\",\"url\":\"https:\\\/\\\/tene.ee\\\/cs\\\/\",\"name\":\"Tene.ee - Kaunite hetkede jaoks sinu aias\",\"description\":\"Tene.ee - parimad puit- ja aiamajad otse tootjalt\",\"publisher\":{\"@id\":\"https:\\\/\\\/tene.ee\\\/cs\\\/#organization\"},\"alternateName\":\"Tene.ee\",\"potentialAction\":[{\"@type\":\"SearchAction\",\"target\":{\"@type\":\"EntryPoint\",\"urlTemplate\":\"https:\\\/\\\/tene.ee\\\/cs\\\/?s={search_term_string}\"},\"query-input\":{\"@type\":\"PropertyValueSpecification\",\"valueRequired\":true,\"valueName\":\"search_term_string\"}}],\"inLanguage\":\"cs\"},{\"@type\":\"Organization\",\"@id\":\"https:\\\/\\\/tene.ee\\\/cs\\\/#organization\",\"name\":\"Tene.ee\",\"url\":\"https:\\\/\\\/tene.ee\\\/cs\\\/\",\"logo\":{\"@type\":\"ImageObject\",\"inLanguage\":\"cs\",\"@id\":\"https:\\\/\\\/tene.ee\\\/cs\\\/#\\\/schema\\\/logo\\\/image\\\/\",\"url\":\"https:\\\/\\\/tene.ee\\\/wp-content\\\/uploads\\\/2024\\\/12\\\/TENE-logo-2018-2.png\",\"contentUrl\":\"https:\\\/\\\/tene.ee\\\/wp-content\\\/uploads\\\/2024\\\/12\\\/TENE-logo-2018-2.png\",\"width\":2339,\"height\":1654,\"caption\":\"Tene.ee\"},\"image\":{\"@id\":\"https:\\\/\\\/tene.ee\\\/cs\\\/#\\\/schema\\\/logo\\\/image\\\/\"},\"sameAs\":[\"https:\\\/\\\/www.facebook.com\\\/teneaiamajad\"]}]}<\/script>\n<!-- \/ Yoast SEO plugin. -->","yoast_head_json":{"title":"Tene.ee - D\u00c3\u2026\u00e2\u201e\u00a2ev\u00c3\u201e\u00e2\u20ac\u00ban\u00c3\u0192\u00c2\u00bd gar\u00c3\u0192\u00c2\u00a1\u00c3\u2026\u00c2\u00beov\u00c3\u0192\u00c2\u00bd p\u00c3\u2026\u00e2\u201e\u00a2\u00c3\u0192\u00c2\u00adv\u00c3\u201e\u00e2\u20ac\u00bas 40 mm","description":"Tene.ee D\u00c3\u2026\u00e2\u201e\u00a2ev\u00c3\u201e\u00e2\u20ac\u00ban\u00c3\u0192\u00c2\u00bd gar\u00c3\u0192\u00c2\u00a1\u00c3\u2026\u00c2\u00beov\u00c3\u0192\u00c2\u00bd p\u00c3\u2026\u00e2\u201e\u00a2\u00c3\u0192\u00c2\u00adv\u00c3\u201e\u00e2\u20ac\u00bas 40 mm","robots":{"index":"index","follow":"follow","max-snippet":"max-snippet:-1","max-image-preview":"max-image-preview:large","max-video-preview":"max-video-preview:-1"},"canonical":"https:\/\/tene.ee\/cs\/toode\/dreveny-garazovy-prives-40-mm\/","og_locale":"cs_CZ","og_type":"article","og_title":"Tene.ee - D\u00c3\u2026\u00e2\u201e\u00a2ev\u00c3\u201e\u00e2\u20ac\u00ban\u00c3\u0192\u00c2\u00bd gar\u00c3\u0192\u00c2\u00a1\u00c3\u2026\u00c2\u00beov\u00c3\u0192\u00c2\u00bd p\u00c3\u2026\u00e2\u201e\u00a2\u00c3\u0192\u00c2\u00adv\u00c3\u201e\u00e2\u20ac\u00bas 40 mm","og_description":"Tene.ee D\u00c3\u2026\u00e2\u201e\u00a2ev\u00c3\u201e\u00e2\u20ac\u00ban\u00c3\u0192\u00c2\u00bd gar\u00c3\u0192\u00c2\u00a1\u00c3\u2026\u00c2\u00beov\u00c3\u0192\u00c2\u00bd p\u00c3\u2026\u00e2\u201e\u00a2\u00c3\u0192\u00c2\u00adv\u00c3\u201e\u00e2\u20ac\u00bas 40 mm","og_url":"https:\/\/tene.ee\/cs\/toode\/dreveny-garazovy-prives-40-mm\/","og_site_name":"Tene.ee","article_publisher":"https:\/\/www.facebook.com\/teneaiamajad","og_image":[{"width":1024,"height":682,"url":"http:\/\/tene.ee\/wp-content\/uploads\/2024\/11\/Caravan_Garage_40-1024x682.jpg","type":"image\/jpeg"}],"twitter_card":"summary_large_image","twitter_misc":{"Odhadovan\u00e1 doba \u010dten\u00ed":"1 minuta"},"schema":{"@context":"https:\/\/schema.org","@graph":[{"@type":"WebPage","@id":"https:\/\/tene.ee\/cs\/toode\/dreveny-garazovy-prives-40-mm\/","url":"https:\/\/tene.ee\/cs\/toode\/dreveny-garazovy-prives-40-mm\/","name":"Tene.ee - D\u00c3\u2026\u00e2\u201e\u00a2ev\u00c3\u201e\u00e2\u20ac\u00ban\u00c3\u0192\u00c2\u00bd gar\u00c3\u0192\u00c2\u00a1\u00c3\u2026\u00c2\u00beov\u00c3\u0192\u00c2\u00bd p\u00c3\u2026\u00e2\u201e\u00a2\u00c3\u0192\u00c2\u00adv\u00c3\u201e\u00e2\u20ac\u00bas 40 mm","isPartOf":{"@id":"https:\/\/tene.ee\/cs\/#website"},"primaryImageOfPage":{"@id":"https:\/\/tene.ee\/cs\/toode\/dreveny-garazovy-prives-40-mm\/#primaryimage"},"image":{"@id":"https:\/\/tene.ee\/cs\/toode\/dreveny-garazovy-prives-40-mm\/#primaryimage"},"thumbnailUrl":"https:\/\/tene.ee\/wp-content\/uploads\/2024\/11\/Caravan_Garage_40.jpg","datePublished":"2024-11-13T12:56:20+00:00","description":"Tene.ee D\u00c3\u2026\u00e2\u201e\u00a2ev\u00c3\u201e\u00e2\u20ac\u00ban\u00c3\u0192\u00c2\u00bd gar\u00c3\u0192\u00c2\u00a1\u00c3\u2026\u00c2\u00beov\u00c3\u0192\u00c2\u00bd p\u00c3\u2026\u00e2\u201e\u00a2\u00c3\u0192\u00c2\u00adv\u00c3\u201e\u00e2\u20ac\u00bas 40 mm","breadcrumb":{"@id":"https:\/\/tene.ee\/cs\/toode\/dreveny-garazovy-prives-40-mm\/#breadcrumb"},"inLanguage":"cs","potentialAction":[{"@type":"ReadAction","target":["https:\/\/tene.ee\/cs\/toode\/dreveny-garazovy-prives-40-mm\/"]}]},{"@type":"ImageObject","inLanguage":"cs","@id":"https:\/\/tene.ee\/cs\/toode\/dreveny-garazovy-prives-40-mm\/#primaryimage","url":"https:\/\/tene.ee\/wp-content\/uploads\/2024\/11\/Caravan_Garage_40.jpg","contentUrl":"https:\/\/tene.ee\/wp-content\/uploads\/2024\/11\/Caravan_Garage_40.jpg","width":2500,"height":1666},{"@type":"BreadcrumbList","@id":"https:\/\/tene.ee\/cs\/toode\/dreveny-garazovy-prives-40-mm\/#breadcrumb","itemListElement":[{"@type":"ListItem","position":1,"name":"Avaleht","item":"https:\/\/tene.ee\/cs\/"},{"@type":"ListItem","position":2,"name":"V\u0161echny produkty","item":"http:\/\/tene.ee\/cs\/shop\/"},{"@type":"ListItem","position":3,"name":"D\u00c3\u2026\u00e2\u201e\u00a2ev\u00c3\u201e\u00e2\u20ac\u00ban\u00c3\u0192\u00c2\u00bd gar\u00c3\u0192\u00c2\u00a1\u00c3\u2026\u00c2\u00beov\u00c3\u0192\u00c2\u00bd p\u00c3\u2026\u00e2\u201e\u00a2\u00c3\u0192\u00c2\u00adv\u00c3\u201e\u00e2\u20ac\u00bas 40 mm"}]},{"@type":"WebSite","@id":"https:\/\/tene.ee\/cs\/#website","url":"https:\/\/tene.ee\/cs\/","name":"Tene.ee - Kaunite hetkede jaoks sinu aias","description":"Tene.ee - parimad puit- ja aiamajad otse tootjalt","publisher":{"@id":"https:\/\/tene.ee\/cs\/#organization"},"alternateName":"Tene.ee","potentialAction":[{"@type":"SearchAction","target":{"@type":"EntryPoint","urlTemplate":"https:\/\/tene.ee\/cs\/?s={search_term_string}"},"query-input":{"@type":"PropertyValueSpecification","valueRequired":true,"valueName":"search_term_string"}}],"inLanguage":"cs"},{"@type":"Organization","@id":"https:\/\/tene.ee\/cs\/#organization","name":"Tene.ee","url":"https:\/\/tene.ee\/cs\/","logo":{"@type":"ImageObject","inLanguage":"cs","@id":"https:\/\/tene.ee\/cs\/#\/schema\/logo\/image\/","url":"https:\/\/tene.ee\/wp-content\/uploads\/2024\/12\/TENE-logo-2018-2.png","contentUrl":"https:\/\/tene.ee\/wp-content\/uploads\/2024\/12\/TENE-logo-2018-2.png","width":2339,"height":1654,"caption":"Tene.ee"},"image":{"@id":"https:\/\/tene.ee\/cs\/#\/schema\/logo\/image\/"},"sameAs":["https:\/\/www.facebook.com\/teneaiamajad"]}]}},"_links":{"self":[{"href":"https:\/\/tene.ee\/cs\/wp-json\/wp\/v2\/product\/65818","targetHints":{"allow":["GET"]}}],"collection":[{"href":"https:\/\/tene.ee\/cs\/wp-json\/wp\/v2\/product"}],"about":[{"href":"https:\/\/tene.ee\/cs\/wp-json\/wp\/v2\/types\/product"}],"wp:featuredmedia":[{"embeddable":true,"href":"https:\/\/tene.ee\/cs\/wp-json\/wp\/v2\/media\/65779"}],"wp:attachment":[{"href":"https:\/\/tene.ee\/cs\/wp-json\/wp\/v2\/media?parent=65818"}],"wp:term":[{"taxonomy":"product_brand","embeddable":true,"href":"https:\/\/tene.ee\/cs\/wp-json\/wp\/v2\/product_brand?post=65818"},{"taxonomy":"product_cat","embeddable":true,"href":"https:\/\/tene.ee\/cs\/wp-json\/wp\/v2\/product_cat?post=65818"},{"taxonomy":"product_tag","embeddable":true,"href":"https:\/\/tene.ee\/cs\/wp-json\/wp\/v2\/product_tag?post=65818"}],"curies":[{"name":"wp","href":"https:\/\/api.w.org\/{rel}","templated":true}]}}