{"id":65768,"date":"2024-11-13T14:23:25","date_gmt":"2024-11-13T12:23:25","guid":{"rendered":"https:\/\/tene.ee\/toode\/zahradni-domek-firenze-c-70\/"},"modified":"2024-11-13T14:23:25","modified_gmt":"2024-11-13T12:23:25","slug":"zahradni-domek-firenze-c-70","status":"publish","type":"product","link":"https:\/\/tene.ee\/cs\/toode\/zahradni-domek-firenze-c-70\/","title":{"rendered":"Zahradn\u00c3\u0192\u00c2\u00ad domek Firenze C 70"},"content":{"rendered":"<p>Zahradn\u00c3\u0192\u00c2\u00ad p\u00c3\u2026\u00e2\u201e\u00a2\u00c3\u0192\u00c2\u00adst\u00c3\u2026\u00e2\u201e\u00a2e\u00c3\u2026\u00c2\u00a1ky, sruby, k\u00c3\u2026\u00c2\u00aflny, pavilony, sauny, alt\u00c3\u0192\u00c2\u00a1ny, grily a d\u00c3\u2026\u00e2\u201e\u00a2ev\u00c3\u201e\u00e2\u20ac\u00ban\u00c3\u0192\u00c2\u00a9 gar\u00c3\u0192\u00c2\u00a1\u00c3\u2026\u00c2\u00bee o pr\u00c3\u2026\u00c2\u00afm\u00c3\u201e\u00e2\u20ac\u00baru 70 mm vyr\u00c3\u0192\u00c2\u00a1b\u00c3\u201e\u00e2\u20ac\u00ban\u00c3\u0192\u00c2\u00a9 v tov\u00c3\u0192\u00c2\u00a1rn\u00c3\u201e\u00e2\u20ac\u00ba Tene Garden and Wooden House jsou dod\u00c3\u0192\u00c2\u00a1v\u00c3\u0192\u00c2\u00a1ny s dve\u00c3\u2026\u00e2\u201e\u00a2mi, okny, podlahou, upev\u00c3\u2026\u00cb\u2020ovac\u00c3\u0192\u00c2\u00adm p\u00c3\u2026\u00e2\u201e\u00a2\u00c3\u0192\u00c2\u00adslu\u00c3\u2026\u00c2\u00a1enstv\u00c3\u0192\u00c2\u00adm a n\u00c3\u0192\u00c2\u00a1vodem k mont\u00c3\u0192\u00c2\u00a1\u00c3\u2026\u00c2\u00bei, tak\u00c3\u2026\u00c2\u00bee stavba zahradn\u00c3\u0192\u00c2\u00adho p\u00c3\u2026\u00e2\u201e\u00a2\u00c3\u0192\u00c2\u00adst\u00c3\u2026\u00e2\u201e\u00a2e\u00c3\u2026\u00c2\u00a1ku je jednoduch\u00c3\u0192\u00c2\u00a1 a \u00c3\u201e\u00c2\u008dasov\u00c3\u201e\u00e2\u20ac\u00ba nen\u00c3\u0192\u00c2\u00a1ro\u00c3\u201e\u00c2\u008dn\u00c3\u0192\u00c2\u00a1.<\/p>\n<p><b><strong>Sada zahradn\u00c3\u0192\u00c2\u00adho domku TENE o tlou\u00c3\u2026\u00c2\u00a1\u00c3\u2026\u00c2\u00a5ce st\u00c3\u201e\u00e2\u20ac\u00bany 70 mm, jak je zn\u00c3\u0192\u00c2\u00a1zorn\u00c3\u201e\u00e2\u20ac\u00bano na v\u00c3\u0192\u00c2\u00bdkresu v\u00c3\u0192\u00c2\u00bdrobku, obsahuje:<\/strong><\/b><\/p>\n<ul>\n<li>Jako d\u00c3\u2026\u00e2\u201e\u00a2ev\u00c3\u201e\u00e2\u20ac\u00ban\u00c3\u0192\u00c2\u00bd materi\u00c3\u0192\u00c2\u00a1l je pou\u00c3\u2026\u00c2\u00beit 100% seversk\u00c3\u0192\u00c2\u00bd smrk vysok\u00c3\u0192\u00c2\u00a9 kvality.<\/li>\n<li>100% p\u00c3\u2026\u00e2\u201e\u00a2\u00c3\u0192\u00c2\u00adrodn\u00c3\u0192\u00c2\u00ad d\u00c3\u2026\u00e2\u201e\u00a2evo ze seversk\u00c3\u0192\u00c2\u00bdch d\u00c3\u2026\u00e2\u201e\u00a2evin.<\/li>\n<li>Oto\u00c3\u201e\u00c2\u008dn\u00c3\u0192\u00c2\u00a9 okno se sklen\u00c3\u201e\u00e2\u20ac\u00ban\u00c3\u0192\u00c2\u00bdm obalem.<\/li>\n<li>Dvouk\u00c3\u2026\u00e2\u201e\u00a2\u00c3\u0192\u00c2\u00addl\u00c3\u0192\u00c2\u00a9 dve\u00c3\u2026\u00e2\u201e\u00a2e se sklen\u00c3\u201e\u00e2\u20ac\u00ban\u00c3\u0192\u00c2\u00bdm paketem, v\u00c3\u201e\u00c2\u008detn\u00c3\u201e\u00e2\u20ac\u00ba d\u00c3\u0192\u00c2\u00bdhy.<\/li>\n<li>Strop z profilovan\u00c3\u0192\u00c2\u00a9ho d\u00c3\u2026\u00e2\u201e\u00a2eva o tlou\u00c3\u2026\u00c2\u00a1\u00c3\u2026\u00c2\u00a5ce 18 mm.<\/li>\n<li>Prah z nerezov\u00c3\u0192\u00c2\u00a9 oceli<\/li>\n<li>\u00c3\u2026\u00c2\u00a0roubov\u00c3\u0192\u00c2\u00a9 upevn\u00c3\u201e\u00e2\u20ac\u00ban\u00c3\u0192\u00c2\u00ad<\/li>\n<li>Autokl\u00c3\u0192\u00c2\u00a1vovan\u00c3\u0192\u00c2\u00a9 impregnovan\u00c3\u0192\u00c2\u00a9 d\u00c3\u2026\u00e2\u201e\u00a2ev\u00c3\u201e\u00e2\u20ac\u00ban\u00c3\u0192\u00c2\u00a9 z\u00c3\u0192\u00c2\u00a1kladov\u00c3\u0192\u00c2\u00a9 tr\u00c3\u0192\u00c2\u00a1my<\/li>\n<li>Upev\u00c3\u2026\u00cb\u2020ovac\u00c3\u0192\u00c2\u00ad kov\u00c3\u0192\u00c2\u00a1n\u00c3\u0192\u00c2\u00ad (h\u00c3\u2026\u00e2\u201e\u00a2eb\u00c3\u0192\u00c2\u00adky a \u00c3\u2026\u00c2\u00a1rouby)<\/li>\n<li>Mont\u00c3\u0192\u00c2\u00a1\u00c3\u2026\u00c2\u00ben\u00c3\u0192\u00c2\u00ad n\u00c3\u0192\u00c2\u00a1vod<\/li>\n<\/ul>\n<p><b><strong>Ceny jsou uvedeny na sklad\u00c3\u201e\u00e2\u20ac\u00ba spole\u00c3\u201e\u00c2\u008dnosti Tene a zahrnuj\u00c3\u0192\u00c2\u00ad DPH.<\/strong><\/b> <b><strong>Ceny nezahrnuj\u00c3\u0192\u00c2\u00ad dopravu v\u00c3\u0192\u00c2\u00bdrobku.<\/strong><\/b><\/p>\n","protected":false},"excerpt":{"rendered":"<p>Cena zahrnuje dvoudve\u00c3\u2026\u00e2\u201e\u00a2ov\u00c3\u0192\u00c2\u00a9 okno se sklen\u00c3\u201e\u00e2\u20ac\u00ban\u00c3\u0192\u00c2\u00bdm paketem z vrstven\u00c3\u0192\u00c2\u00a9ho d\u00c3\u2026\u00e2\u201e\u00a2eva a okno se sklen\u00c3\u201e\u00e2\u20ac\u00ban\u00c3\u0192\u00c2\u00bdm paketem, prahov\u00c3\u0192\u00c2\u00bd paket z nerezov\u00c3\u0192\u00c2\u00a9 oceli, impregnovan\u00c3\u0192\u00c2\u00a9 z\u00c3\u0192\u00c2\u00a1kladov\u00c3\u0192\u00c2\u00a9 pru\u00c3\u2026\u00c2\u00beiny, spojovac\u00c3\u0192\u00c2\u00ad materi\u00c3\u0192\u00c2\u00a1l a mont\u00c3\u0192\u00c2\u00a1\u00c3\u2026\u00c2\u00ben\u00c3\u0192\u00c2\u00ad n\u00c3\u0192\u00c2\u00a1vod. Cena nezahrnuje dopravu a st\u00c3\u2026\u00e2\u201e\u00a2e\u00c3\u2026\u00c2\u00a1n\u00c3\u0192\u00c2\u00ad krytinu.<\/p>\n","protected":false},"featured_media":65729,"template":"","meta":{"_acf_changed":false},"product_brand":[],"product_cat":[519,486,489],"product_tag":[],"class_list":{"0":"post-65768","1":"product","2":"type-product","3":"status-publish","4":"has-post-thumbnail","6":"product_cat-nove-produkty","7":"product_cat-zahradni-domky","8":"product_cat-zahradni-domky-70-mm","10":"first","11":"onbackorder","12":"sale","13":"taxable","14":"shipping-taxable","15":"purchasable","16":"product-type-variable"},"acf":[],"yoast_head":"<!-- This site is optimized with the Yoast SEO plugin v27.3 - https:\/\/yoast.com\/product\/yoast-seo-wordpress\/ -->\n<title>Tene.ee - Zahradn\u00c3\u0192\u00c2\u00ad domek Firenze C 70<\/title>\n<meta name=\"description\" content=\"Tene.ee Zahradn\u00c3\u0192\u00c2\u00ad domek Firenze C 70\" \/>\n<meta name=\"robots\" content=\"index, follow, max-snippet:-1, max-image-preview:large, max-video-preview:-1\" \/>\n<link rel=\"canonical\" href=\"https:\/\/tene.ee\/cs\/toode\/zahradni-domek-firenze-c-70\/\" \/>\n<meta property=\"og:locale\" content=\"cs_CZ\" \/>\n<meta property=\"og:type\" content=\"article\" \/>\n<meta property=\"og:title\" content=\"Tene.ee - Zahradn\u00c3\u0192\u00c2\u00ad domek Firenze C 70\" \/>\n<meta property=\"og:description\" content=\"Tene.ee Zahradn\u00c3\u0192\u00c2\u00ad domek Firenze C 70\" \/>\n<meta property=\"og:url\" content=\"https:\/\/tene.ee\/cs\/toode\/zahradni-domek-firenze-c-70\/\" \/>\n<meta property=\"og:site_name\" content=\"Tene.ee\" \/>\n<meta property=\"article:publisher\" content=\"https:\/\/www.facebook.com\/teneaiamajad\" \/>\n<meta property=\"og:image\" content=\"https:\/\/tene.ee\/wp-content\/uploads\/2024\/11\/FirenzeC-1024x683.jpg\" \/>\n\t<meta property=\"og:image:width\" content=\"1024\" \/>\n\t<meta property=\"og:image:height\" content=\"683\" \/>\n\t<meta property=\"og:image:type\" content=\"image\/jpeg\" \/>\n<meta name=\"twitter:card\" content=\"summary_large_image\" \/>\n<meta name=\"twitter:label1\" content=\"Odhadovan\u00e1 doba \u010dten\u00ed\" \/>\n\t<meta name=\"twitter:data1\" content=\"1 minuta\" \/>\n<script type=\"application\/ld+json\" class=\"yoast-schema-graph\">{\"@context\":\"https:\\\/\\\/schema.org\",\"@graph\":[{\"@type\":\"WebPage\",\"@id\":\"https:\\\/\\\/tene.ee\\\/cs\\\/toode\\\/zahradni-domek-firenze-c-70\\\/\",\"url\":\"https:\\\/\\\/tene.ee\\\/cs\\\/toode\\\/zahradni-domek-firenze-c-70\\\/\",\"name\":\"Tene.ee - Zahradn\u00c3\u0192\u00c2\u00ad domek Firenze C 70\",\"isPartOf\":{\"@id\":\"https:\\\/\\\/tene.ee\\\/cs\\\/#website\"},\"primaryImageOfPage\":{\"@id\":\"https:\\\/\\\/tene.ee\\\/cs\\\/toode\\\/zahradni-domek-firenze-c-70\\\/#primaryimage\"},\"image\":{\"@id\":\"https:\\\/\\\/tene.ee\\\/cs\\\/toode\\\/zahradni-domek-firenze-c-70\\\/#primaryimage\"},\"thumbnailUrl\":\"https:\\\/\\\/tene.ee\\\/wp-content\\\/uploads\\\/2024\\\/11\\\/FirenzeC.jpg\",\"datePublished\":\"2024-11-13T12:23:25+00:00\",\"description\":\"Tene.ee Zahradn\u00c3\u0192\u00c2\u00ad domek Firenze C 70\",\"breadcrumb\":{\"@id\":\"https:\\\/\\\/tene.ee\\\/cs\\\/toode\\\/zahradni-domek-firenze-c-70\\\/#breadcrumb\"},\"inLanguage\":\"cs\",\"potentialAction\":[{\"@type\":\"ReadAction\",\"target\":[\"https:\\\/\\\/tene.ee\\\/cs\\\/toode\\\/zahradni-domek-firenze-c-70\\\/\"]}]},{\"@type\":\"ImageObject\",\"inLanguage\":\"cs\",\"@id\":\"https:\\\/\\\/tene.ee\\\/cs\\\/toode\\\/zahradni-domek-firenze-c-70\\\/#primaryimage\",\"url\":\"https:\\\/\\\/tene.ee\\\/wp-content\\\/uploads\\\/2024\\\/11\\\/FirenzeC.jpg\",\"contentUrl\":\"https:\\\/\\\/tene.ee\\\/wp-content\\\/uploads\\\/2024\\\/11\\\/FirenzeC.jpg\",\"width\":2500,\"height\":1667},{\"@type\":\"BreadcrumbList\",\"@id\":\"https:\\\/\\\/tene.ee\\\/cs\\\/toode\\\/zahradni-domek-firenze-c-70\\\/#breadcrumb\",\"itemListElement\":[{\"@type\":\"ListItem\",\"position\":1,\"name\":\"Avaleht\",\"item\":\"https:\\\/\\\/tene.ee\\\/cs\\\/\"},{\"@type\":\"ListItem\",\"position\":2,\"name\":\"V\u0161echny produkty\",\"item\":\"http:\\\/\\\/tene.ee\\\/cs\\\/shop\\\/\"},{\"@type\":\"ListItem\",\"position\":3,\"name\":\"Zahradn\u00c3\u0192\u00c2\u00ad domek Firenze C 70\"}]},{\"@type\":\"WebSite\",\"@id\":\"https:\\\/\\\/tene.ee\\\/cs\\\/#website\",\"url\":\"https:\\\/\\\/tene.ee\\\/cs\\\/\",\"name\":\"Tene.ee - Kaunite hetkede jaoks sinu aias\",\"description\":\"Tene.ee - parimad puit- ja aiamajad otse tootjalt\",\"publisher\":{\"@id\":\"https:\\\/\\\/tene.ee\\\/cs\\\/#organization\"},\"alternateName\":\"Tene.ee\",\"potentialAction\":[{\"@type\":\"SearchAction\",\"target\":{\"@type\":\"EntryPoint\",\"urlTemplate\":\"https:\\\/\\\/tene.ee\\\/cs\\\/?s={search_term_string}\"},\"query-input\":{\"@type\":\"PropertyValueSpecification\",\"valueRequired\":true,\"valueName\":\"search_term_string\"}}],\"inLanguage\":\"cs\"},{\"@type\":\"Organization\",\"@id\":\"https:\\\/\\\/tene.ee\\\/cs\\\/#organization\",\"name\":\"Tene.ee\",\"url\":\"https:\\\/\\\/tene.ee\\\/cs\\\/\",\"logo\":{\"@type\":\"ImageObject\",\"inLanguage\":\"cs\",\"@id\":\"https:\\\/\\\/tene.ee\\\/cs\\\/#\\\/schema\\\/logo\\\/image\\\/\",\"url\":\"https:\\\/\\\/tene.ee\\\/wp-content\\\/uploads\\\/2024\\\/12\\\/TENE-logo-2018-2.png\",\"contentUrl\":\"https:\\\/\\\/tene.ee\\\/wp-content\\\/uploads\\\/2024\\\/12\\\/TENE-logo-2018-2.png\",\"width\":2339,\"height\":1654,\"caption\":\"Tene.ee\"},\"image\":{\"@id\":\"https:\\\/\\\/tene.ee\\\/cs\\\/#\\\/schema\\\/logo\\\/image\\\/\"},\"sameAs\":[\"https:\\\/\\\/www.facebook.com\\\/teneaiamajad\"]}]}<\/script>\n<!-- \/ Yoast SEO plugin. -->","yoast_head_json":{"title":"Tene.ee - Zahradn\u00c3\u0192\u00c2\u00ad domek Firenze C 70","description":"Tene.ee Zahradn\u00c3\u0192\u00c2\u00ad domek Firenze C 70","robots":{"index":"index","follow":"follow","max-snippet":"max-snippet:-1","max-image-preview":"max-image-preview:large","max-video-preview":"max-video-preview:-1"},"canonical":"https:\/\/tene.ee\/cs\/toode\/zahradni-domek-firenze-c-70\/","og_locale":"cs_CZ","og_type":"article","og_title":"Tene.ee - Zahradn\u00c3\u0192\u00c2\u00ad domek Firenze C 70","og_description":"Tene.ee Zahradn\u00c3\u0192\u00c2\u00ad domek Firenze C 70","og_url":"https:\/\/tene.ee\/cs\/toode\/zahradni-domek-firenze-c-70\/","og_site_name":"Tene.ee","article_publisher":"https:\/\/www.facebook.com\/teneaiamajad","og_image":[{"width":1024,"height":683,"url":"https:\/\/tene.ee\/wp-content\/uploads\/2024\/11\/FirenzeC-1024x683.jpg","type":"image\/jpeg"}],"twitter_card":"summary_large_image","twitter_misc":{"Odhadovan\u00e1 doba \u010dten\u00ed":"1 minuta"},"schema":{"@context":"https:\/\/schema.org","@graph":[{"@type":"WebPage","@id":"https:\/\/tene.ee\/cs\/toode\/zahradni-domek-firenze-c-70\/","url":"https:\/\/tene.ee\/cs\/toode\/zahradni-domek-firenze-c-70\/","name":"Tene.ee - Zahradn\u00c3\u0192\u00c2\u00ad domek Firenze C 70","isPartOf":{"@id":"https:\/\/tene.ee\/cs\/#website"},"primaryImageOfPage":{"@id":"https:\/\/tene.ee\/cs\/toode\/zahradni-domek-firenze-c-70\/#primaryimage"},"image":{"@id":"https:\/\/tene.ee\/cs\/toode\/zahradni-domek-firenze-c-70\/#primaryimage"},"thumbnailUrl":"https:\/\/tene.ee\/wp-content\/uploads\/2024\/11\/FirenzeC.jpg","datePublished":"2024-11-13T12:23:25+00:00","description":"Tene.ee Zahradn\u00c3\u0192\u00c2\u00ad domek Firenze C 70","breadcrumb":{"@id":"https:\/\/tene.ee\/cs\/toode\/zahradni-domek-firenze-c-70\/#breadcrumb"},"inLanguage":"cs","potentialAction":[{"@type":"ReadAction","target":["https:\/\/tene.ee\/cs\/toode\/zahradni-domek-firenze-c-70\/"]}]},{"@type":"ImageObject","inLanguage":"cs","@id":"https:\/\/tene.ee\/cs\/toode\/zahradni-domek-firenze-c-70\/#primaryimage","url":"https:\/\/tene.ee\/wp-content\/uploads\/2024\/11\/FirenzeC.jpg","contentUrl":"https:\/\/tene.ee\/wp-content\/uploads\/2024\/11\/FirenzeC.jpg","width":2500,"height":1667},{"@type":"BreadcrumbList","@id":"https:\/\/tene.ee\/cs\/toode\/zahradni-domek-firenze-c-70\/#breadcrumb","itemListElement":[{"@type":"ListItem","position":1,"name":"Avaleht","item":"https:\/\/tene.ee\/cs\/"},{"@type":"ListItem","position":2,"name":"V\u0161echny produkty","item":"http:\/\/tene.ee\/cs\/shop\/"},{"@type":"ListItem","position":3,"name":"Zahradn\u00c3\u0192\u00c2\u00ad domek Firenze C 70"}]},{"@type":"WebSite","@id":"https:\/\/tene.ee\/cs\/#website","url":"https:\/\/tene.ee\/cs\/","name":"Tene.ee - Kaunite hetkede jaoks sinu aias","description":"Tene.ee - parimad puit- ja aiamajad otse tootjalt","publisher":{"@id":"https:\/\/tene.ee\/cs\/#organization"},"alternateName":"Tene.ee","potentialAction":[{"@type":"SearchAction","target":{"@type":"EntryPoint","urlTemplate":"https:\/\/tene.ee\/cs\/?s={search_term_string}"},"query-input":{"@type":"PropertyValueSpecification","valueRequired":true,"valueName":"search_term_string"}}],"inLanguage":"cs"},{"@type":"Organization","@id":"https:\/\/tene.ee\/cs\/#organization","name":"Tene.ee","url":"https:\/\/tene.ee\/cs\/","logo":{"@type":"ImageObject","inLanguage":"cs","@id":"https:\/\/tene.ee\/cs\/#\/schema\/logo\/image\/","url":"https:\/\/tene.ee\/wp-content\/uploads\/2024\/12\/TENE-logo-2018-2.png","contentUrl":"https:\/\/tene.ee\/wp-content\/uploads\/2024\/12\/TENE-logo-2018-2.png","width":2339,"height":1654,"caption":"Tene.ee"},"image":{"@id":"https:\/\/tene.ee\/cs\/#\/schema\/logo\/image\/"},"sameAs":["https:\/\/www.facebook.com\/teneaiamajad"]}]}},"_links":{"self":[{"href":"https:\/\/tene.ee\/cs\/wp-json\/wp\/v2\/product\/65768","targetHints":{"allow":["GET"]}}],"collection":[{"href":"https:\/\/tene.ee\/cs\/wp-json\/wp\/v2\/product"}],"about":[{"href":"https:\/\/tene.ee\/cs\/wp-json\/wp\/v2\/types\/product"}],"wp:featuredmedia":[{"embeddable":true,"href":"https:\/\/tene.ee\/cs\/wp-json\/wp\/v2\/media\/65729"}],"wp:attachment":[{"href":"https:\/\/tene.ee\/cs\/wp-json\/wp\/v2\/media?parent=65768"}],"wp:term":[{"taxonomy":"product_brand","embeddable":true,"href":"https:\/\/tene.ee\/cs\/wp-json\/wp\/v2\/product_brand?post=65768"},{"taxonomy":"product_cat","embeddable":true,"href":"https:\/\/tene.ee\/cs\/wp-json\/wp\/v2\/product_cat?post=65768"},{"taxonomy":"product_tag","embeddable":true,"href":"https:\/\/tene.ee\/cs\/wp-json\/wp\/v2\/product_tag?post=65768"}],"curies":[{"name":"wp","href":"https:\/\/api.w.org\/{rel}","templated":true}]}}