{"id":65678,"date":"2024-11-13T13:08:32","date_gmt":"2024-11-13T11:08:32","guid":{"rendered":"https:\/\/tene.ee\/toode\/zahradni-domek-firenza-a-70mm\/"},"modified":"2024-11-13T13:08:32","modified_gmt":"2024-11-13T11:08:32","slug":"zahradni-domek-firenza-a-70mm","status":"publish","type":"product","link":"https:\/\/tene.ee\/cs\/toode\/zahradni-domek-firenza-a-70mm\/","title":{"rendered":"Zahradn\u00c3\u0192\u00c2\u00ad domek firenza A 70mm"},"content":{"rendered":"<p>Sada 70mm zahradn\u00c3\u0192\u00c2\u00adch domk\u00c3\u2026\u00c2\u00af, srub\u00c3\u2026\u00c2\u00af, p\u00c3\u2026\u00e2\u201e\u00a2\u00c3\u0192\u00c2\u00adst\u00c3\u2026\u00e2\u201e\u00a2e\u00c3\u2026\u00c2\u00a1k\u00c3\u2026\u00c2\u00af, alt\u00c3\u0192\u00c2\u00a1n\u00c3\u2026\u00c2\u00af, saun, alt\u00c3\u0192\u00c2\u00a1nk\u00c3\u2026\u00c2\u00af, grilovac\u00c3\u0192\u00c2\u00adch p\u00c3\u2026\u00e2\u201e\u00a2\u00c3\u0192\u00c2\u00adst\u00c3\u2026\u00e2\u201e\u00a2e\u00c3\u2026\u00c2\u00a1k\u00c3\u2026\u00c2\u00af a d\u00c3\u2026\u00e2\u201e\u00a2ev\u00c3\u201e\u00e2\u20ac\u00ban\u00c3\u0192\u00c2\u00bdch gar\u00c3\u0192\u00c2\u00a1\u00c3\u2026\u00c2\u00be\u00c3\u0192\u00c2\u00ad z produkce tov\u00c3\u0192\u00c2\u00a1rny na zahradn\u00c3\u0192\u00c2\u00ad a d\u00c3\u2026\u00e2\u201e\u00a2ev\u00c3\u201e\u00e2\u20ac\u00ban\u00c3\u0192\u00c2\u00a9 domky Tene obsahuje dve\u00c3\u2026\u00e2\u201e\u00a2e, okna, podlahu, spojovac\u00c3\u0192\u00c2\u00ad materi\u00c3\u0192\u00c2\u00a1l a mont\u00c3\u0192\u00c2\u00a1\u00c3\u2026\u00c2\u00ben\u00c3\u0192\u00c2\u00ad n\u00c3\u0192\u00c2\u00a1vod, d\u00c3\u0192\u00c2\u00adky kter\u00c3\u0192\u00c2\u00a9mu je stavba zahradn\u00c3\u0192\u00c2\u00ad domek snadn\u00c3\u0192\u00c2\u00a9 a zabere m\u00c3\u0192\u00c2\u00a1lo \u00c3\u201e\u00c2\u008dasu.<\/p>\n<p>Sada zahradn\u00c3\u0192\u00c2\u00adho domku TENE s tlou\u00c3\u2026\u00c2\u00a1\u00c3\u2026\u00c2\u00a5kou st\u00c3\u201e\u00e2\u20ac\u00bany 70 mm podle v\u00c3\u0192\u00c2\u00bdkresu v\u00c3\u0192\u00c2\u00bdrobku obsahuje:<\/p>\n<p>Pou\u00c3\u2026\u00c2\u00beit\u00c3\u0192\u00c2\u00a9 d\u00c3\u2026\u00e2\u201e\u00a2evo je 100% vysoce kvalitn\u00c3\u0192\u00c2\u00ad seversk\u00c3\u0192\u00c2\u00bd smrk<br \/>\nDve\u00c3\u2026\u00e2\u201e\u00a2e a okna ze speci\u00c3\u0192\u00c2\u00a1ln\u00c3\u0192\u00c2\u00adho such\u00c3\u0192\u00c2\u00a9ho lepen\u00c3\u0192\u00c2\u00a9ho d\u00c3\u2026\u00e2\u201e\u00a2eva (8%-12%).<br \/>\nOboustrann\u00c3\u0192\u00c2\u00a9 okno se sklen\u00c3\u201e\u00e2\u20ac\u00ban\u00c3\u0192\u00c2\u00bdm obalem<br \/>\nDvouk\u00c3\u2026\u00e2\u201e\u00a2\u00c3\u0192\u00c2\u00addl\u00c3\u0192\u00c2\u00a9 dve\u00c3\u2026\u00e2\u201e\u00a2e s balen\u00c3\u0192\u00c2\u00adm skla, v\u00c3\u201e\u00c2\u008detn\u00c3\u201e\u00e2\u20ac\u00ba kov\u00c3\u0192\u00c2\u00a1n\u00c3\u0192\u00c2\u00ad<br \/>\nStrop z profilov\u00c3\u0192\u00c2\u00a9 desky tlou\u00c3\u2026\u00c2\u00a1\u00c3\u2026\u00c2\u00a5ky 18 mm<br \/>\nPrahov\u00c3\u0192\u00c2\u00a1 deska z nerezov\u00c3\u0192\u00c2\u00a9 oceli<br \/>\nZ\u00c3\u0192\u00c2\u00a1vitov\u00c3\u0192\u00c2\u00a9 lat\u00c3\u201e\u00e2\u20ac\u00ba<br \/>\nAutokl\u00c3\u0192\u00c2\u00a1vovan\u00c3\u0192\u00c2\u00a9 d\u00c3\u2026\u00e2\u201e\u00a2ev\u00c3\u201e\u00e2\u20ac\u00ban\u00c3\u0192\u00c2\u00a9 z\u00c3\u0192\u00c2\u00a1kladov\u00c3\u0192\u00c2\u00a9 bloky<br \/>\nSpojovac\u00c3\u0192\u00c2\u00ad materi\u00c3\u0192\u00c2\u00a1l (h\u00c3\u2026\u00e2\u201e\u00a2eb\u00c3\u0192\u00c2\u00adky a \u00c3\u2026\u00c2\u00a1rouby)<br \/>\nPr\u00c3\u2026\u00c2\u00afvodce instalac\u00c3\u0192\u00c2\u00ad<br \/>\nCeny jsou platn\u00c3\u0192\u00c2\u00a9 v tov\u00c3\u0192\u00c2\u00a1rn\u00c3\u0192\u00c2\u00adm skladu Tene a zahrnuj\u00c3\u0192\u00c2\u00ad DPH. Ceny nezahrnuj\u00c3\u0192\u00c2\u00ad dopravu produktu.<\/p>\n","protected":false},"excerpt":{"rendered":"<p>V cen\u00c3\u201e\u00e2\u20ac\u00ba jsou dvouk\u00c3\u2026\u00e2\u201e\u00a2\u00c3\u0192\u00c2\u00addl\u00c3\u0192\u00c2\u00a9 dve\u00c3\u2026\u00e2\u201e\u00a2e s dvojsklem a okno s dvojsklem z lepen\u00c3\u0192\u00c2\u00a9ho d\u00c3\u2026\u00e2\u201e\u00a2eva, pr\u00c3\u0192\u00c2\u00a1h z nerezov\u00c3\u0192\u00c2\u00a9 oceli, impregnovan\u00c3\u0192\u00c2\u00a9 z\u00c3\u0192\u00c2\u00a1kladov\u00c3\u0192\u00c2\u00a9 tv\u00c3\u0192\u00c2\u00a1rnice, spojovac\u00c3\u0192\u00c2\u00ad materi\u00c3\u0192\u00c2\u00a1l a mont\u00c3\u0192\u00c2\u00a1\u00c3\u2026\u00c2\u00ben\u00c3\u0192\u00c2\u00ad n\u00c3\u0192\u00c2\u00a1vod. Cena nezahrnuje dopravu a st\u00c3\u2026\u00e2\u201e\u00a2e\u00c3\u2026\u00c2\u00a1n\u00c3\u0192\u00c2\u00ad krytinu.<\/p>\n","protected":false},"featured_media":72675,"template":"","meta":{"_acf_changed":false},"product_brand":[],"product_cat":[519,486,489],"product_tag":[],"class_list":{"0":"post-65678","1":"product","2":"type-product","3":"status-publish","4":"has-post-thumbnail","6":"product_cat-nove-produkty","7":"product_cat-zahradni-domky","8":"product_cat-zahradni-domky-70-mm","10":"first","11":"onbackorder","12":"sale","13":"taxable","14":"shipping-taxable","15":"purchasable","16":"product-type-variable","17":"has-default-attributes"},"acf":[],"yoast_head":"<!-- This site is optimized with the Yoast SEO plugin v27.3 - https:\/\/yoast.com\/product\/yoast-seo-wordpress\/ -->\n<title>Tene.ee - Zahradn\u00c3\u0192\u00c2\u00ad domek firenza A 70mm<\/title>\n<meta name=\"description\" content=\"Tene.ee Zahradn\u00c3\u0192\u00c2\u00ad domek firenza A 70mm\" \/>\n<meta name=\"robots\" content=\"index, follow, max-snippet:-1, max-image-preview:large, max-video-preview:-1\" \/>\n<link rel=\"canonical\" href=\"https:\/\/tene.ee\/cs\/toode\/zahradni-domek-firenza-a-70mm\/\" \/>\n<meta property=\"og:locale\" content=\"cs_CZ\" \/>\n<meta property=\"og:type\" content=\"article\" \/>\n<meta property=\"og:title\" content=\"Tene.ee - Zahradn\u00c3\u0192\u00c2\u00ad domek firenza A 70mm\" \/>\n<meta property=\"og:description\" content=\"Tene.ee Zahradn\u00c3\u0192\u00c2\u00ad domek firenza A 70mm\" \/>\n<meta property=\"og:url\" content=\"https:\/\/tene.ee\/cs\/toode\/zahradni-domek-firenza-a-70mm\/\" \/>\n<meta property=\"og:site_name\" content=\"Tene.ee\" \/>\n<meta property=\"article:publisher\" content=\"https:\/\/www.facebook.com\/teneaiamajad\" \/>\n<meta property=\"og:image\" content=\"http:\/\/tene.ee\/wp-content\/uploads\/2024\/11\/FirenzeA-1024x683.jpg\" \/>\n\t<meta property=\"og:image:width\" content=\"1024\" \/>\n\t<meta property=\"og:image:height\" content=\"683\" \/>\n\t<meta property=\"og:image:type\" content=\"image\/jpeg\" \/>\n<meta name=\"twitter:card\" content=\"summary_large_image\" \/>\n<meta name=\"twitter:label1\" content=\"Odhadovan\u00e1 doba \u010dten\u00ed\" \/>\n\t<meta name=\"twitter:data1\" content=\"1 minuta\" \/>\n<script type=\"application\/ld+json\" class=\"yoast-schema-graph\">{\"@context\":\"https:\\\/\\\/schema.org\",\"@graph\":[{\"@type\":\"WebPage\",\"@id\":\"https:\\\/\\\/tene.ee\\\/cs\\\/toode\\\/zahradni-domek-firenza-a-70mm\\\/\",\"url\":\"https:\\\/\\\/tene.ee\\\/cs\\\/toode\\\/zahradni-domek-firenza-a-70mm\\\/\",\"name\":\"Tene.ee - Zahradn\u00c3\u0192\u00c2\u00ad domek firenza A 70mm\",\"isPartOf\":{\"@id\":\"https:\\\/\\\/tene.ee\\\/cs\\\/#website\"},\"primaryImageOfPage\":{\"@id\":\"https:\\\/\\\/tene.ee\\\/cs\\\/toode\\\/zahradni-domek-firenza-a-70mm\\\/#primaryimage\"},\"image\":{\"@id\":\"https:\\\/\\\/tene.ee\\\/cs\\\/toode\\\/zahradni-domek-firenza-a-70mm\\\/#primaryimage\"},\"thumbnailUrl\":\"https:\\\/\\\/tene.ee\\\/wp-content\\\/uploads\\\/2024\\\/11\\\/FirenzeA.jpg\",\"datePublished\":\"2024-11-13T11:08:32+00:00\",\"description\":\"Tene.ee Zahradn\u00c3\u0192\u00c2\u00ad domek firenza A 70mm\",\"breadcrumb\":{\"@id\":\"https:\\\/\\\/tene.ee\\\/cs\\\/toode\\\/zahradni-domek-firenza-a-70mm\\\/#breadcrumb\"},\"inLanguage\":\"cs\",\"potentialAction\":[{\"@type\":\"ReadAction\",\"target\":[\"https:\\\/\\\/tene.ee\\\/cs\\\/toode\\\/zahradni-domek-firenza-a-70mm\\\/\"]}]},{\"@type\":\"ImageObject\",\"inLanguage\":\"cs\",\"@id\":\"https:\\\/\\\/tene.ee\\\/cs\\\/toode\\\/zahradni-domek-firenza-a-70mm\\\/#primaryimage\",\"url\":\"https:\\\/\\\/tene.ee\\\/wp-content\\\/uploads\\\/2024\\\/11\\\/FirenzeA.jpg\",\"contentUrl\":\"https:\\\/\\\/tene.ee\\\/wp-content\\\/uploads\\\/2024\\\/11\\\/FirenzeA.jpg\",\"width\":2500,\"height\":1667},{\"@type\":\"BreadcrumbList\",\"@id\":\"https:\\\/\\\/tene.ee\\\/cs\\\/toode\\\/zahradni-domek-firenza-a-70mm\\\/#breadcrumb\",\"itemListElement\":[{\"@type\":\"ListItem\",\"position\":1,\"name\":\"Avaleht\",\"item\":\"https:\\\/\\\/tene.ee\\\/cs\\\/\"},{\"@type\":\"ListItem\",\"position\":2,\"name\":\"V\u0161echny produkty\",\"item\":\"http:\\\/\\\/tene.ee\\\/cs\\\/shop\\\/\"},{\"@type\":\"ListItem\",\"position\":3,\"name\":\"Zahradn\u00c3\u0192\u00c2\u00ad domek firenza A 70mm\"}]},{\"@type\":\"WebSite\",\"@id\":\"https:\\\/\\\/tene.ee\\\/cs\\\/#website\",\"url\":\"https:\\\/\\\/tene.ee\\\/cs\\\/\",\"name\":\"Tene.ee - Kaunite hetkede jaoks sinu aias\",\"description\":\"Tene.ee - parimad puit- ja aiamajad otse tootjalt\",\"publisher\":{\"@id\":\"https:\\\/\\\/tene.ee\\\/cs\\\/#organization\"},\"alternateName\":\"Tene.ee\",\"potentialAction\":[{\"@type\":\"SearchAction\",\"target\":{\"@type\":\"EntryPoint\",\"urlTemplate\":\"https:\\\/\\\/tene.ee\\\/cs\\\/?s={search_term_string}\"},\"query-input\":{\"@type\":\"PropertyValueSpecification\",\"valueRequired\":true,\"valueName\":\"search_term_string\"}}],\"inLanguage\":\"cs\"},{\"@type\":\"Organization\",\"@id\":\"https:\\\/\\\/tene.ee\\\/cs\\\/#organization\",\"name\":\"Tene.ee\",\"url\":\"https:\\\/\\\/tene.ee\\\/cs\\\/\",\"logo\":{\"@type\":\"ImageObject\",\"inLanguage\":\"cs\",\"@id\":\"https:\\\/\\\/tene.ee\\\/cs\\\/#\\\/schema\\\/logo\\\/image\\\/\",\"url\":\"https:\\\/\\\/tene.ee\\\/wp-content\\\/uploads\\\/2024\\\/12\\\/TENE-logo-2018-2.png\",\"contentUrl\":\"https:\\\/\\\/tene.ee\\\/wp-content\\\/uploads\\\/2024\\\/12\\\/TENE-logo-2018-2.png\",\"width\":2339,\"height\":1654,\"caption\":\"Tene.ee\"},\"image\":{\"@id\":\"https:\\\/\\\/tene.ee\\\/cs\\\/#\\\/schema\\\/logo\\\/image\\\/\"},\"sameAs\":[\"https:\\\/\\\/www.facebook.com\\\/teneaiamajad\"]}]}<\/script>\n<!-- \/ Yoast SEO plugin. -->","yoast_head_json":{"title":"Tene.ee - Zahradn\u00c3\u0192\u00c2\u00ad domek firenza A 70mm","description":"Tene.ee Zahradn\u00c3\u0192\u00c2\u00ad domek firenza A 70mm","robots":{"index":"index","follow":"follow","max-snippet":"max-snippet:-1","max-image-preview":"max-image-preview:large","max-video-preview":"max-video-preview:-1"},"canonical":"https:\/\/tene.ee\/cs\/toode\/zahradni-domek-firenza-a-70mm\/","og_locale":"cs_CZ","og_type":"article","og_title":"Tene.ee - Zahradn\u00c3\u0192\u00c2\u00ad domek firenza A 70mm","og_description":"Tene.ee Zahradn\u00c3\u0192\u00c2\u00ad domek firenza A 70mm","og_url":"https:\/\/tene.ee\/cs\/toode\/zahradni-domek-firenza-a-70mm\/","og_site_name":"Tene.ee","article_publisher":"https:\/\/www.facebook.com\/teneaiamajad","og_image":[{"width":1024,"height":683,"url":"http:\/\/tene.ee\/wp-content\/uploads\/2024\/11\/FirenzeA-1024x683.jpg","type":"image\/jpeg"}],"twitter_card":"summary_large_image","twitter_misc":{"Odhadovan\u00e1 doba \u010dten\u00ed":"1 minuta"},"schema":{"@context":"https:\/\/schema.org","@graph":[{"@type":"WebPage","@id":"https:\/\/tene.ee\/cs\/toode\/zahradni-domek-firenza-a-70mm\/","url":"https:\/\/tene.ee\/cs\/toode\/zahradni-domek-firenza-a-70mm\/","name":"Tene.ee - Zahradn\u00c3\u0192\u00c2\u00ad domek firenza A 70mm","isPartOf":{"@id":"https:\/\/tene.ee\/cs\/#website"},"primaryImageOfPage":{"@id":"https:\/\/tene.ee\/cs\/toode\/zahradni-domek-firenza-a-70mm\/#primaryimage"},"image":{"@id":"https:\/\/tene.ee\/cs\/toode\/zahradni-domek-firenza-a-70mm\/#primaryimage"},"thumbnailUrl":"https:\/\/tene.ee\/wp-content\/uploads\/2024\/11\/FirenzeA.jpg","datePublished":"2024-11-13T11:08:32+00:00","description":"Tene.ee Zahradn\u00c3\u0192\u00c2\u00ad domek firenza A 70mm","breadcrumb":{"@id":"https:\/\/tene.ee\/cs\/toode\/zahradni-domek-firenza-a-70mm\/#breadcrumb"},"inLanguage":"cs","potentialAction":[{"@type":"ReadAction","target":["https:\/\/tene.ee\/cs\/toode\/zahradni-domek-firenza-a-70mm\/"]}]},{"@type":"ImageObject","inLanguage":"cs","@id":"https:\/\/tene.ee\/cs\/toode\/zahradni-domek-firenza-a-70mm\/#primaryimage","url":"https:\/\/tene.ee\/wp-content\/uploads\/2024\/11\/FirenzeA.jpg","contentUrl":"https:\/\/tene.ee\/wp-content\/uploads\/2024\/11\/FirenzeA.jpg","width":2500,"height":1667},{"@type":"BreadcrumbList","@id":"https:\/\/tene.ee\/cs\/toode\/zahradni-domek-firenza-a-70mm\/#breadcrumb","itemListElement":[{"@type":"ListItem","position":1,"name":"Avaleht","item":"https:\/\/tene.ee\/cs\/"},{"@type":"ListItem","position":2,"name":"V\u0161echny produkty","item":"http:\/\/tene.ee\/cs\/shop\/"},{"@type":"ListItem","position":3,"name":"Zahradn\u00c3\u0192\u00c2\u00ad domek firenza A 70mm"}]},{"@type":"WebSite","@id":"https:\/\/tene.ee\/cs\/#website","url":"https:\/\/tene.ee\/cs\/","name":"Tene.ee - Kaunite hetkede jaoks sinu aias","description":"Tene.ee - parimad puit- ja aiamajad otse tootjalt","publisher":{"@id":"https:\/\/tene.ee\/cs\/#organization"},"alternateName":"Tene.ee","potentialAction":[{"@type":"SearchAction","target":{"@type":"EntryPoint","urlTemplate":"https:\/\/tene.ee\/cs\/?s={search_term_string}"},"query-input":{"@type":"PropertyValueSpecification","valueRequired":true,"valueName":"search_term_string"}}],"inLanguage":"cs"},{"@type":"Organization","@id":"https:\/\/tene.ee\/cs\/#organization","name":"Tene.ee","url":"https:\/\/tene.ee\/cs\/","logo":{"@type":"ImageObject","inLanguage":"cs","@id":"https:\/\/tene.ee\/cs\/#\/schema\/logo\/image\/","url":"https:\/\/tene.ee\/wp-content\/uploads\/2024\/12\/TENE-logo-2018-2.png","contentUrl":"https:\/\/tene.ee\/wp-content\/uploads\/2024\/12\/TENE-logo-2018-2.png","width":2339,"height":1654,"caption":"Tene.ee"},"image":{"@id":"https:\/\/tene.ee\/cs\/#\/schema\/logo\/image\/"},"sameAs":["https:\/\/www.facebook.com\/teneaiamajad"]}]}},"_links":{"self":[{"href":"https:\/\/tene.ee\/cs\/wp-json\/wp\/v2\/product\/65678","targetHints":{"allow":["GET"]}}],"collection":[{"href":"https:\/\/tene.ee\/cs\/wp-json\/wp\/v2\/product"}],"about":[{"href":"https:\/\/tene.ee\/cs\/wp-json\/wp\/v2\/types\/product"}],"wp:featuredmedia":[{"embeddable":true,"href":"https:\/\/tene.ee\/cs\/wp-json\/wp\/v2\/media\/72675"}],"wp:attachment":[{"href":"https:\/\/tene.ee\/cs\/wp-json\/wp\/v2\/media?parent=65678"}],"wp:term":[{"taxonomy":"product_brand","embeddable":true,"href":"https:\/\/tene.ee\/cs\/wp-json\/wp\/v2\/product_brand?post=65678"},{"taxonomy":"product_cat","embeddable":true,"href":"https:\/\/tene.ee\/cs\/wp-json\/wp\/v2\/product_cat?post=65678"},{"taxonomy":"product_tag","embeddable":true,"href":"https:\/\/tene.ee\/cs\/wp-json\/wp\/v2\/product_tag?post=65678"}],"curies":[{"name":"wp","href":"https:\/\/api.w.org\/{rel}","templated":true}]}}