{"id":65620,"date":"2024-11-12T14:05:50","date_gmt":"2024-11-12T12:05:50","guid":{"rendered":"https:\/\/tene.ee\/toode\/drevena-kulna-tobias-6m2\/"},"modified":"2024-11-28T11:07:54","modified_gmt":"2024-11-28T09:07:54","slug":"drevena-kulna-tobias-6m2","status":"publish","type":"product","link":"https:\/\/tene.ee\/cs\/toode\/drevena-kulna-tobias-6m2\/","title":{"rendered":"D\u0159ev\u011bn\u00e1 k\u016flna Tobias 25m2"},"content":{"rendered":"<p>D\u0159ev\u011bn\u00e1 k\u016flna Tobias 25m2 obsahuje: st\u011bnu 40 x 143 mm krokve 40 x 143 mm okap a ukon\u010dovac\u00ed prkna 40 x 143 mm v\u011btrac\u00ed mezery mezi st\u011bnov\u00fdmi prkny \u0161\u00ed\u0159ka p\u0159edn\u00ed st\u011bny 5080 mm (d\u00e9lka st\u011bnov\u00e9ho prkna 5260 mm) d\u00e9lka bo\u010dn\u00ed st\u011bny 4900 mm (st\u011bna d\u00e9lka desky 5080 mm) v\u00fd\u0161ka bo\u010dn\u00ed st\u011bny 1720 mm h\u0159eben st\u0159echy 3260 mm d\u00e9lka h\u0159ebene st\u0159echy 5760 mm2 x oboustrann\u00e9 dve\u0159e 1518 x 1650 mm upev\u0148ovac\u00ed prvky st\u0159echa 18 mm siln\u00e1 profilov\u00e1 deska Sada Tene d\u0159evn\u00edku s podlahou obsahuje: impregnovan\u00e1 prkna 45 x 70 mm nehoblovan\u00e1 prkna 32 x 125 mm Ceny jsou platn\u00e9 v tov\u00e1rn\u00edm skladu Tene a zahrnuj\u00ed DPH. Ceny nezahrnuj\u00ed dopravu produktu.<\/p>\n","protected":false},"excerpt":{"rendered":"<p>Snadno sestaviteln\u00fd d\u0159evn\u00edk Tobias je ide\u00e1ln\u00edm m\u00edstem pro uskladn\u011bn\u00ed palivov\u00e9ho d\u0159eva a zahradn\u00edho n\u00e1\u0159ad\u00ed, kter\u00e9 se nehod\u00ed nebo nehod\u00ed do obytn\u00fdch prostor. D\u0159ev\u011bn\u00e1 bouda Tobias je k dispozici v n\u011bkolika r\u016fzn\u00fdch velikostech &#8211; sta\u010d\u00ed si vybrat tu, kter\u00e1 v\u00e1m nejl\u00e9pe vyhovuje! Cena zahrnuje dv\u00ed\u0159ka k\u016flny, spojovac\u00ed materi\u00e1l a technick\u00fd v\u00fdkres.<br \/>\nCena nezahrnuje dopravu a st\u0159e\u0161n\u00ed krytinu.<\/p>\n","protected":false},"featured_media":64292,"template":"","meta":{"_acf_changed":false},"product_brand":[],"product_cat":[493],"product_tag":[],"class_list":{"0":"post-65620","1":"product","2":"type-product","3":"status-publish","4":"has-post-thumbnail","6":"product_cat-drevniky","7":"product_shipping_class-390e-cs","9":"first","10":"onbackorder","11":"sale","12":"purchasable","13":"product-type-variable","14":"has-default-attributes"},"acf":[],"yoast_head":"<!-- This site is optimized with the Yoast SEO plugin v27.3 - https:\/\/yoast.com\/product\/yoast-seo-wordpress\/ -->\n<title>Tene.ee - D\u0159ev\u011bn\u00e1 k\u016flna Tobias 25m2<\/title>\n<meta name=\"description\" content=\"Tene.ee D\u0159ev\u011bn\u00e1 k\u016flna Tobias 25m2\" \/>\n<meta name=\"robots\" content=\"index, follow, max-snippet:-1, max-image-preview:large, max-video-preview:-1\" \/>\n<link rel=\"canonical\" href=\"https:\/\/tene.ee\/cs\/toode\/drevena-kulna-tobias-6m2\/\" \/>\n<meta property=\"og:locale\" content=\"cs_CZ\" \/>\n<meta property=\"og:type\" content=\"article\" \/>\n<meta property=\"og:title\" content=\"Tene.ee - D\u0159ev\u011bn\u00e1 k\u016flna Tobias 25m2\" \/>\n<meta property=\"og:description\" content=\"Tene.ee D\u0159ev\u011bn\u00e1 k\u016flna Tobias 25m2\" \/>\n<meta property=\"og:url\" content=\"https:\/\/tene.ee\/cs\/toode\/drevena-kulna-tobias-6m2\/\" \/>\n<meta property=\"og:site_name\" content=\"Tene.ee\" \/>\n<meta property=\"article:publisher\" content=\"https:\/\/www.facebook.com\/teneaiamajad\" \/>\n<meta property=\"article:modified_time\" content=\"2024-11-28T09:07:54+00:00\" \/>\n<meta property=\"og:image\" content=\"http:\/\/tene.ee\/wp-content\/uploads\/2024\/11\/Tobias_10A-1024x683.jpg\" \/>\n\t<meta property=\"og:image:width\" content=\"1024\" \/>\n\t<meta property=\"og:image:height\" content=\"683\" \/>\n\t<meta property=\"og:image:type\" content=\"image\/jpeg\" \/>\n<meta name=\"twitter:card\" content=\"summary_large_image\" \/>\n<meta name=\"twitter:label1\" content=\"Odhadovan\u00e1 doba \u010dten\u00ed\" \/>\n\t<meta name=\"twitter:data1\" content=\"1 minuta\" \/>\n<script type=\"application\/ld+json\" class=\"yoast-schema-graph\">{\"@context\":\"https:\\\/\\\/schema.org\",\"@graph\":[{\"@type\":\"WebPage\",\"@id\":\"https:\\\/\\\/tene.ee\\\/cs\\\/toode\\\/drevena-kulna-tobias-6m2\\\/\",\"url\":\"https:\\\/\\\/tene.ee\\\/cs\\\/toode\\\/drevena-kulna-tobias-6m2\\\/\",\"name\":\"Tene.ee - D\u0159ev\u011bn\u00e1 k\u016flna Tobias 25m2\",\"isPartOf\":{\"@id\":\"https:\\\/\\\/tene.ee\\\/cs\\\/#website\"},\"primaryImageOfPage\":{\"@id\":\"https:\\\/\\\/tene.ee\\\/cs\\\/toode\\\/drevena-kulna-tobias-6m2\\\/#primaryimage\"},\"image\":{\"@id\":\"https:\\\/\\\/tene.ee\\\/cs\\\/toode\\\/drevena-kulna-tobias-6m2\\\/#primaryimage\"},\"thumbnailUrl\":\"https:\\\/\\\/tene.ee\\\/wp-content\\\/uploads\\\/2024\\\/11\\\/Tobias_10A.jpg\",\"datePublished\":\"2024-11-12T12:05:50+00:00\",\"dateModified\":\"2024-11-28T09:07:54+00:00\",\"description\":\"Tene.ee D\u0159ev\u011bn\u00e1 k\u016flna Tobias 25m2\",\"breadcrumb\":{\"@id\":\"https:\\\/\\\/tene.ee\\\/cs\\\/toode\\\/drevena-kulna-tobias-6m2\\\/#breadcrumb\"},\"inLanguage\":\"cs\",\"potentialAction\":[{\"@type\":\"ReadAction\",\"target\":[\"https:\\\/\\\/tene.ee\\\/cs\\\/toode\\\/drevena-kulna-tobias-6m2\\\/\"]}]},{\"@type\":\"ImageObject\",\"inLanguage\":\"cs\",\"@id\":\"https:\\\/\\\/tene.ee\\\/cs\\\/toode\\\/drevena-kulna-tobias-6m2\\\/#primaryimage\",\"url\":\"https:\\\/\\\/tene.ee\\\/wp-content\\\/uploads\\\/2024\\\/11\\\/Tobias_10A.jpg\",\"contentUrl\":\"https:\\\/\\\/tene.ee\\\/wp-content\\\/uploads\\\/2024\\\/11\\\/Tobias_10A.jpg\",\"width\":2500,\"height\":1667},{\"@type\":\"BreadcrumbList\",\"@id\":\"https:\\\/\\\/tene.ee\\\/cs\\\/toode\\\/drevena-kulna-tobias-6m2\\\/#breadcrumb\",\"itemListElement\":[{\"@type\":\"ListItem\",\"position\":1,\"name\":\"Avaleht\",\"item\":\"https:\\\/\\\/tene.ee\\\/cs\\\/\"},{\"@type\":\"ListItem\",\"position\":2,\"name\":\"V\u0161echny produkty\",\"item\":\"http:\\\/\\\/tene.ee\\\/cs\\\/shop\\\/\"},{\"@type\":\"ListItem\",\"position\":3,\"name\":\"D\u0159ev\u011bn\u00e1 k\u016flna Tobias 25m2\"}]},{\"@type\":\"WebSite\",\"@id\":\"https:\\\/\\\/tene.ee\\\/cs\\\/#website\",\"url\":\"https:\\\/\\\/tene.ee\\\/cs\\\/\",\"name\":\"Tene.ee - Kaunite hetkede jaoks sinu aias\",\"description\":\"Tene.ee - parimad puit- ja aiamajad otse tootjalt\",\"publisher\":{\"@id\":\"https:\\\/\\\/tene.ee\\\/cs\\\/#organization\"},\"alternateName\":\"Tene.ee\",\"potentialAction\":[{\"@type\":\"SearchAction\",\"target\":{\"@type\":\"EntryPoint\",\"urlTemplate\":\"https:\\\/\\\/tene.ee\\\/cs\\\/?s={search_term_string}\"},\"query-input\":{\"@type\":\"PropertyValueSpecification\",\"valueRequired\":true,\"valueName\":\"search_term_string\"}}],\"inLanguage\":\"cs\"},{\"@type\":\"Organization\",\"@id\":\"https:\\\/\\\/tene.ee\\\/cs\\\/#organization\",\"name\":\"Tene.ee\",\"url\":\"https:\\\/\\\/tene.ee\\\/cs\\\/\",\"logo\":{\"@type\":\"ImageObject\",\"inLanguage\":\"cs\",\"@id\":\"https:\\\/\\\/tene.ee\\\/cs\\\/#\\\/schema\\\/logo\\\/image\\\/\",\"url\":\"https:\\\/\\\/tene.ee\\\/wp-content\\\/uploads\\\/2024\\\/12\\\/TENE-logo-2018-2.png\",\"contentUrl\":\"https:\\\/\\\/tene.ee\\\/wp-content\\\/uploads\\\/2024\\\/12\\\/TENE-logo-2018-2.png\",\"width\":2339,\"height\":1654,\"caption\":\"Tene.ee\"},\"image\":{\"@id\":\"https:\\\/\\\/tene.ee\\\/cs\\\/#\\\/schema\\\/logo\\\/image\\\/\"},\"sameAs\":[\"https:\\\/\\\/www.facebook.com\\\/teneaiamajad\"]}]}<\/script>\n<!-- \/ Yoast SEO plugin. -->","yoast_head_json":{"title":"Tene.ee - D\u0159ev\u011bn\u00e1 k\u016flna Tobias 25m2","description":"Tene.ee D\u0159ev\u011bn\u00e1 k\u016flna Tobias 25m2","robots":{"index":"index","follow":"follow","max-snippet":"max-snippet:-1","max-image-preview":"max-image-preview:large","max-video-preview":"max-video-preview:-1"},"canonical":"https:\/\/tene.ee\/cs\/toode\/drevena-kulna-tobias-6m2\/","og_locale":"cs_CZ","og_type":"article","og_title":"Tene.ee - D\u0159ev\u011bn\u00e1 k\u016flna Tobias 25m2","og_description":"Tene.ee D\u0159ev\u011bn\u00e1 k\u016flna Tobias 25m2","og_url":"https:\/\/tene.ee\/cs\/toode\/drevena-kulna-tobias-6m2\/","og_site_name":"Tene.ee","article_publisher":"https:\/\/www.facebook.com\/teneaiamajad","article_modified_time":"2024-11-28T09:07:54+00:00","og_image":[{"width":1024,"height":683,"url":"http:\/\/tene.ee\/wp-content\/uploads\/2024\/11\/Tobias_10A-1024x683.jpg","type":"image\/jpeg"}],"twitter_card":"summary_large_image","twitter_misc":{"Odhadovan\u00e1 doba \u010dten\u00ed":"1 minuta"},"schema":{"@context":"https:\/\/schema.org","@graph":[{"@type":"WebPage","@id":"https:\/\/tene.ee\/cs\/toode\/drevena-kulna-tobias-6m2\/","url":"https:\/\/tene.ee\/cs\/toode\/drevena-kulna-tobias-6m2\/","name":"Tene.ee - D\u0159ev\u011bn\u00e1 k\u016flna Tobias 25m2","isPartOf":{"@id":"https:\/\/tene.ee\/cs\/#website"},"primaryImageOfPage":{"@id":"https:\/\/tene.ee\/cs\/toode\/drevena-kulna-tobias-6m2\/#primaryimage"},"image":{"@id":"https:\/\/tene.ee\/cs\/toode\/drevena-kulna-tobias-6m2\/#primaryimage"},"thumbnailUrl":"https:\/\/tene.ee\/wp-content\/uploads\/2024\/11\/Tobias_10A.jpg","datePublished":"2024-11-12T12:05:50+00:00","dateModified":"2024-11-28T09:07:54+00:00","description":"Tene.ee D\u0159ev\u011bn\u00e1 k\u016flna Tobias 25m2","breadcrumb":{"@id":"https:\/\/tene.ee\/cs\/toode\/drevena-kulna-tobias-6m2\/#breadcrumb"},"inLanguage":"cs","potentialAction":[{"@type":"ReadAction","target":["https:\/\/tene.ee\/cs\/toode\/drevena-kulna-tobias-6m2\/"]}]},{"@type":"ImageObject","inLanguage":"cs","@id":"https:\/\/tene.ee\/cs\/toode\/drevena-kulna-tobias-6m2\/#primaryimage","url":"https:\/\/tene.ee\/wp-content\/uploads\/2024\/11\/Tobias_10A.jpg","contentUrl":"https:\/\/tene.ee\/wp-content\/uploads\/2024\/11\/Tobias_10A.jpg","width":2500,"height":1667},{"@type":"BreadcrumbList","@id":"https:\/\/tene.ee\/cs\/toode\/drevena-kulna-tobias-6m2\/#breadcrumb","itemListElement":[{"@type":"ListItem","position":1,"name":"Avaleht","item":"https:\/\/tene.ee\/cs\/"},{"@type":"ListItem","position":2,"name":"V\u0161echny produkty","item":"http:\/\/tene.ee\/cs\/shop\/"},{"@type":"ListItem","position":3,"name":"D\u0159ev\u011bn\u00e1 k\u016flna Tobias 25m2"}]},{"@type":"WebSite","@id":"https:\/\/tene.ee\/cs\/#website","url":"https:\/\/tene.ee\/cs\/","name":"Tene.ee - Kaunite hetkede jaoks sinu aias","description":"Tene.ee - parimad puit- ja aiamajad otse tootjalt","publisher":{"@id":"https:\/\/tene.ee\/cs\/#organization"},"alternateName":"Tene.ee","potentialAction":[{"@type":"SearchAction","target":{"@type":"EntryPoint","urlTemplate":"https:\/\/tene.ee\/cs\/?s={search_term_string}"},"query-input":{"@type":"PropertyValueSpecification","valueRequired":true,"valueName":"search_term_string"}}],"inLanguage":"cs"},{"@type":"Organization","@id":"https:\/\/tene.ee\/cs\/#organization","name":"Tene.ee","url":"https:\/\/tene.ee\/cs\/","logo":{"@type":"ImageObject","inLanguage":"cs","@id":"https:\/\/tene.ee\/cs\/#\/schema\/logo\/image\/","url":"https:\/\/tene.ee\/wp-content\/uploads\/2024\/12\/TENE-logo-2018-2.png","contentUrl":"https:\/\/tene.ee\/wp-content\/uploads\/2024\/12\/TENE-logo-2018-2.png","width":2339,"height":1654,"caption":"Tene.ee"},"image":{"@id":"https:\/\/tene.ee\/cs\/#\/schema\/logo\/image\/"},"sameAs":["https:\/\/www.facebook.com\/teneaiamajad"]}]}},"_links":{"self":[{"href":"https:\/\/tene.ee\/cs\/wp-json\/wp\/v2\/product\/65620","targetHints":{"allow":["GET"]}}],"collection":[{"href":"https:\/\/tene.ee\/cs\/wp-json\/wp\/v2\/product"}],"about":[{"href":"https:\/\/tene.ee\/cs\/wp-json\/wp\/v2\/types\/product"}],"wp:featuredmedia":[{"embeddable":true,"href":"https:\/\/tene.ee\/cs\/wp-json\/wp\/v2\/media\/64292"}],"wp:attachment":[{"href":"https:\/\/tene.ee\/cs\/wp-json\/wp\/v2\/media?parent=65620"}],"wp:term":[{"taxonomy":"product_brand","embeddable":true,"href":"https:\/\/tene.ee\/cs\/wp-json\/wp\/v2\/product_brand?post=65620"},{"taxonomy":"product_cat","embeddable":true,"href":"https:\/\/tene.ee\/cs\/wp-json\/wp\/v2\/product_cat?post=65620"},{"taxonomy":"product_tag","embeddable":true,"href":"https:\/\/tene.ee\/cs\/wp-json\/wp\/v2\/product_tag?post=65620"}],"curies":[{"name":"wp","href":"https:\/\/api.w.org\/{rel}","templated":true}]}}