{"id":22148,"date":"2024-07-12T14:18:48","date_gmt":"2024-07-12T11:18:48","guid":{"rendered":"https:\/\/tene.ee\/toode\/aiamaja-gotland-b-70-mm-2\/"},"modified":"2024-10-28T11:02:58","modified_gmt":"2024-10-28T09:02:58","slug":"aiamaja-gotland-b-70-mm-2","status":"publish","type":"product","link":"https:\/\/tene.ee\/cs\/toode\/aiamaja-gotland-b-70-mm-2\/","title":{"rendered":"Zahradn\u00c3\u0192\u00c2\u00ad p\u00c3\u2026\u00e2\u201e\u00a2\u00c3\u0192\u00c2\u00adst\u00c3\u2026\u00e2\u201e\u00a2e\u00c3\u2026\u00c2\u00a1ek Gotland B 70 mm"},"content":{"rendered":"<p>Zahradn\u00c3\u0192\u00c2\u00ad p\u00c3\u2026\u00e2\u201e\u00a2\u00c3\u0192\u00c2\u00adst\u00c3\u2026\u00e2\u201e\u00a2e\u00c3\u2026\u00c2\u00a1ky, sruby, k\u00c3\u2026\u00c2\u00aflny, pavilony, sauny, alt\u00c3\u0192\u00c2\u00a1ny, grily a d\u00c3\u2026\u00e2\u201e\u00a2ev\u00c3\u201e\u00e2\u20ac\u00ban\u00c3\u0192\u00c2\u00a9 gar\u00c3\u0192\u00c2\u00a1\u00c3\u2026\u00c2\u00bee o pr\u00c3\u2026\u00c2\u00afm\u00c3\u201e\u00e2\u20ac\u00baru 70 mm, kter\u00c3\u0192\u00c2\u00a9 se vyr\u00c3\u0192\u00c2\u00a1b\u00c3\u201e\u00e2\u20ac\u00baj\u00c3\u0192\u00c2\u00ad v tov\u00c3\u0192\u00c2\u00a1rn\u00c3\u201e\u00e2\u20ac\u00ba na zahradn\u00c3\u0192\u00c2\u00ad a d\u00c3\u2026\u00e2\u201e\u00a2ev\u00c3\u201e\u00e2\u20ac\u00ban\u00c3\u0192\u00c2\u00a9 stavby Tene, jsou dod\u00c3\u0192\u00c2\u00a1v\u00c3\u0192\u00c2\u00a1ny s dve\u00c3\u2026\u00e2\u201e\u00a2mi, okny, r\u00c3\u0192\u00c2\u00a1my, upev\u00c3\u2026\u00cb\u2020ovac\u00c3\u0192\u00c2\u00admi prvky a mont\u00c3\u0192\u00c2\u00a1\u00c3\u2026\u00c2\u00ben\u00c3\u0192\u00c2\u00adm n\u00c3\u0192\u00c2\u00a1vodem, aby byla stavba zahradn\u00c3\u0192\u00c2\u00adho p\u00c3\u2026\u00e2\u201e\u00a2\u00c3\u0192\u00c2\u00adst\u00c3\u2026\u00e2\u201e\u00a2e\u00c3\u2026\u00c2\u00a1ku snadn\u00c3\u0192\u00c2\u00a1 a \u00c3\u201e\u00c2\u008dasov\u00c3\u201e\u00e2\u20ac\u00ba nen\u00c3\u0192\u00c2\u00a1ro\u00c3\u201e\u00c2\u008dn\u00c3\u0192\u00c2\u00a1.<\/p>\n<p>Sada zahradn\u00c3\u0192\u00c2\u00adho domku TENE o tlou\u00c3\u2026\u00c2\u00a1\u00c3\u2026\u00c2\u00a5ce st\u00c3\u201e\u00e2\u20ac\u00bany 70 mm, jak je zn\u00c3\u0192\u00c2\u00a1zorn\u00c3\u201e\u00e2\u20ac\u00bano na v\u00c3\u0192\u00c2\u00bdkresu v\u00c3\u0192\u00c2\u00bdrobku, obsahuje:<\/p>\n<p>Pou\u00c3\u2026\u00c2\u00beit\u00c3\u0192\u00c2\u00a9 d\u00c3\u2026\u00e2\u201e\u00a2evo je 100% p\u00c3\u2026\u00e2\u201e\u00a2\u00c3\u0192\u00c2\u00adrodn\u00c3\u0192\u00c2\u00ad, vysoce kvalitn\u00c3\u0192\u00c2\u00ad smrk.<br \/>\nDve\u00c3\u2026\u00e2\u201e\u00a2e a okna ze speci\u00c3\u0192\u00c2\u00a1ln\u00c3\u0192\u00c2\u00adho lepen\u00c3\u0192\u00c2\u00a9ho lamelov\u00c3\u0192\u00c2\u00a9ho d\u00c3\u2026\u00e2\u201e\u00a2eva (8-12 %).<br \/>\nN\u00c3\u201e\u00e2\u20ac\u00bameck\u00c3\u0192\u00c2\u00bd typ s balen\u00c3\u0192\u00c2\u00adm skla, oto\u00c3\u201e\u00c2\u008dn\u00c3\u0192\u00c2\u00a1 okna\u00c3\u0192\u00e2\u20ac\u0161<br \/>\nDve\u00c3\u2026\u00e2\u201e\u00a2e n\u00c3\u201e\u00e2\u20ac\u00bameck\u00c3\u0192\u00c2\u00a9ho typu se sklen\u00c3\u201e\u00e2\u20ac\u00ban\u00c3\u0192\u00c2\u00bdm paketem, v\u00c3\u201e\u00c2\u008detn\u00c3\u201e\u00e2\u20ac\u00ba d\u00c3\u0192\u00c2\u00bdhy.<br \/>\nStrop z profilovan\u00c3\u0192\u00c2\u00a9ho d\u00c3\u2026\u00e2\u201e\u00a2eva o tlou\u00c3\u2026\u00c2\u00a1\u00c3\u2026\u00c2\u00a5ce 18 mm.<br \/>\nOkenn\u00c3\u0192\u00c2\u00ad paket z nerezov\u00c3\u0192\u00c2\u00a9ho plechu<br \/>\nZ\u00c3\u0192\u00c2\u00a1vitov\u00c3\u0192\u00c2\u00a9 spojovac\u00c3\u0192\u00c2\u00ad prvky<br \/>\nAutokl\u00c3\u0192\u00c2\u00a1vovan\u00c3\u0192\u00c2\u00a9 impregnovan\u00c3\u0192\u00c2\u00a9 d\u00c3\u2026\u00e2\u201e\u00a2ev\u00c3\u201e\u00e2\u20ac\u00ban\u00c3\u0192\u00c2\u00a9 z\u00c3\u0192\u00c2\u00a1kladov\u00c3\u0192\u00c2\u00a9 tr\u00c3\u0192\u00c2\u00a1my<br \/>\nSpojovac\u00c3\u0192\u00c2\u00ad materi\u00c3\u0192\u00c2\u00a1l (h\u00c3\u2026\u00e2\u201e\u00a2eb\u00c3\u0192\u00c2\u00adky a \u00c3\u2026\u00c2\u00a1rouby).<br \/>\nMont\u00c3\u0192\u00c2\u00a1\u00c3\u2026\u00c2\u00ben\u00c3\u0192\u00c2\u00ad n\u00c3\u0192\u00c2\u00a1vod<\/p>\n<p>Ceny jsou uvedeny z v\u00c3\u0192\u00c2\u00bdrobn\u00c3\u0192\u00c2\u00adho skladu spole\u00c3\u201e\u00c2\u008dnosti Tene a zahrnuj\u00c3\u0192\u00c2\u00ad DPH. Ceny nezahrnuj\u00c3\u0192\u00c2\u00ad dopravu.<\/p>\n","protected":false},"excerpt":{"rendered":"<p class=\"p2\">Hinnas liimpuidust klaaspaketiga uksed ja klaaspaketiga aknad, roostevabast plekist l\u00c3\u0192\u00c6\u2019\u00c3\u201a\u00c2\u00a4vepakk, immutatud vundamendiprussid, kinnitusvahendid ja paigaldusjuhend. Hind ei sisalda transporti ja katusekatte materjali.<\/p>\n","protected":false},"featured_media":3479,"template":"","meta":{"_acf_changed":false},"product_brand":[],"product_cat":[486,489],"product_tag":[],"class_list":{"0":"post-22148","1":"product","2":"type-product","3":"status-publish","4":"has-post-thumbnail","6":"product_cat-zahradni-domky","7":"product_cat-zahradni-domky-70-mm","8":"pa_iseloomustus-3-pokoje-cs","9":"pa_iseloomustus-ctvercovy-dum","10":"pa_katuse-tuup-viilkatus-cs","11":"pa_pindala-20-40-m2-cs","12":"pa_seina-paksus-70-mm-cs","14":"first","15":"onbackorder","16":"sale","17":"purchasable","18":"product-type-variable","19":"has-default-attributes"},"acf":[],"yoast_head":"<!-- This site is optimized with the Yoast SEO plugin v27.3 - https:\/\/yoast.com\/product\/yoast-seo-wordpress\/ -->\n<title>Tene.ee - Zahradn\u00c3\u0192\u00c2\u00ad p\u00c3\u2026\u00e2\u201e\u00a2\u00c3\u0192\u00c2\u00adst\u00c3\u2026\u00e2\u201e\u00a2e\u00c3\u2026\u00c2\u00a1ek Gotland B 70 mm<\/title>\n<meta name=\"description\" content=\"Tene.ee Zahradn\u00c3\u0192\u00c2\u00ad p\u00c3\u2026\u00e2\u201e\u00a2\u00c3\u0192\u00c2\u00adst\u00c3\u2026\u00e2\u201e\u00a2e\u00c3\u2026\u00c2\u00a1ek Gotland B 70 mm\" \/>\n<meta name=\"robots\" content=\"index, follow, max-snippet:-1, max-image-preview:large, max-video-preview:-1\" \/>\n<link rel=\"canonical\" href=\"https:\/\/tene.ee\/cs\/toode\/aiamaja-gotland-b-70-mm-2\/\" \/>\n<meta property=\"og:locale\" content=\"cs_CZ\" \/>\n<meta property=\"og:type\" content=\"article\" \/>\n<meta property=\"og:title\" content=\"Tene.ee - Zahradn\u00c3\u0192\u00c2\u00ad p\u00c3\u2026\u00e2\u201e\u00a2\u00c3\u0192\u00c2\u00adst\u00c3\u2026\u00e2\u201e\u00a2e\u00c3\u2026\u00c2\u00a1ek Gotland B 70 mm\" \/>\n<meta property=\"og:description\" content=\"Tene.ee Zahradn\u00c3\u0192\u00c2\u00ad p\u00c3\u2026\u00e2\u201e\u00a2\u00c3\u0192\u00c2\u00adst\u00c3\u2026\u00e2\u201e\u00a2e\u00c3\u2026\u00c2\u00a1ek Gotland B 70 mm\" \/>\n<meta property=\"og:url\" content=\"https:\/\/tene.ee\/cs\/toode\/aiamaja-gotland-b-70-mm-2\/\" \/>\n<meta property=\"og:site_name\" content=\"Tene.ee\" \/>\n<meta property=\"article:publisher\" content=\"https:\/\/www.facebook.com\/teneaiamajad\" \/>\n<meta property=\"article:modified_time\" content=\"2024-10-28T09:02:58+00:00\" \/>\n<meta property=\"og:image\" content=\"https:\/\/tene.ee\/wp-content\/uploads\/2024\/07\/GotlandB_70mm-2.jpg\" \/>\n\t<meta property=\"og:image:width\" content=\"1600\" \/>\n\t<meta property=\"og:image:height\" content=\"1067\" \/>\n\t<meta property=\"og:image:type\" content=\"image\/jpeg\" \/>\n<meta name=\"twitter:card\" content=\"summary_large_image\" \/>\n<meta name=\"twitter:label1\" content=\"Odhadovan\u00e1 doba \u010dten\u00ed\" \/>\n\t<meta name=\"twitter:data1\" content=\"1 minuta\" \/>\n<script type=\"application\/ld+json\" class=\"yoast-schema-graph\">{\"@context\":\"https:\\\/\\\/schema.org\",\"@graph\":[{\"@type\":\"WebPage\",\"@id\":\"https:\\\/\\\/tene.ee\\\/cs\\\/toode\\\/aiamaja-gotland-b-70-mm-2\\\/\",\"url\":\"https:\\\/\\\/tene.ee\\\/cs\\\/toode\\\/aiamaja-gotland-b-70-mm-2\\\/\",\"name\":\"Tene.ee - Zahradn\u00c3\u0192\u00c2\u00ad p\u00c3\u2026\u00e2\u201e\u00a2\u00c3\u0192\u00c2\u00adst\u00c3\u2026\u00e2\u201e\u00a2e\u00c3\u2026\u00c2\u00a1ek Gotland B 70 mm\",\"isPartOf\":{\"@id\":\"https:\\\/\\\/tene.ee\\\/cs\\\/#website\"},\"primaryImageOfPage\":{\"@id\":\"https:\\\/\\\/tene.ee\\\/cs\\\/toode\\\/aiamaja-gotland-b-70-mm-2\\\/#primaryimage\"},\"image\":{\"@id\":\"https:\\\/\\\/tene.ee\\\/cs\\\/toode\\\/aiamaja-gotland-b-70-mm-2\\\/#primaryimage\"},\"thumbnailUrl\":\"https:\\\/\\\/tene.ee\\\/wp-content\\\/uploads\\\/2024\\\/07\\\/GotlandB_70mm-2.jpg\",\"datePublished\":\"2024-07-12T11:18:48+00:00\",\"dateModified\":\"2024-10-28T09:02:58+00:00\",\"description\":\"Tene.ee Zahradn\u00c3\u0192\u00c2\u00ad p\u00c3\u2026\u00e2\u201e\u00a2\u00c3\u0192\u00c2\u00adst\u00c3\u2026\u00e2\u201e\u00a2e\u00c3\u2026\u00c2\u00a1ek Gotland B 70 mm\",\"breadcrumb\":{\"@id\":\"https:\\\/\\\/tene.ee\\\/cs\\\/toode\\\/aiamaja-gotland-b-70-mm-2\\\/#breadcrumb\"},\"inLanguage\":\"cs\",\"potentialAction\":[{\"@type\":\"ReadAction\",\"target\":[\"https:\\\/\\\/tene.ee\\\/cs\\\/toode\\\/aiamaja-gotland-b-70-mm-2\\\/\"]}]},{\"@type\":\"ImageObject\",\"inLanguage\":\"cs\",\"@id\":\"https:\\\/\\\/tene.ee\\\/cs\\\/toode\\\/aiamaja-gotland-b-70-mm-2\\\/#primaryimage\",\"url\":\"https:\\\/\\\/tene.ee\\\/wp-content\\\/uploads\\\/2024\\\/07\\\/GotlandB_70mm-2.jpg\",\"contentUrl\":\"https:\\\/\\\/tene.ee\\\/wp-content\\\/uploads\\\/2024\\\/07\\\/GotlandB_70mm-2.jpg\",\"width\":1600,\"height\":1067},{\"@type\":\"BreadcrumbList\",\"@id\":\"https:\\\/\\\/tene.ee\\\/cs\\\/toode\\\/aiamaja-gotland-b-70-mm-2\\\/#breadcrumb\",\"itemListElement\":[{\"@type\":\"ListItem\",\"position\":1,\"name\":\"Avaleht\",\"item\":\"https:\\\/\\\/tene.ee\\\/cs\\\/\"},{\"@type\":\"ListItem\",\"position\":2,\"name\":\"V\u0161echny produkty\",\"item\":\"http:\\\/\\\/tene.ee\\\/cs\\\/shop\\\/\"},{\"@type\":\"ListItem\",\"position\":3,\"name\":\"Zahradn\u00c3\u0192\u00c2\u00ad p\u00c3\u2026\u00e2\u201e\u00a2\u00c3\u0192\u00c2\u00adst\u00c3\u2026\u00e2\u201e\u00a2e\u00c3\u2026\u00c2\u00a1ek Gotland B 70 mm\"}]},{\"@type\":\"WebSite\",\"@id\":\"https:\\\/\\\/tene.ee\\\/cs\\\/#website\",\"url\":\"https:\\\/\\\/tene.ee\\\/cs\\\/\",\"name\":\"Tene.ee - Kaunite hetkede jaoks sinu aias\",\"description\":\"Tene.ee - parimad puit- ja aiamajad otse tootjalt\",\"publisher\":{\"@id\":\"https:\\\/\\\/tene.ee\\\/cs\\\/#organization\"},\"alternateName\":\"Tene.ee\",\"potentialAction\":[{\"@type\":\"SearchAction\",\"target\":{\"@type\":\"EntryPoint\",\"urlTemplate\":\"https:\\\/\\\/tene.ee\\\/cs\\\/?s={search_term_string}\"},\"query-input\":{\"@type\":\"PropertyValueSpecification\",\"valueRequired\":true,\"valueName\":\"search_term_string\"}}],\"inLanguage\":\"cs\"},{\"@type\":\"Organization\",\"@id\":\"https:\\\/\\\/tene.ee\\\/cs\\\/#organization\",\"name\":\"Tene.ee\",\"url\":\"https:\\\/\\\/tene.ee\\\/cs\\\/\",\"logo\":{\"@type\":\"ImageObject\",\"inLanguage\":\"cs\",\"@id\":\"https:\\\/\\\/tene.ee\\\/cs\\\/#\\\/schema\\\/logo\\\/image\\\/\",\"url\":\"https:\\\/\\\/tene.ee\\\/wp-content\\\/uploads\\\/2024\\\/12\\\/TENE-logo-2018-2.png\",\"contentUrl\":\"https:\\\/\\\/tene.ee\\\/wp-content\\\/uploads\\\/2024\\\/12\\\/TENE-logo-2018-2.png\",\"width\":2339,\"height\":1654,\"caption\":\"Tene.ee\"},\"image\":{\"@id\":\"https:\\\/\\\/tene.ee\\\/cs\\\/#\\\/schema\\\/logo\\\/image\\\/\"},\"sameAs\":[\"https:\\\/\\\/www.facebook.com\\\/teneaiamajad\"]}]}<\/script>\n<!-- \/ Yoast SEO plugin. -->","yoast_head_json":{"title":"Tene.ee - Zahradn\u00c3\u0192\u00c2\u00ad p\u00c3\u2026\u00e2\u201e\u00a2\u00c3\u0192\u00c2\u00adst\u00c3\u2026\u00e2\u201e\u00a2e\u00c3\u2026\u00c2\u00a1ek Gotland B 70 mm","description":"Tene.ee Zahradn\u00c3\u0192\u00c2\u00ad p\u00c3\u2026\u00e2\u201e\u00a2\u00c3\u0192\u00c2\u00adst\u00c3\u2026\u00e2\u201e\u00a2e\u00c3\u2026\u00c2\u00a1ek Gotland B 70 mm","robots":{"index":"index","follow":"follow","max-snippet":"max-snippet:-1","max-image-preview":"max-image-preview:large","max-video-preview":"max-video-preview:-1"},"canonical":"https:\/\/tene.ee\/cs\/toode\/aiamaja-gotland-b-70-mm-2\/","og_locale":"cs_CZ","og_type":"article","og_title":"Tene.ee - Zahradn\u00c3\u0192\u00c2\u00ad p\u00c3\u2026\u00e2\u201e\u00a2\u00c3\u0192\u00c2\u00adst\u00c3\u2026\u00e2\u201e\u00a2e\u00c3\u2026\u00c2\u00a1ek Gotland B 70 mm","og_description":"Tene.ee Zahradn\u00c3\u0192\u00c2\u00ad p\u00c3\u2026\u00e2\u201e\u00a2\u00c3\u0192\u00c2\u00adst\u00c3\u2026\u00e2\u201e\u00a2e\u00c3\u2026\u00c2\u00a1ek Gotland B 70 mm","og_url":"https:\/\/tene.ee\/cs\/toode\/aiamaja-gotland-b-70-mm-2\/","og_site_name":"Tene.ee","article_publisher":"https:\/\/www.facebook.com\/teneaiamajad","article_modified_time":"2024-10-28T09:02:58+00:00","og_image":[{"width":1600,"height":1067,"url":"https:\/\/tene.ee\/wp-content\/uploads\/2024\/07\/GotlandB_70mm-2.jpg","type":"image\/jpeg"}],"twitter_card":"summary_large_image","twitter_misc":{"Odhadovan\u00e1 doba \u010dten\u00ed":"1 minuta"},"schema":{"@context":"https:\/\/schema.org","@graph":[{"@type":"WebPage","@id":"https:\/\/tene.ee\/cs\/toode\/aiamaja-gotland-b-70-mm-2\/","url":"https:\/\/tene.ee\/cs\/toode\/aiamaja-gotland-b-70-mm-2\/","name":"Tene.ee - Zahradn\u00c3\u0192\u00c2\u00ad p\u00c3\u2026\u00e2\u201e\u00a2\u00c3\u0192\u00c2\u00adst\u00c3\u2026\u00e2\u201e\u00a2e\u00c3\u2026\u00c2\u00a1ek Gotland B 70 mm","isPartOf":{"@id":"https:\/\/tene.ee\/cs\/#website"},"primaryImageOfPage":{"@id":"https:\/\/tene.ee\/cs\/toode\/aiamaja-gotland-b-70-mm-2\/#primaryimage"},"image":{"@id":"https:\/\/tene.ee\/cs\/toode\/aiamaja-gotland-b-70-mm-2\/#primaryimage"},"thumbnailUrl":"https:\/\/tene.ee\/wp-content\/uploads\/2024\/07\/GotlandB_70mm-2.jpg","datePublished":"2024-07-12T11:18:48+00:00","dateModified":"2024-10-28T09:02:58+00:00","description":"Tene.ee Zahradn\u00c3\u0192\u00c2\u00ad p\u00c3\u2026\u00e2\u201e\u00a2\u00c3\u0192\u00c2\u00adst\u00c3\u2026\u00e2\u201e\u00a2e\u00c3\u2026\u00c2\u00a1ek Gotland B 70 mm","breadcrumb":{"@id":"https:\/\/tene.ee\/cs\/toode\/aiamaja-gotland-b-70-mm-2\/#breadcrumb"},"inLanguage":"cs","potentialAction":[{"@type":"ReadAction","target":["https:\/\/tene.ee\/cs\/toode\/aiamaja-gotland-b-70-mm-2\/"]}]},{"@type":"ImageObject","inLanguage":"cs","@id":"https:\/\/tene.ee\/cs\/toode\/aiamaja-gotland-b-70-mm-2\/#primaryimage","url":"https:\/\/tene.ee\/wp-content\/uploads\/2024\/07\/GotlandB_70mm-2.jpg","contentUrl":"https:\/\/tene.ee\/wp-content\/uploads\/2024\/07\/GotlandB_70mm-2.jpg","width":1600,"height":1067},{"@type":"BreadcrumbList","@id":"https:\/\/tene.ee\/cs\/toode\/aiamaja-gotland-b-70-mm-2\/#breadcrumb","itemListElement":[{"@type":"ListItem","position":1,"name":"Avaleht","item":"https:\/\/tene.ee\/cs\/"},{"@type":"ListItem","position":2,"name":"V\u0161echny produkty","item":"http:\/\/tene.ee\/cs\/shop\/"},{"@type":"ListItem","position":3,"name":"Zahradn\u00c3\u0192\u00c2\u00ad p\u00c3\u2026\u00e2\u201e\u00a2\u00c3\u0192\u00c2\u00adst\u00c3\u2026\u00e2\u201e\u00a2e\u00c3\u2026\u00c2\u00a1ek Gotland B 70 mm"}]},{"@type":"WebSite","@id":"https:\/\/tene.ee\/cs\/#website","url":"https:\/\/tene.ee\/cs\/","name":"Tene.ee - Kaunite hetkede jaoks sinu aias","description":"Tene.ee - parimad puit- ja aiamajad otse tootjalt","publisher":{"@id":"https:\/\/tene.ee\/cs\/#organization"},"alternateName":"Tene.ee","potentialAction":[{"@type":"SearchAction","target":{"@type":"EntryPoint","urlTemplate":"https:\/\/tene.ee\/cs\/?s={search_term_string}"},"query-input":{"@type":"PropertyValueSpecification","valueRequired":true,"valueName":"search_term_string"}}],"inLanguage":"cs"},{"@type":"Organization","@id":"https:\/\/tene.ee\/cs\/#organization","name":"Tene.ee","url":"https:\/\/tene.ee\/cs\/","logo":{"@type":"ImageObject","inLanguage":"cs","@id":"https:\/\/tene.ee\/cs\/#\/schema\/logo\/image\/","url":"https:\/\/tene.ee\/wp-content\/uploads\/2024\/12\/TENE-logo-2018-2.png","contentUrl":"https:\/\/tene.ee\/wp-content\/uploads\/2024\/12\/TENE-logo-2018-2.png","width":2339,"height":1654,"caption":"Tene.ee"},"image":{"@id":"https:\/\/tene.ee\/cs\/#\/schema\/logo\/image\/"},"sameAs":["https:\/\/www.facebook.com\/teneaiamajad"]}]}},"_links":{"self":[{"href":"https:\/\/tene.ee\/cs\/wp-json\/wp\/v2\/product\/22148","targetHints":{"allow":["GET"]}}],"collection":[{"href":"https:\/\/tene.ee\/cs\/wp-json\/wp\/v2\/product"}],"about":[{"href":"https:\/\/tene.ee\/cs\/wp-json\/wp\/v2\/types\/product"}],"wp:featuredmedia":[{"embeddable":true,"href":"https:\/\/tene.ee\/cs\/wp-json\/wp\/v2\/media\/3479"}],"wp:attachment":[{"href":"https:\/\/tene.ee\/cs\/wp-json\/wp\/v2\/media?parent=22148"}],"wp:term":[{"taxonomy":"product_brand","embeddable":true,"href":"https:\/\/tene.ee\/cs\/wp-json\/wp\/v2\/product_brand?post=22148"},{"taxonomy":"product_cat","embeddable":true,"href":"https:\/\/tene.ee\/cs\/wp-json\/wp\/v2\/product_cat?post=22148"},{"taxonomy":"product_tag","embeddable":true,"href":"https:\/\/tene.ee\/cs\/wp-json\/wp\/v2\/product_tag?post=22148"}],"curies":[{"name":"wp","href":"https:\/\/api.w.org\/{rel}","templated":true}]}}