{"id":20048,"date":"2024-07-12T16:16:40","date_gmt":"2024-07-12T13:16:40","guid":{"rendered":"https:\/\/tene.ee\/toode\/aiapaviljon-ibiza-40-mm\/"},"modified":"2024-11-28T11:04:35","modified_gmt":"2024-11-28T09:04:35","slug":"aiapaviljon-ibiza-40-mm","status":"publish","type":"product","link":"https:\/\/tene.ee\/cs\/toode\/aiapaviljon-ibiza-40-mm\/","title":{"rendered":"Zahradn\u00ed alt\u00e1n Ibiza 40\u00a0mm"},"content":{"rendered":"<p>Zahradn\u00ed domky, srubov\u00e9 domky, p\u0159\u00edst\u0159e\u0161ky, pavilony, sauny, alt\u00e1ny, grilovac\u00ed domky a\u00a0d\u0159ev\u011bn\u00e9 gar\u00e1\u017ee se st\u011bnami s\u00a0tlou\u0161\u0165kou 40\u00a0mm vyr\u00e1b\u011bn\u00e9 v\u00a0z\u00e1vod\u011b na v\u00fdrobu zahradn\u00edch a\u00a0d\u0159ev\u011bn\u00fdch domk\u016f spole\u010dnosti Tene jsou dod\u00e1v\u00e1ny s\u00a0dve\u0159mi, okny (v\u00a0z\u00e1vislosti na modelu m\u016f\u017ee b\u00fdt v\u00fdrobek bez oken nebo s\u00a0jedn\u00edm \u010di v\u00edce okny), podlahou, spojovac\u00edm materi\u00e1lem a\u00a0n\u00e1vodem k\u00a0mont\u00e1\u017ei, d\u00edky \u010demu\u017e je stavba zahradn\u00edho domku jednoduch\u00e1 a\u00a0\u010dasov\u011b nen\u00e1ro\u010dn\u00e1.<\/p>\n<p>Sada zahradn\u00edho domku spole\u010dnosti Tene se st\u011bnami s\u00a0tlou\u0161\u0165kou 40\u00a0mm v\u00a0z\u00e1vislosti na modelu zahrnuje:<\/p>\n<p>pou\u017eit\u00e9 d\u0159evo je smrk 100% seversk\u00e9 kvality<br \/>\nstrop z\u00a0profilov\u00fdch desek s\u00a0tlou\u0161\u0165kou 18\u00a0mm<br \/>\nz\u00e1kladov\u00e9 nosn\u00edky impregnovan\u00e9 v\u00a0autokl\u00e1vu<br \/>\nbou\u0159kov\u00e1 pojistka do okna<br \/>\nspojovac\u00ed materi\u00e1ly (h\u0159eb\u00edky a \u0161rouby)<br \/>\nn\u00e1vod k\u00a0mont\u00e1\u017ei<br \/>\nCeny jsou platn\u00e9 ve skladu v\u00fdrobn\u00edho z\u00e1vodu Tene a\u00a0zahrnuj\u00ed DPH.<br \/>\nCena nezahrnuje p\u0159epravu v\u00fdrobku.<\/p>\n","protected":false},"excerpt":{"rendered":"<p>Cena zahrnuje impregnovan\u00e9 z\u00e1kladov\u00e9 nosn\u00edky, spojovac\u00ed materi\u00e1l a\u00a0n\u00e1vod k\u00a0mont\u00e1\u017ei.<br \/>\nZahradn\u00ed alt\u00e1n je vyroben bez podlahy.<\/p>\n","protected":false},"featured_media":5439,"template":"","meta":{"_acf_changed":false},"product_brand":[],"product_cat":[492,500,490,486,488],"product_tag":[],"class_list":{"0":"post-20048","1":"product","2":"type-product","3":"status-publish","4":"has-post-thumbnail","6":"product_cat-drevene-pergoly","7":"product_cat-volny-ihned","8":"product_cat-zahradni-altany","9":"product_cat-zahradni-domky","10":"product_cat-zahradni-domky-40-mm","11":"product_shipping_class-390e-cs","12":"pa_iseloomustus-1-pokoj-cs","13":"pa_iseloomustus-ctvercovy-dum","14":"pa_katuse-tuup-pyramidova-strecha","15":"pa_pindala-10-20-m2-cs","16":"pa_seina-paksus-40-mm-cs","18":"first","19":"instock","20":"sale","21":"purchasable","22":"product-type-simple"},"acf":[],"yoast_head":"<!-- This site is optimized with the Yoast SEO plugin v27.3 - https:\/\/yoast.com\/product\/yoast-seo-wordpress\/ -->\n<title>Tene.ee - Zahradn\u00ed alt\u00e1n Ibiza 40\u00a0mm<\/title>\n<meta name=\"description\" content=\"Tene.ee Zahradn\u00ed alt\u00e1n Ibiza 40\u00a0mm\" \/>\n<meta name=\"robots\" content=\"index, follow, max-snippet:-1, max-image-preview:large, max-video-preview:-1\" \/>\n<link rel=\"canonical\" href=\"https:\/\/tene.ee\/cs\/toode\/aiapaviljon-ibiza-40-mm\/\" \/>\n<meta property=\"og:locale\" content=\"cs_CZ\" \/>\n<meta property=\"og:type\" content=\"article\" \/>\n<meta property=\"og:title\" content=\"Tene.ee - Zahradn\u00ed alt\u00e1n Ibiza 40\u00a0mm\" \/>\n<meta property=\"og:description\" content=\"Tene.ee Zahradn\u00ed alt\u00e1n Ibiza 40\u00a0mm\" \/>\n<meta property=\"og:url\" content=\"https:\/\/tene.ee\/cs\/toode\/aiapaviljon-ibiza-40-mm\/\" \/>\n<meta property=\"og:site_name\" content=\"Tene.ee\" \/>\n<meta property=\"article:publisher\" content=\"https:\/\/www.facebook.com\/teneaiamajad\" \/>\n<meta property=\"article:modified_time\" content=\"2024-11-28T09:04:35+00:00\" \/>\n<meta property=\"og:image\" content=\"http:\/\/tene.ee\/wp-content\/uploads\/2024\/07\/Gartenpavillon_Ibiza-401.jpg\" \/>\n\t<meta property=\"og:image:width\" content=\"700\" \/>\n\t<meta property=\"og:image:height\" content=\"492\" \/>\n\t<meta property=\"og:image:type\" content=\"image\/jpeg\" \/>\n<meta name=\"twitter:card\" content=\"summary_large_image\" \/>\n<meta name=\"twitter:label1\" content=\"Odhadovan\u00e1 doba \u010dten\u00ed\" \/>\n\t<meta name=\"twitter:data1\" content=\"1 minuta\" \/>\n<script type=\"application\/ld+json\" class=\"yoast-schema-graph\">{\"@context\":\"https:\\\/\\\/schema.org\",\"@graph\":[{\"@type\":\"WebPage\",\"@id\":\"https:\\\/\\\/tene.ee\\\/cs\\\/toode\\\/aiapaviljon-ibiza-40-mm\\\/\",\"url\":\"https:\\\/\\\/tene.ee\\\/cs\\\/toode\\\/aiapaviljon-ibiza-40-mm\\\/\",\"name\":\"Tene.ee - Zahradn\u00ed alt\u00e1n Ibiza 40\u00a0mm\",\"isPartOf\":{\"@id\":\"https:\\\/\\\/tene.ee\\\/cs\\\/#website\"},\"primaryImageOfPage\":{\"@id\":\"https:\\\/\\\/tene.ee\\\/cs\\\/toode\\\/aiapaviljon-ibiza-40-mm\\\/#primaryimage\"},\"image\":{\"@id\":\"https:\\\/\\\/tene.ee\\\/cs\\\/toode\\\/aiapaviljon-ibiza-40-mm\\\/#primaryimage\"},\"thumbnailUrl\":\"https:\\\/\\\/tene.ee\\\/wp-content\\\/uploads\\\/2024\\\/07\\\/Gartenpavillon_Ibiza-401.jpg\",\"datePublished\":\"2024-07-12T13:16:40+00:00\",\"dateModified\":\"2024-11-28T09:04:35+00:00\",\"description\":\"Tene.ee Zahradn\u00ed alt\u00e1n Ibiza 40\u00a0mm\",\"breadcrumb\":{\"@id\":\"https:\\\/\\\/tene.ee\\\/cs\\\/toode\\\/aiapaviljon-ibiza-40-mm\\\/#breadcrumb\"},\"inLanguage\":\"cs\",\"potentialAction\":[{\"@type\":\"ReadAction\",\"target\":[\"https:\\\/\\\/tene.ee\\\/cs\\\/toode\\\/aiapaviljon-ibiza-40-mm\\\/\"]}]},{\"@type\":\"ImageObject\",\"inLanguage\":\"cs\",\"@id\":\"https:\\\/\\\/tene.ee\\\/cs\\\/toode\\\/aiapaviljon-ibiza-40-mm\\\/#primaryimage\",\"url\":\"https:\\\/\\\/tene.ee\\\/wp-content\\\/uploads\\\/2024\\\/07\\\/Gartenpavillon_Ibiza-401.jpg\",\"contentUrl\":\"https:\\\/\\\/tene.ee\\\/wp-content\\\/uploads\\\/2024\\\/07\\\/Gartenpavillon_Ibiza-401.jpg\",\"width\":700,\"height\":492},{\"@type\":\"BreadcrumbList\",\"@id\":\"https:\\\/\\\/tene.ee\\\/cs\\\/toode\\\/aiapaviljon-ibiza-40-mm\\\/#breadcrumb\",\"itemListElement\":[{\"@type\":\"ListItem\",\"position\":1,\"name\":\"Avaleht\",\"item\":\"https:\\\/\\\/tene.ee\\\/cs\\\/\"},{\"@type\":\"ListItem\",\"position\":2,\"name\":\"V\u0161echny produkty\",\"item\":\"http:\\\/\\\/tene.ee\\\/cs\\\/shop\\\/\"},{\"@type\":\"ListItem\",\"position\":3,\"name\":\"Zahradn\u00ed alt\u00e1n Ibiza 40\u00a0mm\"}]},{\"@type\":\"WebSite\",\"@id\":\"https:\\\/\\\/tene.ee\\\/cs\\\/#website\",\"url\":\"https:\\\/\\\/tene.ee\\\/cs\\\/\",\"name\":\"Tene.ee - Kaunite hetkede jaoks sinu aias\",\"description\":\"Tene.ee - parimad puit- ja aiamajad otse tootjalt\",\"publisher\":{\"@id\":\"https:\\\/\\\/tene.ee\\\/cs\\\/#organization\"},\"alternateName\":\"Tene.ee\",\"potentialAction\":[{\"@type\":\"SearchAction\",\"target\":{\"@type\":\"EntryPoint\",\"urlTemplate\":\"https:\\\/\\\/tene.ee\\\/cs\\\/?s={search_term_string}\"},\"query-input\":{\"@type\":\"PropertyValueSpecification\",\"valueRequired\":true,\"valueName\":\"search_term_string\"}}],\"inLanguage\":\"cs\"},{\"@type\":\"Organization\",\"@id\":\"https:\\\/\\\/tene.ee\\\/cs\\\/#organization\",\"name\":\"Tene.ee\",\"url\":\"https:\\\/\\\/tene.ee\\\/cs\\\/\",\"logo\":{\"@type\":\"ImageObject\",\"inLanguage\":\"cs\",\"@id\":\"https:\\\/\\\/tene.ee\\\/cs\\\/#\\\/schema\\\/logo\\\/image\\\/\",\"url\":\"https:\\\/\\\/tene.ee\\\/wp-content\\\/uploads\\\/2024\\\/12\\\/TENE-logo-2018-2.png\",\"contentUrl\":\"https:\\\/\\\/tene.ee\\\/wp-content\\\/uploads\\\/2024\\\/12\\\/TENE-logo-2018-2.png\",\"width\":2339,\"height\":1654,\"caption\":\"Tene.ee\"},\"image\":{\"@id\":\"https:\\\/\\\/tene.ee\\\/cs\\\/#\\\/schema\\\/logo\\\/image\\\/\"},\"sameAs\":[\"https:\\\/\\\/www.facebook.com\\\/teneaiamajad\"]}]}<\/script>\n<!-- \/ Yoast SEO plugin. -->","yoast_head_json":{"title":"Tene.ee - Zahradn\u00ed alt\u00e1n Ibiza 40\u00a0mm","description":"Tene.ee Zahradn\u00ed alt\u00e1n Ibiza 40\u00a0mm","robots":{"index":"index","follow":"follow","max-snippet":"max-snippet:-1","max-image-preview":"max-image-preview:large","max-video-preview":"max-video-preview:-1"},"canonical":"https:\/\/tene.ee\/cs\/toode\/aiapaviljon-ibiza-40-mm\/","og_locale":"cs_CZ","og_type":"article","og_title":"Tene.ee - Zahradn\u00ed alt\u00e1n Ibiza 40\u00a0mm","og_description":"Tene.ee Zahradn\u00ed alt\u00e1n Ibiza 40\u00a0mm","og_url":"https:\/\/tene.ee\/cs\/toode\/aiapaviljon-ibiza-40-mm\/","og_site_name":"Tene.ee","article_publisher":"https:\/\/www.facebook.com\/teneaiamajad","article_modified_time":"2024-11-28T09:04:35+00:00","og_image":[{"width":700,"height":492,"url":"http:\/\/tene.ee\/wp-content\/uploads\/2024\/07\/Gartenpavillon_Ibiza-401.jpg","type":"image\/jpeg"}],"twitter_card":"summary_large_image","twitter_misc":{"Odhadovan\u00e1 doba \u010dten\u00ed":"1 minuta"},"schema":{"@context":"https:\/\/schema.org","@graph":[{"@type":"WebPage","@id":"https:\/\/tene.ee\/cs\/toode\/aiapaviljon-ibiza-40-mm\/","url":"https:\/\/tene.ee\/cs\/toode\/aiapaviljon-ibiza-40-mm\/","name":"Tene.ee - Zahradn\u00ed alt\u00e1n Ibiza 40\u00a0mm","isPartOf":{"@id":"https:\/\/tene.ee\/cs\/#website"},"primaryImageOfPage":{"@id":"https:\/\/tene.ee\/cs\/toode\/aiapaviljon-ibiza-40-mm\/#primaryimage"},"image":{"@id":"https:\/\/tene.ee\/cs\/toode\/aiapaviljon-ibiza-40-mm\/#primaryimage"},"thumbnailUrl":"https:\/\/tene.ee\/wp-content\/uploads\/2024\/07\/Gartenpavillon_Ibiza-401.jpg","datePublished":"2024-07-12T13:16:40+00:00","dateModified":"2024-11-28T09:04:35+00:00","description":"Tene.ee Zahradn\u00ed alt\u00e1n Ibiza 40\u00a0mm","breadcrumb":{"@id":"https:\/\/tene.ee\/cs\/toode\/aiapaviljon-ibiza-40-mm\/#breadcrumb"},"inLanguage":"cs","potentialAction":[{"@type":"ReadAction","target":["https:\/\/tene.ee\/cs\/toode\/aiapaviljon-ibiza-40-mm\/"]}]},{"@type":"ImageObject","inLanguage":"cs","@id":"https:\/\/tene.ee\/cs\/toode\/aiapaviljon-ibiza-40-mm\/#primaryimage","url":"https:\/\/tene.ee\/wp-content\/uploads\/2024\/07\/Gartenpavillon_Ibiza-401.jpg","contentUrl":"https:\/\/tene.ee\/wp-content\/uploads\/2024\/07\/Gartenpavillon_Ibiza-401.jpg","width":700,"height":492},{"@type":"BreadcrumbList","@id":"https:\/\/tene.ee\/cs\/toode\/aiapaviljon-ibiza-40-mm\/#breadcrumb","itemListElement":[{"@type":"ListItem","position":1,"name":"Avaleht","item":"https:\/\/tene.ee\/cs\/"},{"@type":"ListItem","position":2,"name":"V\u0161echny produkty","item":"http:\/\/tene.ee\/cs\/shop\/"},{"@type":"ListItem","position":3,"name":"Zahradn\u00ed alt\u00e1n Ibiza 40\u00a0mm"}]},{"@type":"WebSite","@id":"https:\/\/tene.ee\/cs\/#website","url":"https:\/\/tene.ee\/cs\/","name":"Tene.ee - Kaunite hetkede jaoks sinu aias","description":"Tene.ee - parimad puit- ja aiamajad otse tootjalt","publisher":{"@id":"https:\/\/tene.ee\/cs\/#organization"},"alternateName":"Tene.ee","potentialAction":[{"@type":"SearchAction","target":{"@type":"EntryPoint","urlTemplate":"https:\/\/tene.ee\/cs\/?s={search_term_string}"},"query-input":{"@type":"PropertyValueSpecification","valueRequired":true,"valueName":"search_term_string"}}],"inLanguage":"cs"},{"@type":"Organization","@id":"https:\/\/tene.ee\/cs\/#organization","name":"Tene.ee","url":"https:\/\/tene.ee\/cs\/","logo":{"@type":"ImageObject","inLanguage":"cs","@id":"https:\/\/tene.ee\/cs\/#\/schema\/logo\/image\/","url":"https:\/\/tene.ee\/wp-content\/uploads\/2024\/12\/TENE-logo-2018-2.png","contentUrl":"https:\/\/tene.ee\/wp-content\/uploads\/2024\/12\/TENE-logo-2018-2.png","width":2339,"height":1654,"caption":"Tene.ee"},"image":{"@id":"https:\/\/tene.ee\/cs\/#\/schema\/logo\/image\/"},"sameAs":["https:\/\/www.facebook.com\/teneaiamajad"]}]}},"_links":{"self":[{"href":"https:\/\/tene.ee\/cs\/wp-json\/wp\/v2\/product\/20048","targetHints":{"allow":["GET"]}}],"collection":[{"href":"https:\/\/tene.ee\/cs\/wp-json\/wp\/v2\/product"}],"about":[{"href":"https:\/\/tene.ee\/cs\/wp-json\/wp\/v2\/types\/product"}],"wp:featuredmedia":[{"embeddable":true,"href":"https:\/\/tene.ee\/cs\/wp-json\/wp\/v2\/media\/5439"}],"wp:attachment":[{"href":"https:\/\/tene.ee\/cs\/wp-json\/wp\/v2\/media?parent=20048"}],"wp:term":[{"taxonomy":"product_brand","embeddable":true,"href":"https:\/\/tene.ee\/cs\/wp-json\/wp\/v2\/product_brand?post=20048"},{"taxonomy":"product_cat","embeddable":true,"href":"https:\/\/tene.ee\/cs\/wp-json\/wp\/v2\/product_cat?post=20048"},{"taxonomy":"product_tag","embeddable":true,"href":"https:\/\/tene.ee\/cs\/wp-json\/wp\/v2\/product_tag?post=20048"}],"curies":[{"name":"wp","href":"https:\/\/api.w.org\/{rel}","templated":true}]}}