{"id":19982,"date":"2024-07-12T16:16:40","date_gmt":"2024-07-12T13:16:40","guid":{"rendered":"https:\/\/tene.ee\/toode\/oriental-3-varikatusega\/"},"modified":"2024-11-04T10:24:10","modified_gmt":"2024-11-04T08:24:10","slug":"oriental-3-varikatusega","status":"publish","type":"product","link":"https:\/\/tene.ee\/cs\/toode\/oriental-3-varikatusega\/","title":{"rendered":"Oriental 3 s mark\u00c3\u0192\u00c2\u00bdzou"},"content":{"rendered":"<p>Zahradn\u00c3\u0192\u00c2\u00ad domky, sruby, k\u00c3\u2026\u00c2\u00aflny, pavilony, sauny, alt\u00c3\u0192\u00c2\u00a1ny, grily a d\u00c3\u2026\u00e2\u201e\u00a2ev\u00c3\u201e\u00e2\u20ac\u00ban\u00c3\u0192\u00c2\u00a9 gar\u00c3\u0192\u00c2\u00a1\u00c3\u2026\u00c2\u00bee o pr\u00c3\u2026\u00c2\u00afm\u00c3\u201e\u00e2\u20ac\u00baru 28 mm vyr\u00c3\u0192\u00c2\u00a1b\u00c3\u201e\u00e2\u20ac\u00ban\u00c3\u0192\u00c2\u00a9 v tov\u00c3\u0192\u00c2\u00a1rn\u00c3\u201e\u00e2\u20ac\u00ba Tene Garden and Wooden House jsou dod\u00c3\u0192\u00c2\u00a1v\u00c3\u0192\u00c2\u00a1ny s dve\u00c3\u2026\u00e2\u201e\u00a2mi, okny (v z\u00c3\u0192\u00c2\u00a1vislosti na modelu m\u00c3\u2026\u00c2\u00af\u00c3\u2026\u00c2\u00bee b\u00c3\u0192\u00c2\u00bdt v\u00c3\u0192\u00c2\u00bdrobek bez oken, s jedn\u00c3\u0192\u00c2\u00adm nebo v\u00c3\u0192\u00c2\u00adce okny), podlahou, upev\u00c3\u2026\u00cb\u2020ovac\u00c3\u0192\u00c2\u00adm p\u00c3\u2026\u00e2\u201e\u00a2\u00c3\u0192\u00c2\u00adslu\u00c3\u2026\u00c2\u00a1enstv\u00c3\u0192\u00c2\u00adm a mont\u00c3\u0192\u00c2\u00a1\u00c3\u2026\u00c2\u00ben\u00c3\u0192\u00c2\u00adm n\u00c3\u0192\u00c2\u00a1vodem, d\u00c3\u0192\u00c2\u00adky \u00c3\u201e\u00c2\u008demu\u00c3\u2026\u00c2\u00be je stavba zahradn\u00c3\u0192\u00c2\u00adho domku jednoduch\u00c3\u0192\u00c2\u00a1 a \u00c3\u201e\u00c2\u008dasov\u00c3\u201e\u00e2\u20ac\u00ba nen\u00c3\u0192\u00c2\u00a1ro\u00c3\u201e\u00c2\u008dn\u00c3\u0192\u00c2\u00a1.<\/p>\n<p><strong>Sou\u00c3\u201e\u00c2\u008d\u00c3\u0192\u00c2\u00a1st\u00c3\u0192\u00c2\u00ad stavebnice je zahradn\u00c3\u0192\u00c2\u00ad domek o tlou\u00c3\u2026\u00c2\u00a1\u00c3\u2026\u00c2\u00a5ce st\u00c3\u201e\u00e2\u20ac\u00ban 28 mm podle modelu:<\/strong><\/p>\n<ul>\n<li>Jako d\u00c3\u2026\u00e2\u201e\u00a2ev\u00c3\u201e\u00e2\u20ac\u00ban\u00c3\u0192\u00c2\u00bd materi\u00c3\u0192\u00c2\u00a1l je pou\u00c3\u2026\u00c2\u00beit 100% seversk\u00c3\u0192\u00c2\u00bd smrk vysok\u00c3\u0192\u00c2\u00a9 kvality.<\/li>\n<li>100% p\u00c3\u2026\u00e2\u201e\u00a2\u00c3\u0192\u00c2\u00adrodn\u00c3\u0192\u00c2\u00ad d\u00c3\u2026\u00e2\u201e\u00a2evo ze seversk\u00c3\u0192\u00c2\u00bdch d\u00c3\u2026\u00e2\u201e\u00a2evin 100% p\u00c3\u2026\u00e2\u201e\u00a2\u00c3\u0192\u00c2\u00adrodn\u00c3\u0192\u00c2\u00ad d\u00c3\u2026\u00e2\u201e\u00a2evo, s dvojit\u00c3\u0192\u00c2\u00bdmi dve\u00c3\u2026\u00e2\u201e\u00a2mi a oknem ze speci\u00c3\u0192\u00c2\u00a1ln\u00c3\u0192\u00c2\u00adho lepen\u00c3\u0192\u00c2\u00a9ho lamelov\u00c3\u0192\u00c2\u00a9ho d\u00c3\u2026\u00e2\u201e\u00a2eva (8-12 %).<\/li>\n<li>V\u00c3\u0192\u00c2\u00bdklopn\u00c3\u0192\u00c2\u00a9 okno se sklem, obsahuje d\u00c3\u0192\u00c2\u00bdhu.<\/li>\n<li>Dvojit\u00c3\u0192\u00c2\u00a9 dve\u00c3\u2026\u00e2\u201e\u00a2e s prosklen\u00c3\u0192\u00c2\u00adm, v\u00c3\u201e\u00c2\u008detn\u00c3\u201e\u00e2\u20ac\u00ba d\u00c3\u0192\u00c2\u00bdhy.<\/li>\n<li>Podlaha a strop z profilovan\u00c3\u0192\u00c2\u00a9ho d\u00c3\u2026\u00e2\u201e\u00a2eva o tlou\u00c3\u2026\u00c2\u00a1\u00c3\u2026\u00c2\u00a5ce 18 mm.<\/li>\n<li>Autokl\u00c3\u0192\u00c2\u00a1vovan\u00c3\u0192\u00c2\u00a9 impregnovan\u00c3\u0192\u00c2\u00a9 d\u00c3\u2026\u00e2\u201e\u00a2ev\u00c3\u201e\u00e2\u20ac\u00ban\u00c3\u0192\u00c2\u00a9 z\u00c3\u0192\u00c2\u00a1kladov\u00c3\u0192\u00c2\u00a9 tr\u00c3\u0192\u00c2\u00a1my.<\/li>\n<li>Bou\u00c3\u2026\u00e2\u201e\u00a2kov\u00c3\u0192\u00c2\u00a9 li\u00c3\u2026\u00c2\u00a1ty<\/li>\n<li>Upev\u00c3\u2026\u00cb\u2020ovac\u00c3\u0192\u00c2\u00ad kov\u00c3\u0192\u00c2\u00a1n\u00c3\u0192\u00c2\u00ad (h\u00c3\u2026\u00e2\u201e\u00a2eb\u00c3\u0192\u00c2\u00adky a \u00c3\u2026\u00c2\u00a1rouby)<\/li>\n<li>Mont\u00c3\u0192\u00c2\u00a1\u00c3\u2026\u00c2\u00ben\u00c3\u0192\u00c2\u00ad n\u00c3\u0192\u00c2\u00a1vod<\/li>\n<\/ul>\n<p><strong>Ceny jsou uvedeny z v\u00c3\u0192\u00c2\u00bdrobn\u00c3\u0192\u00c2\u00adho skladu spole\u00c3\u201e\u00c2\u008dnosti Tene a zahrnuj\u00c3\u0192\u00c2\u00ad DPH.<\/strong> <strong>Ceny nezahrnuj\u00c3\u0192\u00c2\u00ad dopravu.<\/strong><\/p>\n","protected":false},"excerpt":{"rendered":"<p class=\"description\">Hinnas liimpuidust uks ja aken klaasiga, roostevabast plekist l\u00c3\u0192\u00c2\u00a4vepakk, p\u00c3\u0192\u00c2\u00b5rand, immutatud vundamendiprussid, kinnitusvahendid ja paigaldusjuhend.\u00c3\u201a\u00c2\u00a0<span data-sheets-value=\"{&quot;1&quot;:2,&quot;2&quot;:&quot;Hind ei sisalda transporti ja katusekatte materjali.&quot;}\" data-sheets-userformat=\"{&quot;2&quot;:6723,&quot;3&quot;:{&quot;1&quot;:0},&quot;4&quot;:{&quot;1&quot;:2,&quot;2&quot;:16777215},&quot;9&quot;:0,&quot;12&quot;:0,&quot;14&quot;:{&quot;1&quot;:2,&quot;2&quot;:0},&quot;15&quot;:&quot;Arial&quot;}\">Hind ei sisalda transporti ja katusekatte materjali.<\/span><\/p>\n","protected":false},"featured_media":4399,"template":"","meta":{"_acf_changed":false},"product_brand":[],"product_cat":[495,500,486,487,491],"product_tag":[],"class_list":{"0":"post-19982","1":"product","2":"type-product","3":"status-publish","4":"has-post-thumbnail","6":"product_cat-markyzy-a-pristresky","7":"product_cat-volny-ihned","8":"product_cat-zahradni-domky","9":"product_cat-zahradni-domky-28-mm","10":"product_cat-zahradni-domky-s-plochou-strechou","11":"product_shipping_class-390e-cs","12":"pa_iseloomustus-1-pokoj-cs","13":"pa_iseloomustus-ctvercovy-dum","14":"pa_katuse-tuup-plocha-strecha","15":"pa_pindala-10-20-m2-cs","16":"pa_seina-paksus-28-mm-cs","18":"first","19":"onbackorder","20":"sale","21":"purchasable","22":"product-type-simple"},"acf":[],"yoast_head":"<!-- This site is optimized with the Yoast SEO plugin v27.3 - https:\/\/yoast.com\/product\/yoast-seo-wordpress\/ -->\n<title>Tene.ee - Oriental 3 s mark\u00c3\u0192\u00c2\u00bdzou<\/title>\n<meta name=\"description\" content=\"Tene.ee Oriental 3 s mark\u00c3\u0192\u00c2\u00bdzou\" \/>\n<meta name=\"robots\" content=\"index, follow, max-snippet:-1, max-image-preview:large, max-video-preview:-1\" \/>\n<link rel=\"canonical\" href=\"https:\/\/tene.ee\/cs\/toode\/oriental-3-varikatusega\/\" \/>\n<meta property=\"og:locale\" content=\"cs_CZ\" \/>\n<meta property=\"og:type\" content=\"article\" \/>\n<meta property=\"og:title\" content=\"Tene.ee - Oriental 3 s mark\u00c3\u0192\u00c2\u00bdzou\" \/>\n<meta property=\"og:description\" content=\"Tene.ee Oriental 3 s mark\u00c3\u0192\u00c2\u00bdzou\" \/>\n<meta property=\"og:url\" content=\"https:\/\/tene.ee\/cs\/toode\/oriental-3-varikatusega\/\" \/>\n<meta property=\"og:site_name\" content=\"Tene.ee\" \/>\n<meta property=\"article:publisher\" content=\"https:\/\/www.facebook.com\/teneaiamajad\" \/>\n<meta property=\"article:modified_time\" content=\"2024-11-04T08:24:10+00:00\" \/>\n<meta property=\"og:image\" content=\"https:\/\/tene.ee\/wp-content\/uploads\/2024\/07\/Oriental-3-SD-OK-1.jpeg\" \/>\n\t<meta property=\"og:image:width\" content=\"1600\" \/>\n\t<meta property=\"og:image:height\" content=\"1067\" \/>\n\t<meta property=\"og:image:type\" content=\"image\/jpeg\" \/>\n<meta name=\"twitter:card\" content=\"summary_large_image\" \/>\n<meta name=\"twitter:label1\" content=\"Odhadovan\u00e1 doba \u010dten\u00ed\" \/>\n\t<meta name=\"twitter:data1\" content=\"2 minuty\" \/>\n<script type=\"application\/ld+json\" class=\"yoast-schema-graph\">{\"@context\":\"https:\\\/\\\/schema.org\",\"@graph\":[{\"@type\":\"WebPage\",\"@id\":\"https:\\\/\\\/tene.ee\\\/cs\\\/toode\\\/oriental-3-varikatusega\\\/\",\"url\":\"https:\\\/\\\/tene.ee\\\/cs\\\/toode\\\/oriental-3-varikatusega\\\/\",\"name\":\"Tene.ee - Oriental 3 s mark\u00c3\u0192\u00c2\u00bdzou\",\"isPartOf\":{\"@id\":\"https:\\\/\\\/tene.ee\\\/cs\\\/#website\"},\"primaryImageOfPage\":{\"@id\":\"https:\\\/\\\/tene.ee\\\/cs\\\/toode\\\/oriental-3-varikatusega\\\/#primaryimage\"},\"image\":{\"@id\":\"https:\\\/\\\/tene.ee\\\/cs\\\/toode\\\/oriental-3-varikatusega\\\/#primaryimage\"},\"thumbnailUrl\":\"https:\\\/\\\/tene.ee\\\/wp-content\\\/uploads\\\/2024\\\/07\\\/Oriental-3-SD-OK-1.jpeg\",\"datePublished\":\"2024-07-12T13:16:40+00:00\",\"dateModified\":\"2024-11-04T08:24:10+00:00\",\"description\":\"Tene.ee Oriental 3 s mark\u00c3\u0192\u00c2\u00bdzou\",\"breadcrumb\":{\"@id\":\"https:\\\/\\\/tene.ee\\\/cs\\\/toode\\\/oriental-3-varikatusega\\\/#breadcrumb\"},\"inLanguage\":\"cs\",\"potentialAction\":[{\"@type\":\"ReadAction\",\"target\":[\"https:\\\/\\\/tene.ee\\\/cs\\\/toode\\\/oriental-3-varikatusega\\\/\"]}]},{\"@type\":\"ImageObject\",\"inLanguage\":\"cs\",\"@id\":\"https:\\\/\\\/tene.ee\\\/cs\\\/toode\\\/oriental-3-varikatusega\\\/#primaryimage\",\"url\":\"https:\\\/\\\/tene.ee\\\/wp-content\\\/uploads\\\/2024\\\/07\\\/Oriental-3-SD-OK-1.jpeg\",\"contentUrl\":\"https:\\\/\\\/tene.ee\\\/wp-content\\\/uploads\\\/2024\\\/07\\\/Oriental-3-SD-OK-1.jpeg\",\"width\":1600,\"height\":1067},{\"@type\":\"BreadcrumbList\",\"@id\":\"https:\\\/\\\/tene.ee\\\/cs\\\/toode\\\/oriental-3-varikatusega\\\/#breadcrumb\",\"itemListElement\":[{\"@type\":\"ListItem\",\"position\":1,\"name\":\"Avaleht\",\"item\":\"https:\\\/\\\/tene.ee\\\/cs\\\/\"},{\"@type\":\"ListItem\",\"position\":2,\"name\":\"V\u0161echny produkty\",\"item\":\"http:\\\/\\\/tene.ee\\\/cs\\\/shop\\\/\"},{\"@type\":\"ListItem\",\"position\":3,\"name\":\"Oriental 3 s mark\u00c3\u0192\u00c2\u00bdzou\"}]},{\"@type\":\"WebSite\",\"@id\":\"https:\\\/\\\/tene.ee\\\/cs\\\/#website\",\"url\":\"https:\\\/\\\/tene.ee\\\/cs\\\/\",\"name\":\"Tene.ee - Kaunite hetkede jaoks sinu aias\",\"description\":\"Tene.ee - parimad puit- ja aiamajad otse tootjalt\",\"publisher\":{\"@id\":\"https:\\\/\\\/tene.ee\\\/cs\\\/#organization\"},\"alternateName\":\"Tene.ee\",\"potentialAction\":[{\"@type\":\"SearchAction\",\"target\":{\"@type\":\"EntryPoint\",\"urlTemplate\":\"https:\\\/\\\/tene.ee\\\/cs\\\/?s={search_term_string}\"},\"query-input\":{\"@type\":\"PropertyValueSpecification\",\"valueRequired\":true,\"valueName\":\"search_term_string\"}}],\"inLanguage\":\"cs\"},{\"@type\":\"Organization\",\"@id\":\"https:\\\/\\\/tene.ee\\\/cs\\\/#organization\",\"name\":\"Tene.ee\",\"url\":\"https:\\\/\\\/tene.ee\\\/cs\\\/\",\"logo\":{\"@type\":\"ImageObject\",\"inLanguage\":\"cs\",\"@id\":\"https:\\\/\\\/tene.ee\\\/cs\\\/#\\\/schema\\\/logo\\\/image\\\/\",\"url\":\"https:\\\/\\\/tene.ee\\\/wp-content\\\/uploads\\\/2024\\\/12\\\/TENE-logo-2018-2.png\",\"contentUrl\":\"https:\\\/\\\/tene.ee\\\/wp-content\\\/uploads\\\/2024\\\/12\\\/TENE-logo-2018-2.png\",\"width\":2339,\"height\":1654,\"caption\":\"Tene.ee\"},\"image\":{\"@id\":\"https:\\\/\\\/tene.ee\\\/cs\\\/#\\\/schema\\\/logo\\\/image\\\/\"},\"sameAs\":[\"https:\\\/\\\/www.facebook.com\\\/teneaiamajad\"]}]}<\/script>\n<!-- \/ Yoast SEO plugin. -->","yoast_head_json":{"title":"Tene.ee - Oriental 3 s mark\u00c3\u0192\u00c2\u00bdzou","description":"Tene.ee Oriental 3 s mark\u00c3\u0192\u00c2\u00bdzou","robots":{"index":"index","follow":"follow","max-snippet":"max-snippet:-1","max-image-preview":"max-image-preview:large","max-video-preview":"max-video-preview:-1"},"canonical":"https:\/\/tene.ee\/cs\/toode\/oriental-3-varikatusega\/","og_locale":"cs_CZ","og_type":"article","og_title":"Tene.ee - Oriental 3 s mark\u00c3\u0192\u00c2\u00bdzou","og_description":"Tene.ee Oriental 3 s mark\u00c3\u0192\u00c2\u00bdzou","og_url":"https:\/\/tene.ee\/cs\/toode\/oriental-3-varikatusega\/","og_site_name":"Tene.ee","article_publisher":"https:\/\/www.facebook.com\/teneaiamajad","article_modified_time":"2024-11-04T08:24:10+00:00","og_image":[{"width":1600,"height":1067,"url":"https:\/\/tene.ee\/wp-content\/uploads\/2024\/07\/Oriental-3-SD-OK-1.jpeg","type":"image\/jpeg"}],"twitter_card":"summary_large_image","twitter_misc":{"Odhadovan\u00e1 doba \u010dten\u00ed":"2 minuty"},"schema":{"@context":"https:\/\/schema.org","@graph":[{"@type":"WebPage","@id":"https:\/\/tene.ee\/cs\/toode\/oriental-3-varikatusega\/","url":"https:\/\/tene.ee\/cs\/toode\/oriental-3-varikatusega\/","name":"Tene.ee - Oriental 3 s mark\u00c3\u0192\u00c2\u00bdzou","isPartOf":{"@id":"https:\/\/tene.ee\/cs\/#website"},"primaryImageOfPage":{"@id":"https:\/\/tene.ee\/cs\/toode\/oriental-3-varikatusega\/#primaryimage"},"image":{"@id":"https:\/\/tene.ee\/cs\/toode\/oriental-3-varikatusega\/#primaryimage"},"thumbnailUrl":"https:\/\/tene.ee\/wp-content\/uploads\/2024\/07\/Oriental-3-SD-OK-1.jpeg","datePublished":"2024-07-12T13:16:40+00:00","dateModified":"2024-11-04T08:24:10+00:00","description":"Tene.ee Oriental 3 s mark\u00c3\u0192\u00c2\u00bdzou","breadcrumb":{"@id":"https:\/\/tene.ee\/cs\/toode\/oriental-3-varikatusega\/#breadcrumb"},"inLanguage":"cs","potentialAction":[{"@type":"ReadAction","target":["https:\/\/tene.ee\/cs\/toode\/oriental-3-varikatusega\/"]}]},{"@type":"ImageObject","inLanguage":"cs","@id":"https:\/\/tene.ee\/cs\/toode\/oriental-3-varikatusega\/#primaryimage","url":"https:\/\/tene.ee\/wp-content\/uploads\/2024\/07\/Oriental-3-SD-OK-1.jpeg","contentUrl":"https:\/\/tene.ee\/wp-content\/uploads\/2024\/07\/Oriental-3-SD-OK-1.jpeg","width":1600,"height":1067},{"@type":"BreadcrumbList","@id":"https:\/\/tene.ee\/cs\/toode\/oriental-3-varikatusega\/#breadcrumb","itemListElement":[{"@type":"ListItem","position":1,"name":"Avaleht","item":"https:\/\/tene.ee\/cs\/"},{"@type":"ListItem","position":2,"name":"V\u0161echny produkty","item":"http:\/\/tene.ee\/cs\/shop\/"},{"@type":"ListItem","position":3,"name":"Oriental 3 s mark\u00c3\u0192\u00c2\u00bdzou"}]},{"@type":"WebSite","@id":"https:\/\/tene.ee\/cs\/#website","url":"https:\/\/tene.ee\/cs\/","name":"Tene.ee - Kaunite hetkede jaoks sinu aias","description":"Tene.ee - parimad puit- ja aiamajad otse tootjalt","publisher":{"@id":"https:\/\/tene.ee\/cs\/#organization"},"alternateName":"Tene.ee","potentialAction":[{"@type":"SearchAction","target":{"@type":"EntryPoint","urlTemplate":"https:\/\/tene.ee\/cs\/?s={search_term_string}"},"query-input":{"@type":"PropertyValueSpecification","valueRequired":true,"valueName":"search_term_string"}}],"inLanguage":"cs"},{"@type":"Organization","@id":"https:\/\/tene.ee\/cs\/#organization","name":"Tene.ee","url":"https:\/\/tene.ee\/cs\/","logo":{"@type":"ImageObject","inLanguage":"cs","@id":"https:\/\/tene.ee\/cs\/#\/schema\/logo\/image\/","url":"https:\/\/tene.ee\/wp-content\/uploads\/2024\/12\/TENE-logo-2018-2.png","contentUrl":"https:\/\/tene.ee\/wp-content\/uploads\/2024\/12\/TENE-logo-2018-2.png","width":2339,"height":1654,"caption":"Tene.ee"},"image":{"@id":"https:\/\/tene.ee\/cs\/#\/schema\/logo\/image\/"},"sameAs":["https:\/\/www.facebook.com\/teneaiamajad"]}]}},"_links":{"self":[{"href":"https:\/\/tene.ee\/cs\/wp-json\/wp\/v2\/product\/19982","targetHints":{"allow":["GET"]}}],"collection":[{"href":"https:\/\/tene.ee\/cs\/wp-json\/wp\/v2\/product"}],"about":[{"href":"https:\/\/tene.ee\/cs\/wp-json\/wp\/v2\/types\/product"}],"wp:featuredmedia":[{"embeddable":true,"href":"https:\/\/tene.ee\/cs\/wp-json\/wp\/v2\/media\/4399"}],"wp:attachment":[{"href":"https:\/\/tene.ee\/cs\/wp-json\/wp\/v2\/media?parent=19982"}],"wp:term":[{"taxonomy":"product_brand","embeddable":true,"href":"https:\/\/tene.ee\/cs\/wp-json\/wp\/v2\/product_brand?post=19982"},{"taxonomy":"product_cat","embeddable":true,"href":"https:\/\/tene.ee\/cs\/wp-json\/wp\/v2\/product_cat?post=19982"},{"taxonomy":"product_tag","embeddable":true,"href":"https:\/\/tene.ee\/cs\/wp-json\/wp\/v2\/product_tag?post=19982"}],"curies":[{"name":"wp","href":"https:\/\/api.w.org\/{rel}","templated":true}]}}