{"id":19703,"date":"2024-07-12T16:19:39","date_gmt":"2024-07-12T13:19:39","guid":{"rendered":"https:\/\/tene.ee\/toode\/karusaun-moderni-sauna-ja-puhkeruumiga\/"},"modified":"2024-11-28T11:06:55","modified_gmt":"2024-11-28T09:06:55","slug":"karusaun-moderni-sauna-ja-puhkeruumiga","status":"publish","type":"product","link":"https:\/\/tene.ee\/cs\/toode\/karusaun-moderni-sauna-ja-puhkeruumiga\/","title":{"rendered":"Sauna na kolech Moderni se saunou a\u00a0odpo\u010d\u00edv\u00e1rnou"},"content":{"rendered":"<p>Sauny na kolech vyr\u00e1b\u011bn\u00e9 ve v\u00fdrobn\u00edm z\u00e1vod\u011b zahradn\u00edch domk\u016f spole\u010dnosti Tene nab\u00edzej\u00ed vynikaj\u00edc\u00ed mo\u017enost saunov\u00e1n\u00ed tam, kde jsou omezen\u00ed nebo kde nen\u00ed dovoleno saunu v\u016fbec postavit. Sauny na kolech jsou mobiln\u00ed, lze je pou\u017e\u00edvat po cel\u00fd rok a\u00a0nevy\u017eaduj\u00ed stavebn\u00ed povolen\u00ed\u00a0\u2013 sta\u010d\u00ed je p\u0159ipojit za auto, dojet k\u00a0vodn\u00ed plo\u0161e a\u00a0u\u017e\u00edvat si. A\u017e p\u0159ijde zima, m\u016f\u017eete si saunu na kolech p\u0159ev\u00e9zt na zimu na sv\u016fj pozemek.<br \/>\nSauny na kolech jsou vyrobeny z\u00a0vysoce kvalitn\u00edho smrkov\u00e9ho d\u0159eva. Sada obsahuje saunovou lavici z\u00a0osiky, kamna na d\u0159evo a\u00a0vysoce kvalitn\u00ed kom\u00edn vyroben\u00fd ve Finsku s\u00a0n\u00e1dr\u017e\u00ed na vodu a\u00a0filtrem.<\/p>\n<p>Podvozek:<br \/>\nVn\u011bj\u0161\u00ed rozm\u011bry: 200 x 480\u00a0cm<br \/>\npevn\u00fd kovov\u00fd pozinkovan\u00fd r\u00e1m<br \/>\ndvoun\u00e1pravov\u00fd p\u0159\u00edv\u011bs<br \/>\nrohov\u00e9 podp\u011bry ve \u010dty\u0159ech roz\u00edch<br \/>\nsv\u011btla<br \/>\n13\u2033 kola<br \/>\nVlastn\u00ed hmotnost p\u0159ibli\u017en\u011b 1\u00a0900\u00a0kg<br \/>\n\u2028Saunov\u00fd domek:<br \/>\nsrubov\u00e1 st\u011bna 40 x 114\u00a0mm<br \/>\nsauna z\u00a0p\u0159\u00edrodn\u00edho smrkov\u00e9ho d\u0159eva, nelakovan\u00e1, opat\u0159en\u00e1 ochrann\u00fdm prost\u0159edkem proti pl\u00edsn\u00edm<br \/>\nkovov\u00e9 ty\u010de se z\u00e1vitem v\u00a0roz\u00edch<br \/>\nst\u0159echa z\u00a0\u010dern\u00fdch vo\u0161tinov\u00fdch \u0161indel\u016f<br \/>\nst\u0159echa izolovan\u00e1 vlnou s\u00a0tlou\u0161\u0165kou 50\u00a0cm<br \/>\nkamna na d\u0159evo s\u00a0prosklen\u00fdmi dv\u00ed\u0159ky, saunov\u00e9 kameny, n\u00e1dr\u017e na vodu integrovan\u00e1 v\u00a0kom\u00edn\u011b, kvalitn\u00ed kom\u00edn s\u00a0klapkou, kryt a\u00a0z\u00e1kladna kamen<br \/>\nsaunov\u00e1 lavice z\u00a0osiky se stup\u0148ovitou lavic\u00ed, op\u011bradlem, ohrazen\u00edm kamen<br \/>\notev\u00edrateln\u00e1 okna s\u00a0tvrzen\u00fdm sklem<br \/>\nuzamykateln\u00e9 dve\u0159e s\u00a0tvrzen\u00fdm sklem<br \/>\nvodn\u00ed kan\u00e1l v podlaze parn\u00ed l\u00e1zn\u011b, kter\u00fdm lze vypou\u0161t\u011bt vodu na myt\u00ed a\u00a0koup\u00e1n\u00ed<br \/>\nsk\u0159\u00ed\u0148ka na p\u0159\u00edslu\u0161enstv\u00ed<br \/>\nV p\u0159edn\u00ed m\u00edstnosti sauny nen\u00ed \u017e\u00e1dn\u00e9 vybaven\u00ed, fotografie jsou ilustra\u010dn\u00ed.<br \/>\nK\u00a0zaparkov\u00e1n\u00ed sauny nemus\u00edte \u017e\u00e1dat o\u00a0stavebn\u00ed povolen\u00ed.<br \/>\nAby mohl \u0159idi\u010d \u0159\u00eddit takov\u00fd p\u0159\u00edv\u011bs v\u00a0souladu se z\u00e1konem, mus\u00ed b\u00fdt dr\u017eitelem \u0159idi\u010dsk\u00e9ho pr\u016fkazu skupiny BE.\u2028\u2028Ceny jsou platn\u00e9 ve skladu v\u00fdrobn\u00edho z\u00e1vodu Tene a\u00a0zahrnuj\u00ed DPH.<br \/>\nCena nezahrnuje p\u0159epravu v\u00fdrobku.<\/p>\n","protected":false},"excerpt":{"rendered":"<p>Dvoun\u00e1pravov\u00e1 sauna na kolech s\u00a0jednostrannou \u0161ikmou st\u0159echou p\u0159ipraven\u00e1 na saunov\u00e1n\u00ed.<br \/>\nSaunov\u00e1 lavice z\u00a0osiky, kamna na d\u0159evo a\u00a0kvalitn\u00ed kom\u00edn s\u00a0klapkou.<\/p>\n","protected":false},"featured_media":6471,"template":"","meta":{"_acf_changed":false},"product_brand":[],"product_cat":[510,512],"product_tag":[],"class_list":{"0":"post-19703","1":"product","2":"type-product","3":"status-publish","4":"has-post-thumbnail","6":"product_cat-sauny","7":"product_cat-vozikove-sauny","8":"pa_iseloomustus-2-pokoje-cs","9":"pa_iseloomustus-ctvercovy-dum","10":"pa_katuse-tuup-sikma-strecha","11":"pa_pindala-0-10-m2-cs","12":"pa_seina-paksus-40-mm-cs","14":"first","15":"onbackorder","16":"sale","17":"purchasable","18":"product-type-simple"},"acf":[],"yoast_head":"<!-- This site is optimized with the Yoast SEO plugin v27.3 - https:\/\/yoast.com\/product\/yoast-seo-wordpress\/ -->\n<title>Tene.ee - Sauna na kolech Moderni se saunou a\u00a0odpo\u010d\u00edv\u00e1rnou<\/title>\n<meta name=\"description\" content=\"Tene.ee Sauna na kolech Moderni se saunou a\u00a0odpo\u010d\u00edv\u00e1rnou\" \/>\n<meta name=\"robots\" content=\"index, follow, max-snippet:-1, max-image-preview:large, max-video-preview:-1\" \/>\n<link rel=\"canonical\" href=\"https:\/\/tene.ee\/cs\/toode\/karusaun-moderni-sauna-ja-puhkeruumiga\/\" \/>\n<meta property=\"og:locale\" content=\"cs_CZ\" \/>\n<meta property=\"og:type\" content=\"article\" \/>\n<meta property=\"og:title\" content=\"Tene.ee - Sauna na kolech Moderni se saunou a\u00a0odpo\u010d\u00edv\u00e1rnou\" \/>\n<meta property=\"og:description\" content=\"Tene.ee Sauna na kolech Moderni se saunou a\u00a0odpo\u010d\u00edv\u00e1rnou\" \/>\n<meta property=\"og:url\" content=\"https:\/\/tene.ee\/cs\/toode\/karusaun-moderni-sauna-ja-puhkeruumiga\/\" \/>\n<meta property=\"og:site_name\" content=\"Tene.ee\" \/>\n<meta property=\"article:publisher\" content=\"https:\/\/www.facebook.com\/teneaiamajad\" \/>\n<meta property=\"article:modified_time\" content=\"2024-11-28T09:06:55+00:00\" \/>\n<meta property=\"og:image\" content=\"https:\/\/tene.ee\/wp-content\/uploads\/2024\/07\/Karrysauna_Moderni.jpg\" \/>\n\t<meta property=\"og:image:width\" content=\"2500\" \/>\n\t<meta property=\"og:image:height\" content=\"1667\" \/>\n\t<meta property=\"og:image:type\" content=\"image\/jpeg\" \/>\n<meta name=\"twitter:card\" content=\"summary_large_image\" \/>\n<meta name=\"twitter:label1\" content=\"Odhadovan\u00e1 doba \u010dten\u00ed\" \/>\n\t<meta name=\"twitter:data1\" content=\"2 minuty\" \/>\n<script type=\"application\/ld+json\" class=\"yoast-schema-graph\">{\"@context\":\"https:\\\/\\\/schema.org\",\"@graph\":[{\"@type\":\"WebPage\",\"@id\":\"https:\\\/\\\/tene.ee\\\/cs\\\/toode\\\/karusaun-moderni-sauna-ja-puhkeruumiga\\\/\",\"url\":\"https:\\\/\\\/tene.ee\\\/cs\\\/toode\\\/karusaun-moderni-sauna-ja-puhkeruumiga\\\/\",\"name\":\"Tene.ee - Sauna na kolech Moderni se saunou a\u00a0odpo\u010d\u00edv\u00e1rnou\",\"isPartOf\":{\"@id\":\"https:\\\/\\\/tene.ee\\\/cs\\\/#website\"},\"primaryImageOfPage\":{\"@id\":\"https:\\\/\\\/tene.ee\\\/cs\\\/toode\\\/karusaun-moderni-sauna-ja-puhkeruumiga\\\/#primaryimage\"},\"image\":{\"@id\":\"https:\\\/\\\/tene.ee\\\/cs\\\/toode\\\/karusaun-moderni-sauna-ja-puhkeruumiga\\\/#primaryimage\"},\"thumbnailUrl\":\"https:\\\/\\\/tene.ee\\\/wp-content\\\/uploads\\\/2024\\\/07\\\/Karrysauna_Moderni.jpg\",\"datePublished\":\"2024-07-12T13:19:39+00:00\",\"dateModified\":\"2024-11-28T09:06:55+00:00\",\"description\":\"Tene.ee Sauna na kolech Moderni se saunou a\u00a0odpo\u010d\u00edv\u00e1rnou\",\"breadcrumb\":{\"@id\":\"https:\\\/\\\/tene.ee\\\/cs\\\/toode\\\/karusaun-moderni-sauna-ja-puhkeruumiga\\\/#breadcrumb\"},\"inLanguage\":\"cs\",\"potentialAction\":[{\"@type\":\"ReadAction\",\"target\":[\"https:\\\/\\\/tene.ee\\\/cs\\\/toode\\\/karusaun-moderni-sauna-ja-puhkeruumiga\\\/\"]}]},{\"@type\":\"ImageObject\",\"inLanguage\":\"cs\",\"@id\":\"https:\\\/\\\/tene.ee\\\/cs\\\/toode\\\/karusaun-moderni-sauna-ja-puhkeruumiga\\\/#primaryimage\",\"url\":\"https:\\\/\\\/tene.ee\\\/wp-content\\\/uploads\\\/2024\\\/07\\\/Karrysauna_Moderni.jpg\",\"contentUrl\":\"https:\\\/\\\/tene.ee\\\/wp-content\\\/uploads\\\/2024\\\/07\\\/Karrysauna_Moderni.jpg\",\"width\":2500,\"height\":1667},{\"@type\":\"BreadcrumbList\",\"@id\":\"https:\\\/\\\/tene.ee\\\/cs\\\/toode\\\/karusaun-moderni-sauna-ja-puhkeruumiga\\\/#breadcrumb\",\"itemListElement\":[{\"@type\":\"ListItem\",\"position\":1,\"name\":\"Avaleht\",\"item\":\"https:\\\/\\\/tene.ee\\\/cs\\\/\"},{\"@type\":\"ListItem\",\"position\":2,\"name\":\"V\u0161echny produkty\",\"item\":\"http:\\\/\\\/tene.ee\\\/cs\\\/shop\\\/\"},{\"@type\":\"ListItem\",\"position\":3,\"name\":\"Sauna na kolech Moderni se saunou a\u00a0odpo\u010d\u00edv\u00e1rnou\"}]},{\"@type\":\"WebSite\",\"@id\":\"https:\\\/\\\/tene.ee\\\/cs\\\/#website\",\"url\":\"https:\\\/\\\/tene.ee\\\/cs\\\/\",\"name\":\"Tene.ee - Kaunite hetkede jaoks sinu aias\",\"description\":\"Tene.ee - parimad puit- ja aiamajad otse tootjalt\",\"publisher\":{\"@id\":\"https:\\\/\\\/tene.ee\\\/cs\\\/#organization\"},\"alternateName\":\"Tene.ee\",\"potentialAction\":[{\"@type\":\"SearchAction\",\"target\":{\"@type\":\"EntryPoint\",\"urlTemplate\":\"https:\\\/\\\/tene.ee\\\/cs\\\/?s={search_term_string}\"},\"query-input\":{\"@type\":\"PropertyValueSpecification\",\"valueRequired\":true,\"valueName\":\"search_term_string\"}}],\"inLanguage\":\"cs\"},{\"@type\":\"Organization\",\"@id\":\"https:\\\/\\\/tene.ee\\\/cs\\\/#organization\",\"name\":\"Tene.ee\",\"url\":\"https:\\\/\\\/tene.ee\\\/cs\\\/\",\"logo\":{\"@type\":\"ImageObject\",\"inLanguage\":\"cs\",\"@id\":\"https:\\\/\\\/tene.ee\\\/cs\\\/#\\\/schema\\\/logo\\\/image\\\/\",\"url\":\"https:\\\/\\\/tene.ee\\\/wp-content\\\/uploads\\\/2024\\\/12\\\/TENE-logo-2018-2.png\",\"contentUrl\":\"https:\\\/\\\/tene.ee\\\/wp-content\\\/uploads\\\/2024\\\/12\\\/TENE-logo-2018-2.png\",\"width\":2339,\"height\":1654,\"caption\":\"Tene.ee\"},\"image\":{\"@id\":\"https:\\\/\\\/tene.ee\\\/cs\\\/#\\\/schema\\\/logo\\\/image\\\/\"},\"sameAs\":[\"https:\\\/\\\/www.facebook.com\\\/teneaiamajad\"]}]}<\/script>\n<!-- \/ Yoast SEO plugin. -->","yoast_head_json":{"title":"Tene.ee - Sauna na kolech Moderni se saunou a\u00a0odpo\u010d\u00edv\u00e1rnou","description":"Tene.ee Sauna na kolech Moderni se saunou a\u00a0odpo\u010d\u00edv\u00e1rnou","robots":{"index":"index","follow":"follow","max-snippet":"max-snippet:-1","max-image-preview":"max-image-preview:large","max-video-preview":"max-video-preview:-1"},"canonical":"https:\/\/tene.ee\/cs\/toode\/karusaun-moderni-sauna-ja-puhkeruumiga\/","og_locale":"cs_CZ","og_type":"article","og_title":"Tene.ee - Sauna na kolech Moderni se saunou a\u00a0odpo\u010d\u00edv\u00e1rnou","og_description":"Tene.ee Sauna na kolech Moderni se saunou a\u00a0odpo\u010d\u00edv\u00e1rnou","og_url":"https:\/\/tene.ee\/cs\/toode\/karusaun-moderni-sauna-ja-puhkeruumiga\/","og_site_name":"Tene.ee","article_publisher":"https:\/\/www.facebook.com\/teneaiamajad","article_modified_time":"2024-11-28T09:06:55+00:00","og_image":[{"width":2500,"height":1667,"url":"https:\/\/tene.ee\/wp-content\/uploads\/2024\/07\/Karrysauna_Moderni.jpg","type":"image\/jpeg"}],"twitter_card":"summary_large_image","twitter_misc":{"Odhadovan\u00e1 doba \u010dten\u00ed":"2 minuty"},"schema":{"@context":"https:\/\/schema.org","@graph":[{"@type":"WebPage","@id":"https:\/\/tene.ee\/cs\/toode\/karusaun-moderni-sauna-ja-puhkeruumiga\/","url":"https:\/\/tene.ee\/cs\/toode\/karusaun-moderni-sauna-ja-puhkeruumiga\/","name":"Tene.ee - Sauna na kolech Moderni se saunou a\u00a0odpo\u010d\u00edv\u00e1rnou","isPartOf":{"@id":"https:\/\/tene.ee\/cs\/#website"},"primaryImageOfPage":{"@id":"https:\/\/tene.ee\/cs\/toode\/karusaun-moderni-sauna-ja-puhkeruumiga\/#primaryimage"},"image":{"@id":"https:\/\/tene.ee\/cs\/toode\/karusaun-moderni-sauna-ja-puhkeruumiga\/#primaryimage"},"thumbnailUrl":"https:\/\/tene.ee\/wp-content\/uploads\/2024\/07\/Karrysauna_Moderni.jpg","datePublished":"2024-07-12T13:19:39+00:00","dateModified":"2024-11-28T09:06:55+00:00","description":"Tene.ee Sauna na kolech Moderni se saunou a\u00a0odpo\u010d\u00edv\u00e1rnou","breadcrumb":{"@id":"https:\/\/tene.ee\/cs\/toode\/karusaun-moderni-sauna-ja-puhkeruumiga\/#breadcrumb"},"inLanguage":"cs","potentialAction":[{"@type":"ReadAction","target":["https:\/\/tene.ee\/cs\/toode\/karusaun-moderni-sauna-ja-puhkeruumiga\/"]}]},{"@type":"ImageObject","inLanguage":"cs","@id":"https:\/\/tene.ee\/cs\/toode\/karusaun-moderni-sauna-ja-puhkeruumiga\/#primaryimage","url":"https:\/\/tene.ee\/wp-content\/uploads\/2024\/07\/Karrysauna_Moderni.jpg","contentUrl":"https:\/\/tene.ee\/wp-content\/uploads\/2024\/07\/Karrysauna_Moderni.jpg","width":2500,"height":1667},{"@type":"BreadcrumbList","@id":"https:\/\/tene.ee\/cs\/toode\/karusaun-moderni-sauna-ja-puhkeruumiga\/#breadcrumb","itemListElement":[{"@type":"ListItem","position":1,"name":"Avaleht","item":"https:\/\/tene.ee\/cs\/"},{"@type":"ListItem","position":2,"name":"V\u0161echny produkty","item":"http:\/\/tene.ee\/cs\/shop\/"},{"@type":"ListItem","position":3,"name":"Sauna na kolech Moderni se saunou a\u00a0odpo\u010d\u00edv\u00e1rnou"}]},{"@type":"WebSite","@id":"https:\/\/tene.ee\/cs\/#website","url":"https:\/\/tene.ee\/cs\/","name":"Tene.ee - Kaunite hetkede jaoks sinu aias","description":"Tene.ee - parimad puit- ja aiamajad otse tootjalt","publisher":{"@id":"https:\/\/tene.ee\/cs\/#organization"},"alternateName":"Tene.ee","potentialAction":[{"@type":"SearchAction","target":{"@type":"EntryPoint","urlTemplate":"https:\/\/tene.ee\/cs\/?s={search_term_string}"},"query-input":{"@type":"PropertyValueSpecification","valueRequired":true,"valueName":"search_term_string"}}],"inLanguage":"cs"},{"@type":"Organization","@id":"https:\/\/tene.ee\/cs\/#organization","name":"Tene.ee","url":"https:\/\/tene.ee\/cs\/","logo":{"@type":"ImageObject","inLanguage":"cs","@id":"https:\/\/tene.ee\/cs\/#\/schema\/logo\/image\/","url":"https:\/\/tene.ee\/wp-content\/uploads\/2024\/12\/TENE-logo-2018-2.png","contentUrl":"https:\/\/tene.ee\/wp-content\/uploads\/2024\/12\/TENE-logo-2018-2.png","width":2339,"height":1654,"caption":"Tene.ee"},"image":{"@id":"https:\/\/tene.ee\/cs\/#\/schema\/logo\/image\/"},"sameAs":["https:\/\/www.facebook.com\/teneaiamajad"]}]}},"_links":{"self":[{"href":"https:\/\/tene.ee\/cs\/wp-json\/wp\/v2\/product\/19703","targetHints":{"allow":["GET"]}}],"collection":[{"href":"https:\/\/tene.ee\/cs\/wp-json\/wp\/v2\/product"}],"about":[{"href":"https:\/\/tene.ee\/cs\/wp-json\/wp\/v2\/types\/product"}],"wp:featuredmedia":[{"embeddable":true,"href":"https:\/\/tene.ee\/cs\/wp-json\/wp\/v2\/media\/6471"}],"wp:attachment":[{"href":"https:\/\/tene.ee\/cs\/wp-json\/wp\/v2\/media?parent=19703"}],"wp:term":[{"taxonomy":"product_brand","embeddable":true,"href":"https:\/\/tene.ee\/cs\/wp-json\/wp\/v2\/product_brand?post=19703"},{"taxonomy":"product_cat","embeddable":true,"href":"https:\/\/tene.ee\/cs\/wp-json\/wp\/v2\/product_cat?post=19703"},{"taxonomy":"product_tag","embeddable":true,"href":"https:\/\/tene.ee\/cs\/wp-json\/wp\/v2\/product_tag?post=19703"}],"curies":[{"name":"wp","href":"https:\/\/api.w.org\/{rel}","templated":true}]}}