{"id":19595,"date":"2024-07-12T16:19:39","date_gmt":"2024-07-12T13:19:39","guid":{"rendered":"https:\/\/tene.ee\/toode\/puidust-garaaz-oulu-70-mm\/"},"modified":"2024-11-28T11:06:18","modified_gmt":"2024-11-28T09:06:18","slug":"puidust-garaaz-oulu-70-mm","status":"publish","type":"product","link":"https:\/\/tene.ee\/cs\/toode\/puidust-garaaz-oulu-70-mm\/","title":{"rendered":"D\u0159ev\u011bn\u00e1 gar\u00e1\u017e Oulu, 70\u00a0mm"},"content":{"rendered":"<p>Zahradn\u00ed domky, srubov\u00e9 domky, p\u0159\u00edst\u0159e\u0161ky, pavilony, sauny, alt\u00e1ny, grilovac\u00ed domky a\u00a0d\u0159ev\u011bn\u00e9 gar\u00e1\u017ee vyr\u00e1b\u011bn\u00e9 v\u00a0z\u00e1vod\u011b na v\u00fdrobu zahradn\u00edch a\u00a0d\u0159ev\u011bn\u00fdch domk\u016f spole\u010dnosti Tene jsou dod\u00e1v\u00e1ny s\u00a0dve\u0159mi, okny, podlahou, spojovac\u00edm materi\u00e1lem a\u00a0n\u00e1vodem k\u00a0mont\u00e1\u017ei, d\u00edky \u010demu\u017e je stavba zahradn\u00edho domku jednoduch\u00e1 a\u00a0\u010dasov\u011b nen\u00e1ro\u010dn\u00e1.<\/p>\n<p>Sada d\u0159ev\u011bn\u00e9 gar\u00e1\u017ee spole\u010dnosti Tene se st\u011bnami s\u00a0tlou\u0161\u0165kou 70\u00a0mm v\u00a0z\u00e1vislosti na modelu zahrnuje:<\/p>\n<p>pou\u017eit\u00e9 d\u0159evo je smrk 100% seversk\u00e9 kvality<br \/>\ndve\u0159e a\u00a0okna z\u00a0extra such\u00e9ho (8\u201312\u00a0%) lepen\u00e9ho lamelov\u00e9ho d\u0159eva<br \/>\nprosklen\u00e9 dvouk\u0159\u00eddl\u00e9 okno (jedna strana okna je oto\u010dn\u00e1 a\u00a0druh\u00e1 strana je v\u00fdklopn\u00e1 a\u00a0oto\u010dn\u00e1) v\u010detn\u011b kov\u00e1n\u00ed<br \/>\nprosklen\u00e9 dve\u0159e v\u010detn\u011b kov\u00e1n\u00ed<br \/>\ngar\u00e1\u017eov\u00e1 vrata vyroben\u00e1 z\u00a0desek, v\u010detn\u011b kov\u00e1n\u00ed<br \/>\nstrop z\u00a0profilov\u00fdch desek s\u00a0tlou\u0161\u0165kou 18\u00a0mm<br \/>\nz\u00e1kladov\u00e9 nosn\u00edky impregnovan\u00e9 v\u00a0autokl\u00e1vu<br \/>\nbou\u0159kov\u00e1 pojistka do okna<br \/>\nspojovac\u00ed materi\u00e1ly (h\u0159eb\u00edky a \u0161rouby)<br \/>\nn\u00e1vod k\u00a0mont\u00e1\u017ei<br \/>\nCeny jsou platn\u00e9 ve skladu v\u00fdrobn\u00edho z\u00e1vodu Tene a\u00a0zahrnuj\u00ed DPH.<br \/>\nCena nezahrnuje p\u0159epravu v\u00fdrobku.<\/p>\n","protected":false},"excerpt":{"rendered":"<p>Cena zahrnuje dve\u0159e a\u00a0okno s\u00a0prosklen\u00edm vyroben\u00e9 z\u00a0lepen\u00e9ho lamelov\u00e9ho d\u0159eva, gar\u00e1\u017eov\u00e1 vrata, impregnovan\u00e9 z\u00e1kladov\u00e9 nosn\u00edky, spojovac\u00ed materi\u00e1l a\u00a0n\u00e1vod k\u00a0mont\u00e1\u017ei. Cena nezahrnuje p\u0159epravu a\u00a0st\u0159e\u0161n\u00ed krytinu.<\/p>\n","protected":false},"featured_media":5935,"template":"","meta":{"_acf_changed":false},"product_brand":[],"product_cat":[498,496],"product_tag":[],"class_list":{"0":"post-19595","1":"product","2":"type-product","3":"status-publish","4":"has-post-thumbnail","6":"product_cat-drevene-garaze-se-70mm-stenami","7":"product_cat-garaze","8":"pa_iseloomustus-1-pokoj-cs","9":"pa_iseloomustus-ctvercovy-dum","10":"pa_iseloomustus-petiuhelnikovy-dum","11":"pa_katuse-tuup-viilkatus-cs","12":"pa_pindala-20-40-m2-cs","13":"pa_seina-paksus-70-mm-cs","15":"first","16":"onbackorder","17":"sale","18":"purchasable","19":"product-type-simple"},"acf":[],"yoast_head":"<!-- This site is optimized with the Yoast SEO plugin v27.3 - https:\/\/yoast.com\/product\/yoast-seo-wordpress\/ -->\n<title>Tene.ee - D\u0159ev\u011bn\u00e1 gar\u00e1\u017e Oulu, 70\u00a0mm<\/title>\n<meta name=\"description\" content=\"Tene.ee D\u0159ev\u011bn\u00e1 gar\u00e1\u017e Oulu, 70\u00a0mm\" \/>\n<meta name=\"robots\" content=\"index, follow, max-snippet:-1, max-image-preview:large, max-video-preview:-1\" \/>\n<link rel=\"canonical\" href=\"https:\/\/tene.ee\/cs\/toode\/puidust-garaaz-oulu-70-mm\/\" \/>\n<meta property=\"og:locale\" content=\"cs_CZ\" \/>\n<meta property=\"og:type\" content=\"article\" \/>\n<meta property=\"og:title\" content=\"Tene.ee - D\u0159ev\u011bn\u00e1 gar\u00e1\u017e Oulu, 70\u00a0mm\" \/>\n<meta property=\"og:description\" content=\"Tene.ee D\u0159ev\u011bn\u00e1 gar\u00e1\u017e Oulu, 70\u00a0mm\" \/>\n<meta property=\"og:url\" content=\"https:\/\/tene.ee\/cs\/toode\/puidust-garaaz-oulu-70-mm\/\" \/>\n<meta property=\"og:site_name\" content=\"Tene.ee\" \/>\n<meta property=\"article:publisher\" content=\"https:\/\/www.facebook.com\/teneaiamajad\" \/>\n<meta property=\"article:modified_time\" content=\"2024-11-28T09:06:18+00:00\" \/>\n<meta property=\"og:image\" content=\"http:\/\/tene.ee\/wp-content\/uploads\/2024\/07\/Autotalli-Oulu-1.jpg\" \/>\n\t<meta property=\"og:image:width\" content=\"1600\" \/>\n\t<meta property=\"og:image:height\" content=\"1067\" \/>\n\t<meta property=\"og:image:type\" content=\"image\/jpeg\" \/>\n<meta name=\"twitter:card\" content=\"summary_large_image\" \/>\n<meta name=\"twitter:label1\" content=\"Odhadovan\u00e1 doba \u010dten\u00ed\" \/>\n\t<meta name=\"twitter:data1\" content=\"1 minuta\" \/>\n<script type=\"application\/ld+json\" class=\"yoast-schema-graph\">{\"@context\":\"https:\\\/\\\/schema.org\",\"@graph\":[{\"@type\":\"WebPage\",\"@id\":\"https:\\\/\\\/tene.ee\\\/cs\\\/toode\\\/puidust-garaaz-oulu-70-mm\\\/\",\"url\":\"https:\\\/\\\/tene.ee\\\/cs\\\/toode\\\/puidust-garaaz-oulu-70-mm\\\/\",\"name\":\"Tene.ee - D\u0159ev\u011bn\u00e1 gar\u00e1\u017e Oulu, 70\u00a0mm\",\"isPartOf\":{\"@id\":\"https:\\\/\\\/tene.ee\\\/cs\\\/#website\"},\"primaryImageOfPage\":{\"@id\":\"https:\\\/\\\/tene.ee\\\/cs\\\/toode\\\/puidust-garaaz-oulu-70-mm\\\/#primaryimage\"},\"image\":{\"@id\":\"https:\\\/\\\/tene.ee\\\/cs\\\/toode\\\/puidust-garaaz-oulu-70-mm\\\/#primaryimage\"},\"thumbnailUrl\":\"https:\\\/\\\/tene.ee\\\/wp-content\\\/uploads\\\/2024\\\/07\\\/Autotalli-Oulu-1.jpg\",\"datePublished\":\"2024-07-12T13:19:39+00:00\",\"dateModified\":\"2024-11-28T09:06:18+00:00\",\"description\":\"Tene.ee D\u0159ev\u011bn\u00e1 gar\u00e1\u017e Oulu, 70\u00a0mm\",\"breadcrumb\":{\"@id\":\"https:\\\/\\\/tene.ee\\\/cs\\\/toode\\\/puidust-garaaz-oulu-70-mm\\\/#breadcrumb\"},\"inLanguage\":\"cs\",\"potentialAction\":[{\"@type\":\"ReadAction\",\"target\":[\"https:\\\/\\\/tene.ee\\\/cs\\\/toode\\\/puidust-garaaz-oulu-70-mm\\\/\"]}]},{\"@type\":\"ImageObject\",\"inLanguage\":\"cs\",\"@id\":\"https:\\\/\\\/tene.ee\\\/cs\\\/toode\\\/puidust-garaaz-oulu-70-mm\\\/#primaryimage\",\"url\":\"https:\\\/\\\/tene.ee\\\/wp-content\\\/uploads\\\/2024\\\/07\\\/Autotalli-Oulu-1.jpg\",\"contentUrl\":\"https:\\\/\\\/tene.ee\\\/wp-content\\\/uploads\\\/2024\\\/07\\\/Autotalli-Oulu-1.jpg\",\"width\":1600,\"height\":1067},{\"@type\":\"BreadcrumbList\",\"@id\":\"https:\\\/\\\/tene.ee\\\/cs\\\/toode\\\/puidust-garaaz-oulu-70-mm\\\/#breadcrumb\",\"itemListElement\":[{\"@type\":\"ListItem\",\"position\":1,\"name\":\"Avaleht\",\"item\":\"https:\\\/\\\/tene.ee\\\/cs\\\/\"},{\"@type\":\"ListItem\",\"position\":2,\"name\":\"V\u0161echny produkty\",\"item\":\"http:\\\/\\\/tene.ee\\\/cs\\\/shop\\\/\"},{\"@type\":\"ListItem\",\"position\":3,\"name\":\"D\u0159ev\u011bn\u00e1 gar\u00e1\u017e Oulu, 70\u00a0mm\"}]},{\"@type\":\"WebSite\",\"@id\":\"https:\\\/\\\/tene.ee\\\/cs\\\/#website\",\"url\":\"https:\\\/\\\/tene.ee\\\/cs\\\/\",\"name\":\"Tene.ee - Kaunite hetkede jaoks sinu aias\",\"description\":\"Tene.ee - parimad puit- ja aiamajad otse tootjalt\",\"publisher\":{\"@id\":\"https:\\\/\\\/tene.ee\\\/cs\\\/#organization\"},\"alternateName\":\"Tene.ee\",\"potentialAction\":[{\"@type\":\"SearchAction\",\"target\":{\"@type\":\"EntryPoint\",\"urlTemplate\":\"https:\\\/\\\/tene.ee\\\/cs\\\/?s={search_term_string}\"},\"query-input\":{\"@type\":\"PropertyValueSpecification\",\"valueRequired\":true,\"valueName\":\"search_term_string\"}}],\"inLanguage\":\"cs\"},{\"@type\":\"Organization\",\"@id\":\"https:\\\/\\\/tene.ee\\\/cs\\\/#organization\",\"name\":\"Tene.ee\",\"url\":\"https:\\\/\\\/tene.ee\\\/cs\\\/\",\"logo\":{\"@type\":\"ImageObject\",\"inLanguage\":\"cs\",\"@id\":\"https:\\\/\\\/tene.ee\\\/cs\\\/#\\\/schema\\\/logo\\\/image\\\/\",\"url\":\"https:\\\/\\\/tene.ee\\\/wp-content\\\/uploads\\\/2024\\\/12\\\/TENE-logo-2018-2.png\",\"contentUrl\":\"https:\\\/\\\/tene.ee\\\/wp-content\\\/uploads\\\/2024\\\/12\\\/TENE-logo-2018-2.png\",\"width\":2339,\"height\":1654,\"caption\":\"Tene.ee\"},\"image\":{\"@id\":\"https:\\\/\\\/tene.ee\\\/cs\\\/#\\\/schema\\\/logo\\\/image\\\/\"},\"sameAs\":[\"https:\\\/\\\/www.facebook.com\\\/teneaiamajad\"]}]}<\/script>\n<!-- \/ Yoast SEO plugin. -->","yoast_head_json":{"title":"Tene.ee - D\u0159ev\u011bn\u00e1 gar\u00e1\u017e Oulu, 70\u00a0mm","description":"Tene.ee D\u0159ev\u011bn\u00e1 gar\u00e1\u017e Oulu, 70\u00a0mm","robots":{"index":"index","follow":"follow","max-snippet":"max-snippet:-1","max-image-preview":"max-image-preview:large","max-video-preview":"max-video-preview:-1"},"canonical":"https:\/\/tene.ee\/cs\/toode\/puidust-garaaz-oulu-70-mm\/","og_locale":"cs_CZ","og_type":"article","og_title":"Tene.ee - D\u0159ev\u011bn\u00e1 gar\u00e1\u017e Oulu, 70\u00a0mm","og_description":"Tene.ee D\u0159ev\u011bn\u00e1 gar\u00e1\u017e Oulu, 70\u00a0mm","og_url":"https:\/\/tene.ee\/cs\/toode\/puidust-garaaz-oulu-70-mm\/","og_site_name":"Tene.ee","article_publisher":"https:\/\/www.facebook.com\/teneaiamajad","article_modified_time":"2024-11-28T09:06:18+00:00","og_image":[{"width":1600,"height":1067,"url":"http:\/\/tene.ee\/wp-content\/uploads\/2024\/07\/Autotalli-Oulu-1.jpg","type":"image\/jpeg"}],"twitter_card":"summary_large_image","twitter_misc":{"Odhadovan\u00e1 doba \u010dten\u00ed":"1 minuta"},"schema":{"@context":"https:\/\/schema.org","@graph":[{"@type":"WebPage","@id":"https:\/\/tene.ee\/cs\/toode\/puidust-garaaz-oulu-70-mm\/","url":"https:\/\/tene.ee\/cs\/toode\/puidust-garaaz-oulu-70-mm\/","name":"Tene.ee - D\u0159ev\u011bn\u00e1 gar\u00e1\u017e Oulu, 70\u00a0mm","isPartOf":{"@id":"https:\/\/tene.ee\/cs\/#website"},"primaryImageOfPage":{"@id":"https:\/\/tene.ee\/cs\/toode\/puidust-garaaz-oulu-70-mm\/#primaryimage"},"image":{"@id":"https:\/\/tene.ee\/cs\/toode\/puidust-garaaz-oulu-70-mm\/#primaryimage"},"thumbnailUrl":"https:\/\/tene.ee\/wp-content\/uploads\/2024\/07\/Autotalli-Oulu-1.jpg","datePublished":"2024-07-12T13:19:39+00:00","dateModified":"2024-11-28T09:06:18+00:00","description":"Tene.ee D\u0159ev\u011bn\u00e1 gar\u00e1\u017e Oulu, 70\u00a0mm","breadcrumb":{"@id":"https:\/\/tene.ee\/cs\/toode\/puidust-garaaz-oulu-70-mm\/#breadcrumb"},"inLanguage":"cs","potentialAction":[{"@type":"ReadAction","target":["https:\/\/tene.ee\/cs\/toode\/puidust-garaaz-oulu-70-mm\/"]}]},{"@type":"ImageObject","inLanguage":"cs","@id":"https:\/\/tene.ee\/cs\/toode\/puidust-garaaz-oulu-70-mm\/#primaryimage","url":"https:\/\/tene.ee\/wp-content\/uploads\/2024\/07\/Autotalli-Oulu-1.jpg","contentUrl":"https:\/\/tene.ee\/wp-content\/uploads\/2024\/07\/Autotalli-Oulu-1.jpg","width":1600,"height":1067},{"@type":"BreadcrumbList","@id":"https:\/\/tene.ee\/cs\/toode\/puidust-garaaz-oulu-70-mm\/#breadcrumb","itemListElement":[{"@type":"ListItem","position":1,"name":"Avaleht","item":"https:\/\/tene.ee\/cs\/"},{"@type":"ListItem","position":2,"name":"V\u0161echny produkty","item":"http:\/\/tene.ee\/cs\/shop\/"},{"@type":"ListItem","position":3,"name":"D\u0159ev\u011bn\u00e1 gar\u00e1\u017e Oulu, 70\u00a0mm"}]},{"@type":"WebSite","@id":"https:\/\/tene.ee\/cs\/#website","url":"https:\/\/tene.ee\/cs\/","name":"Tene.ee - Kaunite hetkede jaoks sinu aias","description":"Tene.ee - parimad puit- ja aiamajad otse tootjalt","publisher":{"@id":"https:\/\/tene.ee\/cs\/#organization"},"alternateName":"Tene.ee","potentialAction":[{"@type":"SearchAction","target":{"@type":"EntryPoint","urlTemplate":"https:\/\/tene.ee\/cs\/?s={search_term_string}"},"query-input":{"@type":"PropertyValueSpecification","valueRequired":true,"valueName":"search_term_string"}}],"inLanguage":"cs"},{"@type":"Organization","@id":"https:\/\/tene.ee\/cs\/#organization","name":"Tene.ee","url":"https:\/\/tene.ee\/cs\/","logo":{"@type":"ImageObject","inLanguage":"cs","@id":"https:\/\/tene.ee\/cs\/#\/schema\/logo\/image\/","url":"https:\/\/tene.ee\/wp-content\/uploads\/2024\/12\/TENE-logo-2018-2.png","contentUrl":"https:\/\/tene.ee\/wp-content\/uploads\/2024\/12\/TENE-logo-2018-2.png","width":2339,"height":1654,"caption":"Tene.ee"},"image":{"@id":"https:\/\/tene.ee\/cs\/#\/schema\/logo\/image\/"},"sameAs":["https:\/\/www.facebook.com\/teneaiamajad"]}]}},"_links":{"self":[{"href":"https:\/\/tene.ee\/cs\/wp-json\/wp\/v2\/product\/19595","targetHints":{"allow":["GET"]}}],"collection":[{"href":"https:\/\/tene.ee\/cs\/wp-json\/wp\/v2\/product"}],"about":[{"href":"https:\/\/tene.ee\/cs\/wp-json\/wp\/v2\/types\/product"}],"wp:featuredmedia":[{"embeddable":true,"href":"https:\/\/tene.ee\/cs\/wp-json\/wp\/v2\/media\/5935"}],"wp:attachment":[{"href":"https:\/\/tene.ee\/cs\/wp-json\/wp\/v2\/media?parent=19595"}],"wp:term":[{"taxonomy":"product_brand","embeddable":true,"href":"https:\/\/tene.ee\/cs\/wp-json\/wp\/v2\/product_brand?post=19595"},{"taxonomy":"product_cat","embeddable":true,"href":"https:\/\/tene.ee\/cs\/wp-json\/wp\/v2\/product_cat?post=19595"},{"taxonomy":"product_tag","embeddable":true,"href":"https:\/\/tene.ee\/cs\/wp-json\/wp\/v2\/product_tag?post=19595"}],"curies":[{"name":"wp","href":"https:\/\/api.w.org\/{rel}","templated":true}]}}