{"id":19503,"date":"2024-07-12T16:20:40","date_gmt":"2024-07-12T13:20:40","guid":{"rendered":"https:\/\/tene.ee\/toode\/kumblustunn-standard-o-180-sinine-kaanega\/"},"modified":"2024-11-28T11:06:59","modified_gmt":"2024-11-28T09:06:59","slug":"kumblustunn-standard-o-180-sinine-kaanega","status":"publish","type":"product","link":"https:\/\/tene.ee\/cs\/toode\/kumblustunn-standard-o-180-sinine-kaanega\/","title":{"rendered":"Koupac\u00ed sud Standard, \u00d8\u00a0180 modr\u00e1, s\u00a0v\u00edkem"},"content":{"rendered":"<p>Vnit\u0159ek a\u00a0v\u00edko koupac\u00edho sudu jsou vyrobeny z\u00a0rota\u010dn\u011b odl\u00e9van\u00e9ho plastu PE (polyethylenov\u00fd plast). Odlitek sedadla uvnit\u0159 je izolov\u00e1n 40\u00a0cm p\u011bnov\u00e9ho polystyrenu.<br \/>\nPlast PE se velmi snadno udr\u017euje v\u00a0\u010distot\u011b. Koupac\u00ed sud je vybaven vypou\u0161t\u011bc\u00edm otvorem a\u00a0odtokovou trubkou s\u00a0kohoutkem. Koupac\u00ed sud a\u00a0v\u00edko jsou velmi odoln\u00e9 v\u016f\u010di pov\u011btrnostn\u00edm vliv\u016fm, neovliv\u0148uje je teplo ani chlad. D\u00edky v\u00edku koupac\u00edho sudu se voda v\u00a0koupac\u00edm sudu rychleji oh\u0159\u00edv\u00e1 a\u00a0p\u0159i zav\u0159en\u00e9m v\u00edku se do vody koupac\u00edho sudu nedost\u00e1vaj\u00ed \u017e\u00e1dn\u00e9 ne\u010distoty.<br \/>\nVe vn\u011bj\u0161\u00edch kamnech koupac\u00edho sudu z\u00a0hlin\u00edku pro n\u00e1mo\u0159n\u00ed \u00fa\u010dely lze topit max. 50\u00a0cm dlouh\u00fdm d\u0159evem V\u00a0takov\u00e9m p\u0159\u00edpad\u011b je doba oh\u0159evu p\u0159ibli\u017en\u011b 3\u20133,5\u00a0hodiny. P\u0159i topen\u00ed d\u0159ev\u011bn\u00fdmi briketami je doba oh\u0159evu p\u0159ibli\u017en\u011b o\u00a0hodinu krat\u0161\u00ed (2,5\u20133,5\u00a0hodiny). Spot\u0159eba briket je p\u0159ibli\u017en\u011b 25\u00a0kg. Doba pot\u0159ebn\u00e1 k\u00a0oh\u0159evu koupac\u00edho sudu z\u00e1vis\u00ed tak\u00e9 na ro\u010dn\u00edm obdob\u00ed, tak\u017ee v\u00a0zim\u011b m\u016f\u017ee b\u00fdt doba oh\u0159evu v\u00fdrazn\u011b del\u0161\u00ed ne\u017e v\u00a0l\u00e9t\u011b, kdy se koupac\u00ed sud oh\u0159\u00edv\u00e1 rychleji.<\/p>\n","protected":false},"excerpt":{"rendered":"<p>Koupac\u00ed sud s\u00a0v\u00edkem pro 6\u00a0osob.<br \/>\nVn\u011bj\u0161\u00ed rozm\u011bry koupac\u00edho sudu \u00d8\u00a0183\u00a0cm<br \/>\nVn\u011bj\u0161\u00ed rozm\u011bry koupac\u00edho sudu s\u00a0v\u00edkem 187\u00a0cm<br \/>\nObjem koupac\u00edho sudu 1\u00a0450\u00a0l<br \/>\nV\u00fd\u0161ka koupac\u00edho sudu od zem\u011b 119\u00a0cm<br \/>\nV\u00fd\u0161ka koupac\u00edho sudu s\u00a0v\u00edkem od zem\u011b 145\u00a0cm<br \/>\nVn\u011bj\u0161\u00ed kamna z\u00a0hlin\u00edku pro n\u00e1mo\u0159n\u00ed \u00fa\u010dely (rozm\u011bry 65 x 42 x 62\u00a0cm)<br \/>\nD\u00e9lka kom\u00edna 200\u00a0cm<br \/>\nD\u0159ev\u011bn\u00fd obklad s\u00a0povrchovou \u00fapravou voskem na d\u0159evo<br \/>\nBarva vnit\u0159ku a\u00a0v\u00edka je modr\u00e1 \u017eula<br \/>\nVypou\u0161t\u011bn\u00ed vody pomoc\u00ed kohoutku<br \/>\nDoba pot\u0159ebn\u00e1 k\u00a0oh\u0159evu vody z\u00a05 na 38\u00a0\u00b0C p\u0159i pou\u017eit\u00ed 50\u00a0cm dlouh\u00e9ho d\u0159eva je p\u0159ibli\u017en\u011b 3\u20133,5\u00a0hodiny (p\u0159i pou\u017eit\u00ed d\u0159ev\u011bn\u00fdch briket p\u0159ibli\u017en\u011b 2\u20132,5\u00a0hodiny).<br \/>\nHmotnost koupac\u00edho sudu s\u00a0kamny p\u0159ibli\u017en\u011b 250\u00a0kg<br \/>\nZ\u00e1kladn\u00ed r\u00e1m koupac\u00edho sudu je vyroben z\u00a0impregnovan\u00e9ho d\u0159eva s\u00a0rozm\u011bry 45 x 70\u00a0cm<\/p>\n<p>Ceny jsou platn\u00e9 ve skladu v\u00fdrobn\u00edho z\u00e1vodu Tene a\u00a0zahrnuj\u00ed DPH.<br \/>\nCena nezahrnuje p\u0159epravu v\u00fdrobku.<\/p>\n","protected":false},"featured_media":6783,"template":"","meta":{"_acf_changed":false},"product_brand":[],"product_cat":[501],"product_tag":[],"class_list":{"0":"post-19503","1":"product","2":"type-product","3":"status-publish","4":"has-post-thumbnail","6":"product_cat-virivky","7":"pa_kumblustunni-diameeter-183-cm-cs","9":"first","10":"instock","11":"sale","12":"purchasable","13":"product-type-simple"},"acf":[],"yoast_head":"<!-- This site is optimized with the Yoast SEO plugin v27.3 - https:\/\/yoast.com\/product\/yoast-seo-wordpress\/ -->\n<title>Tene.ee - Koupac\u00ed sud Standard, \u00d8\u00a0180 modr\u00e1, s\u00a0v\u00edkem<\/title>\n<meta name=\"description\" content=\"Tene.ee Koupac\u00ed sud Standard, \u00d8\u00a0180 modr\u00e1, s\u00a0v\u00edkem\" \/>\n<meta name=\"robots\" content=\"index, follow, max-snippet:-1, max-image-preview:large, max-video-preview:-1\" \/>\n<link rel=\"canonical\" href=\"https:\/\/tene.ee\/cs\/toode\/kumblustunn-standard-o-180-sinine-kaanega\/\" \/>\n<meta property=\"og:locale\" content=\"cs_CZ\" \/>\n<meta property=\"og:type\" content=\"article\" \/>\n<meta property=\"og:title\" content=\"Tene.ee - Koupac\u00ed sud Standard, \u00d8\u00a0180 modr\u00e1, s\u00a0v\u00edkem\" \/>\n<meta property=\"og:description\" content=\"Tene.ee Koupac\u00ed sud Standard, \u00d8\u00a0180 modr\u00e1, s\u00a0v\u00edkem\" \/>\n<meta property=\"og:url\" content=\"https:\/\/tene.ee\/cs\/toode\/kumblustunn-standard-o-180-sinine-kaanega\/\" \/>\n<meta property=\"og:site_name\" content=\"Tene.ee\" \/>\n<meta property=\"article:publisher\" content=\"https:\/\/www.facebook.com\/teneaiamajad\" \/>\n<meta property=\"article:modified_time\" content=\"2024-11-28T09:06:59+00:00\" \/>\n<meta property=\"og:image\" content=\"https:\/\/tene.ee\/wp-content\/uploads\/2024\/07\/Kymblustynn_Standard180_sinine_kaanega-1024x683.jpg\" \/>\n\t<meta property=\"og:image:width\" content=\"1024\" \/>\n\t<meta property=\"og:image:height\" content=\"683\" \/>\n\t<meta property=\"og:image:type\" content=\"image\/jpeg\" \/>\n<meta name=\"twitter:card\" content=\"summary_large_image\" \/>\n<meta name=\"twitter:label1\" content=\"Odhadovan\u00e1 doba \u010dten\u00ed\" \/>\n\t<meta name=\"twitter:data1\" content=\"2 minuty\" \/>\n<script type=\"application\/ld+json\" class=\"yoast-schema-graph\">{\"@context\":\"https:\\\/\\\/schema.org\",\"@graph\":[{\"@type\":\"WebPage\",\"@id\":\"https:\\\/\\\/tene.ee\\\/cs\\\/toode\\\/kumblustunn-standard-o-180-sinine-kaanega\\\/\",\"url\":\"https:\\\/\\\/tene.ee\\\/cs\\\/toode\\\/kumblustunn-standard-o-180-sinine-kaanega\\\/\",\"name\":\"Tene.ee - Koupac\u00ed sud Standard, \u00d8\u00a0180 modr\u00e1, s\u00a0v\u00edkem\",\"isPartOf\":{\"@id\":\"https:\\\/\\\/tene.ee\\\/cs\\\/#website\"},\"primaryImageOfPage\":{\"@id\":\"https:\\\/\\\/tene.ee\\\/cs\\\/toode\\\/kumblustunn-standard-o-180-sinine-kaanega\\\/#primaryimage\"},\"image\":{\"@id\":\"https:\\\/\\\/tene.ee\\\/cs\\\/toode\\\/kumblustunn-standard-o-180-sinine-kaanega\\\/#primaryimage\"},\"thumbnailUrl\":\"https:\\\/\\\/tene.ee\\\/wp-content\\\/uploads\\\/2024\\\/07\\\/Kymblustynn_Standard180_sinine_kaanega.jpg\",\"datePublished\":\"2024-07-12T13:20:40+00:00\",\"dateModified\":\"2024-11-28T09:06:59+00:00\",\"description\":\"Tene.ee Koupac\u00ed sud Standard, \u00d8\u00a0180 modr\u00e1, s\u00a0v\u00edkem\",\"breadcrumb\":{\"@id\":\"https:\\\/\\\/tene.ee\\\/cs\\\/toode\\\/kumblustunn-standard-o-180-sinine-kaanega\\\/#breadcrumb\"},\"inLanguage\":\"cs\",\"potentialAction\":[{\"@type\":\"ReadAction\",\"target\":[\"https:\\\/\\\/tene.ee\\\/cs\\\/toode\\\/kumblustunn-standard-o-180-sinine-kaanega\\\/\"]}]},{\"@type\":\"ImageObject\",\"inLanguage\":\"cs\",\"@id\":\"https:\\\/\\\/tene.ee\\\/cs\\\/toode\\\/kumblustunn-standard-o-180-sinine-kaanega\\\/#primaryimage\",\"url\":\"https:\\\/\\\/tene.ee\\\/wp-content\\\/uploads\\\/2024\\\/07\\\/Kymblustynn_Standard180_sinine_kaanega.jpg\",\"contentUrl\":\"https:\\\/\\\/tene.ee\\\/wp-content\\\/uploads\\\/2024\\\/07\\\/Kymblustynn_Standard180_sinine_kaanega.jpg\",\"width\":2500,\"height\":1667},{\"@type\":\"BreadcrumbList\",\"@id\":\"https:\\\/\\\/tene.ee\\\/cs\\\/toode\\\/kumblustunn-standard-o-180-sinine-kaanega\\\/#breadcrumb\",\"itemListElement\":[{\"@type\":\"ListItem\",\"position\":1,\"name\":\"Avaleht\",\"item\":\"https:\\\/\\\/tene.ee\\\/cs\\\/\"},{\"@type\":\"ListItem\",\"position\":2,\"name\":\"V\u0161echny produkty\",\"item\":\"http:\\\/\\\/tene.ee\\\/cs\\\/shop\\\/\"},{\"@type\":\"ListItem\",\"position\":3,\"name\":\"Koupac\u00ed sud Standard, \u00d8\u00a0180 modr\u00e1, s\u00a0v\u00edkem\"}]},{\"@type\":\"WebSite\",\"@id\":\"https:\\\/\\\/tene.ee\\\/cs\\\/#website\",\"url\":\"https:\\\/\\\/tene.ee\\\/cs\\\/\",\"name\":\"Tene.ee - Kaunite hetkede jaoks sinu aias\",\"description\":\"Tene.ee - parimad puit- ja aiamajad otse tootjalt\",\"publisher\":{\"@id\":\"https:\\\/\\\/tene.ee\\\/cs\\\/#organization\"},\"alternateName\":\"Tene.ee\",\"potentialAction\":[{\"@type\":\"SearchAction\",\"target\":{\"@type\":\"EntryPoint\",\"urlTemplate\":\"https:\\\/\\\/tene.ee\\\/cs\\\/?s={search_term_string}\"},\"query-input\":{\"@type\":\"PropertyValueSpecification\",\"valueRequired\":true,\"valueName\":\"search_term_string\"}}],\"inLanguage\":\"cs\"},{\"@type\":\"Organization\",\"@id\":\"https:\\\/\\\/tene.ee\\\/cs\\\/#organization\",\"name\":\"Tene.ee\",\"url\":\"https:\\\/\\\/tene.ee\\\/cs\\\/\",\"logo\":{\"@type\":\"ImageObject\",\"inLanguage\":\"cs\",\"@id\":\"https:\\\/\\\/tene.ee\\\/cs\\\/#\\\/schema\\\/logo\\\/image\\\/\",\"url\":\"https:\\\/\\\/tene.ee\\\/wp-content\\\/uploads\\\/2024\\\/12\\\/TENE-logo-2018-2.png\",\"contentUrl\":\"https:\\\/\\\/tene.ee\\\/wp-content\\\/uploads\\\/2024\\\/12\\\/TENE-logo-2018-2.png\",\"width\":2339,\"height\":1654,\"caption\":\"Tene.ee\"},\"image\":{\"@id\":\"https:\\\/\\\/tene.ee\\\/cs\\\/#\\\/schema\\\/logo\\\/image\\\/\"},\"sameAs\":[\"https:\\\/\\\/www.facebook.com\\\/teneaiamajad\"]}]}<\/script>\n<!-- \/ Yoast SEO plugin. -->","yoast_head_json":{"title":"Tene.ee - Koupac\u00ed sud Standard, \u00d8\u00a0180 modr\u00e1, s\u00a0v\u00edkem","description":"Tene.ee Koupac\u00ed sud Standard, \u00d8\u00a0180 modr\u00e1, s\u00a0v\u00edkem","robots":{"index":"index","follow":"follow","max-snippet":"max-snippet:-1","max-image-preview":"max-image-preview:large","max-video-preview":"max-video-preview:-1"},"canonical":"https:\/\/tene.ee\/cs\/toode\/kumblustunn-standard-o-180-sinine-kaanega\/","og_locale":"cs_CZ","og_type":"article","og_title":"Tene.ee - Koupac\u00ed sud Standard, \u00d8\u00a0180 modr\u00e1, s\u00a0v\u00edkem","og_description":"Tene.ee Koupac\u00ed sud Standard, \u00d8\u00a0180 modr\u00e1, s\u00a0v\u00edkem","og_url":"https:\/\/tene.ee\/cs\/toode\/kumblustunn-standard-o-180-sinine-kaanega\/","og_site_name":"Tene.ee","article_publisher":"https:\/\/www.facebook.com\/teneaiamajad","article_modified_time":"2024-11-28T09:06:59+00:00","og_image":[{"width":1024,"height":683,"url":"https:\/\/tene.ee\/wp-content\/uploads\/2024\/07\/Kymblustynn_Standard180_sinine_kaanega-1024x683.jpg","type":"image\/jpeg"}],"twitter_card":"summary_large_image","twitter_misc":{"Odhadovan\u00e1 doba \u010dten\u00ed":"2 minuty"},"schema":{"@context":"https:\/\/schema.org","@graph":[{"@type":"WebPage","@id":"https:\/\/tene.ee\/cs\/toode\/kumblustunn-standard-o-180-sinine-kaanega\/","url":"https:\/\/tene.ee\/cs\/toode\/kumblustunn-standard-o-180-sinine-kaanega\/","name":"Tene.ee - Koupac\u00ed sud Standard, \u00d8\u00a0180 modr\u00e1, s\u00a0v\u00edkem","isPartOf":{"@id":"https:\/\/tene.ee\/cs\/#website"},"primaryImageOfPage":{"@id":"https:\/\/tene.ee\/cs\/toode\/kumblustunn-standard-o-180-sinine-kaanega\/#primaryimage"},"image":{"@id":"https:\/\/tene.ee\/cs\/toode\/kumblustunn-standard-o-180-sinine-kaanega\/#primaryimage"},"thumbnailUrl":"https:\/\/tene.ee\/wp-content\/uploads\/2024\/07\/Kymblustynn_Standard180_sinine_kaanega.jpg","datePublished":"2024-07-12T13:20:40+00:00","dateModified":"2024-11-28T09:06:59+00:00","description":"Tene.ee Koupac\u00ed sud Standard, \u00d8\u00a0180 modr\u00e1, s\u00a0v\u00edkem","breadcrumb":{"@id":"https:\/\/tene.ee\/cs\/toode\/kumblustunn-standard-o-180-sinine-kaanega\/#breadcrumb"},"inLanguage":"cs","potentialAction":[{"@type":"ReadAction","target":["https:\/\/tene.ee\/cs\/toode\/kumblustunn-standard-o-180-sinine-kaanega\/"]}]},{"@type":"ImageObject","inLanguage":"cs","@id":"https:\/\/tene.ee\/cs\/toode\/kumblustunn-standard-o-180-sinine-kaanega\/#primaryimage","url":"https:\/\/tene.ee\/wp-content\/uploads\/2024\/07\/Kymblustynn_Standard180_sinine_kaanega.jpg","contentUrl":"https:\/\/tene.ee\/wp-content\/uploads\/2024\/07\/Kymblustynn_Standard180_sinine_kaanega.jpg","width":2500,"height":1667},{"@type":"BreadcrumbList","@id":"https:\/\/tene.ee\/cs\/toode\/kumblustunn-standard-o-180-sinine-kaanega\/#breadcrumb","itemListElement":[{"@type":"ListItem","position":1,"name":"Avaleht","item":"https:\/\/tene.ee\/cs\/"},{"@type":"ListItem","position":2,"name":"V\u0161echny produkty","item":"http:\/\/tene.ee\/cs\/shop\/"},{"@type":"ListItem","position":3,"name":"Koupac\u00ed sud Standard, \u00d8\u00a0180 modr\u00e1, s\u00a0v\u00edkem"}]},{"@type":"WebSite","@id":"https:\/\/tene.ee\/cs\/#website","url":"https:\/\/tene.ee\/cs\/","name":"Tene.ee - Kaunite hetkede jaoks sinu aias","description":"Tene.ee - parimad puit- ja aiamajad otse tootjalt","publisher":{"@id":"https:\/\/tene.ee\/cs\/#organization"},"alternateName":"Tene.ee","potentialAction":[{"@type":"SearchAction","target":{"@type":"EntryPoint","urlTemplate":"https:\/\/tene.ee\/cs\/?s={search_term_string}"},"query-input":{"@type":"PropertyValueSpecification","valueRequired":true,"valueName":"search_term_string"}}],"inLanguage":"cs"},{"@type":"Organization","@id":"https:\/\/tene.ee\/cs\/#organization","name":"Tene.ee","url":"https:\/\/tene.ee\/cs\/","logo":{"@type":"ImageObject","inLanguage":"cs","@id":"https:\/\/tene.ee\/cs\/#\/schema\/logo\/image\/","url":"https:\/\/tene.ee\/wp-content\/uploads\/2024\/12\/TENE-logo-2018-2.png","contentUrl":"https:\/\/tene.ee\/wp-content\/uploads\/2024\/12\/TENE-logo-2018-2.png","width":2339,"height":1654,"caption":"Tene.ee"},"image":{"@id":"https:\/\/tene.ee\/cs\/#\/schema\/logo\/image\/"},"sameAs":["https:\/\/www.facebook.com\/teneaiamajad"]}]}},"_links":{"self":[{"href":"https:\/\/tene.ee\/cs\/wp-json\/wp\/v2\/product\/19503","targetHints":{"allow":["GET"]}}],"collection":[{"href":"https:\/\/tene.ee\/cs\/wp-json\/wp\/v2\/product"}],"about":[{"href":"https:\/\/tene.ee\/cs\/wp-json\/wp\/v2\/types\/product"}],"wp:featuredmedia":[{"embeddable":true,"href":"https:\/\/tene.ee\/cs\/wp-json\/wp\/v2\/media\/6783"}],"wp:attachment":[{"href":"https:\/\/tene.ee\/cs\/wp-json\/wp\/v2\/media?parent=19503"}],"wp:term":[{"taxonomy":"product_brand","embeddable":true,"href":"https:\/\/tene.ee\/cs\/wp-json\/wp\/v2\/product_brand?post=19503"},{"taxonomy":"product_cat","embeddable":true,"href":"https:\/\/tene.ee\/cs\/wp-json\/wp\/v2\/product_cat?post=19503"},{"taxonomy":"product_tag","embeddable":true,"href":"https:\/\/tene.ee\/cs\/wp-json\/wp\/v2\/product_tag?post=19503"}],"curies":[{"name":"wp","href":"https:\/\/api.w.org\/{rel}","templated":true}]}}