{"id":19489,"date":"2024-07-12T16:20:40","date_gmt":"2024-07-12T13:20:40","guid":{"rendered":"https:\/\/tene.ee\/toode\/kumblustunn-standard-kaanega-haagisel\/"},"modified":"2024-11-28T11:06:58","modified_gmt":"2024-11-28T09:06:58","slug":"kumblustunn-standard-kaanega-haagisel","status":"publish","type":"product","link":"https:\/\/tene.ee\/cs\/toode\/kumblustunn-standard-kaanega-haagisel\/","title":{"rendered":"Koupac\u00ed sud Standard s\u00a0v\u00edkem na p\u0159\u00edv\u011bsu"},"content":{"rendered":"<p>Koupac\u00ed sud s\u00a0v\u00edkem na p\u0159\u00edv\u011bsu pro 6\u00a0osob.<\/p>\n<p>Rozm\u011bry plo\u0161iny: 300 x 208\u00a0cm<br \/>\nCelkov\u00e1 d\u00e9lka 431\u00a0cm<br \/>\nP\u0159\u00edv\u011bs m\u00e1 4\u00a0podp\u011brn\u00e9 nohy.<br \/>\nSpodn\u00ed \u010d\u00e1st p\u0159\u00edv\u011bsu je vyrobena z\u00a0vod\u011bodoln\u00e9 d\u00fdhy.<br \/>\nCelkov\u00e1 hmotnost 750\u00a0kg<br \/>\nNosnost: 750\u00a0kg<br \/>\nVn\u011bj\u0161\u00ed rozm\u011bry koupac\u00edho sudu \u00d8\u00a0183\u00a0cm<br \/>\nVn\u011bj\u0161\u00ed rozm\u011bry koupac\u00edho sudu s\u00a0v\u00edkem 187\u00a0cm<br \/>\nDoporu\u010den\u00e9 mno\u017estv\u00ed vody v\u00a0koupac\u00edm sudu 1\u00a0450\u00a0l<br \/>\nD\u0159ev\u011bn\u00e9 stup\u0148ovit\u00e9 schody<br \/>\nVn\u011bj\u0161\u00ed kamna z\u00a0hlin\u00edku pro n\u00e1mo\u0159n\u00ed \u00fa\u010dely (rozm\u011bry 65 x 42 x 62\u00a0cm)<br \/>\nD\u00e9lka kom\u00edna 200\u00a0cm<br \/>\nD\u0159ev\u011bn\u00fd obklad s\u00a0povrchovou \u00fapravou voskem na d\u0159evo<br \/>\nBarva vnit\u0159ku a\u00a0v\u00edka je \u0161ed\u00e1 \u017eula<br \/>\nVypou\u0161t\u011bn\u00ed vody pomoc\u00ed kohoutku<br \/>\nDoba pot\u0159ebn\u00e1 k\u00a0oh\u0159evu vody z\u00a05 na 38\u00a0\u00b0C p\u0159i pou\u017eit\u00ed 50\u00a0cm dlouh\u00e9ho d\u0159eva je p\u0159ibli\u017en\u011b 3\u20133,5\u00a0hodiny (p\u0159i pou\u017eit\u00ed d\u0159ev\u011bn\u00fdch briket p\u0159ibli\u017en\u011b 2\u20132,5\u00a0hodiny). Doba pot\u0159ebn\u00e1 k\u00a0oh\u0159evu koupac\u00edho sudu z\u00e1vis\u00ed tak\u00e9 na ro\u010dn\u00edm obdob\u00ed, tak\u017ee v\u00a0zim\u011b m\u016f\u017ee b\u00fdt doba oh\u0159evu v\u00fdrazn\u011b del\u0161\u00ed ne\u017e v\u00a0l\u00e9t\u011b, kdy se koupac\u00ed sud oh\u0159\u00edv\u00e1 rychleji.<br \/>\nHmotnost koupac\u00edho sudu s\u00a0kamny p\u0159ibli\u017en\u011b 250\u00a0kg<br \/>\nHmotnost p\u0159\u00edv\u011bsu s\u00a0koupac\u00edm sudem je p\u0159ibli\u017en\u011b 480\u00a0kg.<\/p>\n","protected":false},"excerpt":{"rendered":"<p>Koupac\u00ed sud na kolech pro 6\u00a0osob. Pr\u016fm\u011br 180\u00a0cm. U\u017eijte si koupac\u00ed sud, a\u0165 u\u017e v\u00e1s \u017eivot zavede kamkoli!<\/p>\n","protected":false},"featured_media":6743,"template":"","meta":{"_acf_changed":false},"product_brand":[],"product_cat":[510,500,512,501],"product_tag":[],"class_list":{"0":"post-19489","1":"product","2":"type-product","3":"status-publish","4":"has-post-thumbnail","6":"product_cat-sauny","7":"product_cat-volny-ihned","8":"product_cat-vozikove-sauny","9":"product_cat-virivky","10":"pa_kumblustunni-diameeter-183-cm-cs","12":"first","13":"onbackorder","14":"sale","15":"purchasable","16":"product-type-simple"},"acf":[],"yoast_head":"<!-- This site is optimized with the Yoast SEO plugin v27.3 - https:\/\/yoast.com\/product\/yoast-seo-wordpress\/ -->\n<title>Tene.ee - Koupac\u00ed sud Standard s\u00a0v\u00edkem na p\u0159\u00edv\u011bsu<\/title>\n<meta name=\"description\" content=\"Tene.ee Koupac\u00ed sud Standard s\u00a0v\u00edkem na p\u0159\u00edv\u011bsu\" \/>\n<meta name=\"robots\" content=\"index, follow, max-snippet:-1, max-image-preview:large, max-video-preview:-1\" \/>\n<link rel=\"canonical\" href=\"https:\/\/tene.ee\/cs\/toode\/kumblustunn-standard-kaanega-haagisel\/\" \/>\n<meta property=\"og:locale\" content=\"cs_CZ\" \/>\n<meta property=\"og:type\" content=\"article\" \/>\n<meta property=\"og:title\" content=\"Tene.ee - Koupac\u00ed sud Standard s\u00a0v\u00edkem na p\u0159\u00edv\u011bsu\" \/>\n<meta property=\"og:description\" content=\"Tene.ee Koupac\u00ed sud Standard s\u00a0v\u00edkem na p\u0159\u00edv\u011bsu\" \/>\n<meta property=\"og:url\" content=\"https:\/\/tene.ee\/cs\/toode\/kumblustunn-standard-kaanega-haagisel\/\" \/>\n<meta property=\"og:site_name\" content=\"Tene.ee\" \/>\n<meta property=\"article:publisher\" content=\"https:\/\/www.facebook.com\/teneaiamajad\" \/>\n<meta property=\"article:modified_time\" content=\"2024-11-28T09:06:58+00:00\" \/>\n<meta property=\"og:image\" content=\"http:\/\/tene.ee\/wp-content\/uploads\/2024\/07\/Paljukarry-8.jpg\" \/>\n\t<meta property=\"og:image:width\" content=\"2016\" \/>\n\t<meta property=\"og:image:height\" content=\"1512\" \/>\n\t<meta property=\"og:image:type\" content=\"image\/jpeg\" \/>\n<meta name=\"twitter:card\" content=\"summary_large_image\" \/>\n<meta name=\"twitter:label1\" content=\"Odhadovan\u00e1 doba \u010dten\u00ed\" \/>\n\t<meta name=\"twitter:data1\" content=\"2 minuty\" \/>\n<script type=\"application\/ld+json\" class=\"yoast-schema-graph\">{\"@context\":\"https:\\\/\\\/schema.org\",\"@graph\":[{\"@type\":\"WebPage\",\"@id\":\"https:\\\/\\\/tene.ee\\\/cs\\\/toode\\\/kumblustunn-standard-kaanega-haagisel\\\/\",\"url\":\"https:\\\/\\\/tene.ee\\\/cs\\\/toode\\\/kumblustunn-standard-kaanega-haagisel\\\/\",\"name\":\"Tene.ee - Koupac\u00ed sud Standard s\u00a0v\u00edkem na p\u0159\u00edv\u011bsu\",\"isPartOf\":{\"@id\":\"https:\\\/\\\/tene.ee\\\/cs\\\/#website\"},\"primaryImageOfPage\":{\"@id\":\"https:\\\/\\\/tene.ee\\\/cs\\\/toode\\\/kumblustunn-standard-kaanega-haagisel\\\/#primaryimage\"},\"image\":{\"@id\":\"https:\\\/\\\/tene.ee\\\/cs\\\/toode\\\/kumblustunn-standard-kaanega-haagisel\\\/#primaryimage\"},\"thumbnailUrl\":\"https:\\\/\\\/tene.ee\\\/wp-content\\\/uploads\\\/2024\\\/07\\\/Paljukarry-8.jpg\",\"datePublished\":\"2024-07-12T13:20:40+00:00\",\"dateModified\":\"2024-11-28T09:06:58+00:00\",\"description\":\"Tene.ee Koupac\u00ed sud Standard s\u00a0v\u00edkem na p\u0159\u00edv\u011bsu\",\"breadcrumb\":{\"@id\":\"https:\\\/\\\/tene.ee\\\/cs\\\/toode\\\/kumblustunn-standard-kaanega-haagisel\\\/#breadcrumb\"},\"inLanguage\":\"cs\",\"potentialAction\":[{\"@type\":\"ReadAction\",\"target\":[\"https:\\\/\\\/tene.ee\\\/cs\\\/toode\\\/kumblustunn-standard-kaanega-haagisel\\\/\"]}]},{\"@type\":\"ImageObject\",\"inLanguage\":\"cs\",\"@id\":\"https:\\\/\\\/tene.ee\\\/cs\\\/toode\\\/kumblustunn-standard-kaanega-haagisel\\\/#primaryimage\",\"url\":\"https:\\\/\\\/tene.ee\\\/wp-content\\\/uploads\\\/2024\\\/07\\\/Paljukarry-8.jpg\",\"contentUrl\":\"https:\\\/\\\/tene.ee\\\/wp-content\\\/uploads\\\/2024\\\/07\\\/Paljukarry-8.jpg\",\"width\":2016,\"height\":1512},{\"@type\":\"BreadcrumbList\",\"@id\":\"https:\\\/\\\/tene.ee\\\/cs\\\/toode\\\/kumblustunn-standard-kaanega-haagisel\\\/#breadcrumb\",\"itemListElement\":[{\"@type\":\"ListItem\",\"position\":1,\"name\":\"Avaleht\",\"item\":\"https:\\\/\\\/tene.ee\\\/cs\\\/\"},{\"@type\":\"ListItem\",\"position\":2,\"name\":\"V\u0161echny produkty\",\"item\":\"http:\\\/\\\/tene.ee\\\/cs\\\/shop\\\/\"},{\"@type\":\"ListItem\",\"position\":3,\"name\":\"Koupac\u00ed sud Standard s\u00a0v\u00edkem na p\u0159\u00edv\u011bsu\"}]},{\"@type\":\"WebSite\",\"@id\":\"https:\\\/\\\/tene.ee\\\/cs\\\/#website\",\"url\":\"https:\\\/\\\/tene.ee\\\/cs\\\/\",\"name\":\"Tene.ee - Kaunite hetkede jaoks sinu aias\",\"description\":\"Tene.ee - parimad puit- ja aiamajad otse tootjalt\",\"publisher\":{\"@id\":\"https:\\\/\\\/tene.ee\\\/cs\\\/#organization\"},\"alternateName\":\"Tene.ee\",\"potentialAction\":[{\"@type\":\"SearchAction\",\"target\":{\"@type\":\"EntryPoint\",\"urlTemplate\":\"https:\\\/\\\/tene.ee\\\/cs\\\/?s={search_term_string}\"},\"query-input\":{\"@type\":\"PropertyValueSpecification\",\"valueRequired\":true,\"valueName\":\"search_term_string\"}}],\"inLanguage\":\"cs\"},{\"@type\":\"Organization\",\"@id\":\"https:\\\/\\\/tene.ee\\\/cs\\\/#organization\",\"name\":\"Tene.ee\",\"url\":\"https:\\\/\\\/tene.ee\\\/cs\\\/\",\"logo\":{\"@type\":\"ImageObject\",\"inLanguage\":\"cs\",\"@id\":\"https:\\\/\\\/tene.ee\\\/cs\\\/#\\\/schema\\\/logo\\\/image\\\/\",\"url\":\"https:\\\/\\\/tene.ee\\\/wp-content\\\/uploads\\\/2024\\\/12\\\/TENE-logo-2018-2.png\",\"contentUrl\":\"https:\\\/\\\/tene.ee\\\/wp-content\\\/uploads\\\/2024\\\/12\\\/TENE-logo-2018-2.png\",\"width\":2339,\"height\":1654,\"caption\":\"Tene.ee\"},\"image\":{\"@id\":\"https:\\\/\\\/tene.ee\\\/cs\\\/#\\\/schema\\\/logo\\\/image\\\/\"},\"sameAs\":[\"https:\\\/\\\/www.facebook.com\\\/teneaiamajad\"]}]}<\/script>\n<!-- \/ Yoast SEO plugin. -->","yoast_head_json":{"title":"Tene.ee - Koupac\u00ed sud Standard s\u00a0v\u00edkem na p\u0159\u00edv\u011bsu","description":"Tene.ee Koupac\u00ed sud Standard s\u00a0v\u00edkem na p\u0159\u00edv\u011bsu","robots":{"index":"index","follow":"follow","max-snippet":"max-snippet:-1","max-image-preview":"max-image-preview:large","max-video-preview":"max-video-preview:-1"},"canonical":"https:\/\/tene.ee\/cs\/toode\/kumblustunn-standard-kaanega-haagisel\/","og_locale":"cs_CZ","og_type":"article","og_title":"Tene.ee - Koupac\u00ed sud Standard s\u00a0v\u00edkem na p\u0159\u00edv\u011bsu","og_description":"Tene.ee Koupac\u00ed sud Standard s\u00a0v\u00edkem na p\u0159\u00edv\u011bsu","og_url":"https:\/\/tene.ee\/cs\/toode\/kumblustunn-standard-kaanega-haagisel\/","og_site_name":"Tene.ee","article_publisher":"https:\/\/www.facebook.com\/teneaiamajad","article_modified_time":"2024-11-28T09:06:58+00:00","og_image":[{"width":2016,"height":1512,"url":"http:\/\/tene.ee\/wp-content\/uploads\/2024\/07\/Paljukarry-8.jpg","type":"image\/jpeg"}],"twitter_card":"summary_large_image","twitter_misc":{"Odhadovan\u00e1 doba \u010dten\u00ed":"2 minuty"},"schema":{"@context":"https:\/\/schema.org","@graph":[{"@type":"WebPage","@id":"https:\/\/tene.ee\/cs\/toode\/kumblustunn-standard-kaanega-haagisel\/","url":"https:\/\/tene.ee\/cs\/toode\/kumblustunn-standard-kaanega-haagisel\/","name":"Tene.ee - Koupac\u00ed sud Standard s\u00a0v\u00edkem na p\u0159\u00edv\u011bsu","isPartOf":{"@id":"https:\/\/tene.ee\/cs\/#website"},"primaryImageOfPage":{"@id":"https:\/\/tene.ee\/cs\/toode\/kumblustunn-standard-kaanega-haagisel\/#primaryimage"},"image":{"@id":"https:\/\/tene.ee\/cs\/toode\/kumblustunn-standard-kaanega-haagisel\/#primaryimage"},"thumbnailUrl":"https:\/\/tene.ee\/wp-content\/uploads\/2024\/07\/Paljukarry-8.jpg","datePublished":"2024-07-12T13:20:40+00:00","dateModified":"2024-11-28T09:06:58+00:00","description":"Tene.ee Koupac\u00ed sud Standard s\u00a0v\u00edkem na p\u0159\u00edv\u011bsu","breadcrumb":{"@id":"https:\/\/tene.ee\/cs\/toode\/kumblustunn-standard-kaanega-haagisel\/#breadcrumb"},"inLanguage":"cs","potentialAction":[{"@type":"ReadAction","target":["https:\/\/tene.ee\/cs\/toode\/kumblustunn-standard-kaanega-haagisel\/"]}]},{"@type":"ImageObject","inLanguage":"cs","@id":"https:\/\/tene.ee\/cs\/toode\/kumblustunn-standard-kaanega-haagisel\/#primaryimage","url":"https:\/\/tene.ee\/wp-content\/uploads\/2024\/07\/Paljukarry-8.jpg","contentUrl":"https:\/\/tene.ee\/wp-content\/uploads\/2024\/07\/Paljukarry-8.jpg","width":2016,"height":1512},{"@type":"BreadcrumbList","@id":"https:\/\/tene.ee\/cs\/toode\/kumblustunn-standard-kaanega-haagisel\/#breadcrumb","itemListElement":[{"@type":"ListItem","position":1,"name":"Avaleht","item":"https:\/\/tene.ee\/cs\/"},{"@type":"ListItem","position":2,"name":"V\u0161echny produkty","item":"http:\/\/tene.ee\/cs\/shop\/"},{"@type":"ListItem","position":3,"name":"Koupac\u00ed sud Standard s\u00a0v\u00edkem na p\u0159\u00edv\u011bsu"}]},{"@type":"WebSite","@id":"https:\/\/tene.ee\/cs\/#website","url":"https:\/\/tene.ee\/cs\/","name":"Tene.ee - Kaunite hetkede jaoks sinu aias","description":"Tene.ee - parimad puit- ja aiamajad otse tootjalt","publisher":{"@id":"https:\/\/tene.ee\/cs\/#organization"},"alternateName":"Tene.ee","potentialAction":[{"@type":"SearchAction","target":{"@type":"EntryPoint","urlTemplate":"https:\/\/tene.ee\/cs\/?s={search_term_string}"},"query-input":{"@type":"PropertyValueSpecification","valueRequired":true,"valueName":"search_term_string"}}],"inLanguage":"cs"},{"@type":"Organization","@id":"https:\/\/tene.ee\/cs\/#organization","name":"Tene.ee","url":"https:\/\/tene.ee\/cs\/","logo":{"@type":"ImageObject","inLanguage":"cs","@id":"https:\/\/tene.ee\/cs\/#\/schema\/logo\/image\/","url":"https:\/\/tene.ee\/wp-content\/uploads\/2024\/12\/TENE-logo-2018-2.png","contentUrl":"https:\/\/tene.ee\/wp-content\/uploads\/2024\/12\/TENE-logo-2018-2.png","width":2339,"height":1654,"caption":"Tene.ee"},"image":{"@id":"https:\/\/tene.ee\/cs\/#\/schema\/logo\/image\/"},"sameAs":["https:\/\/www.facebook.com\/teneaiamajad"]}]}},"_links":{"self":[{"href":"https:\/\/tene.ee\/cs\/wp-json\/wp\/v2\/product\/19489","targetHints":{"allow":["GET"]}}],"collection":[{"href":"https:\/\/tene.ee\/cs\/wp-json\/wp\/v2\/product"}],"about":[{"href":"https:\/\/tene.ee\/cs\/wp-json\/wp\/v2\/types\/product"}],"wp:featuredmedia":[{"embeddable":true,"href":"https:\/\/tene.ee\/cs\/wp-json\/wp\/v2\/media\/6743"}],"wp:attachment":[{"href":"https:\/\/tene.ee\/cs\/wp-json\/wp\/v2\/media?parent=19489"}],"wp:term":[{"taxonomy":"product_brand","embeddable":true,"href":"https:\/\/tene.ee\/cs\/wp-json\/wp\/v2\/product_brand?post=19489"},{"taxonomy":"product_cat","embeddable":true,"href":"https:\/\/tene.ee\/cs\/wp-json\/wp\/v2\/product_cat?post=19489"},{"taxonomy":"product_tag","embeddable":true,"href":"https:\/\/tene.ee\/cs\/wp-json\/wp\/v2\/product_tag?post=19489"}],"curies":[{"name":"wp","href":"https:\/\/api.w.org\/{rel}","templated":true}]}}