{"id":19437,"date":"2024-07-12T16:20:40","date_gmt":"2024-07-12T13:20:40","guid":{"rendered":"https:\/\/tene.ee\/toode\/moderni-pihasauna-15\/"},"modified":"2024-11-28T11:06:21","modified_gmt":"2024-11-28T09:06:21","slug":"moderni-pihasauna-15","status":"publish","type":"product","link":"https:\/\/tene.ee\/cs\/toode\/moderni-pihasauna-15\/","title":{"rendered":"Moderni Pihasauna 15"},"content":{"rendered":"<p>Zahradn\u00ed domky, srubov\u00e9 domky, p\u0159\u00edst\u0159e\u0161ky, pavilony, sauny, alt\u00e1ny, grilovac\u00ed domky a\u00a0d\u0159ev\u011bn\u00e9 gar\u00e1\u017ee se st\u011bnami s\u00a0tlou\u0161\u0165kou 70\u00a0mm vyr\u00e1b\u011bn\u00e9 v\u00a0z\u00e1vod\u011b na v\u00fdrobu zahradn\u00edch a\u00a0d\u0159ev\u011bn\u00fdch domk\u016f spole\u010dnosti Tene jsou dod\u00e1v\u00e1ny s\u00a0dve\u0159mi, okny, podlahou, spojovac\u00edm materi\u00e1lem a\u00a0n\u00e1vodem k\u00a0mont\u00e1\u017ei, d\u00edky \u010demu\u017e je stavba zahradn\u00edho domku jednoduch\u00e1 a\u00a0\u010dasov\u011b nen\u00e1ro\u010dn\u00e1.<\/p>\n<p>Sada saunov\u00e9ho domku se st\u011bnami s\u00a0tlou\u0161\u0165kou 70\u00a0mm od spole\u010dnosti TENE obsahuje n\u00e1sleduj\u00edc\u00ed polo\u017eky podle v\u00fdkresu v\u00fdrobku:<\/p>\n<p>pou\u017eit\u00e9 d\u0159evo je smrk 100% seversk\u00e9 kvality<br \/>\ndve\u0159e a\u00a0okna z\u00a0extra such\u00e9ho (8\u201312\u00a0%) lepen\u00e9ho lamelov\u00e9ho d\u0159eva<br \/>\npr\u00e1h z\u00a0nerezov\u00e9 oceli<br \/>\nprosklen\u00e1 v\u00fdklopn\u00e1 a\u00a0oto\u010dn\u00e1 okna n\u011bmeck\u00e9ho typu v\u010detn\u011b kov\u00e1n\u00ed<br \/>\nprosklen\u00e9 dve\u0159e n\u011bmeck\u00e9ho typu v\u010detn\u011b kov\u00e1n\u00ed<br \/>\ndve\u0159e do parn\u00ed l\u00e1zn\u011b z\u00a0lepen\u00e9ho lamelov\u00e9ho d\u0159eva s\u00a0tvrzen\u00fdm sklem<br \/>\nsada lavic do sauny z\u00a0ol\u0161e s\u00a0op\u011bradlem a\u00a0stup\u0148ovitou lavic\u00ed<br \/>\nz\u00e1kladov\u00e9 nosn\u00edky impregnovan\u00e9 v\u00a0autokl\u00e1vu<br \/>\npodlaha z\u00a0profilov\u00fdch desek s\u00a0tlou\u0161\u0165kou 28\u00a0mm<br \/>\nvodn\u00ed kan\u00e1l v\u00a0podlaze parn\u00ed l\u00e1zn\u011b<br \/>\nSaunov\u00fd domek m\u00e1 dvojit\u00e9 st\u0159e\u0161n\u00ed desky, kter\u00e9 umo\u017e\u0148uj\u00ed p\u0159idat 50\u00a0mm izolace (izola\u010dn\u00ed materi\u00e1l nen\u00ed zahrnut v\u00a0cen\u011b).<br \/>\npodkladov\u00e1 vrstva pod st\u0159e\u0161n\u00ed krytinou<br \/>\nokrajov\u00e9 a\u00a0okapov\u00e9 plechy<br \/>\nstrop z\u00a0profilov\u00fdch desek s\u00a0tlou\u0161\u0165kou 18\u00a0mm<br \/>\nty\u010de se z\u00e1vitem<br \/>\nspojovac\u00ed materi\u00e1ly (h\u0159eb\u00edky, \u0161rouby)<br \/>\nmont\u00e1\u017en\u00ed v\u00fdkresy a\u00a0pl\u00e1ny<br \/>\nCeny jsou platn\u00e9 ve skladu v\u00fdrobn\u00edho z\u00e1vodu Tene a\u00a0zahrnuj\u00ed DPH.<br \/>\nCena nezahrnuje p\u0159epravu v\u00fdrobku.<\/p>\n","protected":false},"excerpt":{"rendered":"<p>Cena zahrnuje lavici do sauny vyrobenou z\u00a0ol\u0161e, stup\u0148ovitou lavici a\u00a0op\u011bradlo, podlahu s\u00a0tlou\u0161\u0165kou 28\u00a0mm, okrajov\u00e9 a\u00a0okapov\u00e9 plechy, spojovac\u00ed materi\u00e1l a\u00a0n\u00e1vod k\u00a0mont\u00e1\u017ei.<\/p>\n<p>Cena nezahrnuje p\u0159epravu a\u00a0st\u0159e\u0161n\u00ed krytinu.<\/p>\n","protected":false},"featured_media":6615,"template":"","meta":{"_acf_changed":false},"product_brand":[],"product_cat":[515,510],"product_tag":[],"class_list":{"0":"post-19437","1":"product","2":"type-product","3":"status-publish","4":"has-post-thumbnail","6":"product_cat-saunove-domky","7":"product_cat-sauny","8":"product_shipping_class-390e-cs","9":"pa_iseloomustus-2-pokoje-cs","10":"pa_iseloomustus-ctvercovy-dum","11":"pa_iseloomustus-terasa","12":"pa_katuse-tuup-sikma-strecha","13":"pa_pindala-0-10-m2-cs","14":"pa_seina-paksus-70-mm-cs","16":"first","17":"onbackorder","18":"sale","19":"purchasable","20":"product-type-simple"},"acf":[],"yoast_head":"<!-- This site is optimized with the Yoast SEO plugin v27.5 - https:\/\/yoast.com\/product\/yoast-seo-wordpress\/ -->\n<title>Tene.ee - Moderni Pihasauna 15<\/title>\n<meta name=\"description\" content=\"Tene.ee Moderni Pihasauna 15\" \/>\n<meta name=\"robots\" content=\"index, follow, max-snippet:-1, max-image-preview:large, max-video-preview:-1\" \/>\n<link rel=\"canonical\" href=\"https:\/\/tene.ee\/cs\/toode\/moderni-pihasauna-15\/\" \/>\n<meta property=\"og:locale\" content=\"cs_CZ\" \/>\n<meta property=\"og:type\" content=\"article\" \/>\n<meta property=\"og:title\" content=\"Tene.ee - Moderni Pihasauna 15\" \/>\n<meta property=\"og:description\" content=\"Tene.ee Moderni Pihasauna 15\" \/>\n<meta property=\"og:url\" content=\"https:\/\/tene.ee\/cs\/toode\/moderni-pihasauna-15\/\" \/>\n<meta property=\"og:site_name\" content=\"Tene.ee\" \/>\n<meta property=\"article:publisher\" content=\"https:\/\/www.facebook.com\/teneaiamajad\" \/>\n<meta property=\"article:modified_time\" content=\"2024-11-28T09:06:21+00:00\" \/>\n<meta property=\"og:image\" content=\"http:\/\/tene.ee\/wp-content\/uploads\/2024\/07\/Moderni_pihasauna_15-1024x683.jpg\" \/>\n\t<meta property=\"og:image:width\" content=\"1024\" \/>\n\t<meta property=\"og:image:height\" content=\"683\" \/>\n\t<meta property=\"og:image:type\" content=\"image\/jpeg\" \/>\n<meta name=\"twitter:card\" content=\"summary_large_image\" \/>\n<meta name=\"twitter:label1\" content=\"Odhadovan\u00e1 doba \u010dten\u00ed\" \/>\n\t<meta name=\"twitter:data1\" content=\"2 minuty\" \/>\n<script type=\"application\/ld+json\" class=\"yoast-schema-graph\">{\"@context\":\"https:\\\/\\\/schema.org\",\"@graph\":[{\"@type\":\"WebPage\",\"@id\":\"https:\\\/\\\/tene.ee\\\/cs\\\/toode\\\/moderni-pihasauna-15\\\/\",\"url\":\"https:\\\/\\\/tene.ee\\\/cs\\\/toode\\\/moderni-pihasauna-15\\\/\",\"name\":\"Tene.ee - Moderni Pihasauna 15\",\"isPartOf\":{\"@id\":\"https:\\\/\\\/tene.ee\\\/cs\\\/#website\"},\"primaryImageOfPage\":{\"@id\":\"https:\\\/\\\/tene.ee\\\/cs\\\/toode\\\/moderni-pihasauna-15\\\/#primaryimage\"},\"image\":{\"@id\":\"https:\\\/\\\/tene.ee\\\/cs\\\/toode\\\/moderni-pihasauna-15\\\/#primaryimage\"},\"thumbnailUrl\":\"https:\\\/\\\/tene.ee\\\/wp-content\\\/uploads\\\/2024\\\/07\\\/Moderni_pihasauna_15.jpg\",\"datePublished\":\"2024-07-12T13:20:40+00:00\",\"dateModified\":\"2024-11-28T09:06:21+00:00\",\"description\":\"Tene.ee Moderni Pihasauna 15\",\"breadcrumb\":{\"@id\":\"https:\\\/\\\/tene.ee\\\/cs\\\/toode\\\/moderni-pihasauna-15\\\/#breadcrumb\"},\"inLanguage\":\"cs\",\"potentialAction\":[{\"@type\":\"ReadAction\",\"target\":[\"https:\\\/\\\/tene.ee\\\/cs\\\/toode\\\/moderni-pihasauna-15\\\/\"]}]},{\"@type\":\"ImageObject\",\"inLanguage\":\"cs\",\"@id\":\"https:\\\/\\\/tene.ee\\\/cs\\\/toode\\\/moderni-pihasauna-15\\\/#primaryimage\",\"url\":\"https:\\\/\\\/tene.ee\\\/wp-content\\\/uploads\\\/2024\\\/07\\\/Moderni_pihasauna_15.jpg\",\"contentUrl\":\"https:\\\/\\\/tene.ee\\\/wp-content\\\/uploads\\\/2024\\\/07\\\/Moderni_pihasauna_15.jpg\",\"width\":2500,\"height\":1667},{\"@type\":\"BreadcrumbList\",\"@id\":\"https:\\\/\\\/tene.ee\\\/cs\\\/toode\\\/moderni-pihasauna-15\\\/#breadcrumb\",\"itemListElement\":[{\"@type\":\"ListItem\",\"position\":1,\"name\":\"Avaleht\",\"item\":\"https:\\\/\\\/tene.ee\\\/cs\\\/\"},{\"@type\":\"ListItem\",\"position\":2,\"name\":\"V\u0161echny produkty\",\"item\":\"http:\\\/\\\/tene.ee\\\/cs\\\/shop\\\/\"},{\"@type\":\"ListItem\",\"position\":3,\"name\":\"Moderni Pihasauna 15\"}]},{\"@type\":\"WebSite\",\"@id\":\"https:\\\/\\\/tene.ee\\\/cs\\\/#website\",\"url\":\"https:\\\/\\\/tene.ee\\\/cs\\\/\",\"name\":\"Tene.ee - Kaunite hetkede jaoks sinu aias\",\"description\":\"Tene.ee - parimad puit- ja aiamajad otse tootjalt\",\"publisher\":{\"@id\":\"https:\\\/\\\/tene.ee\\\/cs\\\/#organization\"},\"alternateName\":\"Tene.ee\",\"potentialAction\":[{\"@type\":\"SearchAction\",\"target\":{\"@type\":\"EntryPoint\",\"urlTemplate\":\"https:\\\/\\\/tene.ee\\\/cs\\\/?s={search_term_string}\"},\"query-input\":{\"@type\":\"PropertyValueSpecification\",\"valueRequired\":true,\"valueName\":\"search_term_string\"}}],\"inLanguage\":\"cs\"},{\"@type\":\"Organization\",\"@id\":\"https:\\\/\\\/tene.ee\\\/cs\\\/#organization\",\"name\":\"Tene.ee\",\"url\":\"https:\\\/\\\/tene.ee\\\/cs\\\/\",\"logo\":{\"@type\":\"ImageObject\",\"inLanguage\":\"cs\",\"@id\":\"https:\\\/\\\/tene.ee\\\/cs\\\/#\\\/schema\\\/logo\\\/image\\\/\",\"url\":\"https:\\\/\\\/tene.ee\\\/wp-content\\\/uploads\\\/2024\\\/12\\\/TENE-logo-2018-2.png\",\"contentUrl\":\"https:\\\/\\\/tene.ee\\\/wp-content\\\/uploads\\\/2024\\\/12\\\/TENE-logo-2018-2.png\",\"width\":2339,\"height\":1654,\"caption\":\"Tene.ee\"},\"image\":{\"@id\":\"https:\\\/\\\/tene.ee\\\/cs\\\/#\\\/schema\\\/logo\\\/image\\\/\"},\"sameAs\":[\"https:\\\/\\\/www.facebook.com\\\/teneaiamajad\"]}]}<\/script>\n<!-- \/ Yoast SEO plugin. -->","yoast_head_json":{"title":"Tene.ee - Moderni Pihasauna 15","description":"Tene.ee Moderni Pihasauna 15","robots":{"index":"index","follow":"follow","max-snippet":"max-snippet:-1","max-image-preview":"max-image-preview:large","max-video-preview":"max-video-preview:-1"},"canonical":"https:\/\/tene.ee\/cs\/toode\/moderni-pihasauna-15\/","og_locale":"cs_CZ","og_type":"article","og_title":"Tene.ee - Moderni Pihasauna 15","og_description":"Tene.ee Moderni Pihasauna 15","og_url":"https:\/\/tene.ee\/cs\/toode\/moderni-pihasauna-15\/","og_site_name":"Tene.ee","article_publisher":"https:\/\/www.facebook.com\/teneaiamajad","article_modified_time":"2024-11-28T09:06:21+00:00","og_image":[{"width":1024,"height":683,"url":"http:\/\/tene.ee\/wp-content\/uploads\/2024\/07\/Moderni_pihasauna_15-1024x683.jpg","type":"image\/jpeg"}],"twitter_card":"summary_large_image","twitter_misc":{"Odhadovan\u00e1 doba \u010dten\u00ed":"2 minuty"},"schema":{"@context":"https:\/\/schema.org","@graph":[{"@type":"WebPage","@id":"https:\/\/tene.ee\/cs\/toode\/moderni-pihasauna-15\/","url":"https:\/\/tene.ee\/cs\/toode\/moderni-pihasauna-15\/","name":"Tene.ee - Moderni Pihasauna 15","isPartOf":{"@id":"https:\/\/tene.ee\/cs\/#website"},"primaryImageOfPage":{"@id":"https:\/\/tene.ee\/cs\/toode\/moderni-pihasauna-15\/#primaryimage"},"image":{"@id":"https:\/\/tene.ee\/cs\/toode\/moderni-pihasauna-15\/#primaryimage"},"thumbnailUrl":"https:\/\/tene.ee\/wp-content\/uploads\/2024\/07\/Moderni_pihasauna_15.jpg","datePublished":"2024-07-12T13:20:40+00:00","dateModified":"2024-11-28T09:06:21+00:00","description":"Tene.ee Moderni Pihasauna 15","breadcrumb":{"@id":"https:\/\/tene.ee\/cs\/toode\/moderni-pihasauna-15\/#breadcrumb"},"inLanguage":"cs","potentialAction":[{"@type":"ReadAction","target":["https:\/\/tene.ee\/cs\/toode\/moderni-pihasauna-15\/"]}]},{"@type":"ImageObject","inLanguage":"cs","@id":"https:\/\/tene.ee\/cs\/toode\/moderni-pihasauna-15\/#primaryimage","url":"https:\/\/tene.ee\/wp-content\/uploads\/2024\/07\/Moderni_pihasauna_15.jpg","contentUrl":"https:\/\/tene.ee\/wp-content\/uploads\/2024\/07\/Moderni_pihasauna_15.jpg","width":2500,"height":1667},{"@type":"BreadcrumbList","@id":"https:\/\/tene.ee\/cs\/toode\/moderni-pihasauna-15\/#breadcrumb","itemListElement":[{"@type":"ListItem","position":1,"name":"Avaleht","item":"https:\/\/tene.ee\/cs\/"},{"@type":"ListItem","position":2,"name":"V\u0161echny produkty","item":"http:\/\/tene.ee\/cs\/shop\/"},{"@type":"ListItem","position":3,"name":"Moderni Pihasauna 15"}]},{"@type":"WebSite","@id":"https:\/\/tene.ee\/cs\/#website","url":"https:\/\/tene.ee\/cs\/","name":"Tene.ee - Kaunite hetkede jaoks sinu aias","description":"Tene.ee - parimad puit- ja aiamajad otse tootjalt","publisher":{"@id":"https:\/\/tene.ee\/cs\/#organization"},"alternateName":"Tene.ee","potentialAction":[{"@type":"SearchAction","target":{"@type":"EntryPoint","urlTemplate":"https:\/\/tene.ee\/cs\/?s={search_term_string}"},"query-input":{"@type":"PropertyValueSpecification","valueRequired":true,"valueName":"search_term_string"}}],"inLanguage":"cs"},{"@type":"Organization","@id":"https:\/\/tene.ee\/cs\/#organization","name":"Tene.ee","url":"https:\/\/tene.ee\/cs\/","logo":{"@type":"ImageObject","inLanguage":"cs","@id":"https:\/\/tene.ee\/cs\/#\/schema\/logo\/image\/","url":"https:\/\/tene.ee\/wp-content\/uploads\/2024\/12\/TENE-logo-2018-2.png","contentUrl":"https:\/\/tene.ee\/wp-content\/uploads\/2024\/12\/TENE-logo-2018-2.png","width":2339,"height":1654,"caption":"Tene.ee"},"image":{"@id":"https:\/\/tene.ee\/cs\/#\/schema\/logo\/image\/"},"sameAs":["https:\/\/www.facebook.com\/teneaiamajad"]}]}},"_links":{"self":[{"href":"https:\/\/tene.ee\/cs\/wp-json\/wp\/v2\/product\/19437","targetHints":{"allow":["GET"]}}],"collection":[{"href":"https:\/\/tene.ee\/cs\/wp-json\/wp\/v2\/product"}],"about":[{"href":"https:\/\/tene.ee\/cs\/wp-json\/wp\/v2\/types\/product"}],"wp:featuredmedia":[{"embeddable":true,"href":"https:\/\/tene.ee\/cs\/wp-json\/wp\/v2\/media\/6615"}],"wp:attachment":[{"href":"https:\/\/tene.ee\/cs\/wp-json\/wp\/v2\/media?parent=19437"}],"wp:term":[{"taxonomy":"product_brand","embeddable":true,"href":"https:\/\/tene.ee\/cs\/wp-json\/wp\/v2\/product_brand?post=19437"},{"taxonomy":"product_cat","embeddable":true,"href":"https:\/\/tene.ee\/cs\/wp-json\/wp\/v2\/product_cat?post=19437"},{"taxonomy":"product_tag","embeddable":true,"href":"https:\/\/tene.ee\/cs\/wp-json\/wp\/v2\/product_tag?post=19437"}],"curies":[{"name":"wp","href":"https:\/\/api.w.org\/{rel}","templated":true}]}}