{"id":19375,"date":"2024-07-12T16:22:40","date_gmt":"2024-07-12T13:22:40","guid":{"rendered":"https:\/\/tene.ee\/toode\/pustine-tunnisaun-tornio-o-240-cm\/"},"modified":"2024-11-28T11:07:00","modified_gmt":"2024-11-28T09:07:00","slug":"pustine-tunnisaun-tornio-o-240-cm","status":"publish","type":"product","link":"https:\/\/tene.ee\/cs\/toode\/pustine-tunnisaun-tornio-o-240-cm\/","title":{"rendered":"Vertik\u00e1ln\u00ed sudov\u00e1 sauna Tornio \u00d8 240 cm"},"content":{"rendered":"<p>K saunov\u00e1n\u00ed je p\u0159ipravena stojat\u00e1 sudov\u00e1 sauna Tornio a\u017e pro 6 osob vyroben\u00e1 v tov\u00e1rn\u011b zahradn\u00edch domk\u016f Tene Kaubanduse. V\u00fdrobek p\u0159epravujeme v\u0161ude tam, kam je mo\u017en\u00e9 dos\u00e1hnout je\u0159\u00e1bem. NB! Hotov\u00e9 st\u0159e\u0161n\u00ed prvky se st\u0159e\u0161n\u00ed krytinou a okrajov\u00fdmi deskami jsou sou\u010d\u00e1st\u00ed dod\u00e1vky a je nutn\u00e9 je smontovat na m\u00edst\u011b u z\u00e1kazn\u00edka. Hotov\u00fd ov\u00e1ln\u00fd saunov\u00fd set a\u017e pro 6 osob obsahuje:<br \/>\nJako d\u0159ev\u011bn\u00fd materi\u00e1l pou\u017eit\u00fd 100% seversk\u00fd vysoce kvalitn\u00ed smrk<br \/>\nJevi\u0161t\u011b v parn\u00ed l\u00e1zni<br \/>\nD\u0159ev\u011bn\u00e1 podlaha z podlahov\u00e9 desky tlou\u0161\u0165ky 28 mm<br \/>\nZ podlahy<br \/>\nRo\u0161tov\u00e9 topidlo na d\u0159evo s prosklen\u00fdmi dv\u00ed\u0159ky<br \/>\nKvalitn\u00ed kom\u00edn s klapkou a n\u00e1dr\u017e\u00ed na vodu 25L<br \/>\nTopn\u00e9 kameny 80 kg<br \/>\n\u017d\u00e1ruvzdorn\u00e1 z\u00e1kladna, pl\u00e1\u0161\u0165 a zadn\u00ed st\u011bna oh\u0159\u00edva\u010de<br \/>\n\u010cern\u00fd vo\u0161tinov\u00fd ruberoid pro st\u0159e\u0161n\u00ed krytinu<br \/>\nSt\u0159e\u0161n\u00ed kovov\u00e1 k\u0161iltovka<br \/>\nUzamykateln\u00e9 p\u0159edn\u00ed dve\u0159e s tvrzen\u00fdm sklem<br \/>\n2 otev\u00edrac\u00ed okna s tvrzen\u00fdm sklem v parn\u00ed m\u00edstnosti<br \/>\nTlou\u0161\u0165ka st\u011bny: 40 mm<br \/>\nPr\u016fm\u011br 240 cm<br \/>\nV\u00fd\u0161ka se st\u0159echou 300 cm<br \/>\nHmotnost: cca. 1000 kg<\/p>\n","protected":false},"excerpt":{"rendered":"<p>Hotov\u00e1 stojat\u00e1 sudov\u00e1 sauna Tornio, \u00d8 240cm, \u010dern\u00fd vo\u0161tinov\u00fd ruberoid na st\u0159e\u0161n\u00ed krytinu, kamna na d\u0159evo s kameny (80kg), kvalitn\u00ed kom\u00edn s klapkou a n\u00e1dr\u017e\u00ed na vodu Vertik\u00e1ln\u00ed sudov\u00e1 sauna Tornio je k dispozici i s elektrick\u00fdm topen\u00edm.<\/p>\n","protected":false},"featured_media":7439,"template":"","meta":{"_acf_changed":false},"product_brand":[],"product_cat":[517,510,516],"product_tag":[],"class_list":{"0":"post-19375","1":"product","2":"type-product","3":"status-publish","4":"has-post-thumbnail","6":"product_cat-hotove-sauny","7":"product_cat-sauny","8":"product_cat-trubkove-sauny","9":"product_shipping_class-390e-cs","10":"pa_iseloomustus-1-pokoj-cs","11":"pa_katuse-tuup-pyramidova-strecha","12":"pa_pindala-0-10-m2-cs","13":"pa_seina-paksus-40-mm-cs","14":"pa_vali-keris-huum-elektrikeris-cs","15":"pa_vali-keris-puukuttega-skamet-keris-cs","17":"first","18":"onbackorder","19":"sale","20":"purchasable","21":"product-type-simple"},"acf":[],"yoast_head":"<!-- This site is optimized with the Yoast SEO plugin v27.3 - https:\/\/yoast.com\/product\/yoast-seo-wordpress\/ -->\n<title>Tene.ee - Vertik\u00e1ln\u00ed sudov\u00e1 sauna Tornio \u00d8 240 cm<\/title>\n<meta name=\"description\" content=\"Tene.ee Vertik\u00e1ln\u00ed sudov\u00e1 sauna Tornio \u00d8 240 cm\" \/>\n<meta name=\"robots\" content=\"index, follow, max-snippet:-1, max-image-preview:large, max-video-preview:-1\" \/>\n<link rel=\"canonical\" href=\"https:\/\/tene.ee\/cs\/toode\/pustine-tunnisaun-tornio-o-240-cm\/\" \/>\n<meta property=\"og:locale\" content=\"cs_CZ\" \/>\n<meta property=\"og:type\" content=\"article\" \/>\n<meta property=\"og:title\" content=\"Tene.ee - Vertik\u00e1ln\u00ed sudov\u00e1 sauna Tornio \u00d8 240 cm\" \/>\n<meta property=\"og:description\" content=\"Tene.ee Vertik\u00e1ln\u00ed sudov\u00e1 sauna Tornio \u00d8 240 cm\" \/>\n<meta property=\"og:url\" content=\"https:\/\/tene.ee\/cs\/toode\/pustine-tunnisaun-tornio-o-240-cm\/\" \/>\n<meta property=\"og:site_name\" content=\"Tene.ee\" \/>\n<meta property=\"article:publisher\" content=\"https:\/\/www.facebook.com\/teneaiamajad\" \/>\n<meta property=\"article:modified_time\" content=\"2024-11-28T09:07:00+00:00\" \/>\n<meta property=\"og:image\" content=\"https:\/\/tene.ee\/wp-content\/uploads\/2024\/07\/Torusaun__Tornio-1024x683.jpeg\" \/>\n\t<meta property=\"og:image:width\" content=\"1024\" \/>\n\t<meta property=\"og:image:height\" content=\"683\" \/>\n\t<meta property=\"og:image:type\" content=\"image\/jpeg\" \/>\n<meta name=\"twitter:card\" content=\"summary_large_image\" \/>\n<meta name=\"twitter:label1\" content=\"Odhadovan\u00e1 doba \u010dten\u00ed\" \/>\n\t<meta name=\"twitter:data1\" content=\"2 minuty\" \/>\n<script type=\"application\/ld+json\" class=\"yoast-schema-graph\">{\"@context\":\"https:\\\/\\\/schema.org\",\"@graph\":[{\"@type\":\"WebPage\",\"@id\":\"https:\\\/\\\/tene.ee\\\/cs\\\/toode\\\/pustine-tunnisaun-tornio-o-240-cm\\\/\",\"url\":\"https:\\\/\\\/tene.ee\\\/cs\\\/toode\\\/pustine-tunnisaun-tornio-o-240-cm\\\/\",\"name\":\"Tene.ee - Vertik\u00e1ln\u00ed sudov\u00e1 sauna Tornio \u00d8 240 cm\",\"isPartOf\":{\"@id\":\"https:\\\/\\\/tene.ee\\\/cs\\\/#website\"},\"primaryImageOfPage\":{\"@id\":\"https:\\\/\\\/tene.ee\\\/cs\\\/toode\\\/pustine-tunnisaun-tornio-o-240-cm\\\/#primaryimage\"},\"image\":{\"@id\":\"https:\\\/\\\/tene.ee\\\/cs\\\/toode\\\/pustine-tunnisaun-tornio-o-240-cm\\\/#primaryimage\"},\"thumbnailUrl\":\"https:\\\/\\\/tene.ee\\\/wp-content\\\/uploads\\\/2024\\\/07\\\/Torusaun__Tornio.jpeg\",\"datePublished\":\"2024-07-12T13:22:40+00:00\",\"dateModified\":\"2024-11-28T09:07:00+00:00\",\"description\":\"Tene.ee Vertik\u00e1ln\u00ed sudov\u00e1 sauna Tornio \u00d8 240 cm\",\"breadcrumb\":{\"@id\":\"https:\\\/\\\/tene.ee\\\/cs\\\/toode\\\/pustine-tunnisaun-tornio-o-240-cm\\\/#breadcrumb\"},\"inLanguage\":\"cs\",\"potentialAction\":[{\"@type\":\"ReadAction\",\"target\":[\"https:\\\/\\\/tene.ee\\\/cs\\\/toode\\\/pustine-tunnisaun-tornio-o-240-cm\\\/\"]}]},{\"@type\":\"ImageObject\",\"inLanguage\":\"cs\",\"@id\":\"https:\\\/\\\/tene.ee\\\/cs\\\/toode\\\/pustine-tunnisaun-tornio-o-240-cm\\\/#primaryimage\",\"url\":\"https:\\\/\\\/tene.ee\\\/wp-content\\\/uploads\\\/2024\\\/07\\\/Torusaun__Tornio.jpeg\",\"contentUrl\":\"https:\\\/\\\/tene.ee\\\/wp-content\\\/uploads\\\/2024\\\/07\\\/Torusaun__Tornio.jpeg\",\"width\":2500,\"height\":1667},{\"@type\":\"BreadcrumbList\",\"@id\":\"https:\\\/\\\/tene.ee\\\/cs\\\/toode\\\/pustine-tunnisaun-tornio-o-240-cm\\\/#breadcrumb\",\"itemListElement\":[{\"@type\":\"ListItem\",\"position\":1,\"name\":\"Avaleht\",\"item\":\"https:\\\/\\\/tene.ee\\\/cs\\\/\"},{\"@type\":\"ListItem\",\"position\":2,\"name\":\"V\u0161echny produkty\",\"item\":\"http:\\\/\\\/tene.ee\\\/cs\\\/shop\\\/\"},{\"@type\":\"ListItem\",\"position\":3,\"name\":\"Vertik\u00e1ln\u00ed sudov\u00e1 sauna Tornio \u00d8 240 cm\"}]},{\"@type\":\"WebSite\",\"@id\":\"https:\\\/\\\/tene.ee\\\/cs\\\/#website\",\"url\":\"https:\\\/\\\/tene.ee\\\/cs\\\/\",\"name\":\"Tene.ee - Kaunite hetkede jaoks sinu aias\",\"description\":\"Tene.ee - parimad puit- ja aiamajad otse tootjalt\",\"publisher\":{\"@id\":\"https:\\\/\\\/tene.ee\\\/cs\\\/#organization\"},\"alternateName\":\"Tene.ee\",\"potentialAction\":[{\"@type\":\"SearchAction\",\"target\":{\"@type\":\"EntryPoint\",\"urlTemplate\":\"https:\\\/\\\/tene.ee\\\/cs\\\/?s={search_term_string}\"},\"query-input\":{\"@type\":\"PropertyValueSpecification\",\"valueRequired\":true,\"valueName\":\"search_term_string\"}}],\"inLanguage\":\"cs\"},{\"@type\":\"Organization\",\"@id\":\"https:\\\/\\\/tene.ee\\\/cs\\\/#organization\",\"name\":\"Tene.ee\",\"url\":\"https:\\\/\\\/tene.ee\\\/cs\\\/\",\"logo\":{\"@type\":\"ImageObject\",\"inLanguage\":\"cs\",\"@id\":\"https:\\\/\\\/tene.ee\\\/cs\\\/#\\\/schema\\\/logo\\\/image\\\/\",\"url\":\"https:\\\/\\\/tene.ee\\\/wp-content\\\/uploads\\\/2024\\\/12\\\/TENE-logo-2018-2.png\",\"contentUrl\":\"https:\\\/\\\/tene.ee\\\/wp-content\\\/uploads\\\/2024\\\/12\\\/TENE-logo-2018-2.png\",\"width\":2339,\"height\":1654,\"caption\":\"Tene.ee\"},\"image\":{\"@id\":\"https:\\\/\\\/tene.ee\\\/cs\\\/#\\\/schema\\\/logo\\\/image\\\/\"},\"sameAs\":[\"https:\\\/\\\/www.facebook.com\\\/teneaiamajad\"]}]}<\/script>\n<!-- \/ Yoast SEO plugin. -->","yoast_head_json":{"title":"Tene.ee - Vertik\u00e1ln\u00ed sudov\u00e1 sauna Tornio \u00d8 240 cm","description":"Tene.ee Vertik\u00e1ln\u00ed sudov\u00e1 sauna Tornio \u00d8 240 cm","robots":{"index":"index","follow":"follow","max-snippet":"max-snippet:-1","max-image-preview":"max-image-preview:large","max-video-preview":"max-video-preview:-1"},"canonical":"https:\/\/tene.ee\/cs\/toode\/pustine-tunnisaun-tornio-o-240-cm\/","og_locale":"cs_CZ","og_type":"article","og_title":"Tene.ee - Vertik\u00e1ln\u00ed sudov\u00e1 sauna Tornio \u00d8 240 cm","og_description":"Tene.ee Vertik\u00e1ln\u00ed sudov\u00e1 sauna Tornio \u00d8 240 cm","og_url":"https:\/\/tene.ee\/cs\/toode\/pustine-tunnisaun-tornio-o-240-cm\/","og_site_name":"Tene.ee","article_publisher":"https:\/\/www.facebook.com\/teneaiamajad","article_modified_time":"2024-11-28T09:07:00+00:00","og_image":[{"width":1024,"height":683,"url":"https:\/\/tene.ee\/wp-content\/uploads\/2024\/07\/Torusaun__Tornio-1024x683.jpeg","type":"image\/jpeg"}],"twitter_card":"summary_large_image","twitter_misc":{"Odhadovan\u00e1 doba \u010dten\u00ed":"2 minuty"},"schema":{"@context":"https:\/\/schema.org","@graph":[{"@type":"WebPage","@id":"https:\/\/tene.ee\/cs\/toode\/pustine-tunnisaun-tornio-o-240-cm\/","url":"https:\/\/tene.ee\/cs\/toode\/pustine-tunnisaun-tornio-o-240-cm\/","name":"Tene.ee - Vertik\u00e1ln\u00ed sudov\u00e1 sauna Tornio \u00d8 240 cm","isPartOf":{"@id":"https:\/\/tene.ee\/cs\/#website"},"primaryImageOfPage":{"@id":"https:\/\/tene.ee\/cs\/toode\/pustine-tunnisaun-tornio-o-240-cm\/#primaryimage"},"image":{"@id":"https:\/\/tene.ee\/cs\/toode\/pustine-tunnisaun-tornio-o-240-cm\/#primaryimage"},"thumbnailUrl":"https:\/\/tene.ee\/wp-content\/uploads\/2024\/07\/Torusaun__Tornio.jpeg","datePublished":"2024-07-12T13:22:40+00:00","dateModified":"2024-11-28T09:07:00+00:00","description":"Tene.ee Vertik\u00e1ln\u00ed sudov\u00e1 sauna Tornio \u00d8 240 cm","breadcrumb":{"@id":"https:\/\/tene.ee\/cs\/toode\/pustine-tunnisaun-tornio-o-240-cm\/#breadcrumb"},"inLanguage":"cs","potentialAction":[{"@type":"ReadAction","target":["https:\/\/tene.ee\/cs\/toode\/pustine-tunnisaun-tornio-o-240-cm\/"]}]},{"@type":"ImageObject","inLanguage":"cs","@id":"https:\/\/tene.ee\/cs\/toode\/pustine-tunnisaun-tornio-o-240-cm\/#primaryimage","url":"https:\/\/tene.ee\/wp-content\/uploads\/2024\/07\/Torusaun__Tornio.jpeg","contentUrl":"https:\/\/tene.ee\/wp-content\/uploads\/2024\/07\/Torusaun__Tornio.jpeg","width":2500,"height":1667},{"@type":"BreadcrumbList","@id":"https:\/\/tene.ee\/cs\/toode\/pustine-tunnisaun-tornio-o-240-cm\/#breadcrumb","itemListElement":[{"@type":"ListItem","position":1,"name":"Avaleht","item":"https:\/\/tene.ee\/cs\/"},{"@type":"ListItem","position":2,"name":"V\u0161echny produkty","item":"http:\/\/tene.ee\/cs\/shop\/"},{"@type":"ListItem","position":3,"name":"Vertik\u00e1ln\u00ed sudov\u00e1 sauna Tornio \u00d8 240 cm"}]},{"@type":"WebSite","@id":"https:\/\/tene.ee\/cs\/#website","url":"https:\/\/tene.ee\/cs\/","name":"Tene.ee - Kaunite hetkede jaoks sinu aias","description":"Tene.ee - parimad puit- ja aiamajad otse tootjalt","publisher":{"@id":"https:\/\/tene.ee\/cs\/#organization"},"alternateName":"Tene.ee","potentialAction":[{"@type":"SearchAction","target":{"@type":"EntryPoint","urlTemplate":"https:\/\/tene.ee\/cs\/?s={search_term_string}"},"query-input":{"@type":"PropertyValueSpecification","valueRequired":true,"valueName":"search_term_string"}}],"inLanguage":"cs"},{"@type":"Organization","@id":"https:\/\/tene.ee\/cs\/#organization","name":"Tene.ee","url":"https:\/\/tene.ee\/cs\/","logo":{"@type":"ImageObject","inLanguage":"cs","@id":"https:\/\/tene.ee\/cs\/#\/schema\/logo\/image\/","url":"https:\/\/tene.ee\/wp-content\/uploads\/2024\/12\/TENE-logo-2018-2.png","contentUrl":"https:\/\/tene.ee\/wp-content\/uploads\/2024\/12\/TENE-logo-2018-2.png","width":2339,"height":1654,"caption":"Tene.ee"},"image":{"@id":"https:\/\/tene.ee\/cs\/#\/schema\/logo\/image\/"},"sameAs":["https:\/\/www.facebook.com\/teneaiamajad"]}]}},"_links":{"self":[{"href":"https:\/\/tene.ee\/cs\/wp-json\/wp\/v2\/product\/19375","targetHints":{"allow":["GET"]}}],"collection":[{"href":"https:\/\/tene.ee\/cs\/wp-json\/wp\/v2\/product"}],"about":[{"href":"https:\/\/tene.ee\/cs\/wp-json\/wp\/v2\/types\/product"}],"wp:featuredmedia":[{"embeddable":true,"href":"https:\/\/tene.ee\/cs\/wp-json\/wp\/v2\/media\/7439"}],"wp:attachment":[{"href":"https:\/\/tene.ee\/cs\/wp-json\/wp\/v2\/media?parent=19375"}],"wp:term":[{"taxonomy":"product_brand","embeddable":true,"href":"https:\/\/tene.ee\/cs\/wp-json\/wp\/v2\/product_brand?post=19375"},{"taxonomy":"product_cat","embeddable":true,"href":"https:\/\/tene.ee\/cs\/wp-json\/wp\/v2\/product_cat?post=19375"},{"taxonomy":"product_tag","embeddable":true,"href":"https:\/\/tene.ee\/cs\/wp-json\/wp\/v2\/product_tag?post=19375"}],"curies":[{"name":"wp","href":"https:\/\/api.w.org\/{rel}","templated":true}]}}