{"id":19361,"date":"2024-07-12T16:22:40","date_gmt":"2024-07-12T13:22:40","guid":{"rendered":"https:\/\/tene.ee\/toode\/ovaalsaun-forssa-2-ruumiga-400-x-235-cm\/"},"modified":"2025-12-03T09:19:55","modified_gmt":"2025-12-03T07:19:55","slug":"ovaalsaun-forssa-2-ruumiga-400-x-235-cm","status":"publish","type":"product","link":"https:\/\/tene.ee\/cs\/toode\/ovaalsaun-forssa-2-ruumiga-400-x-235-cm\/","title":{"rendered":"Ov\u00e1ln\u00e1 sauna Forssa se 2\u00a0m\u00edstnostmi 400 x 235\u00a0cm"},"content":{"rendered":"<p><span data-sheets-root=\"1\">Ov\u00e1ln\u00e1 sauna Forssa vyroben\u00e1 ve v\u00fdrobn\u00edm z\u00e1vod\u011b zahradn\u00edch domk\u016f spole\u010dnosti Tene Kaubanduse je okam\u017eit\u011b p\u0159ipravena k\u00a0saunov\u00e1n\u00ed. V\u00fdrobek lze p\u0159epravit na libovoln\u00e9 m\u00edsto p\u0159\u00edstupn\u00e9 pro autoje\u0159\u00e1b.<\/p>\n<p>P\u0159edmontovan\u00e1 sada ov\u00e1ln\u00e9 sauny zahrnuje:<\/p>\n<p>pou\u017eit\u00e9 d\u0159evo je smrk 100% seversk\u00e9 kvality<br \/>\n2\u00a0m\u00edstnosti: p\u0159evl\u00e9k\u00e1rna a\u00a0sauna<br \/>\nsaunov\u00e1 lavice v\u00a0parn\u00ed l\u00e1zni<br \/>\nlavice k\u00a0sezen\u00ed v\u00a0p\u0159edn\u00ed m\u00edstnosti a\u00a0na terase<br \/>\nd\u0159ev\u011bn\u00fd ro\u0161t na podlahu<br \/>\nkamna na d\u0159evo s\u00a0ro\u0161tov\u00fdm krytem<br \/>\nkvalitn\u00ed kom\u00edn s\u00a0klapkou a\u00a0n\u00e1dr\u017e na vodu 22\u00a0l<br \/>\nsaunov\u00e9 kameny o\u00a0hmotnosti 100\u00a0kg<br \/>\n\u017e\u00e1ruvzdorn\u00e1 z\u00e1kladna kamen, kryt a\u00a0zadn\u00ed st\u011bna<br \/>\nvn\u011bj\u0161\u00ed povrch je upraven mo\u0159idlem Teknos AQUAPRIMER TM 1824<br \/>\nst\u0159echa z\u00a0\u010dern\u00fdch vo\u0161tinov\u00fdch \u0161indel\u016f<br \/>\nst\u0159echa s\u00a0okrajov\u00fdmi a\u00a0okapov\u00fdmi plechy, \u010dern\u00e1<br \/>\nuzamykateln\u00e9 vn\u011bj\u0161\u00ed dve\u0159e<br \/>\nparn\u00ed l\u00e1ze\u0148 a\u00a0vnit\u0159n\u00ed dve\u0159e z\u00a0tvrzen\u00e9ho skla<br \/>\nokno v\u00a0parn\u00ed l\u00e1zni s\u00a0tvrzen\u00fdm sklem<br \/>\nTlou\u0161\u0165ka st\u011bny: 40\u00a0mm<br \/>\nVn\u011bj\u0161\u00ed rozm\u011bry: 235 x 400\u00a0cm<br \/>\nHmotnost: p\u0159ibli\u017en\u011b 1200\u00a0kg<\/span><\/p>\n","protected":false},"excerpt":{"rendered":"<p><span data-sheets-root=\"1\">P\u0159edmontovan\u00e1 4\u00a0m dlouh\u00e1 ov\u00e1ln\u00e1 sauna Forssa, st\u0159echa s\u00a0povrchovou \u00fapravou z\u00a0\u010dern\u00fdch vo\u0161tinov\u00fdch \u0161indel\u016f, okrajov\u00e9 a\u00a0okapov\u00e9 plechy, kamna na d\u0159evo s\u00a0kameny (100\u00a0kg), kvalitn\u00ed kom\u00edn s\u00a0klapkou a\u00a0n\u00e1dr\u017e na vodu. Vn\u011bj\u0161\u00ed povrch je upraven mo\u0159idlem Teknos AQUAPRIMER TM 1824.<\/p>\n<p>Ov\u00e1ln\u00e1 sauna Forssa je k\u00a0dispozici tak\u00e9 s\u00a0elektrick\u00fdm topidlem.<\/p>\n<p>Cena nezahrnuje p\u0159epravu v\u00fdrobku.<\/span><\/p>\n","protected":false},"featured_media":7399,"template":"","meta":{"_acf_changed":false},"product_brand":[],"product_cat":[517,514,510],"product_tag":[],"class_list":{"0":"post-19361","1":"product","2":"type-product","3":"status-publish","4":"has-post-thumbnail","6":"product_cat-hotove-sauny","7":"product_cat-ovalne-sauny","8":"product_cat-sauny","9":"product_shipping_class-390e-cs","10":"pa_iseloomustus-2-pokoje-cs","11":"pa_iseloomustus-terasa","12":"pa_katuse-tuup-kulata-strecha","13":"pa_pindala-0-10-m2-cs","14":"pa_seina-paksus-40-mm-cs","15":"pa_vali-keris-huum-elektrikeris-cs","16":"pa_vali-keris-puukuttega-skamet-keris-cs","18":"first","19":"instock","20":"sale","21":"purchasable","22":"product-type-simple"},"acf":[],"yoast_head":"<!-- This site is optimized with the Yoast SEO plugin v27.3 - https:\/\/yoast.com\/product\/yoast-seo-wordpress\/ -->\n<title>Tene.ee - Ov\u00e1ln\u00e1 sauna Forssa se 2\u00a0m\u00edstnostmi 400 x 235\u00a0cm<\/title>\n<meta name=\"description\" content=\"Tene.ee Ov\u00e1ln\u00e1 sauna Forssa se 2\u00a0m\u00edstnostmi 400 x 235\u00a0cm\" \/>\n<meta name=\"robots\" content=\"index, follow, max-snippet:-1, max-image-preview:large, max-video-preview:-1\" \/>\n<link rel=\"canonical\" href=\"https:\/\/tene.ee\/cs\/toode\/ovaalsaun-forssa-2-ruumiga-400-x-235-cm\/\" \/>\n<meta property=\"og:locale\" content=\"cs_CZ\" \/>\n<meta property=\"og:type\" content=\"article\" \/>\n<meta property=\"og:title\" content=\"Tene.ee - Ov\u00e1ln\u00e1 sauna Forssa se 2\u00a0m\u00edstnostmi 400 x 235\u00a0cm\" \/>\n<meta property=\"og:description\" content=\"Tene.ee Ov\u00e1ln\u00e1 sauna Forssa se 2\u00a0m\u00edstnostmi 400 x 235\u00a0cm\" \/>\n<meta property=\"og:url\" content=\"https:\/\/tene.ee\/cs\/toode\/ovaalsaun-forssa-2-ruumiga-400-x-235-cm\/\" \/>\n<meta property=\"og:site_name\" content=\"Tene.ee\" \/>\n<meta property=\"article:publisher\" content=\"https:\/\/www.facebook.com\/teneaiamajad\" \/>\n<meta property=\"article:modified_time\" content=\"2025-12-03T07:19:55+00:00\" \/>\n<meta property=\"og:image\" content=\"https:\/\/tene.ee\/wp-content\/uploads\/2024\/07\/Forssa-1.jpg\" \/>\n\t<meta property=\"og:image:width\" content=\"2500\" \/>\n\t<meta property=\"og:image:height\" content=\"1667\" \/>\n\t<meta property=\"og:image:type\" content=\"image\/jpeg\" \/>\n<meta name=\"twitter:card\" content=\"summary_large_image\" \/>\n<meta name=\"twitter:label1\" content=\"Odhadovan\u00e1 doba \u010dten\u00ed\" \/>\n\t<meta name=\"twitter:data1\" content=\"1 minuta\" \/>\n<script type=\"application\/ld+json\" class=\"yoast-schema-graph\">{\"@context\":\"https:\\\/\\\/schema.org\",\"@graph\":[{\"@type\":\"WebPage\",\"@id\":\"https:\\\/\\\/tene.ee\\\/cs\\\/toode\\\/ovaalsaun-forssa-2-ruumiga-400-x-235-cm\\\/\",\"url\":\"https:\\\/\\\/tene.ee\\\/cs\\\/toode\\\/ovaalsaun-forssa-2-ruumiga-400-x-235-cm\\\/\",\"name\":\"Tene.ee - Ov\u00e1ln\u00e1 sauna Forssa se 2\u00a0m\u00edstnostmi 400 x 235\u00a0cm\",\"isPartOf\":{\"@id\":\"https:\\\/\\\/tene.ee\\\/cs\\\/#website\"},\"primaryImageOfPage\":{\"@id\":\"https:\\\/\\\/tene.ee\\\/cs\\\/toode\\\/ovaalsaun-forssa-2-ruumiga-400-x-235-cm\\\/#primaryimage\"},\"image\":{\"@id\":\"https:\\\/\\\/tene.ee\\\/cs\\\/toode\\\/ovaalsaun-forssa-2-ruumiga-400-x-235-cm\\\/#primaryimage\"},\"thumbnailUrl\":\"https:\\\/\\\/tene.ee\\\/wp-content\\\/uploads\\\/2024\\\/07\\\/Forssa-1.jpg\",\"datePublished\":\"2024-07-12T13:22:40+00:00\",\"dateModified\":\"2025-12-03T07:19:55+00:00\",\"description\":\"Tene.ee Ov\u00e1ln\u00e1 sauna Forssa se 2\u00a0m\u00edstnostmi 400 x 235\u00a0cm\",\"breadcrumb\":{\"@id\":\"https:\\\/\\\/tene.ee\\\/cs\\\/toode\\\/ovaalsaun-forssa-2-ruumiga-400-x-235-cm\\\/#breadcrumb\"},\"inLanguage\":\"cs\",\"potentialAction\":[{\"@type\":\"ReadAction\",\"target\":[\"https:\\\/\\\/tene.ee\\\/cs\\\/toode\\\/ovaalsaun-forssa-2-ruumiga-400-x-235-cm\\\/\"]}]},{\"@type\":\"ImageObject\",\"inLanguage\":\"cs\",\"@id\":\"https:\\\/\\\/tene.ee\\\/cs\\\/toode\\\/ovaalsaun-forssa-2-ruumiga-400-x-235-cm\\\/#primaryimage\",\"url\":\"https:\\\/\\\/tene.ee\\\/wp-content\\\/uploads\\\/2024\\\/07\\\/Forssa-1.jpg\",\"contentUrl\":\"https:\\\/\\\/tene.ee\\\/wp-content\\\/uploads\\\/2024\\\/07\\\/Forssa-1.jpg\",\"width\":2500,\"height\":1667},{\"@type\":\"BreadcrumbList\",\"@id\":\"https:\\\/\\\/tene.ee\\\/cs\\\/toode\\\/ovaalsaun-forssa-2-ruumiga-400-x-235-cm\\\/#breadcrumb\",\"itemListElement\":[{\"@type\":\"ListItem\",\"position\":1,\"name\":\"Avaleht\",\"item\":\"https:\\\/\\\/tene.ee\\\/cs\\\/\"},{\"@type\":\"ListItem\",\"position\":2,\"name\":\"V\u0161echny produkty\",\"item\":\"http:\\\/\\\/tene.ee\\\/cs\\\/shop\\\/\"},{\"@type\":\"ListItem\",\"position\":3,\"name\":\"Ov\u00e1ln\u00e1 sauna Forssa se 2\u00a0m\u00edstnostmi 400 x 235\u00a0cm\"}]},{\"@type\":\"WebSite\",\"@id\":\"https:\\\/\\\/tene.ee\\\/cs\\\/#website\",\"url\":\"https:\\\/\\\/tene.ee\\\/cs\\\/\",\"name\":\"Tene.ee - Kaunite hetkede jaoks sinu aias\",\"description\":\"Tene.ee - parimad puit- ja aiamajad otse tootjalt\",\"publisher\":{\"@id\":\"https:\\\/\\\/tene.ee\\\/cs\\\/#organization\"},\"alternateName\":\"Tene.ee\",\"potentialAction\":[{\"@type\":\"SearchAction\",\"target\":{\"@type\":\"EntryPoint\",\"urlTemplate\":\"https:\\\/\\\/tene.ee\\\/cs\\\/?s={search_term_string}\"},\"query-input\":{\"@type\":\"PropertyValueSpecification\",\"valueRequired\":true,\"valueName\":\"search_term_string\"}}],\"inLanguage\":\"cs\"},{\"@type\":\"Organization\",\"@id\":\"https:\\\/\\\/tene.ee\\\/cs\\\/#organization\",\"name\":\"Tene.ee\",\"url\":\"https:\\\/\\\/tene.ee\\\/cs\\\/\",\"logo\":{\"@type\":\"ImageObject\",\"inLanguage\":\"cs\",\"@id\":\"https:\\\/\\\/tene.ee\\\/cs\\\/#\\\/schema\\\/logo\\\/image\\\/\",\"url\":\"https:\\\/\\\/tene.ee\\\/wp-content\\\/uploads\\\/2024\\\/12\\\/TENE-logo-2018-2.png\",\"contentUrl\":\"https:\\\/\\\/tene.ee\\\/wp-content\\\/uploads\\\/2024\\\/12\\\/TENE-logo-2018-2.png\",\"width\":2339,\"height\":1654,\"caption\":\"Tene.ee\"},\"image\":{\"@id\":\"https:\\\/\\\/tene.ee\\\/cs\\\/#\\\/schema\\\/logo\\\/image\\\/\"},\"sameAs\":[\"https:\\\/\\\/www.facebook.com\\\/teneaiamajad\"]}]}<\/script>\n<!-- \/ Yoast SEO plugin. -->","yoast_head_json":{"title":"Tene.ee - Ov\u00e1ln\u00e1 sauna Forssa se 2\u00a0m\u00edstnostmi 400 x 235\u00a0cm","description":"Tene.ee Ov\u00e1ln\u00e1 sauna Forssa se 2\u00a0m\u00edstnostmi 400 x 235\u00a0cm","robots":{"index":"index","follow":"follow","max-snippet":"max-snippet:-1","max-image-preview":"max-image-preview:large","max-video-preview":"max-video-preview:-1"},"canonical":"https:\/\/tene.ee\/cs\/toode\/ovaalsaun-forssa-2-ruumiga-400-x-235-cm\/","og_locale":"cs_CZ","og_type":"article","og_title":"Tene.ee - Ov\u00e1ln\u00e1 sauna Forssa se 2\u00a0m\u00edstnostmi 400 x 235\u00a0cm","og_description":"Tene.ee Ov\u00e1ln\u00e1 sauna Forssa se 2\u00a0m\u00edstnostmi 400 x 235\u00a0cm","og_url":"https:\/\/tene.ee\/cs\/toode\/ovaalsaun-forssa-2-ruumiga-400-x-235-cm\/","og_site_name":"Tene.ee","article_publisher":"https:\/\/www.facebook.com\/teneaiamajad","article_modified_time":"2025-12-03T07:19:55+00:00","og_image":[{"width":2500,"height":1667,"url":"https:\/\/tene.ee\/wp-content\/uploads\/2024\/07\/Forssa-1.jpg","type":"image\/jpeg"}],"twitter_card":"summary_large_image","twitter_misc":{"Odhadovan\u00e1 doba \u010dten\u00ed":"1 minuta"},"schema":{"@context":"https:\/\/schema.org","@graph":[{"@type":"WebPage","@id":"https:\/\/tene.ee\/cs\/toode\/ovaalsaun-forssa-2-ruumiga-400-x-235-cm\/","url":"https:\/\/tene.ee\/cs\/toode\/ovaalsaun-forssa-2-ruumiga-400-x-235-cm\/","name":"Tene.ee - Ov\u00e1ln\u00e1 sauna Forssa se 2\u00a0m\u00edstnostmi 400 x 235\u00a0cm","isPartOf":{"@id":"https:\/\/tene.ee\/cs\/#website"},"primaryImageOfPage":{"@id":"https:\/\/tene.ee\/cs\/toode\/ovaalsaun-forssa-2-ruumiga-400-x-235-cm\/#primaryimage"},"image":{"@id":"https:\/\/tene.ee\/cs\/toode\/ovaalsaun-forssa-2-ruumiga-400-x-235-cm\/#primaryimage"},"thumbnailUrl":"https:\/\/tene.ee\/wp-content\/uploads\/2024\/07\/Forssa-1.jpg","datePublished":"2024-07-12T13:22:40+00:00","dateModified":"2025-12-03T07:19:55+00:00","description":"Tene.ee Ov\u00e1ln\u00e1 sauna Forssa se 2\u00a0m\u00edstnostmi 400 x 235\u00a0cm","breadcrumb":{"@id":"https:\/\/tene.ee\/cs\/toode\/ovaalsaun-forssa-2-ruumiga-400-x-235-cm\/#breadcrumb"},"inLanguage":"cs","potentialAction":[{"@type":"ReadAction","target":["https:\/\/tene.ee\/cs\/toode\/ovaalsaun-forssa-2-ruumiga-400-x-235-cm\/"]}]},{"@type":"ImageObject","inLanguage":"cs","@id":"https:\/\/tene.ee\/cs\/toode\/ovaalsaun-forssa-2-ruumiga-400-x-235-cm\/#primaryimage","url":"https:\/\/tene.ee\/wp-content\/uploads\/2024\/07\/Forssa-1.jpg","contentUrl":"https:\/\/tene.ee\/wp-content\/uploads\/2024\/07\/Forssa-1.jpg","width":2500,"height":1667},{"@type":"BreadcrumbList","@id":"https:\/\/tene.ee\/cs\/toode\/ovaalsaun-forssa-2-ruumiga-400-x-235-cm\/#breadcrumb","itemListElement":[{"@type":"ListItem","position":1,"name":"Avaleht","item":"https:\/\/tene.ee\/cs\/"},{"@type":"ListItem","position":2,"name":"V\u0161echny produkty","item":"http:\/\/tene.ee\/cs\/shop\/"},{"@type":"ListItem","position":3,"name":"Ov\u00e1ln\u00e1 sauna Forssa se 2\u00a0m\u00edstnostmi 400 x 235\u00a0cm"}]},{"@type":"WebSite","@id":"https:\/\/tene.ee\/cs\/#website","url":"https:\/\/tene.ee\/cs\/","name":"Tene.ee - Kaunite hetkede jaoks sinu aias","description":"Tene.ee - parimad puit- ja aiamajad otse tootjalt","publisher":{"@id":"https:\/\/tene.ee\/cs\/#organization"},"alternateName":"Tene.ee","potentialAction":[{"@type":"SearchAction","target":{"@type":"EntryPoint","urlTemplate":"https:\/\/tene.ee\/cs\/?s={search_term_string}"},"query-input":{"@type":"PropertyValueSpecification","valueRequired":true,"valueName":"search_term_string"}}],"inLanguage":"cs"},{"@type":"Organization","@id":"https:\/\/tene.ee\/cs\/#organization","name":"Tene.ee","url":"https:\/\/tene.ee\/cs\/","logo":{"@type":"ImageObject","inLanguage":"cs","@id":"https:\/\/tene.ee\/cs\/#\/schema\/logo\/image\/","url":"https:\/\/tene.ee\/wp-content\/uploads\/2024\/12\/TENE-logo-2018-2.png","contentUrl":"https:\/\/tene.ee\/wp-content\/uploads\/2024\/12\/TENE-logo-2018-2.png","width":2339,"height":1654,"caption":"Tene.ee"},"image":{"@id":"https:\/\/tene.ee\/cs\/#\/schema\/logo\/image\/"},"sameAs":["https:\/\/www.facebook.com\/teneaiamajad"]}]}},"_links":{"self":[{"href":"https:\/\/tene.ee\/cs\/wp-json\/wp\/v2\/product\/19361","targetHints":{"allow":["GET"]}}],"collection":[{"href":"https:\/\/tene.ee\/cs\/wp-json\/wp\/v2\/product"}],"about":[{"href":"https:\/\/tene.ee\/cs\/wp-json\/wp\/v2\/types\/product"}],"wp:featuredmedia":[{"embeddable":true,"href":"https:\/\/tene.ee\/cs\/wp-json\/wp\/v2\/media\/7399"}],"wp:attachment":[{"href":"https:\/\/tene.ee\/cs\/wp-json\/wp\/v2\/media?parent=19361"}],"wp:term":[{"taxonomy":"product_brand","embeddable":true,"href":"https:\/\/tene.ee\/cs\/wp-json\/wp\/v2\/product_brand?post=19361"},{"taxonomy":"product_cat","embeddable":true,"href":"https:\/\/tene.ee\/cs\/wp-json\/wp\/v2\/product_cat?post=19361"},{"taxonomy":"product_tag","embeddable":true,"href":"https:\/\/tene.ee\/cs\/wp-json\/wp\/v2\/product_tag?post=19361"}],"curies":[{"name":"wp","href":"https:\/\/api.w.org\/{rel}","templated":true}]}}