{"id":19125,"date":"2024-07-12T16:32:38","date_gmt":"2024-07-12T13:32:38","guid":{"rendered":"https:\/\/tene.ee\/toode\/kumblustunni-ahi\/"},"modified":"2024-11-28T11:07:00","modified_gmt":"2024-11-28T09:07:00","slug":"kumblustunni-ahi","status":"publish","type":"product","link":"https:\/\/tene.ee\/cs\/toode\/kumblustunni-ahi\/","title":{"rendered":"Kamna koupac\u00edho sudu"},"content":{"rendered":"<p>Sada obsahuje 2\u00a0m vysok\u00fd kom\u00edn z\u00a0nerezov\u00e9 oceli, p\u0159ipojovac\u00ed sadu pro p\u0159ipojen\u00ed kamen ke koupac\u00edmu sudu, hadice a\u00a0svorky.<br \/>\nVe vn\u011bj\u0161\u00edch kamnech koupac\u00edho sudu z\u00a0hlin\u00edku pro n\u00e1mo\u0159n\u00ed \u00fa\u010dely lze topit max. 50\u00a0cm dlouh\u00fdm d\u0159evem; proces oh\u0159evu vody v\u0161ak urychluje topen\u00ed d\u0159ev\u011bn\u00fdmi briketami.<br \/>\nKdy\u017e se kamna oh\u0159\u00edvaj\u00ed, kom\u00edn a\u00a0dv\u00ed\u0159ka kamen se zah\u0159\u00edvaj\u00ed, zat\u00edmco ostatn\u00ed povrchy kamen z\u016fst\u00e1vaj\u00ed na stejn\u00e9 teplot\u011b jako voda v\u00a0koupac\u00edm sudu. Doba pot\u0159ebn\u00e1 k\u00a0oh\u0159evu koupac\u00edho sudu z\u00e1vis\u00ed tak\u00e9 na ro\u010dn\u00edm obdob\u00ed, tak\u017ee v\u00a0zim\u011b m\u016f\u017ee b\u00fdt doba oh\u0159evu v\u00fdrazn\u011b del\u0161\u00ed ne\u017e v\u00a0l\u00e9t\u011b, kdy se koupac\u00ed sud oh\u0159\u00edv\u00e1 rychleji.<\/p>\n","protected":false},"excerpt":{"rendered":"<p>Vn\u011bj\u0161\u00ed kamna koupac\u00edho sudu o\u00a0v\u00fdkonu 30\u00a0kW jsou vyrobena z\u00a0vysoce kvalitn\u00edho hlin\u00edku pro n\u00e1mo\u0159n\u00ed \u00fa\u010dely, kter\u00fd se vyzna\u010duje vysokou odolnost\u00ed proti korozi a\u00a0rychlou v\u00fdm\u011bnou tepla.<\/p>\n","protected":false},"featured_media":7591,"template":"","meta":{"_acf_changed":false},"product_brand":[],"product_cat":[501],"product_tag":[],"class_list":{"0":"post-19125","1":"product","2":"type-product","3":"status-publish","4":"has-post-thumbnail","6":"product_cat-virivky","8":"first","9":"instock","10":"sale","11":"purchasable","12":"product-type-simple"},"acf":[],"yoast_head":"<!-- This site is optimized with the Yoast SEO plugin v27.4 - https:\/\/yoast.com\/product\/yoast-seo-wordpress\/ -->\n<title>Tene.ee - Kamna koupac\u00edho sudu<\/title>\n<meta name=\"description\" content=\"Tene.ee Kamna koupac\u00edho sudu\" \/>\n<meta name=\"robots\" content=\"index, follow, max-snippet:-1, max-image-preview:large, max-video-preview:-1\" \/>\n<link rel=\"canonical\" href=\"https:\/\/tene.ee\/cs\/toode\/kumblustunni-ahi\/\" \/>\n<meta property=\"og:locale\" content=\"cs_CZ\" \/>\n<meta property=\"og:type\" content=\"article\" \/>\n<meta property=\"og:title\" content=\"Tene.ee - Kamna koupac\u00edho sudu\" \/>\n<meta property=\"og:description\" content=\"Tene.ee Kamna koupac\u00edho sudu\" \/>\n<meta property=\"og:url\" content=\"https:\/\/tene.ee\/cs\/toode\/kumblustunni-ahi\/\" \/>\n<meta property=\"og:site_name\" content=\"Tene.ee\" \/>\n<meta property=\"article:publisher\" content=\"https:\/\/www.facebook.com\/teneaiamajad\" \/>\n<meta property=\"article:modified_time\" content=\"2024-11-28T09:07:00+00:00\" \/>\n<meta property=\"og:image\" content=\"https:\/\/tene.ee\/wp-content\/uploads\/2024\/07\/ahi_1.jpg\" \/>\n\t<meta property=\"og:image:width\" content=\"418\" \/>\n\t<meta property=\"og:image:height\" content=\"316\" \/>\n\t<meta property=\"og:image:type\" content=\"image\/jpeg\" \/>\n<meta name=\"twitter:card\" content=\"summary_large_image\" \/>\n<meta name=\"twitter:label1\" content=\"Odhadovan\u00e1 doba \u010dten\u00ed\" \/>\n\t<meta name=\"twitter:data1\" content=\"1 minuta\" \/>\n<script type=\"application\/ld+json\" class=\"yoast-schema-graph\">{\"@context\":\"https:\\\/\\\/schema.org\",\"@graph\":[{\"@type\":\"WebPage\",\"@id\":\"https:\\\/\\\/tene.ee\\\/cs\\\/toode\\\/kumblustunni-ahi\\\/\",\"url\":\"https:\\\/\\\/tene.ee\\\/cs\\\/toode\\\/kumblustunni-ahi\\\/\",\"name\":\"Tene.ee - Kamna koupac\u00edho sudu\",\"isPartOf\":{\"@id\":\"https:\\\/\\\/tene.ee\\\/cs\\\/#website\"},\"primaryImageOfPage\":{\"@id\":\"https:\\\/\\\/tene.ee\\\/cs\\\/toode\\\/kumblustunni-ahi\\\/#primaryimage\"},\"image\":{\"@id\":\"https:\\\/\\\/tene.ee\\\/cs\\\/toode\\\/kumblustunni-ahi\\\/#primaryimage\"},\"thumbnailUrl\":\"https:\\\/\\\/tene.ee\\\/wp-content\\\/uploads\\\/2024\\\/07\\\/ahi_1.jpg\",\"datePublished\":\"2024-07-12T13:32:38+00:00\",\"dateModified\":\"2024-11-28T09:07:00+00:00\",\"description\":\"Tene.ee Kamna koupac\u00edho sudu\",\"breadcrumb\":{\"@id\":\"https:\\\/\\\/tene.ee\\\/cs\\\/toode\\\/kumblustunni-ahi\\\/#breadcrumb\"},\"inLanguage\":\"cs\",\"potentialAction\":[{\"@type\":\"ReadAction\",\"target\":[\"https:\\\/\\\/tene.ee\\\/cs\\\/toode\\\/kumblustunni-ahi\\\/\"]}]},{\"@type\":\"ImageObject\",\"inLanguage\":\"cs\",\"@id\":\"https:\\\/\\\/tene.ee\\\/cs\\\/toode\\\/kumblustunni-ahi\\\/#primaryimage\",\"url\":\"https:\\\/\\\/tene.ee\\\/wp-content\\\/uploads\\\/2024\\\/07\\\/ahi_1.jpg\",\"contentUrl\":\"https:\\\/\\\/tene.ee\\\/wp-content\\\/uploads\\\/2024\\\/07\\\/ahi_1.jpg\",\"width\":418,\"height\":316},{\"@type\":\"BreadcrumbList\",\"@id\":\"https:\\\/\\\/tene.ee\\\/cs\\\/toode\\\/kumblustunni-ahi\\\/#breadcrumb\",\"itemListElement\":[{\"@type\":\"ListItem\",\"position\":1,\"name\":\"Avaleht\",\"item\":\"https:\\\/\\\/tene.ee\\\/cs\\\/\"},{\"@type\":\"ListItem\",\"position\":2,\"name\":\"V\u0161echny produkty\",\"item\":\"http:\\\/\\\/tene.ee\\\/cs\\\/shop\\\/\"},{\"@type\":\"ListItem\",\"position\":3,\"name\":\"Kamna koupac\u00edho sudu\"}]},{\"@type\":\"WebSite\",\"@id\":\"https:\\\/\\\/tene.ee\\\/cs\\\/#website\",\"url\":\"https:\\\/\\\/tene.ee\\\/cs\\\/\",\"name\":\"Tene.ee - Kaunite hetkede jaoks sinu aias\",\"description\":\"Tene.ee - parimad puit- ja aiamajad otse tootjalt\",\"publisher\":{\"@id\":\"https:\\\/\\\/tene.ee\\\/cs\\\/#organization\"},\"alternateName\":\"Tene.ee\",\"potentialAction\":[{\"@type\":\"SearchAction\",\"target\":{\"@type\":\"EntryPoint\",\"urlTemplate\":\"https:\\\/\\\/tene.ee\\\/cs\\\/?s={search_term_string}\"},\"query-input\":{\"@type\":\"PropertyValueSpecification\",\"valueRequired\":true,\"valueName\":\"search_term_string\"}}],\"inLanguage\":\"cs\"},{\"@type\":\"Organization\",\"@id\":\"https:\\\/\\\/tene.ee\\\/cs\\\/#organization\",\"name\":\"Tene.ee\",\"url\":\"https:\\\/\\\/tene.ee\\\/cs\\\/\",\"logo\":{\"@type\":\"ImageObject\",\"inLanguage\":\"cs\",\"@id\":\"https:\\\/\\\/tene.ee\\\/cs\\\/#\\\/schema\\\/logo\\\/image\\\/\",\"url\":\"https:\\\/\\\/tene.ee\\\/wp-content\\\/uploads\\\/2024\\\/12\\\/TENE-logo-2018-2.png\",\"contentUrl\":\"https:\\\/\\\/tene.ee\\\/wp-content\\\/uploads\\\/2024\\\/12\\\/TENE-logo-2018-2.png\",\"width\":2339,\"height\":1654,\"caption\":\"Tene.ee\"},\"image\":{\"@id\":\"https:\\\/\\\/tene.ee\\\/cs\\\/#\\\/schema\\\/logo\\\/image\\\/\"},\"sameAs\":[\"https:\\\/\\\/www.facebook.com\\\/teneaiamajad\"]}]}<\/script>\n<!-- \/ Yoast SEO plugin. -->","yoast_head_json":{"title":"Tene.ee - Kamna koupac\u00edho sudu","description":"Tene.ee Kamna koupac\u00edho sudu","robots":{"index":"index","follow":"follow","max-snippet":"max-snippet:-1","max-image-preview":"max-image-preview:large","max-video-preview":"max-video-preview:-1"},"canonical":"https:\/\/tene.ee\/cs\/toode\/kumblustunni-ahi\/","og_locale":"cs_CZ","og_type":"article","og_title":"Tene.ee - Kamna koupac\u00edho sudu","og_description":"Tene.ee Kamna koupac\u00edho sudu","og_url":"https:\/\/tene.ee\/cs\/toode\/kumblustunni-ahi\/","og_site_name":"Tene.ee","article_publisher":"https:\/\/www.facebook.com\/teneaiamajad","article_modified_time":"2024-11-28T09:07:00+00:00","og_image":[{"width":418,"height":316,"url":"https:\/\/tene.ee\/wp-content\/uploads\/2024\/07\/ahi_1.jpg","type":"image\/jpeg"}],"twitter_card":"summary_large_image","twitter_misc":{"Odhadovan\u00e1 doba \u010dten\u00ed":"1 minuta"},"schema":{"@context":"https:\/\/schema.org","@graph":[{"@type":"WebPage","@id":"https:\/\/tene.ee\/cs\/toode\/kumblustunni-ahi\/","url":"https:\/\/tene.ee\/cs\/toode\/kumblustunni-ahi\/","name":"Tene.ee - Kamna koupac\u00edho sudu","isPartOf":{"@id":"https:\/\/tene.ee\/cs\/#website"},"primaryImageOfPage":{"@id":"https:\/\/tene.ee\/cs\/toode\/kumblustunni-ahi\/#primaryimage"},"image":{"@id":"https:\/\/tene.ee\/cs\/toode\/kumblustunni-ahi\/#primaryimage"},"thumbnailUrl":"https:\/\/tene.ee\/wp-content\/uploads\/2024\/07\/ahi_1.jpg","datePublished":"2024-07-12T13:32:38+00:00","dateModified":"2024-11-28T09:07:00+00:00","description":"Tene.ee Kamna koupac\u00edho sudu","breadcrumb":{"@id":"https:\/\/tene.ee\/cs\/toode\/kumblustunni-ahi\/#breadcrumb"},"inLanguage":"cs","potentialAction":[{"@type":"ReadAction","target":["https:\/\/tene.ee\/cs\/toode\/kumblustunni-ahi\/"]}]},{"@type":"ImageObject","inLanguage":"cs","@id":"https:\/\/tene.ee\/cs\/toode\/kumblustunni-ahi\/#primaryimage","url":"https:\/\/tene.ee\/wp-content\/uploads\/2024\/07\/ahi_1.jpg","contentUrl":"https:\/\/tene.ee\/wp-content\/uploads\/2024\/07\/ahi_1.jpg","width":418,"height":316},{"@type":"BreadcrumbList","@id":"https:\/\/tene.ee\/cs\/toode\/kumblustunni-ahi\/#breadcrumb","itemListElement":[{"@type":"ListItem","position":1,"name":"Avaleht","item":"https:\/\/tene.ee\/cs\/"},{"@type":"ListItem","position":2,"name":"V\u0161echny produkty","item":"http:\/\/tene.ee\/cs\/shop\/"},{"@type":"ListItem","position":3,"name":"Kamna koupac\u00edho sudu"}]},{"@type":"WebSite","@id":"https:\/\/tene.ee\/cs\/#website","url":"https:\/\/tene.ee\/cs\/","name":"Tene.ee - Kaunite hetkede jaoks sinu aias","description":"Tene.ee - parimad puit- ja aiamajad otse tootjalt","publisher":{"@id":"https:\/\/tene.ee\/cs\/#organization"},"alternateName":"Tene.ee","potentialAction":[{"@type":"SearchAction","target":{"@type":"EntryPoint","urlTemplate":"https:\/\/tene.ee\/cs\/?s={search_term_string}"},"query-input":{"@type":"PropertyValueSpecification","valueRequired":true,"valueName":"search_term_string"}}],"inLanguage":"cs"},{"@type":"Organization","@id":"https:\/\/tene.ee\/cs\/#organization","name":"Tene.ee","url":"https:\/\/tene.ee\/cs\/","logo":{"@type":"ImageObject","inLanguage":"cs","@id":"https:\/\/tene.ee\/cs\/#\/schema\/logo\/image\/","url":"https:\/\/tene.ee\/wp-content\/uploads\/2024\/12\/TENE-logo-2018-2.png","contentUrl":"https:\/\/tene.ee\/wp-content\/uploads\/2024\/12\/TENE-logo-2018-2.png","width":2339,"height":1654,"caption":"Tene.ee"},"image":{"@id":"https:\/\/tene.ee\/cs\/#\/schema\/logo\/image\/"},"sameAs":["https:\/\/www.facebook.com\/teneaiamajad"]}]}},"_links":{"self":[{"href":"https:\/\/tene.ee\/cs\/wp-json\/wp\/v2\/product\/19125","targetHints":{"allow":["GET"]}}],"collection":[{"href":"https:\/\/tene.ee\/cs\/wp-json\/wp\/v2\/product"}],"about":[{"href":"https:\/\/tene.ee\/cs\/wp-json\/wp\/v2\/types\/product"}],"wp:featuredmedia":[{"embeddable":true,"href":"https:\/\/tene.ee\/cs\/wp-json\/wp\/v2\/media\/7591"}],"wp:attachment":[{"href":"https:\/\/tene.ee\/cs\/wp-json\/wp\/v2\/media?parent=19125"}],"wp:term":[{"taxonomy":"product_brand","embeddable":true,"href":"https:\/\/tene.ee\/cs\/wp-json\/wp\/v2\/product_brand?post=19125"},{"taxonomy":"product_cat","embeddable":true,"href":"https:\/\/tene.ee\/cs\/wp-json\/wp\/v2\/product_cat?post=19125"},{"taxonomy":"product_tag","embeddable":true,"href":"https:\/\/tene.ee\/cs\/wp-json\/wp\/v2\/product_tag?post=19125"}],"curies":[{"name":"wp","href":"https:\/\/api.w.org\/{rel}","templated":true}]}}