{"id":19101,"date":"2024-07-12T16:32:38","date_gmt":"2024-07-12T13:32:38","guid":{"rendered":"https:\/\/tene.ee\/toode\/valmis-aiamaja-piha-aitta-17-70-mm\/"},"modified":"2024-11-28T11:05:35","modified_gmt":"2024-11-28T09:05:35","slug":"valmis-aiamaja-piha-aitta-17-70-mm","status":"publish","type":"product","link":"https:\/\/tene.ee\/cs\/toode\/valmis-aiamaja-piha-aitta-17-70-mm\/","title":{"rendered":"P\u0159edmontovan\u00fd zahradn\u00ed domek Piha-Aitta 17, 70\u00a0mm"},"content":{"rendered":"<p>P\u0159edmontovan\u00e9 zahradn\u00ed domky a\u00a0chatky spole\u010dnosti Tene se stav\u00ed v\u00a0hal\u00e1ch, co\u017e zaji\u0161\u0165uje lep\u0161\u00ed kvalitu p\u0159edmontovan\u00fdch domk\u016f a\u00a0pom\u00e1h\u00e1 vyhnout se p\u0159\u00edpadn\u00fdm nep\u0159\u00edjemn\u00fdm zdr\u017een\u00edm na staveni\u0161ti (nap\u0159. nep\u0159\u00edzniv\u00fdm pov\u011btrnostn\u00edm podm\u00ednk\u00e1m).<\/p>\n<p>Sada p\u0159edmontovan\u00fdch domk\u016f se st\u011bnami s\u00a0tlou\u0161\u0165kou 70\u00a0mm od spole\u010dnosti TENE obsahuje n\u00e1sleduj\u00edc\u00ed polo\u017eky podle v\u00fdkresu v\u00fdrobku:<\/p>\n<p>pou\u017eit\u00e9 d\u0159evo je smrk 100% seversk\u00e9 kvality, tlou\u0161\u0165ka st\u011bny 70\u00a0mm<br \/>\ndve\u0159e a\u00a0okna z\u00a0extra such\u00e9ho (8\u201312\u00a0%) lepen\u00e9ho lamelov\u00e9ho d\u0159eva<br \/>\nprosklen\u00e1 v\u00fdklopn\u00e1 a\u00a0oto\u010dn\u00e1 okna n\u011bmeck\u00e9ho typu (ISO) s\u00a0t\u011bsn\u011bn\u00edm v\u010detn\u011b kov\u00e1n\u00ed<br \/>\nprosklen\u00e9 dve\u0159e n\u011bmeck\u00e9ho typu (ISO) v\u010detn\u011b kov\u00e1n\u00ed<br \/>\npodlaha z\u00a0profilov\u00fdch desek s\u00a0tlou\u0161\u0165kou 28\u00a0mm<br \/>\nst\u0159echa izolovan\u00e1 vlnou s\u00a0tlou\u0161\u0165kou 50\u00a0cm<br \/>\nstrop z\u00a0profilov\u00fdch desek<br \/>\nst\u0159echa z\u00a0\u010dern\u00fdch vo\u0161tinov\u00fdch \u0161indel\u016f<br \/>\nokrajov\u00e9 a\u00a0okapov\u00e9 plechy<br \/>\nty\u010de se z\u00e1vitem<br \/>\nz\u00e1kladov\u00e9 nosn\u00edky impregnovan\u00e9 v\u00a0autokl\u00e1vu<br \/>\npr\u00e1h z\u00a0nerezov\u00e9 oceli<\/p>\n<p>Cena nezahrnuje:<br \/>\np\u0159\u00edpravu z\u00e1klad\u016f<br \/>\nmont\u00e1\u017e ohrani\u010den\u00ed terasy a\u00a0podlahy terasy (dod\u00e1v\u00e1 se jako samostatn\u00e9 polo\u017eky)<br \/>\nvn\u011bj\u0161\u00ed povrchovou \u00fapravu<\/p>\n<p>Ceny jsou platn\u00e9 ve skladu v\u00fdrobn\u00edho z\u00e1vodu Tene a\u00a0zahrnuj\u00ed DPH.<br \/>\nCena nezahrnuje p\u0159epravu p\u0159edmontovan\u00e9 sauny.<\/p>\n","protected":false},"excerpt":{"rendered":"<p>P\u0159edmontovan\u00fd zahradn\u00ed domek Piha-Aitta 17 s\u00a0terasou je z\u00e1kazn\u00edkovi dod\u00e1v\u00e1n jako kompletn\u00ed \u0159e\u0161en\u00ed na kl\u00ed\u010d. P\u0159edmontovan\u00fd zahradn\u00ed domek lze p\u0159epravit na libovoln\u00e9 m\u00edsto p\u0159\u00edstupn\u00e9 pro autoje\u0159\u00e1b.<\/p>\n","protected":false},"featured_media":7543,"template":"","meta":{"_acf_changed":false},"product_brand":[],"product_cat":[494,486,489],"product_tag":[],"class_list":{"0":"post-19101","1":"product","2":"type-product","3":"status-publish","4":"has-post-thumbnail","6":"product_cat-hotove-zahradni-domky","7":"product_cat-zahradni-domky","8":"product_cat-zahradni-domky-70-mm","9":"product_shipping_class-390e-cs","10":"pa_iseloomustus-1-pokoj-cs","11":"pa_iseloomustus-ctvercovy-dum","12":"pa_iseloomustus-terasa","13":"pa_katuse-tuup-viilkatus-cs","14":"pa_pindala-10-20-m2-cs","15":"pa_seina-paksus-70-mm-cs","17":"first","18":"onbackorder","19":"sale","20":"purchasable","21":"product-type-simple"},"acf":[],"yoast_head":"<!-- This site is optimized with the Yoast SEO plugin v27.3 - https:\/\/yoast.com\/product\/yoast-seo-wordpress\/ -->\n<title>Tene.ee - P\u0159edmontovan\u00fd zahradn\u00ed domek Piha-Aitta 17, 70\u00a0mm<\/title>\n<meta name=\"description\" content=\"Tene.ee P\u0159edmontovan\u00fd zahradn\u00ed domek Piha-Aitta 17, 70\u00a0mm\" \/>\n<meta name=\"robots\" content=\"index, follow, max-snippet:-1, max-image-preview:large, max-video-preview:-1\" \/>\n<link rel=\"canonical\" href=\"https:\/\/tene.ee\/cs\/toode\/valmis-aiamaja-piha-aitta-17-70-mm\/\" \/>\n<meta property=\"og:locale\" content=\"cs_CZ\" \/>\n<meta property=\"og:type\" content=\"article\" \/>\n<meta property=\"og:title\" content=\"Tene.ee - P\u0159edmontovan\u00fd zahradn\u00ed domek Piha-Aitta 17, 70\u00a0mm\" \/>\n<meta property=\"og:description\" content=\"Tene.ee P\u0159edmontovan\u00fd zahradn\u00ed domek Piha-Aitta 17, 70\u00a0mm\" \/>\n<meta property=\"og:url\" content=\"https:\/\/tene.ee\/cs\/toode\/valmis-aiamaja-piha-aitta-17-70-mm\/\" \/>\n<meta property=\"og:site_name\" content=\"Tene.ee\" \/>\n<meta property=\"article:publisher\" content=\"https:\/\/www.facebook.com\/teneaiamajad\" \/>\n<meta property=\"article:modified_time\" content=\"2024-11-28T09:05:35+00:00\" \/>\n<meta property=\"og:image\" content=\"https:\/\/tene.ee\/wp-content\/uploads\/2024\/07\/Piha-aitta_12_15_17-2-1024x683.jpg\" \/>\n\t<meta property=\"og:image:width\" content=\"1024\" \/>\n\t<meta property=\"og:image:height\" content=\"683\" \/>\n\t<meta property=\"og:image:type\" content=\"image\/jpeg\" \/>\n<meta name=\"twitter:card\" content=\"summary_large_image\" \/>\n<meta name=\"twitter:label1\" content=\"Odhadovan\u00e1 doba \u010dten\u00ed\" \/>\n\t<meta name=\"twitter:data1\" content=\"2 minuty\" \/>\n<script type=\"application\/ld+json\" class=\"yoast-schema-graph\">{\"@context\":\"https:\\\/\\\/schema.org\",\"@graph\":[{\"@type\":\"WebPage\",\"@id\":\"https:\\\/\\\/tene.ee\\\/cs\\\/toode\\\/valmis-aiamaja-piha-aitta-17-70-mm\\\/\",\"url\":\"https:\\\/\\\/tene.ee\\\/cs\\\/toode\\\/valmis-aiamaja-piha-aitta-17-70-mm\\\/\",\"name\":\"Tene.ee - P\u0159edmontovan\u00fd zahradn\u00ed domek Piha-Aitta 17, 70\u00a0mm\",\"isPartOf\":{\"@id\":\"https:\\\/\\\/tene.ee\\\/cs\\\/#website\"},\"primaryImageOfPage\":{\"@id\":\"https:\\\/\\\/tene.ee\\\/cs\\\/toode\\\/valmis-aiamaja-piha-aitta-17-70-mm\\\/#primaryimage\"},\"image\":{\"@id\":\"https:\\\/\\\/tene.ee\\\/cs\\\/toode\\\/valmis-aiamaja-piha-aitta-17-70-mm\\\/#primaryimage\"},\"thumbnailUrl\":\"https:\\\/\\\/tene.ee\\\/wp-content\\\/uploads\\\/2024\\\/07\\\/Piha-aitta_12_15_17-2.jpg\",\"datePublished\":\"2024-07-12T13:32:38+00:00\",\"dateModified\":\"2024-11-28T09:05:35+00:00\",\"description\":\"Tene.ee P\u0159edmontovan\u00fd zahradn\u00ed domek Piha-Aitta 17, 70\u00a0mm\",\"breadcrumb\":{\"@id\":\"https:\\\/\\\/tene.ee\\\/cs\\\/toode\\\/valmis-aiamaja-piha-aitta-17-70-mm\\\/#breadcrumb\"},\"inLanguage\":\"cs\",\"potentialAction\":[{\"@type\":\"ReadAction\",\"target\":[\"https:\\\/\\\/tene.ee\\\/cs\\\/toode\\\/valmis-aiamaja-piha-aitta-17-70-mm\\\/\"]}]},{\"@type\":\"ImageObject\",\"inLanguage\":\"cs\",\"@id\":\"https:\\\/\\\/tene.ee\\\/cs\\\/toode\\\/valmis-aiamaja-piha-aitta-17-70-mm\\\/#primaryimage\",\"url\":\"https:\\\/\\\/tene.ee\\\/wp-content\\\/uploads\\\/2024\\\/07\\\/Piha-aitta_12_15_17-2.jpg\",\"contentUrl\":\"https:\\\/\\\/tene.ee\\\/wp-content\\\/uploads\\\/2024\\\/07\\\/Piha-aitta_12_15_17-2.jpg\",\"width\":2500,\"height\":1667},{\"@type\":\"BreadcrumbList\",\"@id\":\"https:\\\/\\\/tene.ee\\\/cs\\\/toode\\\/valmis-aiamaja-piha-aitta-17-70-mm\\\/#breadcrumb\",\"itemListElement\":[{\"@type\":\"ListItem\",\"position\":1,\"name\":\"Avaleht\",\"item\":\"https:\\\/\\\/tene.ee\\\/cs\\\/\"},{\"@type\":\"ListItem\",\"position\":2,\"name\":\"V\u0161echny produkty\",\"item\":\"http:\\\/\\\/tene.ee\\\/cs\\\/shop\\\/\"},{\"@type\":\"ListItem\",\"position\":3,\"name\":\"P\u0159edmontovan\u00fd zahradn\u00ed domek Piha-Aitta 17, 70\u00a0mm\"}]},{\"@type\":\"WebSite\",\"@id\":\"https:\\\/\\\/tene.ee\\\/cs\\\/#website\",\"url\":\"https:\\\/\\\/tene.ee\\\/cs\\\/\",\"name\":\"Tene.ee - Kaunite hetkede jaoks sinu aias\",\"description\":\"Tene.ee - parimad puit- ja aiamajad otse tootjalt\",\"publisher\":{\"@id\":\"https:\\\/\\\/tene.ee\\\/cs\\\/#organization\"},\"alternateName\":\"Tene.ee\",\"potentialAction\":[{\"@type\":\"SearchAction\",\"target\":{\"@type\":\"EntryPoint\",\"urlTemplate\":\"https:\\\/\\\/tene.ee\\\/cs\\\/?s={search_term_string}\"},\"query-input\":{\"@type\":\"PropertyValueSpecification\",\"valueRequired\":true,\"valueName\":\"search_term_string\"}}],\"inLanguage\":\"cs\"},{\"@type\":\"Organization\",\"@id\":\"https:\\\/\\\/tene.ee\\\/cs\\\/#organization\",\"name\":\"Tene.ee\",\"url\":\"https:\\\/\\\/tene.ee\\\/cs\\\/\",\"logo\":{\"@type\":\"ImageObject\",\"inLanguage\":\"cs\",\"@id\":\"https:\\\/\\\/tene.ee\\\/cs\\\/#\\\/schema\\\/logo\\\/image\\\/\",\"url\":\"https:\\\/\\\/tene.ee\\\/wp-content\\\/uploads\\\/2024\\\/12\\\/TENE-logo-2018-2.png\",\"contentUrl\":\"https:\\\/\\\/tene.ee\\\/wp-content\\\/uploads\\\/2024\\\/12\\\/TENE-logo-2018-2.png\",\"width\":2339,\"height\":1654,\"caption\":\"Tene.ee\"},\"image\":{\"@id\":\"https:\\\/\\\/tene.ee\\\/cs\\\/#\\\/schema\\\/logo\\\/image\\\/\"},\"sameAs\":[\"https:\\\/\\\/www.facebook.com\\\/teneaiamajad\"]}]}<\/script>\n<!-- \/ Yoast SEO plugin. -->","yoast_head_json":{"title":"Tene.ee - P\u0159edmontovan\u00fd zahradn\u00ed domek Piha-Aitta 17, 70\u00a0mm","description":"Tene.ee P\u0159edmontovan\u00fd zahradn\u00ed domek Piha-Aitta 17, 70\u00a0mm","robots":{"index":"index","follow":"follow","max-snippet":"max-snippet:-1","max-image-preview":"max-image-preview:large","max-video-preview":"max-video-preview:-1"},"canonical":"https:\/\/tene.ee\/cs\/toode\/valmis-aiamaja-piha-aitta-17-70-mm\/","og_locale":"cs_CZ","og_type":"article","og_title":"Tene.ee - P\u0159edmontovan\u00fd zahradn\u00ed domek Piha-Aitta 17, 70\u00a0mm","og_description":"Tene.ee P\u0159edmontovan\u00fd zahradn\u00ed domek Piha-Aitta 17, 70\u00a0mm","og_url":"https:\/\/tene.ee\/cs\/toode\/valmis-aiamaja-piha-aitta-17-70-mm\/","og_site_name":"Tene.ee","article_publisher":"https:\/\/www.facebook.com\/teneaiamajad","article_modified_time":"2024-11-28T09:05:35+00:00","og_image":[{"width":1024,"height":683,"url":"https:\/\/tene.ee\/wp-content\/uploads\/2024\/07\/Piha-aitta_12_15_17-2-1024x683.jpg","type":"image\/jpeg"}],"twitter_card":"summary_large_image","twitter_misc":{"Odhadovan\u00e1 doba \u010dten\u00ed":"2 minuty"},"schema":{"@context":"https:\/\/schema.org","@graph":[{"@type":"WebPage","@id":"https:\/\/tene.ee\/cs\/toode\/valmis-aiamaja-piha-aitta-17-70-mm\/","url":"https:\/\/tene.ee\/cs\/toode\/valmis-aiamaja-piha-aitta-17-70-mm\/","name":"Tene.ee - P\u0159edmontovan\u00fd zahradn\u00ed domek Piha-Aitta 17, 70\u00a0mm","isPartOf":{"@id":"https:\/\/tene.ee\/cs\/#website"},"primaryImageOfPage":{"@id":"https:\/\/tene.ee\/cs\/toode\/valmis-aiamaja-piha-aitta-17-70-mm\/#primaryimage"},"image":{"@id":"https:\/\/tene.ee\/cs\/toode\/valmis-aiamaja-piha-aitta-17-70-mm\/#primaryimage"},"thumbnailUrl":"https:\/\/tene.ee\/wp-content\/uploads\/2024\/07\/Piha-aitta_12_15_17-2.jpg","datePublished":"2024-07-12T13:32:38+00:00","dateModified":"2024-11-28T09:05:35+00:00","description":"Tene.ee P\u0159edmontovan\u00fd zahradn\u00ed domek Piha-Aitta 17, 70\u00a0mm","breadcrumb":{"@id":"https:\/\/tene.ee\/cs\/toode\/valmis-aiamaja-piha-aitta-17-70-mm\/#breadcrumb"},"inLanguage":"cs","potentialAction":[{"@type":"ReadAction","target":["https:\/\/tene.ee\/cs\/toode\/valmis-aiamaja-piha-aitta-17-70-mm\/"]}]},{"@type":"ImageObject","inLanguage":"cs","@id":"https:\/\/tene.ee\/cs\/toode\/valmis-aiamaja-piha-aitta-17-70-mm\/#primaryimage","url":"https:\/\/tene.ee\/wp-content\/uploads\/2024\/07\/Piha-aitta_12_15_17-2.jpg","contentUrl":"https:\/\/tene.ee\/wp-content\/uploads\/2024\/07\/Piha-aitta_12_15_17-2.jpg","width":2500,"height":1667},{"@type":"BreadcrumbList","@id":"https:\/\/tene.ee\/cs\/toode\/valmis-aiamaja-piha-aitta-17-70-mm\/#breadcrumb","itemListElement":[{"@type":"ListItem","position":1,"name":"Avaleht","item":"https:\/\/tene.ee\/cs\/"},{"@type":"ListItem","position":2,"name":"V\u0161echny produkty","item":"http:\/\/tene.ee\/cs\/shop\/"},{"@type":"ListItem","position":3,"name":"P\u0159edmontovan\u00fd zahradn\u00ed domek Piha-Aitta 17, 70\u00a0mm"}]},{"@type":"WebSite","@id":"https:\/\/tene.ee\/cs\/#website","url":"https:\/\/tene.ee\/cs\/","name":"Tene.ee - Kaunite hetkede jaoks sinu aias","description":"Tene.ee - parimad puit- ja aiamajad otse tootjalt","publisher":{"@id":"https:\/\/tene.ee\/cs\/#organization"},"alternateName":"Tene.ee","potentialAction":[{"@type":"SearchAction","target":{"@type":"EntryPoint","urlTemplate":"https:\/\/tene.ee\/cs\/?s={search_term_string}"},"query-input":{"@type":"PropertyValueSpecification","valueRequired":true,"valueName":"search_term_string"}}],"inLanguage":"cs"},{"@type":"Organization","@id":"https:\/\/tene.ee\/cs\/#organization","name":"Tene.ee","url":"https:\/\/tene.ee\/cs\/","logo":{"@type":"ImageObject","inLanguage":"cs","@id":"https:\/\/tene.ee\/cs\/#\/schema\/logo\/image\/","url":"https:\/\/tene.ee\/wp-content\/uploads\/2024\/12\/TENE-logo-2018-2.png","contentUrl":"https:\/\/tene.ee\/wp-content\/uploads\/2024\/12\/TENE-logo-2018-2.png","width":2339,"height":1654,"caption":"Tene.ee"},"image":{"@id":"https:\/\/tene.ee\/cs\/#\/schema\/logo\/image\/"},"sameAs":["https:\/\/www.facebook.com\/teneaiamajad"]}]}},"_links":{"self":[{"href":"https:\/\/tene.ee\/cs\/wp-json\/wp\/v2\/product\/19101","targetHints":{"allow":["GET"]}}],"collection":[{"href":"https:\/\/tene.ee\/cs\/wp-json\/wp\/v2\/product"}],"about":[{"href":"https:\/\/tene.ee\/cs\/wp-json\/wp\/v2\/types\/product"}],"wp:featuredmedia":[{"embeddable":true,"href":"https:\/\/tene.ee\/cs\/wp-json\/wp\/v2\/media\/7543"}],"wp:attachment":[{"href":"https:\/\/tene.ee\/cs\/wp-json\/wp\/v2\/media?parent=19101"}],"wp:term":[{"taxonomy":"product_brand","embeddable":true,"href":"https:\/\/tene.ee\/cs\/wp-json\/wp\/v2\/product_brand?post=19101"},{"taxonomy":"product_cat","embeddable":true,"href":"https:\/\/tene.ee\/cs\/wp-json\/wp\/v2\/product_cat?post=19101"},{"taxonomy":"product_tag","embeddable":true,"href":"https:\/\/tene.ee\/cs\/wp-json\/wp\/v2\/product_tag?post=19101"}],"curies":[{"name":"wp","href":"https:\/\/api.w.org\/{rel}","templated":true}]}}