{"id":18889,"date":"2024-07-12T16:45:08","date_gmt":"2024-07-12T13:45:08","guid":{"rendered":"https:\/\/tene.ee\/toode\/puidust-kiik-jaakko\/"},"modified":"2024-11-28T11:07:23","modified_gmt":"2024-11-28T09:07:23","slug":"puidust-kiik-jaakko","status":"publish","type":"product","link":"https:\/\/tene.ee\/cs\/toode\/puidust-kiik-jaakko\/","title":{"rendered":"D\u0159ev\u011bn\u00e1 houpa\u010dka Jaakko"},"content":{"rendered":"","protected":false},"excerpt":{"rendered":"<p>D\u0159ev\u011bn\u00e1 zahradn\u00ed houpa\u010dka Tene obsahuje:<br \/>\nBetonov\u00e9 nohy pro z\u00e1klad (4 ks.)<br \/>\nNa st\u0159echu st\u0159e\u0161n\u00ed prvky ze smrkov\u00fdch desek s vodn\u00ed dr\u00e1\u017ekou (i pro st\u0159e\u0161n\u00ed krytinu volte vo\u0161tinov\u00fd ruberoid)<br \/>\nKovan\u00e9 nosn\u00e9 konzoly, brzdy z\u00e1v\u011bsu (2 ks) a kryty otvor\u016f pro \u0161rouby (8 ks) Kupte si sadu kov\u00e1n\u00ed jako extra!<br \/>\nCena: 499 \u20ac Dal\u0161\u00ed sada obsahuje:<br \/>\nPohybliv\u00fd dr\u017e\u00e1k grilu<br \/>\nDr\u017e\u00e1ky na lahve (2 ks, na cca 5 lahv\u00ed)<br \/>\nLustr s h\u00e1\u010dkem, \u0159et\u00edzkem, sv\u00edcny a h\u00e1\u010dkem na olejovou lampu<br \/>\nKv\u011btinov\u00e9 lampy s h\u00e1\u010dky (4 ks)<br \/>\nZvonek s otv\u00edr\u00e1kem na lahve<\/p>\n","protected":false},"featured_media":9159,"template":"","meta":{"_acf_changed":false},"product_brand":[],"product_cat":[506,502],"product_tag":[],"class_list":{"0":"post-18889","1":"product","2":"type-product","3":"status-publish","4":"has-post-thumbnail","6":"product_cat-drevene-houpacky","7":"product_cat-ostatni-produkty","8":"pa_iseloomustus-ctvercovy-dum","10":"first","11":"onbackorder","12":"sale","13":"purchasable","14":"product-type-simple"},"acf":[],"yoast_head":"<!-- This site is optimized with the Yoast SEO plugin v27.3 - https:\/\/yoast.com\/product\/yoast-seo-wordpress\/ -->\n<title>Tene.ee - D\u0159ev\u011bn\u00e1 houpa\u010dka Jaakko<\/title>\n<meta name=\"description\" content=\"Tene.ee D\u0159ev\u011bn\u00e1 houpa\u010dka Jaakko\" \/>\n<meta name=\"robots\" content=\"index, follow, max-snippet:-1, max-image-preview:large, max-video-preview:-1\" \/>\n<link rel=\"canonical\" href=\"https:\/\/tene.ee\/cs\/toode\/puidust-kiik-jaakko\/\" \/>\n<meta property=\"og:locale\" content=\"cs_CZ\" \/>\n<meta property=\"og:type\" content=\"article\" \/>\n<meta property=\"og:title\" content=\"Tene.ee - D\u0159ev\u011bn\u00e1 houpa\u010dka Jaakko\" \/>\n<meta property=\"og:description\" content=\"Tene.ee D\u0159ev\u011bn\u00e1 houpa\u010dka Jaakko\" \/>\n<meta property=\"og:url\" content=\"https:\/\/tene.ee\/cs\/toode\/puidust-kiik-jaakko\/\" \/>\n<meta property=\"og:site_name\" content=\"Tene.ee\" \/>\n<meta property=\"article:publisher\" content=\"https:\/\/www.facebook.com\/teneaiamajad\" \/>\n<meta property=\"article:modified_time\" content=\"2024-11-28T09:07:23+00:00\" \/>\n<meta property=\"og:image\" content=\"http:\/\/tene.ee\/wp-content\/uploads\/2024\/07\/jack.jpg\" \/>\n\t<meta property=\"og:image:width\" content=\"640\" \/>\n\t<meta property=\"og:image:height\" content=\"475\" \/>\n\t<meta property=\"og:image:type\" content=\"image\/jpeg\" \/>\n<meta name=\"twitter:card\" content=\"summary_large_image\" \/>\n<meta name=\"twitter:label1\" content=\"Odhadovan\u00e1 doba \u010dten\u00ed\" \/>\n\t<meta name=\"twitter:data1\" content=\"1 minuta\" \/>\n<script type=\"application\/ld+json\" class=\"yoast-schema-graph\">{\"@context\":\"https:\\\/\\\/schema.org\",\"@graph\":[{\"@type\":\"WebPage\",\"@id\":\"https:\\\/\\\/tene.ee\\\/cs\\\/toode\\\/puidust-kiik-jaakko\\\/\",\"url\":\"https:\\\/\\\/tene.ee\\\/cs\\\/toode\\\/puidust-kiik-jaakko\\\/\",\"name\":\"Tene.ee - D\u0159ev\u011bn\u00e1 houpa\u010dka Jaakko\",\"isPartOf\":{\"@id\":\"https:\\\/\\\/tene.ee\\\/cs\\\/#website\"},\"primaryImageOfPage\":{\"@id\":\"https:\\\/\\\/tene.ee\\\/cs\\\/toode\\\/puidust-kiik-jaakko\\\/#primaryimage\"},\"image\":{\"@id\":\"https:\\\/\\\/tene.ee\\\/cs\\\/toode\\\/puidust-kiik-jaakko\\\/#primaryimage\"},\"thumbnailUrl\":\"https:\\\/\\\/tene.ee\\\/wp-content\\\/uploads\\\/2024\\\/07\\\/jack.jpg\",\"datePublished\":\"2024-07-12T13:45:08+00:00\",\"dateModified\":\"2024-11-28T09:07:23+00:00\",\"description\":\"Tene.ee D\u0159ev\u011bn\u00e1 houpa\u010dka Jaakko\",\"breadcrumb\":{\"@id\":\"https:\\\/\\\/tene.ee\\\/cs\\\/toode\\\/puidust-kiik-jaakko\\\/#breadcrumb\"},\"inLanguage\":\"cs\",\"potentialAction\":[{\"@type\":\"ReadAction\",\"target\":[\"https:\\\/\\\/tene.ee\\\/cs\\\/toode\\\/puidust-kiik-jaakko\\\/\"]}]},{\"@type\":\"ImageObject\",\"inLanguage\":\"cs\",\"@id\":\"https:\\\/\\\/tene.ee\\\/cs\\\/toode\\\/puidust-kiik-jaakko\\\/#primaryimage\",\"url\":\"https:\\\/\\\/tene.ee\\\/wp-content\\\/uploads\\\/2024\\\/07\\\/jack.jpg\",\"contentUrl\":\"https:\\\/\\\/tene.ee\\\/wp-content\\\/uploads\\\/2024\\\/07\\\/jack.jpg\",\"width\":640,\"height\":475},{\"@type\":\"BreadcrumbList\",\"@id\":\"https:\\\/\\\/tene.ee\\\/cs\\\/toode\\\/puidust-kiik-jaakko\\\/#breadcrumb\",\"itemListElement\":[{\"@type\":\"ListItem\",\"position\":1,\"name\":\"Avaleht\",\"item\":\"https:\\\/\\\/tene.ee\\\/cs\\\/\"},{\"@type\":\"ListItem\",\"position\":2,\"name\":\"V\u0161echny produkty\",\"item\":\"http:\\\/\\\/tene.ee\\\/cs\\\/shop\\\/\"},{\"@type\":\"ListItem\",\"position\":3,\"name\":\"D\u0159ev\u011bn\u00e1 houpa\u010dka Jaakko\"}]},{\"@type\":\"WebSite\",\"@id\":\"https:\\\/\\\/tene.ee\\\/cs\\\/#website\",\"url\":\"https:\\\/\\\/tene.ee\\\/cs\\\/\",\"name\":\"Tene.ee - Kaunite hetkede jaoks sinu aias\",\"description\":\"Tene.ee - parimad puit- ja aiamajad otse tootjalt\",\"publisher\":{\"@id\":\"https:\\\/\\\/tene.ee\\\/cs\\\/#organization\"},\"alternateName\":\"Tene.ee\",\"potentialAction\":[{\"@type\":\"SearchAction\",\"target\":{\"@type\":\"EntryPoint\",\"urlTemplate\":\"https:\\\/\\\/tene.ee\\\/cs\\\/?s={search_term_string}\"},\"query-input\":{\"@type\":\"PropertyValueSpecification\",\"valueRequired\":true,\"valueName\":\"search_term_string\"}}],\"inLanguage\":\"cs\"},{\"@type\":\"Organization\",\"@id\":\"https:\\\/\\\/tene.ee\\\/cs\\\/#organization\",\"name\":\"Tene.ee\",\"url\":\"https:\\\/\\\/tene.ee\\\/cs\\\/\",\"logo\":{\"@type\":\"ImageObject\",\"inLanguage\":\"cs\",\"@id\":\"https:\\\/\\\/tene.ee\\\/cs\\\/#\\\/schema\\\/logo\\\/image\\\/\",\"url\":\"https:\\\/\\\/tene.ee\\\/wp-content\\\/uploads\\\/2024\\\/12\\\/TENE-logo-2018-2.png\",\"contentUrl\":\"https:\\\/\\\/tene.ee\\\/wp-content\\\/uploads\\\/2024\\\/12\\\/TENE-logo-2018-2.png\",\"width\":2339,\"height\":1654,\"caption\":\"Tene.ee\"},\"image\":{\"@id\":\"https:\\\/\\\/tene.ee\\\/cs\\\/#\\\/schema\\\/logo\\\/image\\\/\"},\"sameAs\":[\"https:\\\/\\\/www.facebook.com\\\/teneaiamajad\"]}]}<\/script>\n<!-- \/ Yoast SEO plugin. -->","yoast_head_json":{"title":"Tene.ee - D\u0159ev\u011bn\u00e1 houpa\u010dka Jaakko","description":"Tene.ee D\u0159ev\u011bn\u00e1 houpa\u010dka Jaakko","robots":{"index":"index","follow":"follow","max-snippet":"max-snippet:-1","max-image-preview":"max-image-preview:large","max-video-preview":"max-video-preview:-1"},"canonical":"https:\/\/tene.ee\/cs\/toode\/puidust-kiik-jaakko\/","og_locale":"cs_CZ","og_type":"article","og_title":"Tene.ee - D\u0159ev\u011bn\u00e1 houpa\u010dka Jaakko","og_description":"Tene.ee D\u0159ev\u011bn\u00e1 houpa\u010dka Jaakko","og_url":"https:\/\/tene.ee\/cs\/toode\/puidust-kiik-jaakko\/","og_site_name":"Tene.ee","article_publisher":"https:\/\/www.facebook.com\/teneaiamajad","article_modified_time":"2024-11-28T09:07:23+00:00","og_image":[{"width":640,"height":475,"url":"http:\/\/tene.ee\/wp-content\/uploads\/2024\/07\/jack.jpg","type":"image\/jpeg"}],"twitter_card":"summary_large_image","twitter_misc":{"Odhadovan\u00e1 doba \u010dten\u00ed":"1 minuta"},"schema":{"@context":"https:\/\/schema.org","@graph":[{"@type":"WebPage","@id":"https:\/\/tene.ee\/cs\/toode\/puidust-kiik-jaakko\/","url":"https:\/\/tene.ee\/cs\/toode\/puidust-kiik-jaakko\/","name":"Tene.ee - D\u0159ev\u011bn\u00e1 houpa\u010dka Jaakko","isPartOf":{"@id":"https:\/\/tene.ee\/cs\/#website"},"primaryImageOfPage":{"@id":"https:\/\/tene.ee\/cs\/toode\/puidust-kiik-jaakko\/#primaryimage"},"image":{"@id":"https:\/\/tene.ee\/cs\/toode\/puidust-kiik-jaakko\/#primaryimage"},"thumbnailUrl":"https:\/\/tene.ee\/wp-content\/uploads\/2024\/07\/jack.jpg","datePublished":"2024-07-12T13:45:08+00:00","dateModified":"2024-11-28T09:07:23+00:00","description":"Tene.ee D\u0159ev\u011bn\u00e1 houpa\u010dka Jaakko","breadcrumb":{"@id":"https:\/\/tene.ee\/cs\/toode\/puidust-kiik-jaakko\/#breadcrumb"},"inLanguage":"cs","potentialAction":[{"@type":"ReadAction","target":["https:\/\/tene.ee\/cs\/toode\/puidust-kiik-jaakko\/"]}]},{"@type":"ImageObject","inLanguage":"cs","@id":"https:\/\/tene.ee\/cs\/toode\/puidust-kiik-jaakko\/#primaryimage","url":"https:\/\/tene.ee\/wp-content\/uploads\/2024\/07\/jack.jpg","contentUrl":"https:\/\/tene.ee\/wp-content\/uploads\/2024\/07\/jack.jpg","width":640,"height":475},{"@type":"BreadcrumbList","@id":"https:\/\/tene.ee\/cs\/toode\/puidust-kiik-jaakko\/#breadcrumb","itemListElement":[{"@type":"ListItem","position":1,"name":"Avaleht","item":"https:\/\/tene.ee\/cs\/"},{"@type":"ListItem","position":2,"name":"V\u0161echny produkty","item":"http:\/\/tene.ee\/cs\/shop\/"},{"@type":"ListItem","position":3,"name":"D\u0159ev\u011bn\u00e1 houpa\u010dka Jaakko"}]},{"@type":"WebSite","@id":"https:\/\/tene.ee\/cs\/#website","url":"https:\/\/tene.ee\/cs\/","name":"Tene.ee - Kaunite hetkede jaoks sinu aias","description":"Tene.ee - parimad puit- ja aiamajad otse tootjalt","publisher":{"@id":"https:\/\/tene.ee\/cs\/#organization"},"alternateName":"Tene.ee","potentialAction":[{"@type":"SearchAction","target":{"@type":"EntryPoint","urlTemplate":"https:\/\/tene.ee\/cs\/?s={search_term_string}"},"query-input":{"@type":"PropertyValueSpecification","valueRequired":true,"valueName":"search_term_string"}}],"inLanguage":"cs"},{"@type":"Organization","@id":"https:\/\/tene.ee\/cs\/#organization","name":"Tene.ee","url":"https:\/\/tene.ee\/cs\/","logo":{"@type":"ImageObject","inLanguage":"cs","@id":"https:\/\/tene.ee\/cs\/#\/schema\/logo\/image\/","url":"https:\/\/tene.ee\/wp-content\/uploads\/2024\/12\/TENE-logo-2018-2.png","contentUrl":"https:\/\/tene.ee\/wp-content\/uploads\/2024\/12\/TENE-logo-2018-2.png","width":2339,"height":1654,"caption":"Tene.ee"},"image":{"@id":"https:\/\/tene.ee\/cs\/#\/schema\/logo\/image\/"},"sameAs":["https:\/\/www.facebook.com\/teneaiamajad"]}]}},"_links":{"self":[{"href":"https:\/\/tene.ee\/cs\/wp-json\/wp\/v2\/product\/18889","targetHints":{"allow":["GET"]}}],"collection":[{"href":"https:\/\/tene.ee\/cs\/wp-json\/wp\/v2\/product"}],"about":[{"href":"https:\/\/tene.ee\/cs\/wp-json\/wp\/v2\/types\/product"}],"wp:featuredmedia":[{"embeddable":true,"href":"https:\/\/tene.ee\/cs\/wp-json\/wp\/v2\/media\/9159"}],"wp:attachment":[{"href":"https:\/\/tene.ee\/cs\/wp-json\/wp\/v2\/media?parent=18889"}],"wp:term":[{"taxonomy":"product_brand","embeddable":true,"href":"https:\/\/tene.ee\/cs\/wp-json\/wp\/v2\/product_brand?post=18889"},{"taxonomy":"product_cat","embeddable":true,"href":"https:\/\/tene.ee\/cs\/wp-json\/wp\/v2\/product_cat?post=18889"},{"taxonomy":"product_tag","embeddable":true,"href":"https:\/\/tene.ee\/cs\/wp-json\/wp\/v2\/product_tag?post=18889"}],"curies":[{"name":"wp","href":"https:\/\/api.w.org\/{rel}","templated":true}]}}