{"id":18873,"date":"2024-07-12T16:45:08","date_gmt":"2024-07-12T13:45:08","guid":{"rendered":"https:\/\/tene.ee\/toode\/platvormhaagis-cp300-r-drop\/"},"modified":"2024-11-28T11:07:01","modified_gmt":"2024-11-28T09:07:01","slug":"platvormhaagis-cp300-r-drop","status":"publish","type":"product","link":"https:\/\/tene.ee\/cs\/toode\/platvormhaagis-cp300-r-drop\/","title":{"rendered":"Plo\u0161inov\u00fd p\u0159\u00edv\u011bs CP300-R\/DROP"},"content":{"rendered":"<p>Multifunk\u010dn\u00ed plo\u0161inov\u00fd p\u0159\u00edv\u011bs na sva\u0159ovan\u00e9m r\u00e1mu se silnou konstrukc\u00ed. Hladk\u00e9 dno a absence port\u016f umo\u017e\u0148uj\u00ed p\u0159\u00edv\u011bs vyu\u017e\u00edt jak pro p\u0159epravu n\u00e1kladu, tak nap\u0159\u00edklad jako z\u00e1kladnu pro saunu nebo v\u00ed\u0159ivku va\u0161ich sn\u016f. Jako p\u0159\u00edslu\u0161enstv\u00ed je mo\u017en\u00e9 zvolit r\u016fzn\u00e9 podp\u011brn\u00e9 nohy pro uchycen\u00ed jak na dno, tak na boky.<\/p>\n","protected":false},"excerpt":{"rendered":"<p>Multifunk\u010dn\u00ed plo\u0161inov\u00fd p\u0159\u00edv\u011bs na sva\u0159ovan\u00e9m r\u00e1mu se silnou konstrukc\u00ed. Hladk\u00e9 dno a absence port\u016f umo\u017e\u0148uj\u00ed p\u0159\u00edv\u011bs vyu\u017e\u00edt jak pro p\u0159epravu<\/p>\n","protected":false},"featured_media":9095,"template":"","meta":{"_acf_changed":false},"product_brand":[],"product_cat":[502,501],"product_tag":[],"class_list":{"0":"post-18873","1":"product","2":"type-product","3":"status-publish","4":"has-post-thumbnail","6":"product_cat-ostatni-produkty","7":"product_cat-virivky","9":"first","10":"onbackorder","11":"sale","12":"purchasable","13":"product-type-simple"},"acf":[],"yoast_head":"<!-- This site is optimized with the Yoast SEO plugin v27.4 - https:\/\/yoast.com\/product\/yoast-seo-wordpress\/ -->\n<title>Tene.ee - Plo\u0161inov\u00fd p\u0159\u00edv\u011bs CP300-R\/DROP<\/title>\n<meta name=\"description\" content=\"Tene.ee Plo\u0161inov\u00fd p\u0159\u00edv\u011bs CP300-R\/DROP\" \/>\n<meta name=\"robots\" content=\"index, follow, max-snippet:-1, max-image-preview:large, max-video-preview:-1\" \/>\n<link rel=\"canonical\" href=\"https:\/\/tene.ee\/cs\/toode\/platvormhaagis-cp300-r-drop\/\" \/>\n<meta property=\"og:locale\" content=\"cs_CZ\" \/>\n<meta property=\"og:type\" content=\"article\" \/>\n<meta property=\"og:title\" content=\"Tene.ee - Plo\u0161inov\u00fd p\u0159\u00edv\u011bs CP300-R\/DROP\" \/>\n<meta property=\"og:description\" content=\"Tene.ee Plo\u0161inov\u00fd p\u0159\u00edv\u011bs CP300-R\/DROP\" \/>\n<meta property=\"og:url\" content=\"https:\/\/tene.ee\/cs\/toode\/platvormhaagis-cp300-r-drop\/\" \/>\n<meta property=\"og:site_name\" content=\"Tene.ee\" \/>\n<meta property=\"article:publisher\" content=\"https:\/\/www.facebook.com\/teneaiamajad\" \/>\n<meta property=\"article:modified_time\" content=\"2024-11-28T09:07:01+00:00\" \/>\n<meta property=\"og:image\" content=\"https:\/\/tene.ee\/wp-content\/uploads\/2024\/07\/ec0213ti.jpg\" \/>\n\t<meta property=\"og:image:width\" content=\"1920\" \/>\n\t<meta property=\"og:image:height\" content=\"1440\" \/>\n\t<meta property=\"og:image:type\" content=\"image\/jpeg\" \/>\n<meta name=\"twitter:card\" content=\"summary_large_image\" \/>\n<meta name=\"twitter:label1\" content=\"Odhadovan\u00e1 doba \u010dten\u00ed\" \/>\n\t<meta name=\"twitter:data1\" content=\"1 minuta\" \/>\n<script type=\"application\/ld+json\" class=\"yoast-schema-graph\">{\"@context\":\"https:\\\/\\\/schema.org\",\"@graph\":[{\"@type\":\"WebPage\",\"@id\":\"https:\\\/\\\/tene.ee\\\/cs\\\/toode\\\/platvormhaagis-cp300-r-drop\\\/\",\"url\":\"https:\\\/\\\/tene.ee\\\/cs\\\/toode\\\/platvormhaagis-cp300-r-drop\\\/\",\"name\":\"Tene.ee - Plo\u0161inov\u00fd p\u0159\u00edv\u011bs CP300-R\\\/DROP\",\"isPartOf\":{\"@id\":\"https:\\\/\\\/tene.ee\\\/cs\\\/#website\"},\"primaryImageOfPage\":{\"@id\":\"https:\\\/\\\/tene.ee\\\/cs\\\/toode\\\/platvormhaagis-cp300-r-drop\\\/#primaryimage\"},\"image\":{\"@id\":\"https:\\\/\\\/tene.ee\\\/cs\\\/toode\\\/platvormhaagis-cp300-r-drop\\\/#primaryimage\"},\"thumbnailUrl\":\"https:\\\/\\\/tene.ee\\\/wp-content\\\/uploads\\\/2024\\\/07\\\/ec0213ti.jpg\",\"datePublished\":\"2024-07-12T13:45:08+00:00\",\"dateModified\":\"2024-11-28T09:07:01+00:00\",\"description\":\"Tene.ee Plo\u0161inov\u00fd p\u0159\u00edv\u011bs CP300-R\\\/DROP\",\"breadcrumb\":{\"@id\":\"https:\\\/\\\/tene.ee\\\/cs\\\/toode\\\/platvormhaagis-cp300-r-drop\\\/#breadcrumb\"},\"inLanguage\":\"cs\",\"potentialAction\":[{\"@type\":\"ReadAction\",\"target\":[\"https:\\\/\\\/tene.ee\\\/cs\\\/toode\\\/platvormhaagis-cp300-r-drop\\\/\"]}]},{\"@type\":\"ImageObject\",\"inLanguage\":\"cs\",\"@id\":\"https:\\\/\\\/tene.ee\\\/cs\\\/toode\\\/platvormhaagis-cp300-r-drop\\\/#primaryimage\",\"url\":\"https:\\\/\\\/tene.ee\\\/wp-content\\\/uploads\\\/2024\\\/07\\\/ec0213ti.jpg\",\"contentUrl\":\"https:\\\/\\\/tene.ee\\\/wp-content\\\/uploads\\\/2024\\\/07\\\/ec0213ti.jpg\",\"width\":1920,\"height\":1440},{\"@type\":\"BreadcrumbList\",\"@id\":\"https:\\\/\\\/tene.ee\\\/cs\\\/toode\\\/platvormhaagis-cp300-r-drop\\\/#breadcrumb\",\"itemListElement\":[{\"@type\":\"ListItem\",\"position\":1,\"name\":\"Avaleht\",\"item\":\"https:\\\/\\\/tene.ee\\\/cs\\\/\"},{\"@type\":\"ListItem\",\"position\":2,\"name\":\"V\u0161echny produkty\",\"item\":\"http:\\\/\\\/tene.ee\\\/cs\\\/shop\\\/\"},{\"@type\":\"ListItem\",\"position\":3,\"name\":\"Plo\u0161inov\u00fd p\u0159\u00edv\u011bs CP300-R\\\/DROP\"}]},{\"@type\":\"WebSite\",\"@id\":\"https:\\\/\\\/tene.ee\\\/cs\\\/#website\",\"url\":\"https:\\\/\\\/tene.ee\\\/cs\\\/\",\"name\":\"Tene.ee - Kaunite hetkede jaoks sinu aias\",\"description\":\"Tene.ee - parimad puit- ja aiamajad otse tootjalt\",\"publisher\":{\"@id\":\"https:\\\/\\\/tene.ee\\\/cs\\\/#organization\"},\"alternateName\":\"Tene.ee\",\"potentialAction\":[{\"@type\":\"SearchAction\",\"target\":{\"@type\":\"EntryPoint\",\"urlTemplate\":\"https:\\\/\\\/tene.ee\\\/cs\\\/?s={search_term_string}\"},\"query-input\":{\"@type\":\"PropertyValueSpecification\",\"valueRequired\":true,\"valueName\":\"search_term_string\"}}],\"inLanguage\":\"cs\"},{\"@type\":\"Organization\",\"@id\":\"https:\\\/\\\/tene.ee\\\/cs\\\/#organization\",\"name\":\"Tene.ee\",\"url\":\"https:\\\/\\\/tene.ee\\\/cs\\\/\",\"logo\":{\"@type\":\"ImageObject\",\"inLanguage\":\"cs\",\"@id\":\"https:\\\/\\\/tene.ee\\\/cs\\\/#\\\/schema\\\/logo\\\/image\\\/\",\"url\":\"https:\\\/\\\/tene.ee\\\/wp-content\\\/uploads\\\/2024\\\/12\\\/TENE-logo-2018-2.png\",\"contentUrl\":\"https:\\\/\\\/tene.ee\\\/wp-content\\\/uploads\\\/2024\\\/12\\\/TENE-logo-2018-2.png\",\"width\":2339,\"height\":1654,\"caption\":\"Tene.ee\"},\"image\":{\"@id\":\"https:\\\/\\\/tene.ee\\\/cs\\\/#\\\/schema\\\/logo\\\/image\\\/\"},\"sameAs\":[\"https:\\\/\\\/www.facebook.com\\\/teneaiamajad\"]}]}<\/script>\n<!-- \/ Yoast SEO plugin. -->","yoast_head_json":{"title":"Tene.ee - Plo\u0161inov\u00fd p\u0159\u00edv\u011bs CP300-R\/DROP","description":"Tene.ee Plo\u0161inov\u00fd p\u0159\u00edv\u011bs CP300-R\/DROP","robots":{"index":"index","follow":"follow","max-snippet":"max-snippet:-1","max-image-preview":"max-image-preview:large","max-video-preview":"max-video-preview:-1"},"canonical":"https:\/\/tene.ee\/cs\/toode\/platvormhaagis-cp300-r-drop\/","og_locale":"cs_CZ","og_type":"article","og_title":"Tene.ee - Plo\u0161inov\u00fd p\u0159\u00edv\u011bs CP300-R\/DROP","og_description":"Tene.ee Plo\u0161inov\u00fd p\u0159\u00edv\u011bs CP300-R\/DROP","og_url":"https:\/\/tene.ee\/cs\/toode\/platvormhaagis-cp300-r-drop\/","og_site_name":"Tene.ee","article_publisher":"https:\/\/www.facebook.com\/teneaiamajad","article_modified_time":"2024-11-28T09:07:01+00:00","og_image":[{"width":1920,"height":1440,"url":"https:\/\/tene.ee\/wp-content\/uploads\/2024\/07\/ec0213ti.jpg","type":"image\/jpeg"}],"twitter_card":"summary_large_image","twitter_misc":{"Odhadovan\u00e1 doba \u010dten\u00ed":"1 minuta"},"schema":{"@context":"https:\/\/schema.org","@graph":[{"@type":"WebPage","@id":"https:\/\/tene.ee\/cs\/toode\/platvormhaagis-cp300-r-drop\/","url":"https:\/\/tene.ee\/cs\/toode\/platvormhaagis-cp300-r-drop\/","name":"Tene.ee - Plo\u0161inov\u00fd p\u0159\u00edv\u011bs CP300-R\/DROP","isPartOf":{"@id":"https:\/\/tene.ee\/cs\/#website"},"primaryImageOfPage":{"@id":"https:\/\/tene.ee\/cs\/toode\/platvormhaagis-cp300-r-drop\/#primaryimage"},"image":{"@id":"https:\/\/tene.ee\/cs\/toode\/platvormhaagis-cp300-r-drop\/#primaryimage"},"thumbnailUrl":"https:\/\/tene.ee\/wp-content\/uploads\/2024\/07\/ec0213ti.jpg","datePublished":"2024-07-12T13:45:08+00:00","dateModified":"2024-11-28T09:07:01+00:00","description":"Tene.ee Plo\u0161inov\u00fd p\u0159\u00edv\u011bs CP300-R\/DROP","breadcrumb":{"@id":"https:\/\/tene.ee\/cs\/toode\/platvormhaagis-cp300-r-drop\/#breadcrumb"},"inLanguage":"cs","potentialAction":[{"@type":"ReadAction","target":["https:\/\/tene.ee\/cs\/toode\/platvormhaagis-cp300-r-drop\/"]}]},{"@type":"ImageObject","inLanguage":"cs","@id":"https:\/\/tene.ee\/cs\/toode\/platvormhaagis-cp300-r-drop\/#primaryimage","url":"https:\/\/tene.ee\/wp-content\/uploads\/2024\/07\/ec0213ti.jpg","contentUrl":"https:\/\/tene.ee\/wp-content\/uploads\/2024\/07\/ec0213ti.jpg","width":1920,"height":1440},{"@type":"BreadcrumbList","@id":"https:\/\/tene.ee\/cs\/toode\/platvormhaagis-cp300-r-drop\/#breadcrumb","itemListElement":[{"@type":"ListItem","position":1,"name":"Avaleht","item":"https:\/\/tene.ee\/cs\/"},{"@type":"ListItem","position":2,"name":"V\u0161echny produkty","item":"http:\/\/tene.ee\/cs\/shop\/"},{"@type":"ListItem","position":3,"name":"Plo\u0161inov\u00fd p\u0159\u00edv\u011bs CP300-R\/DROP"}]},{"@type":"WebSite","@id":"https:\/\/tene.ee\/cs\/#website","url":"https:\/\/tene.ee\/cs\/","name":"Tene.ee - Kaunite hetkede jaoks sinu aias","description":"Tene.ee - parimad puit- ja aiamajad otse tootjalt","publisher":{"@id":"https:\/\/tene.ee\/cs\/#organization"},"alternateName":"Tene.ee","potentialAction":[{"@type":"SearchAction","target":{"@type":"EntryPoint","urlTemplate":"https:\/\/tene.ee\/cs\/?s={search_term_string}"},"query-input":{"@type":"PropertyValueSpecification","valueRequired":true,"valueName":"search_term_string"}}],"inLanguage":"cs"},{"@type":"Organization","@id":"https:\/\/tene.ee\/cs\/#organization","name":"Tene.ee","url":"https:\/\/tene.ee\/cs\/","logo":{"@type":"ImageObject","inLanguage":"cs","@id":"https:\/\/tene.ee\/cs\/#\/schema\/logo\/image\/","url":"https:\/\/tene.ee\/wp-content\/uploads\/2024\/12\/TENE-logo-2018-2.png","contentUrl":"https:\/\/tene.ee\/wp-content\/uploads\/2024\/12\/TENE-logo-2018-2.png","width":2339,"height":1654,"caption":"Tene.ee"},"image":{"@id":"https:\/\/tene.ee\/cs\/#\/schema\/logo\/image\/"},"sameAs":["https:\/\/www.facebook.com\/teneaiamajad"]}]}},"_links":{"self":[{"href":"https:\/\/tene.ee\/cs\/wp-json\/wp\/v2\/product\/18873","targetHints":{"allow":["GET"]}}],"collection":[{"href":"https:\/\/tene.ee\/cs\/wp-json\/wp\/v2\/product"}],"about":[{"href":"https:\/\/tene.ee\/cs\/wp-json\/wp\/v2\/types\/product"}],"wp:featuredmedia":[{"embeddable":true,"href":"https:\/\/tene.ee\/cs\/wp-json\/wp\/v2\/media\/9095"}],"wp:attachment":[{"href":"https:\/\/tene.ee\/cs\/wp-json\/wp\/v2\/media?parent=18873"}],"wp:term":[{"taxonomy":"product_brand","embeddable":true,"href":"https:\/\/tene.ee\/cs\/wp-json\/wp\/v2\/product_brand?post=18873"},{"taxonomy":"product_cat","embeddable":true,"href":"https:\/\/tene.ee\/cs\/wp-json\/wp\/v2\/product_cat?post=18873"},{"taxonomy":"product_tag","embeddable":true,"href":"https:\/\/tene.ee\/cs\/wp-json\/wp\/v2\/product_tag?post=18873"}],"curies":[{"name":"wp","href":"https:\/\/api.w.org\/{rel}","templated":true}]}}