{"id":18806,"date":"2024-07-12T16:45:08","date_gmt":"2024-07-12T13:45:08","guid":{"rendered":"https:\/\/tene.ee\/toode\/puidust-garaaz-menorca\/"},"modified":"2024-11-28T11:06:16","modified_gmt":"2024-11-28T09:06:16","slug":"puidust-garaaz-menorca","status":"publish","type":"product","link":"https:\/\/tene.ee\/cs\/toode\/puidust-garaaz-menorca\/","title":{"rendered":"D\u0159ev\u011bn\u00fd p\u0159\u00edst\u0159e\u0161ek na auto Menorca"},"content":{"rendered":"<p>P\u0159\u00edst\u0159e\u0161ky pro auta vyr\u00e1b\u011bn\u00e9 ve v\u00fdrobn\u00edm z\u00e1vod\u011b zahradn\u00edch a\u00a0d\u0159ev\u011bn\u00fdch domk\u016f spole\u010dnosti Tene jsou odoln\u00e9 proti pov\u011btrnostn\u00edm vliv\u016fm a\u00a0praktick\u00e9 pro bezpe\u010dn\u00e9 um\u00edst\u011bn\u00ed va\u0161eho auta nebo jako \u00fakryt p\u0159ed sn\u011bhem a\u00a0mrazem v\u00a0zim\u011b.<br \/>\nSada z\u00a0v\u00fdrobn\u00edho z\u00e1vodu spole\u010dnosti Tene obsahuje:<br \/>\nnosn\u00e9 sloupky vyroben\u00e9 z\u00a0pevn\u00e9ho a\u00a0stabiln\u00edho lepen\u00e9ho lamelov\u00e9ho d\u0159eva<br \/>\n18mm st\u0159e\u0161n\u00ed desky \u0159ezan\u00e9 na d\u00e9lku<br \/>\nspojovac\u00ed materi\u00e1ly<br \/>\nn\u00e1vod k\u00a0mont\u00e1\u017ei<br \/>\nCeny jsou platn\u00e9 ve skladu v\u00fdrobn\u00edho z\u00e1vodu Tene a\u00a0zahrnuj\u00ed DPH.<br \/>\nCena nezahrnuje p\u0159epravu v\u00fdrobku.<\/p>\n","protected":false},"excerpt":{"rendered":"<p>Zahrnuje sloupky vyroben\u00e9 z\u00a0lepen\u00e9ho lamelov\u00e9ho d\u0159eva, spojovac\u00ed materi\u00e1l a\u00a0n\u00e1vod k\u00a0mont\u00e1\u017ei. Cena nezahrnuje p\u0159epravu a\u00a0st\u0159e\u0161n\u00ed krytinu.<\/p>\n","protected":false},"featured_media":8927,"template":"","meta":{"_acf_changed":false},"product_brand":[],"product_cat":[497,496,495,486],"product_tag":[],"class_list":{"0":"post-18806","1":"product","2":"type-product","3":"status-publish","4":"has-post-thumbnail","6":"product_cat-drevene-garaze-se-40mm-stenami","7":"product_cat-garaze","8":"product_cat-markyzy-a-pristresky","9":"product_cat-zahradni-domky","10":"product_shipping_class-390e-cs","11":"pa_seina-paksus-40-mm-cs","13":"first","14":"instock","15":"sale","16":"purchasable","17":"product-type-simple"},"acf":[],"yoast_head":"<!-- This site is optimized with the Yoast SEO plugin v27.4 - https:\/\/yoast.com\/product\/yoast-seo-wordpress\/ -->\n<title>Tene.ee - D\u0159ev\u011bn\u00fd p\u0159\u00edst\u0159e\u0161ek na auto Menorca<\/title>\n<meta name=\"description\" content=\"Tene.ee D\u0159ev\u011bn\u00fd p\u0159\u00edst\u0159e\u0161ek na auto Menorca\" \/>\n<meta name=\"robots\" content=\"index, follow, max-snippet:-1, max-image-preview:large, max-video-preview:-1\" \/>\n<link rel=\"canonical\" href=\"https:\/\/tene.ee\/cs\/toode\/puidust-garaaz-menorca\/\" \/>\n<meta property=\"og:locale\" content=\"cs_CZ\" \/>\n<meta property=\"og:type\" content=\"article\" \/>\n<meta property=\"og:title\" content=\"Tene.ee - D\u0159ev\u011bn\u00fd p\u0159\u00edst\u0159e\u0161ek na auto Menorca\" \/>\n<meta property=\"og:description\" content=\"Tene.ee D\u0159ev\u011bn\u00fd p\u0159\u00edst\u0159e\u0161ek na auto Menorca\" \/>\n<meta property=\"og:url\" content=\"https:\/\/tene.ee\/cs\/toode\/puidust-garaaz-menorca\/\" \/>\n<meta property=\"og:site_name\" content=\"Tene.ee\" \/>\n<meta property=\"article:publisher\" content=\"https:\/\/www.facebook.com\/teneaiamajad\" \/>\n<meta property=\"article:modified_time\" content=\"2024-11-28T09:06:16+00:00\" \/>\n<meta property=\"og:image\" content=\"http:\/\/tene.ee\/wp-content\/uploads\/2024\/07\/Menorca.jpg\" \/>\n\t<meta property=\"og:image:width\" content=\"1600\" \/>\n\t<meta property=\"og:image:height\" content=\"1200\" \/>\n\t<meta property=\"og:image:type\" content=\"image\/jpeg\" \/>\n<meta name=\"twitter:card\" content=\"summary_large_image\" \/>\n<meta name=\"twitter:label1\" content=\"Odhadovan\u00e1 doba \u010dten\u00ed\" \/>\n\t<meta name=\"twitter:data1\" content=\"1 minuta\" \/>\n<script type=\"application\/ld+json\" class=\"yoast-schema-graph\">{\"@context\":\"https:\\\/\\\/schema.org\",\"@graph\":[{\"@type\":\"WebPage\",\"@id\":\"https:\\\/\\\/tene.ee\\\/cs\\\/toode\\\/puidust-garaaz-menorca\\\/\",\"url\":\"https:\\\/\\\/tene.ee\\\/cs\\\/toode\\\/puidust-garaaz-menorca\\\/\",\"name\":\"Tene.ee - D\u0159ev\u011bn\u00fd p\u0159\u00edst\u0159e\u0161ek na auto Menorca\",\"isPartOf\":{\"@id\":\"https:\\\/\\\/tene.ee\\\/cs\\\/#website\"},\"primaryImageOfPage\":{\"@id\":\"https:\\\/\\\/tene.ee\\\/cs\\\/toode\\\/puidust-garaaz-menorca\\\/#primaryimage\"},\"image\":{\"@id\":\"https:\\\/\\\/tene.ee\\\/cs\\\/toode\\\/puidust-garaaz-menorca\\\/#primaryimage\"},\"thumbnailUrl\":\"https:\\\/\\\/tene.ee\\\/wp-content\\\/uploads\\\/2024\\\/07\\\/Menorca.jpg\",\"datePublished\":\"2024-07-12T13:45:08+00:00\",\"dateModified\":\"2024-11-28T09:06:16+00:00\",\"description\":\"Tene.ee D\u0159ev\u011bn\u00fd p\u0159\u00edst\u0159e\u0161ek na auto Menorca\",\"breadcrumb\":{\"@id\":\"https:\\\/\\\/tene.ee\\\/cs\\\/toode\\\/puidust-garaaz-menorca\\\/#breadcrumb\"},\"inLanguage\":\"cs\",\"potentialAction\":[{\"@type\":\"ReadAction\",\"target\":[\"https:\\\/\\\/tene.ee\\\/cs\\\/toode\\\/puidust-garaaz-menorca\\\/\"]}]},{\"@type\":\"ImageObject\",\"inLanguage\":\"cs\",\"@id\":\"https:\\\/\\\/tene.ee\\\/cs\\\/toode\\\/puidust-garaaz-menorca\\\/#primaryimage\",\"url\":\"https:\\\/\\\/tene.ee\\\/wp-content\\\/uploads\\\/2024\\\/07\\\/Menorca.jpg\",\"contentUrl\":\"https:\\\/\\\/tene.ee\\\/wp-content\\\/uploads\\\/2024\\\/07\\\/Menorca.jpg\",\"width\":1600,\"height\":1200},{\"@type\":\"BreadcrumbList\",\"@id\":\"https:\\\/\\\/tene.ee\\\/cs\\\/toode\\\/puidust-garaaz-menorca\\\/#breadcrumb\",\"itemListElement\":[{\"@type\":\"ListItem\",\"position\":1,\"name\":\"Avaleht\",\"item\":\"https:\\\/\\\/tene.ee\\\/cs\\\/\"},{\"@type\":\"ListItem\",\"position\":2,\"name\":\"V\u0161echny produkty\",\"item\":\"http:\\\/\\\/tene.ee\\\/cs\\\/shop\\\/\"},{\"@type\":\"ListItem\",\"position\":3,\"name\":\"D\u0159ev\u011bn\u00fd p\u0159\u00edst\u0159e\u0161ek na auto Menorca\"}]},{\"@type\":\"WebSite\",\"@id\":\"https:\\\/\\\/tene.ee\\\/cs\\\/#website\",\"url\":\"https:\\\/\\\/tene.ee\\\/cs\\\/\",\"name\":\"Tene.ee - Kaunite hetkede jaoks sinu aias\",\"description\":\"Tene.ee - parimad puit- ja aiamajad otse tootjalt\",\"publisher\":{\"@id\":\"https:\\\/\\\/tene.ee\\\/cs\\\/#organization\"},\"alternateName\":\"Tene.ee\",\"potentialAction\":[{\"@type\":\"SearchAction\",\"target\":{\"@type\":\"EntryPoint\",\"urlTemplate\":\"https:\\\/\\\/tene.ee\\\/cs\\\/?s={search_term_string}\"},\"query-input\":{\"@type\":\"PropertyValueSpecification\",\"valueRequired\":true,\"valueName\":\"search_term_string\"}}],\"inLanguage\":\"cs\"},{\"@type\":\"Organization\",\"@id\":\"https:\\\/\\\/tene.ee\\\/cs\\\/#organization\",\"name\":\"Tene.ee\",\"url\":\"https:\\\/\\\/tene.ee\\\/cs\\\/\",\"logo\":{\"@type\":\"ImageObject\",\"inLanguage\":\"cs\",\"@id\":\"https:\\\/\\\/tene.ee\\\/cs\\\/#\\\/schema\\\/logo\\\/image\\\/\",\"url\":\"https:\\\/\\\/tene.ee\\\/wp-content\\\/uploads\\\/2024\\\/12\\\/TENE-logo-2018-2.png\",\"contentUrl\":\"https:\\\/\\\/tene.ee\\\/wp-content\\\/uploads\\\/2024\\\/12\\\/TENE-logo-2018-2.png\",\"width\":2339,\"height\":1654,\"caption\":\"Tene.ee\"},\"image\":{\"@id\":\"https:\\\/\\\/tene.ee\\\/cs\\\/#\\\/schema\\\/logo\\\/image\\\/\"},\"sameAs\":[\"https:\\\/\\\/www.facebook.com\\\/teneaiamajad\"]}]}<\/script>\n<!-- \/ Yoast SEO plugin. -->","yoast_head_json":{"title":"Tene.ee - D\u0159ev\u011bn\u00fd p\u0159\u00edst\u0159e\u0161ek na auto Menorca","description":"Tene.ee D\u0159ev\u011bn\u00fd p\u0159\u00edst\u0159e\u0161ek na auto Menorca","robots":{"index":"index","follow":"follow","max-snippet":"max-snippet:-1","max-image-preview":"max-image-preview:large","max-video-preview":"max-video-preview:-1"},"canonical":"https:\/\/tene.ee\/cs\/toode\/puidust-garaaz-menorca\/","og_locale":"cs_CZ","og_type":"article","og_title":"Tene.ee - D\u0159ev\u011bn\u00fd p\u0159\u00edst\u0159e\u0161ek na auto Menorca","og_description":"Tene.ee D\u0159ev\u011bn\u00fd p\u0159\u00edst\u0159e\u0161ek na auto Menorca","og_url":"https:\/\/tene.ee\/cs\/toode\/puidust-garaaz-menorca\/","og_site_name":"Tene.ee","article_publisher":"https:\/\/www.facebook.com\/teneaiamajad","article_modified_time":"2024-11-28T09:06:16+00:00","og_image":[{"width":1600,"height":1200,"url":"http:\/\/tene.ee\/wp-content\/uploads\/2024\/07\/Menorca.jpg","type":"image\/jpeg"}],"twitter_card":"summary_large_image","twitter_misc":{"Odhadovan\u00e1 doba \u010dten\u00ed":"1 minuta"},"schema":{"@context":"https:\/\/schema.org","@graph":[{"@type":"WebPage","@id":"https:\/\/tene.ee\/cs\/toode\/puidust-garaaz-menorca\/","url":"https:\/\/tene.ee\/cs\/toode\/puidust-garaaz-menorca\/","name":"Tene.ee - D\u0159ev\u011bn\u00fd p\u0159\u00edst\u0159e\u0161ek na auto Menorca","isPartOf":{"@id":"https:\/\/tene.ee\/cs\/#website"},"primaryImageOfPage":{"@id":"https:\/\/tene.ee\/cs\/toode\/puidust-garaaz-menorca\/#primaryimage"},"image":{"@id":"https:\/\/tene.ee\/cs\/toode\/puidust-garaaz-menorca\/#primaryimage"},"thumbnailUrl":"https:\/\/tene.ee\/wp-content\/uploads\/2024\/07\/Menorca.jpg","datePublished":"2024-07-12T13:45:08+00:00","dateModified":"2024-11-28T09:06:16+00:00","description":"Tene.ee D\u0159ev\u011bn\u00fd p\u0159\u00edst\u0159e\u0161ek na auto Menorca","breadcrumb":{"@id":"https:\/\/tene.ee\/cs\/toode\/puidust-garaaz-menorca\/#breadcrumb"},"inLanguage":"cs","potentialAction":[{"@type":"ReadAction","target":["https:\/\/tene.ee\/cs\/toode\/puidust-garaaz-menorca\/"]}]},{"@type":"ImageObject","inLanguage":"cs","@id":"https:\/\/tene.ee\/cs\/toode\/puidust-garaaz-menorca\/#primaryimage","url":"https:\/\/tene.ee\/wp-content\/uploads\/2024\/07\/Menorca.jpg","contentUrl":"https:\/\/tene.ee\/wp-content\/uploads\/2024\/07\/Menorca.jpg","width":1600,"height":1200},{"@type":"BreadcrumbList","@id":"https:\/\/tene.ee\/cs\/toode\/puidust-garaaz-menorca\/#breadcrumb","itemListElement":[{"@type":"ListItem","position":1,"name":"Avaleht","item":"https:\/\/tene.ee\/cs\/"},{"@type":"ListItem","position":2,"name":"V\u0161echny produkty","item":"http:\/\/tene.ee\/cs\/shop\/"},{"@type":"ListItem","position":3,"name":"D\u0159ev\u011bn\u00fd p\u0159\u00edst\u0159e\u0161ek na auto Menorca"}]},{"@type":"WebSite","@id":"https:\/\/tene.ee\/cs\/#website","url":"https:\/\/tene.ee\/cs\/","name":"Tene.ee - Kaunite hetkede jaoks sinu aias","description":"Tene.ee - parimad puit- ja aiamajad otse tootjalt","publisher":{"@id":"https:\/\/tene.ee\/cs\/#organization"},"alternateName":"Tene.ee","potentialAction":[{"@type":"SearchAction","target":{"@type":"EntryPoint","urlTemplate":"https:\/\/tene.ee\/cs\/?s={search_term_string}"},"query-input":{"@type":"PropertyValueSpecification","valueRequired":true,"valueName":"search_term_string"}}],"inLanguage":"cs"},{"@type":"Organization","@id":"https:\/\/tene.ee\/cs\/#organization","name":"Tene.ee","url":"https:\/\/tene.ee\/cs\/","logo":{"@type":"ImageObject","inLanguage":"cs","@id":"https:\/\/tene.ee\/cs\/#\/schema\/logo\/image\/","url":"https:\/\/tene.ee\/wp-content\/uploads\/2024\/12\/TENE-logo-2018-2.png","contentUrl":"https:\/\/tene.ee\/wp-content\/uploads\/2024\/12\/TENE-logo-2018-2.png","width":2339,"height":1654,"caption":"Tene.ee"},"image":{"@id":"https:\/\/tene.ee\/cs\/#\/schema\/logo\/image\/"},"sameAs":["https:\/\/www.facebook.com\/teneaiamajad"]}]}},"_links":{"self":[{"href":"https:\/\/tene.ee\/cs\/wp-json\/wp\/v2\/product\/18806","targetHints":{"allow":["GET"]}}],"collection":[{"href":"https:\/\/tene.ee\/cs\/wp-json\/wp\/v2\/product"}],"about":[{"href":"https:\/\/tene.ee\/cs\/wp-json\/wp\/v2\/types\/product"}],"wp:featuredmedia":[{"embeddable":true,"href":"https:\/\/tene.ee\/cs\/wp-json\/wp\/v2\/media\/8927"}],"wp:attachment":[{"href":"https:\/\/tene.ee\/cs\/wp-json\/wp\/v2\/media?parent=18806"}],"wp:term":[{"taxonomy":"product_brand","embeddable":true,"href":"https:\/\/tene.ee\/cs\/wp-json\/wp\/v2\/product_brand?post=18806"},{"taxonomy":"product_cat","embeddable":true,"href":"https:\/\/tene.ee\/cs\/wp-json\/wp\/v2\/product_cat?post=18806"},{"taxonomy":"product_tag","embeddable":true,"href":"https:\/\/tene.ee\/cs\/wp-json\/wp\/v2\/product_tag?post=18806"}],"curies":[{"name":"wp","href":"https:\/\/api.w.org\/{rel}","templated":true}]}}