{"id":18689,"date":"2024-07-12T16:48:57","date_gmt":"2024-07-12T13:48:57","guid":{"rendered":"https:\/\/tene.ee\/toode\/valmis-ehitatud-aiamaja-betty\/"},"modified":"2024-11-28T11:07:07","modified_gmt":"2024-11-28T09:07:07","slug":"valmis-ehitatud-aiamaja-betty","status":"publish","type":"product","link":"https:\/\/tene.ee\/cs\/toode\/valmis-ehitatud-aiamaja-betty\/","title":{"rendered":"Hotov\u00fd zahradn\u00ed domek Betty"},"content":{"rendered":"<p>Hotov\u00e9 zahradn\u00ed domky a k\u016flny TENE se stav\u00ed v interi\u00e9ru, co\u017e zaji\u0161\u0165uje lep\u0161\u00ed kvalitu hotov\u00fdch dom\u016f a pom\u00e1h\u00e1 vylou\u010dit p\u0159\u00edpadn\u00e9 nepohodln\u00e9 zdr\u017een\u00ed na stavb\u011b (nap\u0159\u00edklad \u0161patn\u00e9 pov\u011btrnostn\u00ed podm\u00ednky, ze kter\u00fdch jsou saunov\u00e9 domky vyrobeny). vyr\u00e1b\u00ed se seversk\u00e9 kvalitn\u00ed smrkov\u00e9 d\u0159evo tlou\u0161\u0165ky 28 mm Je vyrobeno ze speci\u00e1ln\u00edho such\u00e9ho (8-12%) lepen\u00e9ho Dve\u0159n\u00ed pr\u00e1h je vyroben z nerezov\u00e9ho kovu Dve\u0159e maj\u00ed d\u0159ev\u011bnou v\u00fdpl\u0148 (oboustrann\u00e9 dve\u0159e se sklem) v\u010detn\u011b kov\u00e1n\u00ed. Z\u00e1kladov\u00e9 nosn\u00edky jsou autokl\u00e1vovan\u00e9 d\u0159evo Podlaha je vyrobena z profilov\u00e9 desky tlou\u0161\u0165ky 18 mm St\u0159e\u0161n\u00ed krytina je \u010dern\u00e1 vo\u0161tinov\u00fd ruberoid Okapy a okrajov\u00e9 plechy Strop je vyroben z profilov\u00e9 desky Cena nezahrnuje: P\u0159\u00edprava z\u00e1klad\u016f Vn\u011bj\u0161\u00ed \u00faprava Ceny jsou platn\u00e9 v skladu z\u00e1vodu Tene a v\u010detn\u011b dopravy hotov\u00e9 sauny. Cena dopravy z\u00e1vis\u00ed na p\u0159esn\u00e9 adrese doru\u010den\u00ed.<\/p>\n","protected":false},"excerpt":{"rendered":"<p>Tov\u00e1rn\u011b postaven\u00fd zahradn\u00ed domek Betty je z\u00e1kazn\u00edkovi dod\u00e1v\u00e1n ji\u017e hotov\u00fd, tedy jako kompletn\u00ed \u0159e\u0161en\u00ed \u201ena kl\u00ed\u010d\u201c Zahradn\u00ed domek je mo\u017en\u00e9 dopravit v hotov\u00e9 podob\u011b kamkoli, kam lze p\u0159ijet je\u0159\u00e1bem.<\/p>\n","protected":false},"featured_media":71916,"template":"","meta":{"_acf_changed":false},"product_brand":[],"product_cat":[494,486,487],"product_tag":[],"class_list":{"0":"post-18689","1":"product","2":"type-product","3":"status-publish","4":"has-post-thumbnail","6":"product_cat-hotove-zahradni-domky","7":"product_cat-zahradni-domky","8":"product_cat-zahradni-domky-28-mm","9":"product_shipping_class-390e-cs","10":"pa_iseloomustus-1-pokoj-cs","11":"pa_iseloomustus-ctvercovy-dum","12":"pa_katuse-tuup-viilkatus-cs","13":"pa_pindala-0-10-m2-cs","14":"pa_seina-paksus-28-mm-cs","16":"first","17":"onbackorder","18":"sale","19":"purchasable","20":"product-type-simple"},"acf":[],"yoast_head":"<!-- This site is optimized with the Yoast SEO plugin v27.4 - https:\/\/yoast.com\/product\/yoast-seo-wordpress\/ -->\n<title>Tene.ee - Hotov\u00fd zahradn\u00ed domek Betty<\/title>\n<meta name=\"description\" content=\"Tene.ee Hotov\u00fd zahradn\u00ed domek Betty\" \/>\n<meta name=\"robots\" content=\"index, follow, max-snippet:-1, max-image-preview:large, max-video-preview:-1\" \/>\n<link rel=\"canonical\" href=\"https:\/\/tene.ee\/cs\/toode\/valmis-ehitatud-aiamaja-betty\/\" \/>\n<meta property=\"og:locale\" content=\"cs_CZ\" \/>\n<meta property=\"og:type\" content=\"article\" \/>\n<meta property=\"og:title\" content=\"Tene.ee - Hotov\u00fd zahradn\u00ed domek Betty\" \/>\n<meta property=\"og:description\" content=\"Tene.ee Hotov\u00fd zahradn\u00ed domek Betty\" \/>\n<meta property=\"og:url\" content=\"https:\/\/tene.ee\/cs\/toode\/valmis-ehitatud-aiamaja-betty\/\" \/>\n<meta property=\"og:site_name\" content=\"Tene.ee\" \/>\n<meta property=\"article:publisher\" content=\"https:\/\/www.facebook.com\/teneaiamajad\" \/>\n<meta property=\"article:modified_time\" content=\"2024-11-28T09:07:07+00:00\" \/>\n<meta property=\"og:image\" content=\"https:\/\/tene.ee\/wp-content\/uploads\/2024\/07\/Betty.jpg\" \/>\n\t<meta property=\"og:image:width\" content=\"2500\" \/>\n\t<meta property=\"og:image:height\" content=\"1667\" \/>\n\t<meta property=\"og:image:type\" content=\"image\/jpeg\" \/>\n<meta name=\"twitter:card\" content=\"summary_large_image\" \/>\n<meta name=\"twitter:label1\" content=\"Odhadovan\u00e1 doba \u010dten\u00ed\" \/>\n\t<meta name=\"twitter:data1\" content=\"1 minuta\" \/>\n<script type=\"application\/ld+json\" class=\"yoast-schema-graph\">{\"@context\":\"https:\\\/\\\/schema.org\",\"@graph\":[{\"@type\":\"WebPage\",\"@id\":\"https:\\\/\\\/tene.ee\\\/cs\\\/toode\\\/valmis-ehitatud-aiamaja-betty\\\/\",\"url\":\"https:\\\/\\\/tene.ee\\\/cs\\\/toode\\\/valmis-ehitatud-aiamaja-betty\\\/\",\"name\":\"Tene.ee - Hotov\u00fd zahradn\u00ed domek Betty\",\"isPartOf\":{\"@id\":\"https:\\\/\\\/tene.ee\\\/cs\\\/#website\"},\"primaryImageOfPage\":{\"@id\":\"https:\\\/\\\/tene.ee\\\/cs\\\/toode\\\/valmis-ehitatud-aiamaja-betty\\\/#primaryimage\"},\"image\":{\"@id\":\"https:\\\/\\\/tene.ee\\\/cs\\\/toode\\\/valmis-ehitatud-aiamaja-betty\\\/#primaryimage\"},\"thumbnailUrl\":\"https:\\\/\\\/tene.ee\\\/wp-content\\\/uploads\\\/2024\\\/07\\\/Betty.jpg\",\"datePublished\":\"2024-07-12T13:48:57+00:00\",\"dateModified\":\"2024-11-28T09:07:07+00:00\",\"description\":\"Tene.ee Hotov\u00fd zahradn\u00ed domek Betty\",\"breadcrumb\":{\"@id\":\"https:\\\/\\\/tene.ee\\\/cs\\\/toode\\\/valmis-ehitatud-aiamaja-betty\\\/#breadcrumb\"},\"inLanguage\":\"cs\",\"potentialAction\":[{\"@type\":\"ReadAction\",\"target\":[\"https:\\\/\\\/tene.ee\\\/cs\\\/toode\\\/valmis-ehitatud-aiamaja-betty\\\/\"]}]},{\"@type\":\"ImageObject\",\"inLanguage\":\"cs\",\"@id\":\"https:\\\/\\\/tene.ee\\\/cs\\\/toode\\\/valmis-ehitatud-aiamaja-betty\\\/#primaryimage\",\"url\":\"https:\\\/\\\/tene.ee\\\/wp-content\\\/uploads\\\/2024\\\/07\\\/Betty.jpg\",\"contentUrl\":\"https:\\\/\\\/tene.ee\\\/wp-content\\\/uploads\\\/2024\\\/07\\\/Betty.jpg\",\"width\":2500,\"height\":1667},{\"@type\":\"BreadcrumbList\",\"@id\":\"https:\\\/\\\/tene.ee\\\/cs\\\/toode\\\/valmis-ehitatud-aiamaja-betty\\\/#breadcrumb\",\"itemListElement\":[{\"@type\":\"ListItem\",\"position\":1,\"name\":\"Avaleht\",\"item\":\"https:\\\/\\\/tene.ee\\\/cs\\\/\"},{\"@type\":\"ListItem\",\"position\":2,\"name\":\"V\u0161echny produkty\",\"item\":\"http:\\\/\\\/tene.ee\\\/cs\\\/shop\\\/\"},{\"@type\":\"ListItem\",\"position\":3,\"name\":\"Hotov\u00fd zahradn\u00ed domek Betty\"}]},{\"@type\":\"WebSite\",\"@id\":\"https:\\\/\\\/tene.ee\\\/cs\\\/#website\",\"url\":\"https:\\\/\\\/tene.ee\\\/cs\\\/\",\"name\":\"Tene.ee - Kaunite hetkede jaoks sinu aias\",\"description\":\"Tene.ee - parimad puit- ja aiamajad otse tootjalt\",\"publisher\":{\"@id\":\"https:\\\/\\\/tene.ee\\\/cs\\\/#organization\"},\"alternateName\":\"Tene.ee\",\"potentialAction\":[{\"@type\":\"SearchAction\",\"target\":{\"@type\":\"EntryPoint\",\"urlTemplate\":\"https:\\\/\\\/tene.ee\\\/cs\\\/?s={search_term_string}\"},\"query-input\":{\"@type\":\"PropertyValueSpecification\",\"valueRequired\":true,\"valueName\":\"search_term_string\"}}],\"inLanguage\":\"cs\"},{\"@type\":\"Organization\",\"@id\":\"https:\\\/\\\/tene.ee\\\/cs\\\/#organization\",\"name\":\"Tene.ee\",\"url\":\"https:\\\/\\\/tene.ee\\\/cs\\\/\",\"logo\":{\"@type\":\"ImageObject\",\"inLanguage\":\"cs\",\"@id\":\"https:\\\/\\\/tene.ee\\\/cs\\\/#\\\/schema\\\/logo\\\/image\\\/\",\"url\":\"https:\\\/\\\/tene.ee\\\/wp-content\\\/uploads\\\/2024\\\/12\\\/TENE-logo-2018-2.png\",\"contentUrl\":\"https:\\\/\\\/tene.ee\\\/wp-content\\\/uploads\\\/2024\\\/12\\\/TENE-logo-2018-2.png\",\"width\":2339,\"height\":1654,\"caption\":\"Tene.ee\"},\"image\":{\"@id\":\"https:\\\/\\\/tene.ee\\\/cs\\\/#\\\/schema\\\/logo\\\/image\\\/\"},\"sameAs\":[\"https:\\\/\\\/www.facebook.com\\\/teneaiamajad\"]}]}<\/script>\n<!-- \/ Yoast SEO plugin. -->","yoast_head_json":{"title":"Tene.ee - Hotov\u00fd zahradn\u00ed domek Betty","description":"Tene.ee Hotov\u00fd zahradn\u00ed domek Betty","robots":{"index":"index","follow":"follow","max-snippet":"max-snippet:-1","max-image-preview":"max-image-preview:large","max-video-preview":"max-video-preview:-1"},"canonical":"https:\/\/tene.ee\/cs\/toode\/valmis-ehitatud-aiamaja-betty\/","og_locale":"cs_CZ","og_type":"article","og_title":"Tene.ee - Hotov\u00fd zahradn\u00ed domek Betty","og_description":"Tene.ee Hotov\u00fd zahradn\u00ed domek Betty","og_url":"https:\/\/tene.ee\/cs\/toode\/valmis-ehitatud-aiamaja-betty\/","og_site_name":"Tene.ee","article_publisher":"https:\/\/www.facebook.com\/teneaiamajad","article_modified_time":"2024-11-28T09:07:07+00:00","og_image":[{"width":2500,"height":1667,"url":"https:\/\/tene.ee\/wp-content\/uploads\/2024\/07\/Betty.jpg","type":"image\/jpeg"}],"twitter_card":"summary_large_image","twitter_misc":{"Odhadovan\u00e1 doba \u010dten\u00ed":"1 minuta"},"schema":{"@context":"https:\/\/schema.org","@graph":[{"@type":"WebPage","@id":"https:\/\/tene.ee\/cs\/toode\/valmis-ehitatud-aiamaja-betty\/","url":"https:\/\/tene.ee\/cs\/toode\/valmis-ehitatud-aiamaja-betty\/","name":"Tene.ee - Hotov\u00fd zahradn\u00ed domek Betty","isPartOf":{"@id":"https:\/\/tene.ee\/cs\/#website"},"primaryImageOfPage":{"@id":"https:\/\/tene.ee\/cs\/toode\/valmis-ehitatud-aiamaja-betty\/#primaryimage"},"image":{"@id":"https:\/\/tene.ee\/cs\/toode\/valmis-ehitatud-aiamaja-betty\/#primaryimage"},"thumbnailUrl":"https:\/\/tene.ee\/wp-content\/uploads\/2024\/07\/Betty.jpg","datePublished":"2024-07-12T13:48:57+00:00","dateModified":"2024-11-28T09:07:07+00:00","description":"Tene.ee Hotov\u00fd zahradn\u00ed domek Betty","breadcrumb":{"@id":"https:\/\/tene.ee\/cs\/toode\/valmis-ehitatud-aiamaja-betty\/#breadcrumb"},"inLanguage":"cs","potentialAction":[{"@type":"ReadAction","target":["https:\/\/tene.ee\/cs\/toode\/valmis-ehitatud-aiamaja-betty\/"]}]},{"@type":"ImageObject","inLanguage":"cs","@id":"https:\/\/tene.ee\/cs\/toode\/valmis-ehitatud-aiamaja-betty\/#primaryimage","url":"https:\/\/tene.ee\/wp-content\/uploads\/2024\/07\/Betty.jpg","contentUrl":"https:\/\/tene.ee\/wp-content\/uploads\/2024\/07\/Betty.jpg","width":2500,"height":1667},{"@type":"BreadcrumbList","@id":"https:\/\/tene.ee\/cs\/toode\/valmis-ehitatud-aiamaja-betty\/#breadcrumb","itemListElement":[{"@type":"ListItem","position":1,"name":"Avaleht","item":"https:\/\/tene.ee\/cs\/"},{"@type":"ListItem","position":2,"name":"V\u0161echny produkty","item":"http:\/\/tene.ee\/cs\/shop\/"},{"@type":"ListItem","position":3,"name":"Hotov\u00fd zahradn\u00ed domek Betty"}]},{"@type":"WebSite","@id":"https:\/\/tene.ee\/cs\/#website","url":"https:\/\/tene.ee\/cs\/","name":"Tene.ee - Kaunite hetkede jaoks sinu aias","description":"Tene.ee - parimad puit- ja aiamajad otse tootjalt","publisher":{"@id":"https:\/\/tene.ee\/cs\/#organization"},"alternateName":"Tene.ee","potentialAction":[{"@type":"SearchAction","target":{"@type":"EntryPoint","urlTemplate":"https:\/\/tene.ee\/cs\/?s={search_term_string}"},"query-input":{"@type":"PropertyValueSpecification","valueRequired":true,"valueName":"search_term_string"}}],"inLanguage":"cs"},{"@type":"Organization","@id":"https:\/\/tene.ee\/cs\/#organization","name":"Tene.ee","url":"https:\/\/tene.ee\/cs\/","logo":{"@type":"ImageObject","inLanguage":"cs","@id":"https:\/\/tene.ee\/cs\/#\/schema\/logo\/image\/","url":"https:\/\/tene.ee\/wp-content\/uploads\/2024\/12\/TENE-logo-2018-2.png","contentUrl":"https:\/\/tene.ee\/wp-content\/uploads\/2024\/12\/TENE-logo-2018-2.png","width":2339,"height":1654,"caption":"Tene.ee"},"image":{"@id":"https:\/\/tene.ee\/cs\/#\/schema\/logo\/image\/"},"sameAs":["https:\/\/www.facebook.com\/teneaiamajad"]}]}},"_links":{"self":[{"href":"https:\/\/tene.ee\/cs\/wp-json\/wp\/v2\/product\/18689","targetHints":{"allow":["GET"]}}],"collection":[{"href":"https:\/\/tene.ee\/cs\/wp-json\/wp\/v2\/product"}],"about":[{"href":"https:\/\/tene.ee\/cs\/wp-json\/wp\/v2\/types\/product"}],"wp:featuredmedia":[{"embeddable":true,"href":"https:\/\/tene.ee\/cs\/wp-json\/wp\/v2\/media\/71916"}],"wp:attachment":[{"href":"https:\/\/tene.ee\/cs\/wp-json\/wp\/v2\/media?parent=18689"}],"wp:term":[{"taxonomy":"product_brand","embeddable":true,"href":"https:\/\/tene.ee\/cs\/wp-json\/wp\/v2\/product_brand?post=18689"},{"taxonomy":"product_cat","embeddable":true,"href":"https:\/\/tene.ee\/cs\/wp-json\/wp\/v2\/product_cat?post=18689"},{"taxonomy":"product_tag","embeddable":true,"href":"https:\/\/tene.ee\/cs\/wp-json\/wp\/v2\/product_tag?post=18689"}],"curies":[{"name":"wp","href":"https:\/\/api.w.org\/{rel}","templated":true}]}}