{"id":18671,"date":"2024-07-12T17:09:14","date_gmt":"2024-07-12T14:09:14","guid":{"rendered":"https:\/\/tene.ee\/toode\/valmis-puukuur-540\/"},"modified":"2024-11-28T11:07:28","modified_gmt":"2024-11-28T09:07:28","slug":"valmis-puukuur-540","status":"publish","type":"product","link":"https:\/\/tene.ee\/cs\/toode\/valmis-puukuur-540\/","title":{"rendered":"Hotov\u00e1 k\u016flna na d\u0159evo 540"},"content":{"rendered":"<p>D\u0159ev\u011bn\u00e1 k\u016flna &#8222;540&#8220; vyroben\u00e1 uvnit\u0159 v tov\u00e1rn\u011b Tene je perfektn\u00edm \u0159e\u0161en\u00edm pro ulo\u017een\u00ed va\u0161eho zahradn\u00edho n\u00e1\u0159ad\u00ed a strom\u016f. Tato vysoce kvalitn\u00ed d\u0159ev\u011bn\u00e1 k\u016flna je vyrobena z odoln\u00e9ho d\u0159eva a je vybavena v\u0161emi pot\u0159ebn\u00fdmi funkcemi pro zaji\u0161t\u011bn\u00ed bezpe\u010dn\u00e9ho a spr\u00e1vn\u00e9ho ulo\u017een\u00ed va\u0161eho vybaven\u00ed Sada d\u0159ev\u011bn\u00e9 k\u016flny Tene 540 obsahuje: Vn\u011bj\u0161\u00ed rozm\u011bry st\u011bny 540 x 234 cm N\u00e1st\u011bnn\u00e1 deska 15&#215;88 Bo\u010dn\u00ed st\u011bna. v\u00fd\u0161ka 240 cm vp\u0159edu i vzadu 194 cm V\u00fd\u0161ka h\u0159ebene st\u0159echy 250 cm Podlahov\u00e1 plocha 12, 4m2Dve\u0159e: 1425&#215;1955, 840x1955Okna: 500\u00d7500\u00dahel st\u0159echy 12 stup\u0148\u016f Plocha st\u0159echy 17m2St\u0159e\u0161n\u00ed deska 28x120Sh3Domov\u00e1 povrchov\u00e1 \u00faprava b\u00edl\u00e1.\u00a0<\/p>\n","protected":false},"excerpt":{"rendered":"<p>D\u0159ev\u011bn\u00e1 k\u016flna &#8222;540&#8220; vyroben\u00e1 uvnit\u0159 v tov\u00e1rn\u011b Tene je perfektn\u00edm \u0159e\u0161en\u00edm pro ulo\u017een\u00ed va\u0161eho zahradn\u00edho n\u00e1\u0159ad\u00ed a strom\u016f. Tato vysoce<\/p>\n","protected":false},"featured_media":14519,"template":"","meta":{"_acf_changed":false},"product_brand":[],"product_cat":[493,486],"product_tag":[],"class_list":{"0":"post-18671","1":"product","2":"type-product","3":"status-publish","4":"has-post-thumbnail","6":"product_cat-drevniky","7":"product_cat-zahradni-domky","8":"product_shipping_class-390e-cs","10":"first","11":"instock","12":"sale","13":"purchasable","14":"product-type-simple"},"acf":[],"yoast_head":"<!-- This site is optimized with the Yoast SEO plugin v27.3 - https:\/\/yoast.com\/product\/yoast-seo-wordpress\/ -->\n<title>Tene.ee - Hotov\u00e1 k\u016flna na d\u0159evo 540<\/title>\n<meta name=\"description\" content=\"Tene.ee Hotov\u00e1 k\u016flna na d\u0159evo 540\" \/>\n<meta name=\"robots\" content=\"index, follow, max-snippet:-1, max-image-preview:large, max-video-preview:-1\" \/>\n<link rel=\"canonical\" href=\"https:\/\/tene.ee\/cs\/toode\/valmis-puukuur-540\/\" \/>\n<meta property=\"og:locale\" content=\"cs_CZ\" \/>\n<meta property=\"og:type\" content=\"article\" \/>\n<meta property=\"og:title\" content=\"Tene.ee - Hotov\u00e1 k\u016flna na d\u0159evo 540\" \/>\n<meta property=\"og:description\" content=\"Tene.ee Hotov\u00e1 k\u016flna na d\u0159evo 540\" \/>\n<meta property=\"og:url\" content=\"https:\/\/tene.ee\/cs\/toode\/valmis-puukuur-540\/\" \/>\n<meta property=\"og:site_name\" content=\"Tene.ee\" \/>\n<meta property=\"article:publisher\" content=\"https:\/\/www.facebook.com\/teneaiamajad\" \/>\n<meta property=\"article:modified_time\" content=\"2024-11-28T09:07:28+00:00\" \/>\n<meta property=\"og:image\" content=\"https:\/\/tene.ee\/wp-content\/uploads\/2024\/07\/2134-1024x768.png\" \/>\n\t<meta property=\"og:image:width\" content=\"1024\" \/>\n\t<meta property=\"og:image:height\" content=\"768\" \/>\n\t<meta property=\"og:image:type\" content=\"image\/png\" \/>\n<meta name=\"twitter:card\" content=\"summary_large_image\" \/>\n<meta name=\"twitter:label1\" content=\"Odhadovan\u00e1 doba \u010dten\u00ed\" \/>\n\t<meta name=\"twitter:data1\" content=\"1 minuta\" \/>\n<script type=\"application\/ld+json\" class=\"yoast-schema-graph\">{\"@context\":\"https:\\\/\\\/schema.org\",\"@graph\":[{\"@type\":\"WebPage\",\"@id\":\"https:\\\/\\\/tene.ee\\\/cs\\\/toode\\\/valmis-puukuur-540\\\/\",\"url\":\"https:\\\/\\\/tene.ee\\\/cs\\\/toode\\\/valmis-puukuur-540\\\/\",\"name\":\"Tene.ee - Hotov\u00e1 k\u016flna na d\u0159evo 540\",\"isPartOf\":{\"@id\":\"https:\\\/\\\/tene.ee\\\/cs\\\/#website\"},\"primaryImageOfPage\":{\"@id\":\"https:\\\/\\\/tene.ee\\\/cs\\\/toode\\\/valmis-puukuur-540\\\/#primaryimage\"},\"image\":{\"@id\":\"https:\\\/\\\/tene.ee\\\/cs\\\/toode\\\/valmis-puukuur-540\\\/#primaryimage\"},\"thumbnailUrl\":\"https:\\\/\\\/tene.ee\\\/wp-content\\\/uploads\\\/2024\\\/07\\\/2134.png\",\"datePublished\":\"2024-07-12T14:09:14+00:00\",\"dateModified\":\"2024-11-28T09:07:28+00:00\",\"description\":\"Tene.ee Hotov\u00e1 k\u016flna na d\u0159evo 540\",\"breadcrumb\":{\"@id\":\"https:\\\/\\\/tene.ee\\\/cs\\\/toode\\\/valmis-puukuur-540\\\/#breadcrumb\"},\"inLanguage\":\"cs\",\"potentialAction\":[{\"@type\":\"ReadAction\",\"target\":[\"https:\\\/\\\/tene.ee\\\/cs\\\/toode\\\/valmis-puukuur-540\\\/\"]}]},{\"@type\":\"ImageObject\",\"inLanguage\":\"cs\",\"@id\":\"https:\\\/\\\/tene.ee\\\/cs\\\/toode\\\/valmis-puukuur-540\\\/#primaryimage\",\"url\":\"https:\\\/\\\/tene.ee\\\/wp-content\\\/uploads\\\/2024\\\/07\\\/2134.png\",\"contentUrl\":\"https:\\\/\\\/tene.ee\\\/wp-content\\\/uploads\\\/2024\\\/07\\\/2134.png\",\"width\":4032,\"height\":3024},{\"@type\":\"BreadcrumbList\",\"@id\":\"https:\\\/\\\/tene.ee\\\/cs\\\/toode\\\/valmis-puukuur-540\\\/#breadcrumb\",\"itemListElement\":[{\"@type\":\"ListItem\",\"position\":1,\"name\":\"Avaleht\",\"item\":\"https:\\\/\\\/tene.ee\\\/cs\\\/\"},{\"@type\":\"ListItem\",\"position\":2,\"name\":\"V\u0161echny produkty\",\"item\":\"http:\\\/\\\/tene.ee\\\/cs\\\/shop\\\/\"},{\"@type\":\"ListItem\",\"position\":3,\"name\":\"Hotov\u00e1 k\u016flna na d\u0159evo 540\"}]},{\"@type\":\"WebSite\",\"@id\":\"https:\\\/\\\/tene.ee\\\/cs\\\/#website\",\"url\":\"https:\\\/\\\/tene.ee\\\/cs\\\/\",\"name\":\"Tene.ee - Kaunite hetkede jaoks sinu aias\",\"description\":\"Tene.ee - parimad puit- ja aiamajad otse tootjalt\",\"publisher\":{\"@id\":\"https:\\\/\\\/tene.ee\\\/cs\\\/#organization\"},\"alternateName\":\"Tene.ee\",\"potentialAction\":[{\"@type\":\"SearchAction\",\"target\":{\"@type\":\"EntryPoint\",\"urlTemplate\":\"https:\\\/\\\/tene.ee\\\/cs\\\/?s={search_term_string}\"},\"query-input\":{\"@type\":\"PropertyValueSpecification\",\"valueRequired\":true,\"valueName\":\"search_term_string\"}}],\"inLanguage\":\"cs\"},{\"@type\":\"Organization\",\"@id\":\"https:\\\/\\\/tene.ee\\\/cs\\\/#organization\",\"name\":\"Tene.ee\",\"url\":\"https:\\\/\\\/tene.ee\\\/cs\\\/\",\"logo\":{\"@type\":\"ImageObject\",\"inLanguage\":\"cs\",\"@id\":\"https:\\\/\\\/tene.ee\\\/cs\\\/#\\\/schema\\\/logo\\\/image\\\/\",\"url\":\"https:\\\/\\\/tene.ee\\\/wp-content\\\/uploads\\\/2024\\\/12\\\/TENE-logo-2018-2.png\",\"contentUrl\":\"https:\\\/\\\/tene.ee\\\/wp-content\\\/uploads\\\/2024\\\/12\\\/TENE-logo-2018-2.png\",\"width\":2339,\"height\":1654,\"caption\":\"Tene.ee\"},\"image\":{\"@id\":\"https:\\\/\\\/tene.ee\\\/cs\\\/#\\\/schema\\\/logo\\\/image\\\/\"},\"sameAs\":[\"https:\\\/\\\/www.facebook.com\\\/teneaiamajad\"]}]}<\/script>\n<!-- \/ Yoast SEO plugin. -->","yoast_head_json":{"title":"Tene.ee - Hotov\u00e1 k\u016flna na d\u0159evo 540","description":"Tene.ee Hotov\u00e1 k\u016flna na d\u0159evo 540","robots":{"index":"index","follow":"follow","max-snippet":"max-snippet:-1","max-image-preview":"max-image-preview:large","max-video-preview":"max-video-preview:-1"},"canonical":"https:\/\/tene.ee\/cs\/toode\/valmis-puukuur-540\/","og_locale":"cs_CZ","og_type":"article","og_title":"Tene.ee - Hotov\u00e1 k\u016flna na d\u0159evo 540","og_description":"Tene.ee Hotov\u00e1 k\u016flna na d\u0159evo 540","og_url":"https:\/\/tene.ee\/cs\/toode\/valmis-puukuur-540\/","og_site_name":"Tene.ee","article_publisher":"https:\/\/www.facebook.com\/teneaiamajad","article_modified_time":"2024-11-28T09:07:28+00:00","og_image":[{"width":1024,"height":768,"url":"https:\/\/tene.ee\/wp-content\/uploads\/2024\/07\/2134-1024x768.png","type":"image\/png"}],"twitter_card":"summary_large_image","twitter_misc":{"Odhadovan\u00e1 doba \u010dten\u00ed":"1 minuta"},"schema":{"@context":"https:\/\/schema.org","@graph":[{"@type":"WebPage","@id":"https:\/\/tene.ee\/cs\/toode\/valmis-puukuur-540\/","url":"https:\/\/tene.ee\/cs\/toode\/valmis-puukuur-540\/","name":"Tene.ee - Hotov\u00e1 k\u016flna na d\u0159evo 540","isPartOf":{"@id":"https:\/\/tene.ee\/cs\/#website"},"primaryImageOfPage":{"@id":"https:\/\/tene.ee\/cs\/toode\/valmis-puukuur-540\/#primaryimage"},"image":{"@id":"https:\/\/tene.ee\/cs\/toode\/valmis-puukuur-540\/#primaryimage"},"thumbnailUrl":"https:\/\/tene.ee\/wp-content\/uploads\/2024\/07\/2134.png","datePublished":"2024-07-12T14:09:14+00:00","dateModified":"2024-11-28T09:07:28+00:00","description":"Tene.ee Hotov\u00e1 k\u016flna na d\u0159evo 540","breadcrumb":{"@id":"https:\/\/tene.ee\/cs\/toode\/valmis-puukuur-540\/#breadcrumb"},"inLanguage":"cs","potentialAction":[{"@type":"ReadAction","target":["https:\/\/tene.ee\/cs\/toode\/valmis-puukuur-540\/"]}]},{"@type":"ImageObject","inLanguage":"cs","@id":"https:\/\/tene.ee\/cs\/toode\/valmis-puukuur-540\/#primaryimage","url":"https:\/\/tene.ee\/wp-content\/uploads\/2024\/07\/2134.png","contentUrl":"https:\/\/tene.ee\/wp-content\/uploads\/2024\/07\/2134.png","width":4032,"height":3024},{"@type":"BreadcrumbList","@id":"https:\/\/tene.ee\/cs\/toode\/valmis-puukuur-540\/#breadcrumb","itemListElement":[{"@type":"ListItem","position":1,"name":"Avaleht","item":"https:\/\/tene.ee\/cs\/"},{"@type":"ListItem","position":2,"name":"V\u0161echny produkty","item":"http:\/\/tene.ee\/cs\/shop\/"},{"@type":"ListItem","position":3,"name":"Hotov\u00e1 k\u016flna na d\u0159evo 540"}]},{"@type":"WebSite","@id":"https:\/\/tene.ee\/cs\/#website","url":"https:\/\/tene.ee\/cs\/","name":"Tene.ee - Kaunite hetkede jaoks sinu aias","description":"Tene.ee - parimad puit- ja aiamajad otse tootjalt","publisher":{"@id":"https:\/\/tene.ee\/cs\/#organization"},"alternateName":"Tene.ee","potentialAction":[{"@type":"SearchAction","target":{"@type":"EntryPoint","urlTemplate":"https:\/\/tene.ee\/cs\/?s={search_term_string}"},"query-input":{"@type":"PropertyValueSpecification","valueRequired":true,"valueName":"search_term_string"}}],"inLanguage":"cs"},{"@type":"Organization","@id":"https:\/\/tene.ee\/cs\/#organization","name":"Tene.ee","url":"https:\/\/tene.ee\/cs\/","logo":{"@type":"ImageObject","inLanguage":"cs","@id":"https:\/\/tene.ee\/cs\/#\/schema\/logo\/image\/","url":"https:\/\/tene.ee\/wp-content\/uploads\/2024\/12\/TENE-logo-2018-2.png","contentUrl":"https:\/\/tene.ee\/wp-content\/uploads\/2024\/12\/TENE-logo-2018-2.png","width":2339,"height":1654,"caption":"Tene.ee"},"image":{"@id":"https:\/\/tene.ee\/cs\/#\/schema\/logo\/image\/"},"sameAs":["https:\/\/www.facebook.com\/teneaiamajad"]}]}},"_links":{"self":[{"href":"https:\/\/tene.ee\/cs\/wp-json\/wp\/v2\/product\/18671","targetHints":{"allow":["GET"]}}],"collection":[{"href":"https:\/\/tene.ee\/cs\/wp-json\/wp\/v2\/product"}],"about":[{"href":"https:\/\/tene.ee\/cs\/wp-json\/wp\/v2\/types\/product"}],"wp:featuredmedia":[{"embeddable":true,"href":"https:\/\/tene.ee\/cs\/wp-json\/wp\/v2\/media\/14519"}],"wp:attachment":[{"href":"https:\/\/tene.ee\/cs\/wp-json\/wp\/v2\/media?parent=18671"}],"wp:term":[{"taxonomy":"product_brand","embeddable":true,"href":"https:\/\/tene.ee\/cs\/wp-json\/wp\/v2\/product_brand?post=18671"},{"taxonomy":"product_cat","embeddable":true,"href":"https:\/\/tene.ee\/cs\/wp-json\/wp\/v2\/product_cat?post=18671"},{"taxonomy":"product_tag","embeddable":true,"href":"https:\/\/tene.ee\/cs\/wp-json\/wp\/v2\/product_tag?post=18671"}],"curies":[{"name":"wp","href":"https:\/\/api.w.org\/{rel}","templated":true}]}}