{"id":18649,"date":"2024-07-12T17:09:14","date_gmt":"2024-07-12T14:09:14","guid":{"rendered":"https:\/\/tene.ee\/toode\/valmis-puukuur-90-b\/"},"modified":"2024-11-28T11:07:29","modified_gmt":"2024-11-28T09:07:29","slug":"valmis-puukuur-90-b","status":"publish","type":"product","link":"https:\/\/tene.ee\/cs\/toode\/valmis-puukuur-90-b\/","title":{"rendered":"Hotov\u00e1 d\u0159ev\u011bn\u00e1 k\u016flna 90 B"},"content":{"rendered":"<p>D\u0159ev\u011bn\u00e1 k\u016flna &#8222;90 B&#8220; vyroben\u00e1 uvnit\u0159 v tov\u00e1rn\u011b Tene je perfektn\u00edm \u0159e\u0161en\u00edm pro ulo\u017een\u00ed va\u0161eho zahradn\u00edho n\u00e1\u0159ad\u00ed a strom\u016f. Tento kvalitn\u00ed d\u0159evn\u00edk je vyroben z odoln\u00e9ho d\u0159eva a je vybaven v\u0161emi pot\u0159ebn\u00fdmi funkcemi pro zaji\u0161t\u011bn\u00ed bezpe\u010dn\u00e9ho a spr\u00e1vn\u00e9ho ulo\u017een\u00ed va\u0161eho vybaven\u00ed D\u0159evn\u00edk Tene set 90 B obsahuje: Vn\u011bj\u0161\u00ed rozm\u011bry: 400 x 234 cm \u0160\u00ed\u0159ka d\u0159evn\u00edku ~150 cm a. \u00falo\u017en\u00e1 \u0161\u00ed\u0159ka ~240 cm V\u00fd\u0161ka zadn\u00ed st\u011bny: 200 cm V\u00fd\u0161ka p\u0159edn\u00ed st\u011bny: 250 cmDvouk\u0159\u00eddl\u00e9 dve\u0159e 1425\u00d71955 mmDve\u0159e: 840\u00d71955 mmOkno: 500\u00d7500 mmPlocha 9,2m2P\u0159\u00edst\u0159e\u0161ek m\u00e1 venkovn\u00ed v\u011btrac\u00ed otvor s ro\u0161temSt\u0159echa: kovov\u00fd trap\u00e9zov\u00fd profil \u010dern\u00fd mat RR 32 BT Matt) P\u0159\u00edst\u0159e\u0161ek je z vn\u011bj\u0161\u00ed strany opat\u0159en b\u00edl\u00fdm mo\u0159idlem TEKNOS<\/p>\n","protected":false},"excerpt":{"rendered":"<p>Hotov\u00e1 p\u0159enosn\u00e1 k\u016flna na d\u0159evo 90 B je ide\u00e1ln\u00edm m\u00edstem pro uskladn\u011bn\u00ed palivov\u00e9ho d\u0159eva a zahradn\u00edho n\u00e1\u0159ad\u00ed!<\/p>\n","protected":false},"featured_media":14439,"template":"","meta":{"_acf_changed":false},"product_brand":[],"product_cat":[493,486],"product_tag":[],"class_list":{"0":"post-18649","1":"product","2":"type-product","3":"status-publish","4":"has-post-thumbnail","6":"product_cat-drevniky","7":"product_cat-zahradni-domky","8":"product_shipping_class-390e-cs","10":"first","11":"onbackorder","12":"sale","13":"purchasable","14":"product-type-simple"},"acf":[],"yoast_head":"<!-- This site is optimized with the Yoast SEO plugin v27.4 - https:\/\/yoast.com\/product\/yoast-seo-wordpress\/ -->\n<title>Tene.ee - Hotov\u00e1 d\u0159ev\u011bn\u00e1 k\u016flna 90 B<\/title>\n<meta name=\"description\" content=\"Tene.ee Hotov\u00e1 d\u0159ev\u011bn\u00e1 k\u016flna 90 B\" \/>\n<meta name=\"robots\" content=\"index, follow, max-snippet:-1, max-image-preview:large, max-video-preview:-1\" \/>\n<link rel=\"canonical\" href=\"https:\/\/tene.ee\/cs\/toode\/valmis-puukuur-90-b\/\" \/>\n<meta property=\"og:locale\" content=\"cs_CZ\" \/>\n<meta property=\"og:type\" content=\"article\" \/>\n<meta property=\"og:title\" content=\"Tene.ee - Hotov\u00e1 d\u0159ev\u011bn\u00e1 k\u016flna 90 B\" \/>\n<meta property=\"og:description\" content=\"Tene.ee Hotov\u00e1 d\u0159ev\u011bn\u00e1 k\u016flna 90 B\" \/>\n<meta property=\"og:url\" content=\"https:\/\/tene.ee\/cs\/toode\/valmis-puukuur-90-b\/\" \/>\n<meta property=\"og:site_name\" content=\"Tene.ee\" \/>\n<meta property=\"article:publisher\" content=\"https:\/\/www.facebook.com\/teneaiamajad\" \/>\n<meta property=\"article:modified_time\" content=\"2024-11-28T09:07:29+00:00\" \/>\n<meta property=\"og:image\" content=\"https:\/\/tene.ee\/wp-content\/uploads\/2024\/07\/IMG_3122-scaled-1.jpg\" \/>\n\t<meta property=\"og:image:width\" content=\"2560\" \/>\n\t<meta property=\"og:image:height\" content=\"1920\" \/>\n\t<meta property=\"og:image:type\" content=\"image\/jpeg\" \/>\n<meta name=\"twitter:card\" content=\"summary_large_image\" \/>\n<meta name=\"twitter:label1\" content=\"Odhadovan\u00e1 doba \u010dten\u00ed\" \/>\n\t<meta name=\"twitter:data1\" content=\"1 minuta\" \/>\n<script type=\"application\/ld+json\" class=\"yoast-schema-graph\">{\"@context\":\"https:\\\/\\\/schema.org\",\"@graph\":[{\"@type\":\"WebPage\",\"@id\":\"https:\\\/\\\/tene.ee\\\/cs\\\/toode\\\/valmis-puukuur-90-b\\\/\",\"url\":\"https:\\\/\\\/tene.ee\\\/cs\\\/toode\\\/valmis-puukuur-90-b\\\/\",\"name\":\"Tene.ee - Hotov\u00e1 d\u0159ev\u011bn\u00e1 k\u016flna 90 B\",\"isPartOf\":{\"@id\":\"https:\\\/\\\/tene.ee\\\/cs\\\/#website\"},\"primaryImageOfPage\":{\"@id\":\"https:\\\/\\\/tene.ee\\\/cs\\\/toode\\\/valmis-puukuur-90-b\\\/#primaryimage\"},\"image\":{\"@id\":\"https:\\\/\\\/tene.ee\\\/cs\\\/toode\\\/valmis-puukuur-90-b\\\/#primaryimage\"},\"thumbnailUrl\":\"https:\\\/\\\/tene.ee\\\/wp-content\\\/uploads\\\/2024\\\/07\\\/IMG_3122-scaled-1.jpg\",\"datePublished\":\"2024-07-12T14:09:14+00:00\",\"dateModified\":\"2024-11-28T09:07:29+00:00\",\"description\":\"Tene.ee Hotov\u00e1 d\u0159ev\u011bn\u00e1 k\u016flna 90 B\",\"breadcrumb\":{\"@id\":\"https:\\\/\\\/tene.ee\\\/cs\\\/toode\\\/valmis-puukuur-90-b\\\/#breadcrumb\"},\"inLanguage\":\"cs\",\"potentialAction\":[{\"@type\":\"ReadAction\",\"target\":[\"https:\\\/\\\/tene.ee\\\/cs\\\/toode\\\/valmis-puukuur-90-b\\\/\"]}]},{\"@type\":\"ImageObject\",\"inLanguage\":\"cs\",\"@id\":\"https:\\\/\\\/tene.ee\\\/cs\\\/toode\\\/valmis-puukuur-90-b\\\/#primaryimage\",\"url\":\"https:\\\/\\\/tene.ee\\\/wp-content\\\/uploads\\\/2024\\\/07\\\/IMG_3122-scaled-1.jpg\",\"contentUrl\":\"https:\\\/\\\/tene.ee\\\/wp-content\\\/uploads\\\/2024\\\/07\\\/IMG_3122-scaled-1.jpg\",\"width\":2560,\"height\":1920},{\"@type\":\"BreadcrumbList\",\"@id\":\"https:\\\/\\\/tene.ee\\\/cs\\\/toode\\\/valmis-puukuur-90-b\\\/#breadcrumb\",\"itemListElement\":[{\"@type\":\"ListItem\",\"position\":1,\"name\":\"Avaleht\",\"item\":\"https:\\\/\\\/tene.ee\\\/cs\\\/\"},{\"@type\":\"ListItem\",\"position\":2,\"name\":\"V\u0161echny produkty\",\"item\":\"http:\\\/\\\/tene.ee\\\/cs\\\/shop\\\/\"},{\"@type\":\"ListItem\",\"position\":3,\"name\":\"Hotov\u00e1 d\u0159ev\u011bn\u00e1 k\u016flna 90 B\"}]},{\"@type\":\"WebSite\",\"@id\":\"https:\\\/\\\/tene.ee\\\/cs\\\/#website\",\"url\":\"https:\\\/\\\/tene.ee\\\/cs\\\/\",\"name\":\"Tene.ee - Kaunite hetkede jaoks sinu aias\",\"description\":\"Tene.ee - parimad puit- ja aiamajad otse tootjalt\",\"publisher\":{\"@id\":\"https:\\\/\\\/tene.ee\\\/cs\\\/#organization\"},\"alternateName\":\"Tene.ee\",\"potentialAction\":[{\"@type\":\"SearchAction\",\"target\":{\"@type\":\"EntryPoint\",\"urlTemplate\":\"https:\\\/\\\/tene.ee\\\/cs\\\/?s={search_term_string}\"},\"query-input\":{\"@type\":\"PropertyValueSpecification\",\"valueRequired\":true,\"valueName\":\"search_term_string\"}}],\"inLanguage\":\"cs\"},{\"@type\":\"Organization\",\"@id\":\"https:\\\/\\\/tene.ee\\\/cs\\\/#organization\",\"name\":\"Tene.ee\",\"url\":\"https:\\\/\\\/tene.ee\\\/cs\\\/\",\"logo\":{\"@type\":\"ImageObject\",\"inLanguage\":\"cs\",\"@id\":\"https:\\\/\\\/tene.ee\\\/cs\\\/#\\\/schema\\\/logo\\\/image\\\/\",\"url\":\"https:\\\/\\\/tene.ee\\\/wp-content\\\/uploads\\\/2024\\\/12\\\/TENE-logo-2018-2.png\",\"contentUrl\":\"https:\\\/\\\/tene.ee\\\/wp-content\\\/uploads\\\/2024\\\/12\\\/TENE-logo-2018-2.png\",\"width\":2339,\"height\":1654,\"caption\":\"Tene.ee\"},\"image\":{\"@id\":\"https:\\\/\\\/tene.ee\\\/cs\\\/#\\\/schema\\\/logo\\\/image\\\/\"},\"sameAs\":[\"https:\\\/\\\/www.facebook.com\\\/teneaiamajad\"]}]}<\/script>\n<!-- \/ Yoast SEO plugin. -->","yoast_head_json":{"title":"Tene.ee - Hotov\u00e1 d\u0159ev\u011bn\u00e1 k\u016flna 90 B","description":"Tene.ee Hotov\u00e1 d\u0159ev\u011bn\u00e1 k\u016flna 90 B","robots":{"index":"index","follow":"follow","max-snippet":"max-snippet:-1","max-image-preview":"max-image-preview:large","max-video-preview":"max-video-preview:-1"},"canonical":"https:\/\/tene.ee\/cs\/toode\/valmis-puukuur-90-b\/","og_locale":"cs_CZ","og_type":"article","og_title":"Tene.ee - Hotov\u00e1 d\u0159ev\u011bn\u00e1 k\u016flna 90 B","og_description":"Tene.ee Hotov\u00e1 d\u0159ev\u011bn\u00e1 k\u016flna 90 B","og_url":"https:\/\/tene.ee\/cs\/toode\/valmis-puukuur-90-b\/","og_site_name":"Tene.ee","article_publisher":"https:\/\/www.facebook.com\/teneaiamajad","article_modified_time":"2024-11-28T09:07:29+00:00","og_image":[{"width":2560,"height":1920,"url":"https:\/\/tene.ee\/wp-content\/uploads\/2024\/07\/IMG_3122-scaled-1.jpg","type":"image\/jpeg"}],"twitter_card":"summary_large_image","twitter_misc":{"Odhadovan\u00e1 doba \u010dten\u00ed":"1 minuta"},"schema":{"@context":"https:\/\/schema.org","@graph":[{"@type":"WebPage","@id":"https:\/\/tene.ee\/cs\/toode\/valmis-puukuur-90-b\/","url":"https:\/\/tene.ee\/cs\/toode\/valmis-puukuur-90-b\/","name":"Tene.ee - Hotov\u00e1 d\u0159ev\u011bn\u00e1 k\u016flna 90 B","isPartOf":{"@id":"https:\/\/tene.ee\/cs\/#website"},"primaryImageOfPage":{"@id":"https:\/\/tene.ee\/cs\/toode\/valmis-puukuur-90-b\/#primaryimage"},"image":{"@id":"https:\/\/tene.ee\/cs\/toode\/valmis-puukuur-90-b\/#primaryimage"},"thumbnailUrl":"https:\/\/tene.ee\/wp-content\/uploads\/2024\/07\/IMG_3122-scaled-1.jpg","datePublished":"2024-07-12T14:09:14+00:00","dateModified":"2024-11-28T09:07:29+00:00","description":"Tene.ee Hotov\u00e1 d\u0159ev\u011bn\u00e1 k\u016flna 90 B","breadcrumb":{"@id":"https:\/\/tene.ee\/cs\/toode\/valmis-puukuur-90-b\/#breadcrumb"},"inLanguage":"cs","potentialAction":[{"@type":"ReadAction","target":["https:\/\/tene.ee\/cs\/toode\/valmis-puukuur-90-b\/"]}]},{"@type":"ImageObject","inLanguage":"cs","@id":"https:\/\/tene.ee\/cs\/toode\/valmis-puukuur-90-b\/#primaryimage","url":"https:\/\/tene.ee\/wp-content\/uploads\/2024\/07\/IMG_3122-scaled-1.jpg","contentUrl":"https:\/\/tene.ee\/wp-content\/uploads\/2024\/07\/IMG_3122-scaled-1.jpg","width":2560,"height":1920},{"@type":"BreadcrumbList","@id":"https:\/\/tene.ee\/cs\/toode\/valmis-puukuur-90-b\/#breadcrumb","itemListElement":[{"@type":"ListItem","position":1,"name":"Avaleht","item":"https:\/\/tene.ee\/cs\/"},{"@type":"ListItem","position":2,"name":"V\u0161echny produkty","item":"http:\/\/tene.ee\/cs\/shop\/"},{"@type":"ListItem","position":3,"name":"Hotov\u00e1 d\u0159ev\u011bn\u00e1 k\u016flna 90 B"}]},{"@type":"WebSite","@id":"https:\/\/tene.ee\/cs\/#website","url":"https:\/\/tene.ee\/cs\/","name":"Tene.ee - Kaunite hetkede jaoks sinu aias","description":"Tene.ee - parimad puit- ja aiamajad otse tootjalt","publisher":{"@id":"https:\/\/tene.ee\/cs\/#organization"},"alternateName":"Tene.ee","potentialAction":[{"@type":"SearchAction","target":{"@type":"EntryPoint","urlTemplate":"https:\/\/tene.ee\/cs\/?s={search_term_string}"},"query-input":{"@type":"PropertyValueSpecification","valueRequired":true,"valueName":"search_term_string"}}],"inLanguage":"cs"},{"@type":"Organization","@id":"https:\/\/tene.ee\/cs\/#organization","name":"Tene.ee","url":"https:\/\/tene.ee\/cs\/","logo":{"@type":"ImageObject","inLanguage":"cs","@id":"https:\/\/tene.ee\/cs\/#\/schema\/logo\/image\/","url":"https:\/\/tene.ee\/wp-content\/uploads\/2024\/12\/TENE-logo-2018-2.png","contentUrl":"https:\/\/tene.ee\/wp-content\/uploads\/2024\/12\/TENE-logo-2018-2.png","width":2339,"height":1654,"caption":"Tene.ee"},"image":{"@id":"https:\/\/tene.ee\/cs\/#\/schema\/logo\/image\/"},"sameAs":["https:\/\/www.facebook.com\/teneaiamajad"]}]}},"_links":{"self":[{"href":"https:\/\/tene.ee\/cs\/wp-json\/wp\/v2\/product\/18649","targetHints":{"allow":["GET"]}}],"collection":[{"href":"https:\/\/tene.ee\/cs\/wp-json\/wp\/v2\/product"}],"about":[{"href":"https:\/\/tene.ee\/cs\/wp-json\/wp\/v2\/types\/product"}],"wp:featuredmedia":[{"embeddable":true,"href":"https:\/\/tene.ee\/cs\/wp-json\/wp\/v2\/media\/14439"}],"wp:attachment":[{"href":"https:\/\/tene.ee\/cs\/wp-json\/wp\/v2\/media?parent=18649"}],"wp:term":[{"taxonomy":"product_brand","embeddable":true,"href":"https:\/\/tene.ee\/cs\/wp-json\/wp\/v2\/product_brand?post=18649"},{"taxonomy":"product_cat","embeddable":true,"href":"https:\/\/tene.ee\/cs\/wp-json\/wp\/v2\/product_cat?post=18649"},{"taxonomy":"product_tag","embeddable":true,"href":"https:\/\/tene.ee\/cs\/wp-json\/wp\/v2\/product_tag?post=18649"}],"curies":[{"name":"wp","href":"https:\/\/api.w.org\/{rel}","templated":true}]}}