{"id":18613,"date":"2024-07-12T17:09:14","date_gmt":"2024-07-12T14:09:14","guid":{"rendered":"https:\/\/tene.ee\/toode\/aiamaja-cabriel-28\/"},"modified":"2024-11-28T11:07:26","modified_gmt":"2024-11-28T09:07:26","slug":"aiamaja-cabriel-28","status":"publish","type":"product","link":"https:\/\/tene.ee\/cs\/toode\/aiamaja-cabriel-28\/","title":{"rendered":"Zahradn\u00ed domek Cabriel 28"},"content":{"rendered":"<p>Sada 28mm zahradn\u00edch domk\u016f, srub\u016f, p\u0159\u00edst\u0159e\u0161k\u016f, alt\u00e1n\u016f, saun, alt\u00e1n\u016f, grilovac\u00edch p\u0159\u00edst\u0159e\u0161k\u016f a d\u0159ev\u011bn\u00fdch gar\u00e1\u017e\u00ed z produkce tov\u00e1rny Tene garden and wooden house obsahuje dve\u0159e, okna (v z\u00e1vislosti na modelu nemus\u00ed sada obsahovat \u017e\u00e1dn\u00e9 , jedno nebo v\u00edce oken), podlahu, spojovac\u00ed materi\u00e1l a n\u00e1vod k mont\u00e1\u017ei, d\u00edky kter\u00e9mu je stavba zahradn\u00edho domku jednoduch\u00e1 a \u010dasov\u011b m\u00e9n\u011b n\u00e1ro\u010dn\u00e1 Sada zahradn\u00edho domku Tene s tlou\u0161\u0165kou st\u011bny 28 mm podle modelu obsahuje: 100% pou\u017eit\u00fd seversk\u00fd vysoce kvalitn\u00ed smrk. jako materi\u00e1l d\u0159eva Dvouk\u0159\u00eddl\u00e9 dve\u0159e a okna ze speci\u00e1ln\u00edho such\u00e9ho lepen\u00e9ho d\u0159eva (8%-12%) Dve\u0159e s obalem skla, v\u010detn\u011b kov\u00e1n\u00ed D\u0159ev\u011bn\u00e9 panelov\u00e9 dve\u0159e jako interi\u00e9rov\u00e9 \u200b\u200bdve\u0159e Okna s paketem skla, v\u010detn\u011b kov\u00e1n\u00ed Podlaha a strop, vyrobeno z profilu tlou\u0161\u0165ky 18 mm deska Autokl\u00e1vovan\u00e9 d\u0159ev\u011bn\u00e9 z\u00e1kladov\u00e9 nosn\u00edky Bou\u0159kov\u00e9 li\u0161ty Spojovac\u00ed materi\u00e1l (h\u0159eb\u00edky a \u0161rouby) N\u00e1vod k mont\u00e1\u017ei Ceny jsou z v\u00fdrobn\u00edho z\u00e1vodu a zahrnuj\u00ed DPH. Cena nezahrnuje dopravu produktu.<\/p>\n","protected":false},"excerpt":{"rendered":"<p>Cena zahrnuje lepen\u00e9 dve\u0159e a okna se sklem, bal\u00ed\u010dek prahu z nerezu, podlahu, impregnovan\u00e9 zakl\u00e1dac\u00ed st\u011brky, spojovac\u00ed materi\u00e1l a mont\u00e1\u017en\u00ed n\u00e1vod. Cena nezahrnuje dopravu a st\u0159e\u0161n\u00ed krytinu.<\/p>\n","protected":false},"featured_media":14343,"template":"","meta":{"_acf_changed":false},"product_brand":[],"product_cat":[519,883,486,488],"product_tag":[],"class_list":{"0":"post-18613","1":"product","2":"type-product","3":"status-publish","4":"has-post-thumbnail","6":"product_cat-nove-produkty","7":"product_cat-28-40-mm-mitme-ruumiga-aiamajad-cs","8":"product_cat-zahradni-domky","9":"product_cat-zahradni-domky-40-mm","10":"product_shipping_class-390e-cs","11":"pa_pindala-20-40-m2-cs","13":"first","14":"onbackorder","15":"sale","16":"purchasable","17":"product-type-simple"},"acf":[],"yoast_head":"<!-- This site is optimized with the Yoast SEO plugin v27.3 - https:\/\/yoast.com\/product\/yoast-seo-wordpress\/ -->\n<title>Tene.ee - Zahradn\u00ed domek Cabriel 28<\/title>\n<meta name=\"description\" content=\"Tene.ee Zahradn\u00ed domek Cabriel 28\" \/>\n<meta name=\"robots\" content=\"index, follow, max-snippet:-1, max-image-preview:large, max-video-preview:-1\" \/>\n<link rel=\"canonical\" href=\"https:\/\/tene.ee\/cs\/toode\/aiamaja-cabriel-28\/\" \/>\n<meta property=\"og:locale\" content=\"cs_CZ\" \/>\n<meta property=\"og:type\" content=\"article\" \/>\n<meta property=\"og:title\" content=\"Tene.ee - Zahradn\u00ed domek Cabriel 28\" \/>\n<meta property=\"og:description\" content=\"Tene.ee Zahradn\u00ed domek Cabriel 28\" \/>\n<meta property=\"og:url\" content=\"https:\/\/tene.ee\/cs\/toode\/aiamaja-cabriel-28\/\" \/>\n<meta property=\"og:site_name\" content=\"Tene.ee\" \/>\n<meta property=\"article:publisher\" content=\"https:\/\/www.facebook.com\/teneaiamajad\" \/>\n<meta property=\"article:modified_time\" content=\"2024-11-28T09:07:26+00:00\" \/>\n<meta property=\"og:image\" content=\"http:\/\/tene.ee\/wp-content\/uploads\/2024\/07\/Cabriel.jpg\" \/>\n\t<meta property=\"og:image:width\" content=\"1600\" \/>\n\t<meta property=\"og:image:height\" content=\"1067\" \/>\n\t<meta property=\"og:image:type\" content=\"image\/jpeg\" \/>\n<meta name=\"twitter:card\" content=\"summary_large_image\" \/>\n<meta name=\"twitter:label1\" content=\"Odhadovan\u00e1 doba \u010dten\u00ed\" \/>\n\t<meta name=\"twitter:data1\" content=\"2 minuty\" \/>\n<script type=\"application\/ld+json\" class=\"yoast-schema-graph\">{\"@context\":\"https:\\\/\\\/schema.org\",\"@graph\":[{\"@type\":\"WebPage\",\"@id\":\"https:\\\/\\\/tene.ee\\\/cs\\\/toode\\\/aiamaja-cabriel-28\\\/\",\"url\":\"https:\\\/\\\/tene.ee\\\/cs\\\/toode\\\/aiamaja-cabriel-28\\\/\",\"name\":\"Tene.ee - Zahradn\u00ed domek Cabriel 28\",\"isPartOf\":{\"@id\":\"https:\\\/\\\/tene.ee\\\/cs\\\/#website\"},\"primaryImageOfPage\":{\"@id\":\"https:\\\/\\\/tene.ee\\\/cs\\\/toode\\\/aiamaja-cabriel-28\\\/#primaryimage\"},\"image\":{\"@id\":\"https:\\\/\\\/tene.ee\\\/cs\\\/toode\\\/aiamaja-cabriel-28\\\/#primaryimage\"},\"thumbnailUrl\":\"https:\\\/\\\/tene.ee\\\/wp-content\\\/uploads\\\/2024\\\/07\\\/Cabriel.jpg\",\"datePublished\":\"2024-07-12T14:09:14+00:00\",\"dateModified\":\"2024-11-28T09:07:26+00:00\",\"description\":\"Tene.ee Zahradn\u00ed domek Cabriel 28\",\"breadcrumb\":{\"@id\":\"https:\\\/\\\/tene.ee\\\/cs\\\/toode\\\/aiamaja-cabriel-28\\\/#breadcrumb\"},\"inLanguage\":\"cs\",\"potentialAction\":[{\"@type\":\"ReadAction\",\"target\":[\"https:\\\/\\\/tene.ee\\\/cs\\\/toode\\\/aiamaja-cabriel-28\\\/\"]}]},{\"@type\":\"ImageObject\",\"inLanguage\":\"cs\",\"@id\":\"https:\\\/\\\/tene.ee\\\/cs\\\/toode\\\/aiamaja-cabriel-28\\\/#primaryimage\",\"url\":\"https:\\\/\\\/tene.ee\\\/wp-content\\\/uploads\\\/2024\\\/07\\\/Cabriel.jpg\",\"contentUrl\":\"https:\\\/\\\/tene.ee\\\/wp-content\\\/uploads\\\/2024\\\/07\\\/Cabriel.jpg\",\"width\":1600,\"height\":1067},{\"@type\":\"BreadcrumbList\",\"@id\":\"https:\\\/\\\/tene.ee\\\/cs\\\/toode\\\/aiamaja-cabriel-28\\\/#breadcrumb\",\"itemListElement\":[{\"@type\":\"ListItem\",\"position\":1,\"name\":\"Avaleht\",\"item\":\"https:\\\/\\\/tene.ee\\\/cs\\\/\"},{\"@type\":\"ListItem\",\"position\":2,\"name\":\"V\u0161echny produkty\",\"item\":\"http:\\\/\\\/tene.ee\\\/cs\\\/shop\\\/\"},{\"@type\":\"ListItem\",\"position\":3,\"name\":\"Zahradn\u00ed domek Cabriel 28\"}]},{\"@type\":\"WebSite\",\"@id\":\"https:\\\/\\\/tene.ee\\\/cs\\\/#website\",\"url\":\"https:\\\/\\\/tene.ee\\\/cs\\\/\",\"name\":\"Tene.ee - Kaunite hetkede jaoks sinu aias\",\"description\":\"Tene.ee - parimad puit- ja aiamajad otse tootjalt\",\"publisher\":{\"@id\":\"https:\\\/\\\/tene.ee\\\/cs\\\/#organization\"},\"alternateName\":\"Tene.ee\",\"potentialAction\":[{\"@type\":\"SearchAction\",\"target\":{\"@type\":\"EntryPoint\",\"urlTemplate\":\"https:\\\/\\\/tene.ee\\\/cs\\\/?s={search_term_string}\"},\"query-input\":{\"@type\":\"PropertyValueSpecification\",\"valueRequired\":true,\"valueName\":\"search_term_string\"}}],\"inLanguage\":\"cs\"},{\"@type\":\"Organization\",\"@id\":\"https:\\\/\\\/tene.ee\\\/cs\\\/#organization\",\"name\":\"Tene.ee\",\"url\":\"https:\\\/\\\/tene.ee\\\/cs\\\/\",\"logo\":{\"@type\":\"ImageObject\",\"inLanguage\":\"cs\",\"@id\":\"https:\\\/\\\/tene.ee\\\/cs\\\/#\\\/schema\\\/logo\\\/image\\\/\",\"url\":\"https:\\\/\\\/tene.ee\\\/wp-content\\\/uploads\\\/2024\\\/12\\\/TENE-logo-2018-2.png\",\"contentUrl\":\"https:\\\/\\\/tene.ee\\\/wp-content\\\/uploads\\\/2024\\\/12\\\/TENE-logo-2018-2.png\",\"width\":2339,\"height\":1654,\"caption\":\"Tene.ee\"},\"image\":{\"@id\":\"https:\\\/\\\/tene.ee\\\/cs\\\/#\\\/schema\\\/logo\\\/image\\\/\"},\"sameAs\":[\"https:\\\/\\\/www.facebook.com\\\/teneaiamajad\"]}]}<\/script>\n<!-- \/ Yoast SEO plugin. -->","yoast_head_json":{"title":"Tene.ee - Zahradn\u00ed domek Cabriel 28","description":"Tene.ee Zahradn\u00ed domek Cabriel 28","robots":{"index":"index","follow":"follow","max-snippet":"max-snippet:-1","max-image-preview":"max-image-preview:large","max-video-preview":"max-video-preview:-1"},"canonical":"https:\/\/tene.ee\/cs\/toode\/aiamaja-cabriel-28\/","og_locale":"cs_CZ","og_type":"article","og_title":"Tene.ee - Zahradn\u00ed domek Cabriel 28","og_description":"Tene.ee Zahradn\u00ed domek Cabriel 28","og_url":"https:\/\/tene.ee\/cs\/toode\/aiamaja-cabriel-28\/","og_site_name":"Tene.ee","article_publisher":"https:\/\/www.facebook.com\/teneaiamajad","article_modified_time":"2024-11-28T09:07:26+00:00","og_image":[{"width":1600,"height":1067,"url":"http:\/\/tene.ee\/wp-content\/uploads\/2024\/07\/Cabriel.jpg","type":"image\/jpeg"}],"twitter_card":"summary_large_image","twitter_misc":{"Odhadovan\u00e1 doba \u010dten\u00ed":"2 minuty"},"schema":{"@context":"https:\/\/schema.org","@graph":[{"@type":"WebPage","@id":"https:\/\/tene.ee\/cs\/toode\/aiamaja-cabriel-28\/","url":"https:\/\/tene.ee\/cs\/toode\/aiamaja-cabriel-28\/","name":"Tene.ee - Zahradn\u00ed domek Cabriel 28","isPartOf":{"@id":"https:\/\/tene.ee\/cs\/#website"},"primaryImageOfPage":{"@id":"https:\/\/tene.ee\/cs\/toode\/aiamaja-cabriel-28\/#primaryimage"},"image":{"@id":"https:\/\/tene.ee\/cs\/toode\/aiamaja-cabriel-28\/#primaryimage"},"thumbnailUrl":"https:\/\/tene.ee\/wp-content\/uploads\/2024\/07\/Cabriel.jpg","datePublished":"2024-07-12T14:09:14+00:00","dateModified":"2024-11-28T09:07:26+00:00","description":"Tene.ee Zahradn\u00ed domek Cabriel 28","breadcrumb":{"@id":"https:\/\/tene.ee\/cs\/toode\/aiamaja-cabriel-28\/#breadcrumb"},"inLanguage":"cs","potentialAction":[{"@type":"ReadAction","target":["https:\/\/tene.ee\/cs\/toode\/aiamaja-cabriel-28\/"]}]},{"@type":"ImageObject","inLanguage":"cs","@id":"https:\/\/tene.ee\/cs\/toode\/aiamaja-cabriel-28\/#primaryimage","url":"https:\/\/tene.ee\/wp-content\/uploads\/2024\/07\/Cabriel.jpg","contentUrl":"https:\/\/tene.ee\/wp-content\/uploads\/2024\/07\/Cabriel.jpg","width":1600,"height":1067},{"@type":"BreadcrumbList","@id":"https:\/\/tene.ee\/cs\/toode\/aiamaja-cabriel-28\/#breadcrumb","itemListElement":[{"@type":"ListItem","position":1,"name":"Avaleht","item":"https:\/\/tene.ee\/cs\/"},{"@type":"ListItem","position":2,"name":"V\u0161echny produkty","item":"http:\/\/tene.ee\/cs\/shop\/"},{"@type":"ListItem","position":3,"name":"Zahradn\u00ed domek Cabriel 28"}]},{"@type":"WebSite","@id":"https:\/\/tene.ee\/cs\/#website","url":"https:\/\/tene.ee\/cs\/","name":"Tene.ee - Kaunite hetkede jaoks sinu aias","description":"Tene.ee - parimad puit- ja aiamajad otse tootjalt","publisher":{"@id":"https:\/\/tene.ee\/cs\/#organization"},"alternateName":"Tene.ee","potentialAction":[{"@type":"SearchAction","target":{"@type":"EntryPoint","urlTemplate":"https:\/\/tene.ee\/cs\/?s={search_term_string}"},"query-input":{"@type":"PropertyValueSpecification","valueRequired":true,"valueName":"search_term_string"}}],"inLanguage":"cs"},{"@type":"Organization","@id":"https:\/\/tene.ee\/cs\/#organization","name":"Tene.ee","url":"https:\/\/tene.ee\/cs\/","logo":{"@type":"ImageObject","inLanguage":"cs","@id":"https:\/\/tene.ee\/cs\/#\/schema\/logo\/image\/","url":"https:\/\/tene.ee\/wp-content\/uploads\/2024\/12\/TENE-logo-2018-2.png","contentUrl":"https:\/\/tene.ee\/wp-content\/uploads\/2024\/12\/TENE-logo-2018-2.png","width":2339,"height":1654,"caption":"Tene.ee"},"image":{"@id":"https:\/\/tene.ee\/cs\/#\/schema\/logo\/image\/"},"sameAs":["https:\/\/www.facebook.com\/teneaiamajad"]}]}},"_links":{"self":[{"href":"https:\/\/tene.ee\/cs\/wp-json\/wp\/v2\/product\/18613","targetHints":{"allow":["GET"]}}],"collection":[{"href":"https:\/\/tene.ee\/cs\/wp-json\/wp\/v2\/product"}],"about":[{"href":"https:\/\/tene.ee\/cs\/wp-json\/wp\/v2\/types\/product"}],"wp:featuredmedia":[{"embeddable":true,"href":"https:\/\/tene.ee\/cs\/wp-json\/wp\/v2\/media\/14343"}],"wp:attachment":[{"href":"https:\/\/tene.ee\/cs\/wp-json\/wp\/v2\/media?parent=18613"}],"wp:term":[{"taxonomy":"product_brand","embeddable":true,"href":"https:\/\/tene.ee\/cs\/wp-json\/wp\/v2\/product_brand?post=18613"},{"taxonomy":"product_cat","embeddable":true,"href":"https:\/\/tene.ee\/cs\/wp-json\/wp\/v2\/product_cat?post=18613"},{"taxonomy":"product_tag","embeddable":true,"href":"https:\/\/tene.ee\/cs\/wp-json\/wp\/v2\/product_tag?post=18613"}],"curies":[{"name":"wp","href":"https:\/\/api.w.org\/{rel}","templated":true}]}}