{"id":18572,"date":"2024-07-12T17:13:18","date_gmt":"2024-07-12T14:13:18","guid":{"rendered":"https:\/\/tene.ee\/toode\/valmis-kamping-morgan-4-kohaline\/"},"modified":"2024-11-04T10:58:42","modified_gmt":"2024-11-04T08:58:42","slug":"valmis-kamping-morgan-4-kohaline","status":"publish","type":"product","link":"https:\/\/tene.ee\/cs\/toode\/valmis-kamping-morgan-4-kohaline\/","title":{"rendered":"Dokon\u00c3\u201e\u00c2\u008den\u00c3\u0192\u00c2\u00bd kemp Morgan 4-l\u00c3\u2026\u00c2\u00af\u00c3\u2026\u00c2\u00bekov\u00c3\u0192\u00c2\u00bd"},"content":{"rendered":"<p>Ru\u00c3\u201e\u00c2\u008dn\u00c3\u201e\u00e2\u20ac\u00ba vyroben\u00c3\u0192\u00c2\u00a1, zateplen\u00c3\u0192\u00c2\u00a1 chata z p\u00c3\u2026\u00e2\u201e\u00a2\u00c3\u0192\u00c2\u00adrodn\u00c3\u0192\u00c2\u00adho d\u00c3\u2026\u00e2\u201e\u00a2eva.<br \/>\nVhodn\u00c3\u0192\u00c2\u00a1 pro celou rodinu a pro celoro\u00c3\u201e\u00c2\u008dn\u00c3\u0192\u00c2\u00ad pou\u00c3\u2026\u00c2\u00beit\u00c3\u0192\u00c2\u00ad. Chaty najdete v zasn\u00c3\u201e\u00e2\u20ac\u00ba\u00c3\u2026\u00c2\u00been\u00c3\u0192\u00c2\u00bdch hor\u00c3\u0192\u00c2\u00a1ch Laponska, na pl\u00c3\u0192\u00c2\u00a1\u00c3\u2026\u00c2\u00be\u00c3\u0192\u00c2\u00adch \u00c3\u2026\u00c2\u00a0pan\u00c3\u201e\u00e2\u20ac\u00balska nebo mezi vrcholky Alp.<br \/>\nRekrea\u00c3\u201e\u00c2\u008dn\u00c3\u0192\u00c2\u00ad chata ve tvaru oblouku obsahuje v\u00c3\u2026\u00c2\u00a1e, co vid\u00c3\u0192\u00c2\u00adte na obr\u00c3\u0192\u00c2\u00a1zc\u00c3\u0192\u00c2\u00adch. Chata m\u00c3\u0192\u00c2\u00a1 palandu 1900\u00c3\u0192\u00e2\u20ac\u201d800 (pro 2 osoby) a \u00c3\u2026\u00c2\u00a1irok\u00c3\u0192\u00c2\u00a9 l\u00c3\u2026\u00c2\u00af\u00c3\u2026\u00c2\u00beko 1900\u00c3\u0192\u00e2\u20ac\u201d1400 s matracemi, dv\u00c3\u201e\u00e2\u20ac\u00ba hrazdy a skl\u00c3\u0192\u00c2\u00a1dac\u00c3\u0192\u00c2\u00ad stolek, LED osv\u00c3\u201e\u00e2\u20ac\u00batlen\u00c3\u0192\u00c2\u00ad, n\u00c3\u201e\u00e2\u20ac\u00bakolik z\u00c3\u0192\u00c2\u00a1suvek a elektrick\u00c3\u0192\u00c2\u00a9 topen\u00c3\u0192\u00c2\u00ad o v\u00c3\u0192\u00c2\u00bdkonu 500 W. V chat\u00c3\u201e\u00e2\u20ac\u00ba je tak\u00c3\u0192\u00c2\u00a9 k dispozici kuchy\u00c3\u2026\u00cb\u2020sk\u00c3\u0192\u00c2\u00bd kout s v\u00c3\u0192\u00c2\u00bdhledem na mo\u00c3\u2026\u00e2\u201e\u00a2e. Dome\u00c3\u201e\u00c2\u008dek je pln\u00c3\u201e\u00e2\u20ac\u00ba izolovan\u00c3\u0192\u00c2\u00bd PUR p\u00c3\u201e\u00e2\u20ac\u00banou a je vhodn\u00c3\u0192\u00c2\u00bd pro \u00c3\u201e\u00c2\u008dty\u00c3\u2026\u00e2\u201e\u00a2i osoby.<br \/>\nPovrchov\u00c3\u0192\u00c2\u00a1 \u00c3\u0192\u00c2\u00baprava je provedena oleji na d\u00c3\u2026\u00e2\u201e\u00a2evo \u00c3\u2026\u00e2\u201e\u00a2ady Teknos Woodex. Doporu\u00c3\u201e\u00c2\u008dujeme instalovat 10-15 cm nad zem\u00c3\u0192\u00c2\u00ad, nap\u00c3\u2026\u00e2\u201e\u00a2\u00c3\u0192\u00c2\u00adklad na \u00c3\u2026\u00c2\u00a1palek ze 6 kus\u00c3\u2026\u00c2\u00af fibo.<br \/>\nDome\u00c3\u201e\u00c2\u008dek se z\u00c3\u0192\u00c2\u00a1kazn\u00c3\u0192\u00c2\u00adkovi dod\u00c3\u0192\u00c2\u00a1v\u00c3\u0192\u00c2\u00a1 v hotov\u00c3\u0192\u00c2\u00a9m stavu.<\/p>\n","protected":false},"excerpt":{"rendered":"<p>Ru\u00c3\u201e\u00c2\u008dn\u00c3\u201e\u00e2\u20ac\u00ba vyroben\u00c3\u0192\u00c2\u00a1, zateplen\u00c3\u0192\u00c2\u00a1 chata z p\u00c3\u2026\u00e2\u201e\u00a2\u00c3\u0192\u00c2\u00adrodn\u00c3\u0192\u00c2\u00adho d\u00c3\u2026\u00e2\u201e\u00a2eva. Vhodn\u00c3\u0192\u00c2\u00a1 pro celou rodinu a pro celoro\u00c3\u201e\u00c2\u008dn\u00c3\u0192\u00c2\u00ad pou\u00c3\u2026\u00c2\u00beit\u00c3\u0192\u00c2\u00ad. Chaty najdete v zasn\u00c3\u201e\u00e2\u20ac\u00ba\u00c3\u2026\u00c2\u00been\u00c3\u0192\u00c2\u00bdch hor\u00c3\u0192\u00c2\u00a1ch<\/p>\n","protected":false},"featured_media":14759,"template":"","meta":{"_acf_changed":false},"product_brand":[],"product_cat":[494,486],"product_tag":[],"class_list":{"0":"post-18572","1":"product","2":"type-product","3":"status-publish","4":"has-post-thumbnail","6":"product_cat-hotove-zahradni-domky","7":"product_cat-zahradni-domky","8":"product_shipping_class-390e-cs","10":"first","11":"onbackorder","12":"sale","13":"purchasable","14":"product-type-simple"},"acf":[],"yoast_head":"<!-- This site is optimized with the Yoast SEO plugin v27.4 - https:\/\/yoast.com\/product\/yoast-seo-wordpress\/ -->\n<title>Tene.ee - Dokon\u00c3\u201e\u00c2\u008den\u00c3\u0192\u00c2\u00bd kemp Morgan 4-l\u00c3\u2026\u00c2\u00af\u00c3\u2026\u00c2\u00bekov\u00c3\u0192\u00c2\u00bd<\/title>\n<meta name=\"description\" content=\"Tene.ee Dokon\u00c3\u201e\u00c2\u008den\u00c3\u0192\u00c2\u00bd kemp Morgan 4-l\u00c3\u2026\u00c2\u00af\u00c3\u2026\u00c2\u00bekov\u00c3\u0192\u00c2\u00bd\" \/>\n<meta name=\"robots\" content=\"index, follow, max-snippet:-1, max-image-preview:large, max-video-preview:-1\" \/>\n<link rel=\"canonical\" href=\"https:\/\/tene.ee\/cs\/toode\/valmis-kamping-morgan-4-kohaline\/\" \/>\n<meta property=\"og:locale\" content=\"cs_CZ\" \/>\n<meta property=\"og:type\" content=\"article\" \/>\n<meta property=\"og:title\" content=\"Tene.ee - Dokon\u00c3\u201e\u00c2\u008den\u00c3\u0192\u00c2\u00bd kemp Morgan 4-l\u00c3\u2026\u00c2\u00af\u00c3\u2026\u00c2\u00bekov\u00c3\u0192\u00c2\u00bd\" \/>\n<meta property=\"og:description\" content=\"Tene.ee Dokon\u00c3\u201e\u00c2\u008den\u00c3\u0192\u00c2\u00bd kemp Morgan 4-l\u00c3\u2026\u00c2\u00af\u00c3\u2026\u00c2\u00bekov\u00c3\u0192\u00c2\u00bd\" \/>\n<meta property=\"og:url\" content=\"https:\/\/tene.ee\/cs\/toode\/valmis-kamping-morgan-4-kohaline\/\" \/>\n<meta property=\"og:site_name\" content=\"Tene.ee\" \/>\n<meta property=\"article:publisher\" content=\"https:\/\/www.facebook.com\/teneaiamajad\" \/>\n<meta property=\"article:modified_time\" content=\"2024-11-04T08:58:42+00:00\" \/>\n<meta property=\"og:image\" content=\"http:\/\/tene.ee\/wp-content\/uploads\/2024\/07\/IMG_0533-scaled-1.jpg\" \/>\n\t<meta property=\"og:image:width\" content=\"2560\" \/>\n\t<meta property=\"og:image:height\" content=\"1920\" \/>\n\t<meta property=\"og:image:type\" content=\"image\/jpeg\" \/>\n<meta name=\"twitter:card\" content=\"summary_large_image\" \/>\n<meta name=\"twitter:label1\" content=\"Odhadovan\u00e1 doba \u010dten\u00ed\" \/>\n\t<meta name=\"twitter:data1\" content=\"1 minuta\" \/>\n<script type=\"application\/ld+json\" class=\"yoast-schema-graph\">{\"@context\":\"https:\\\/\\\/schema.org\",\"@graph\":[{\"@type\":\"WebPage\",\"@id\":\"https:\\\/\\\/tene.ee\\\/cs\\\/toode\\\/valmis-kamping-morgan-4-kohaline\\\/\",\"url\":\"https:\\\/\\\/tene.ee\\\/cs\\\/toode\\\/valmis-kamping-morgan-4-kohaline\\\/\",\"name\":\"Tene.ee - Dokon\u00c3\u201e\u00c2\u008den\u00c3\u0192\u00c2\u00bd kemp Morgan 4-l\u00c3\u2026\u00c2\u00af\u00c3\u2026\u00c2\u00bekov\u00c3\u0192\u00c2\u00bd\",\"isPartOf\":{\"@id\":\"https:\\\/\\\/tene.ee\\\/cs\\\/#website\"},\"primaryImageOfPage\":{\"@id\":\"https:\\\/\\\/tene.ee\\\/cs\\\/toode\\\/valmis-kamping-morgan-4-kohaline\\\/#primaryimage\"},\"image\":{\"@id\":\"https:\\\/\\\/tene.ee\\\/cs\\\/toode\\\/valmis-kamping-morgan-4-kohaline\\\/#primaryimage\"},\"thumbnailUrl\":\"https:\\\/\\\/tene.ee\\\/wp-content\\\/uploads\\\/2024\\\/07\\\/IMG_0533-scaled-1.jpg\",\"datePublished\":\"2024-07-12T14:13:18+00:00\",\"dateModified\":\"2024-11-04T08:58:42+00:00\",\"description\":\"Tene.ee Dokon\u00c3\u201e\u00c2\u008den\u00c3\u0192\u00c2\u00bd kemp Morgan 4-l\u00c3\u2026\u00c2\u00af\u00c3\u2026\u00c2\u00bekov\u00c3\u0192\u00c2\u00bd\",\"breadcrumb\":{\"@id\":\"https:\\\/\\\/tene.ee\\\/cs\\\/toode\\\/valmis-kamping-morgan-4-kohaline\\\/#breadcrumb\"},\"inLanguage\":\"cs\",\"potentialAction\":[{\"@type\":\"ReadAction\",\"target\":[\"https:\\\/\\\/tene.ee\\\/cs\\\/toode\\\/valmis-kamping-morgan-4-kohaline\\\/\"]}]},{\"@type\":\"ImageObject\",\"inLanguage\":\"cs\",\"@id\":\"https:\\\/\\\/tene.ee\\\/cs\\\/toode\\\/valmis-kamping-morgan-4-kohaline\\\/#primaryimage\",\"url\":\"https:\\\/\\\/tene.ee\\\/wp-content\\\/uploads\\\/2024\\\/07\\\/IMG_0533-scaled-1.jpg\",\"contentUrl\":\"https:\\\/\\\/tene.ee\\\/wp-content\\\/uploads\\\/2024\\\/07\\\/IMG_0533-scaled-1.jpg\",\"width\":2560,\"height\":1920},{\"@type\":\"BreadcrumbList\",\"@id\":\"https:\\\/\\\/tene.ee\\\/cs\\\/toode\\\/valmis-kamping-morgan-4-kohaline\\\/#breadcrumb\",\"itemListElement\":[{\"@type\":\"ListItem\",\"position\":1,\"name\":\"Avaleht\",\"item\":\"https:\\\/\\\/tene.ee\\\/cs\\\/\"},{\"@type\":\"ListItem\",\"position\":2,\"name\":\"V\u0161echny produkty\",\"item\":\"http:\\\/\\\/tene.ee\\\/cs\\\/shop\\\/\"},{\"@type\":\"ListItem\",\"position\":3,\"name\":\"Dokon\u00c3\u201e\u00c2\u008den\u00c3\u0192\u00c2\u00bd kemp Morgan 4-l\u00c3\u2026\u00c2\u00af\u00c3\u2026\u00c2\u00bekov\u00c3\u0192\u00c2\u00bd\"}]},{\"@type\":\"WebSite\",\"@id\":\"https:\\\/\\\/tene.ee\\\/cs\\\/#website\",\"url\":\"https:\\\/\\\/tene.ee\\\/cs\\\/\",\"name\":\"Tene.ee - Kaunite hetkede jaoks sinu aias\",\"description\":\"Tene.ee - parimad puit- ja aiamajad otse tootjalt\",\"publisher\":{\"@id\":\"https:\\\/\\\/tene.ee\\\/cs\\\/#organization\"},\"alternateName\":\"Tene.ee\",\"potentialAction\":[{\"@type\":\"SearchAction\",\"target\":{\"@type\":\"EntryPoint\",\"urlTemplate\":\"https:\\\/\\\/tene.ee\\\/cs\\\/?s={search_term_string}\"},\"query-input\":{\"@type\":\"PropertyValueSpecification\",\"valueRequired\":true,\"valueName\":\"search_term_string\"}}],\"inLanguage\":\"cs\"},{\"@type\":\"Organization\",\"@id\":\"https:\\\/\\\/tene.ee\\\/cs\\\/#organization\",\"name\":\"Tene.ee\",\"url\":\"https:\\\/\\\/tene.ee\\\/cs\\\/\",\"logo\":{\"@type\":\"ImageObject\",\"inLanguage\":\"cs\",\"@id\":\"https:\\\/\\\/tene.ee\\\/cs\\\/#\\\/schema\\\/logo\\\/image\\\/\",\"url\":\"https:\\\/\\\/tene.ee\\\/wp-content\\\/uploads\\\/2024\\\/12\\\/TENE-logo-2018-2.png\",\"contentUrl\":\"https:\\\/\\\/tene.ee\\\/wp-content\\\/uploads\\\/2024\\\/12\\\/TENE-logo-2018-2.png\",\"width\":2339,\"height\":1654,\"caption\":\"Tene.ee\"},\"image\":{\"@id\":\"https:\\\/\\\/tene.ee\\\/cs\\\/#\\\/schema\\\/logo\\\/image\\\/\"},\"sameAs\":[\"https:\\\/\\\/www.facebook.com\\\/teneaiamajad\"]}]}<\/script>\n<!-- \/ Yoast SEO plugin. -->","yoast_head_json":{"title":"Tene.ee - Dokon\u00c3\u201e\u00c2\u008den\u00c3\u0192\u00c2\u00bd kemp Morgan 4-l\u00c3\u2026\u00c2\u00af\u00c3\u2026\u00c2\u00bekov\u00c3\u0192\u00c2\u00bd","description":"Tene.ee Dokon\u00c3\u201e\u00c2\u008den\u00c3\u0192\u00c2\u00bd kemp Morgan 4-l\u00c3\u2026\u00c2\u00af\u00c3\u2026\u00c2\u00bekov\u00c3\u0192\u00c2\u00bd","robots":{"index":"index","follow":"follow","max-snippet":"max-snippet:-1","max-image-preview":"max-image-preview:large","max-video-preview":"max-video-preview:-1"},"canonical":"https:\/\/tene.ee\/cs\/toode\/valmis-kamping-morgan-4-kohaline\/","og_locale":"cs_CZ","og_type":"article","og_title":"Tene.ee - Dokon\u00c3\u201e\u00c2\u008den\u00c3\u0192\u00c2\u00bd kemp Morgan 4-l\u00c3\u2026\u00c2\u00af\u00c3\u2026\u00c2\u00bekov\u00c3\u0192\u00c2\u00bd","og_description":"Tene.ee Dokon\u00c3\u201e\u00c2\u008den\u00c3\u0192\u00c2\u00bd kemp Morgan 4-l\u00c3\u2026\u00c2\u00af\u00c3\u2026\u00c2\u00bekov\u00c3\u0192\u00c2\u00bd","og_url":"https:\/\/tene.ee\/cs\/toode\/valmis-kamping-morgan-4-kohaline\/","og_site_name":"Tene.ee","article_publisher":"https:\/\/www.facebook.com\/teneaiamajad","article_modified_time":"2024-11-04T08:58:42+00:00","og_image":[{"width":2560,"height":1920,"url":"http:\/\/tene.ee\/wp-content\/uploads\/2024\/07\/IMG_0533-scaled-1.jpg","type":"image\/jpeg"}],"twitter_card":"summary_large_image","twitter_misc":{"Odhadovan\u00e1 doba \u010dten\u00ed":"1 minuta"},"schema":{"@context":"https:\/\/schema.org","@graph":[{"@type":"WebPage","@id":"https:\/\/tene.ee\/cs\/toode\/valmis-kamping-morgan-4-kohaline\/","url":"https:\/\/tene.ee\/cs\/toode\/valmis-kamping-morgan-4-kohaline\/","name":"Tene.ee - Dokon\u00c3\u201e\u00c2\u008den\u00c3\u0192\u00c2\u00bd kemp Morgan 4-l\u00c3\u2026\u00c2\u00af\u00c3\u2026\u00c2\u00bekov\u00c3\u0192\u00c2\u00bd","isPartOf":{"@id":"https:\/\/tene.ee\/cs\/#website"},"primaryImageOfPage":{"@id":"https:\/\/tene.ee\/cs\/toode\/valmis-kamping-morgan-4-kohaline\/#primaryimage"},"image":{"@id":"https:\/\/tene.ee\/cs\/toode\/valmis-kamping-morgan-4-kohaline\/#primaryimage"},"thumbnailUrl":"https:\/\/tene.ee\/wp-content\/uploads\/2024\/07\/IMG_0533-scaled-1.jpg","datePublished":"2024-07-12T14:13:18+00:00","dateModified":"2024-11-04T08:58:42+00:00","description":"Tene.ee Dokon\u00c3\u201e\u00c2\u008den\u00c3\u0192\u00c2\u00bd kemp Morgan 4-l\u00c3\u2026\u00c2\u00af\u00c3\u2026\u00c2\u00bekov\u00c3\u0192\u00c2\u00bd","breadcrumb":{"@id":"https:\/\/tene.ee\/cs\/toode\/valmis-kamping-morgan-4-kohaline\/#breadcrumb"},"inLanguage":"cs","potentialAction":[{"@type":"ReadAction","target":["https:\/\/tene.ee\/cs\/toode\/valmis-kamping-morgan-4-kohaline\/"]}]},{"@type":"ImageObject","inLanguage":"cs","@id":"https:\/\/tene.ee\/cs\/toode\/valmis-kamping-morgan-4-kohaline\/#primaryimage","url":"https:\/\/tene.ee\/wp-content\/uploads\/2024\/07\/IMG_0533-scaled-1.jpg","contentUrl":"https:\/\/tene.ee\/wp-content\/uploads\/2024\/07\/IMG_0533-scaled-1.jpg","width":2560,"height":1920},{"@type":"BreadcrumbList","@id":"https:\/\/tene.ee\/cs\/toode\/valmis-kamping-morgan-4-kohaline\/#breadcrumb","itemListElement":[{"@type":"ListItem","position":1,"name":"Avaleht","item":"https:\/\/tene.ee\/cs\/"},{"@type":"ListItem","position":2,"name":"V\u0161echny produkty","item":"http:\/\/tene.ee\/cs\/shop\/"},{"@type":"ListItem","position":3,"name":"Dokon\u00c3\u201e\u00c2\u008den\u00c3\u0192\u00c2\u00bd kemp Morgan 4-l\u00c3\u2026\u00c2\u00af\u00c3\u2026\u00c2\u00bekov\u00c3\u0192\u00c2\u00bd"}]},{"@type":"WebSite","@id":"https:\/\/tene.ee\/cs\/#website","url":"https:\/\/tene.ee\/cs\/","name":"Tene.ee - Kaunite hetkede jaoks sinu aias","description":"Tene.ee - parimad puit- ja aiamajad otse tootjalt","publisher":{"@id":"https:\/\/tene.ee\/cs\/#organization"},"alternateName":"Tene.ee","potentialAction":[{"@type":"SearchAction","target":{"@type":"EntryPoint","urlTemplate":"https:\/\/tene.ee\/cs\/?s={search_term_string}"},"query-input":{"@type":"PropertyValueSpecification","valueRequired":true,"valueName":"search_term_string"}}],"inLanguage":"cs"},{"@type":"Organization","@id":"https:\/\/tene.ee\/cs\/#organization","name":"Tene.ee","url":"https:\/\/tene.ee\/cs\/","logo":{"@type":"ImageObject","inLanguage":"cs","@id":"https:\/\/tene.ee\/cs\/#\/schema\/logo\/image\/","url":"https:\/\/tene.ee\/wp-content\/uploads\/2024\/12\/TENE-logo-2018-2.png","contentUrl":"https:\/\/tene.ee\/wp-content\/uploads\/2024\/12\/TENE-logo-2018-2.png","width":2339,"height":1654,"caption":"Tene.ee"},"image":{"@id":"https:\/\/tene.ee\/cs\/#\/schema\/logo\/image\/"},"sameAs":["https:\/\/www.facebook.com\/teneaiamajad"]}]}},"_links":{"self":[{"href":"https:\/\/tene.ee\/cs\/wp-json\/wp\/v2\/product\/18572","targetHints":{"allow":["GET"]}}],"collection":[{"href":"https:\/\/tene.ee\/cs\/wp-json\/wp\/v2\/product"}],"about":[{"href":"https:\/\/tene.ee\/cs\/wp-json\/wp\/v2\/types\/product"}],"wp:featuredmedia":[{"embeddable":true,"href":"https:\/\/tene.ee\/cs\/wp-json\/wp\/v2\/media\/14759"}],"wp:attachment":[{"href":"https:\/\/tene.ee\/cs\/wp-json\/wp\/v2\/media?parent=18572"}],"wp:term":[{"taxonomy":"product_brand","embeddable":true,"href":"https:\/\/tene.ee\/cs\/wp-json\/wp\/v2\/product_brand?post=18572"},{"taxonomy":"product_cat","embeddable":true,"href":"https:\/\/tene.ee\/cs\/wp-json\/wp\/v2\/product_cat?post=18572"},{"taxonomy":"product_tag","embeddable":true,"href":"https:\/\/tene.ee\/cs\/wp-json\/wp\/v2\/product_tag?post=18572"}],"curies":[{"name":"wp","href":"https:\/\/api.w.org\/{rel}","templated":true}]}}