{"id":18544,"date":"2024-07-12T17:13:18","date_gmt":"2024-07-12T14:13:18","guid":{"rendered":"https:\/\/tene.ee\/toode\/puidust-garaaz-lapua\/"},"modified":"2024-11-28T11:07:30","modified_gmt":"2024-11-28T09:07:30","slug":"puidust-garaaz-lapua","status":"publish","type":"product","link":"https:\/\/tene.ee\/cs\/toode\/puidust-garaaz-lapua\/","title":{"rendered":"D\u0159ev\u011bn\u00e1 gar\u00e1\u017e Lapua"},"content":{"rendered":"<p>Sada zahradn\u00edch domk\u016f, srub\u016f, p\u0159\u00edst\u0159e\u0161k\u016f, alt\u00e1n\u016f, saun, alt\u00e1nk\u016f, gril\u016f a d\u0159ev\u011bn\u00fdch gar\u00e1\u017e\u00ed z produkce tov\u00e1rny na zahrady a d\u0159ev\u011bn\u00e9 domy Tene obsahuje dve\u0159e, okna, spojovac\u00ed materi\u00e1l a n\u00e1vod k mont\u00e1\u017ei, d\u00edky \u010demu\u017e je stavba snadn\u00e1 a zabere m\u00e1lo \u010dasu. D\u0159ev\u011bn\u00e1 gar\u00e1\u017eov\u00e1 sada Tene o tlou\u0161\u0165ce st\u011bny 70 mm podle modelu obsahuje: 100% seversk\u00fd vysoce kvalitn\u00ed smrk pou\u017eit\u00fd jako d\u0159ev\u011bn\u00fd materi\u00e1l Dve\u0159e a okna ze speci\u00e1ln\u00edho such\u00e9ho lepen\u00e9ho d\u0159eva (8%-12%) Dve\u0159e s bal\u00ed\u010dkem skla, v\u010detn\u011b kov\u00e1n\u00ed Dvojit\u00e9 okno s balen\u00edm skla, v\u010detn\u011b kov\u00e1n\u00ed Gar\u00e1\u017eov\u00e1 vrata s lamelami, v\u010detn\u011b kov\u00e1n\u00ed Strop z profilov\u00e9 desky o tlou\u0161\u0165ce 18 mm Autokl\u00e1vovan\u00e9 d\u0159ev\u011bn\u00e9 z\u00e1kladov\u00e9 nosn\u00edky Upev\u0148ovac\u00ed n\u00e1\u0159ad\u00ed (h\u0159eb\u00edky a \u0161rouby) N\u00e1vod k mont\u00e1\u017ei Ceny plat\u00ed tov\u00e1rn\u00ed sklad Tene a jsou v\u010detn\u011b DPH. Ceny nezahrnuj\u00ed dopravu produktu.<\/p>\n","protected":false},"excerpt":{"rendered":"<p>V cen\u011b jsou lepen\u00e9 dve\u0159e a okno s dvojsklem, gar\u00e1\u017eov\u00e1 vrata, impregnovan\u00e9 z\u00e1kladov\u00e9 tr\u00e1my, spojovac\u00ed materi\u00e1l a mont\u00e1\u017en\u00ed n\u00e1vod Cena nezahrnuje dopravu a st\u0159e\u0161n\u00ed krytinu.<\/p>\n","protected":false},"featured_media":14679,"template":"","meta":{"_acf_changed":false},"product_brand":[],"product_cat":[498,496,519],"product_tag":[],"class_list":{"0":"post-18544","1":"product","2":"type-product","3":"status-publish","4":"has-post-thumbnail","6":"product_cat-drevene-garaze-se-70mm-stenami","7":"product_cat-garaze","8":"product_cat-nove-produkty","9":"pa_katuse-tuup-sikma-strecha","10":"pa_pindala-20-40-m2-cs","11":"pa_seina-paksus-70-mm-cs","13":"first","14":"onbackorder","15":"sale","16":"purchasable","17":"product-type-simple"},"acf":[],"yoast_head":"<!-- This site is optimized with the Yoast SEO plugin v27.3 - https:\/\/yoast.com\/product\/yoast-seo-wordpress\/ -->\n<title>Tene.ee - D\u0159ev\u011bn\u00e1 gar\u00e1\u017e Lapua<\/title>\n<meta name=\"description\" content=\"Tene.ee D\u0159ev\u011bn\u00e1 gar\u00e1\u017e Lapua\" \/>\n<meta name=\"robots\" content=\"index, follow, max-snippet:-1, max-image-preview:large, max-video-preview:-1\" \/>\n<link rel=\"canonical\" href=\"https:\/\/tene.ee\/cs\/toode\/puidust-garaaz-lapua\/\" \/>\n<meta property=\"og:locale\" content=\"cs_CZ\" \/>\n<meta property=\"og:type\" content=\"article\" \/>\n<meta property=\"og:title\" content=\"Tene.ee - D\u0159ev\u011bn\u00e1 gar\u00e1\u017e Lapua\" \/>\n<meta property=\"og:description\" content=\"Tene.ee D\u0159ev\u011bn\u00e1 gar\u00e1\u017e Lapua\" \/>\n<meta property=\"og:url\" content=\"https:\/\/tene.ee\/cs\/toode\/puidust-garaaz-lapua\/\" \/>\n<meta property=\"og:site_name\" content=\"Tene.ee\" \/>\n<meta property=\"article:publisher\" content=\"https:\/\/www.facebook.com\/teneaiamajad\" \/>\n<meta property=\"article:modified_time\" content=\"2024-11-28T09:07:30+00:00\" \/>\n<meta property=\"og:image\" content=\"http:\/\/tene.ee\/wp-content\/uploads\/2024\/07\/Garage_Lapua.jpg\" \/>\n\t<meta property=\"og:image:width\" content=\"2500\" \/>\n\t<meta property=\"og:image:height\" content=\"1667\" \/>\n\t<meta property=\"og:image:type\" content=\"image\/jpeg\" \/>\n<meta name=\"twitter:card\" content=\"summary_large_image\" \/>\n<meta name=\"twitter:label1\" content=\"Odhadovan\u00e1 doba \u010dten\u00ed\" \/>\n\t<meta name=\"twitter:data1\" content=\"1 minuta\" \/>\n<script type=\"application\/ld+json\" class=\"yoast-schema-graph\">{\"@context\":\"https:\\\/\\\/schema.org\",\"@graph\":[{\"@type\":\"WebPage\",\"@id\":\"https:\\\/\\\/tene.ee\\\/cs\\\/toode\\\/puidust-garaaz-lapua\\\/\",\"url\":\"https:\\\/\\\/tene.ee\\\/cs\\\/toode\\\/puidust-garaaz-lapua\\\/\",\"name\":\"Tene.ee - D\u0159ev\u011bn\u00e1 gar\u00e1\u017e Lapua\",\"isPartOf\":{\"@id\":\"https:\\\/\\\/tene.ee\\\/cs\\\/#website\"},\"primaryImageOfPage\":{\"@id\":\"https:\\\/\\\/tene.ee\\\/cs\\\/toode\\\/puidust-garaaz-lapua\\\/#primaryimage\"},\"image\":{\"@id\":\"https:\\\/\\\/tene.ee\\\/cs\\\/toode\\\/puidust-garaaz-lapua\\\/#primaryimage\"},\"thumbnailUrl\":\"https:\\\/\\\/tene.ee\\\/wp-content\\\/uploads\\\/2024\\\/07\\\/Garage_Lapua.jpg\",\"datePublished\":\"2024-07-12T14:13:18+00:00\",\"dateModified\":\"2024-11-28T09:07:30+00:00\",\"description\":\"Tene.ee D\u0159ev\u011bn\u00e1 gar\u00e1\u017e Lapua\",\"breadcrumb\":{\"@id\":\"https:\\\/\\\/tene.ee\\\/cs\\\/toode\\\/puidust-garaaz-lapua\\\/#breadcrumb\"},\"inLanguage\":\"cs\",\"potentialAction\":[{\"@type\":\"ReadAction\",\"target\":[\"https:\\\/\\\/tene.ee\\\/cs\\\/toode\\\/puidust-garaaz-lapua\\\/\"]}]},{\"@type\":\"ImageObject\",\"inLanguage\":\"cs\",\"@id\":\"https:\\\/\\\/tene.ee\\\/cs\\\/toode\\\/puidust-garaaz-lapua\\\/#primaryimage\",\"url\":\"https:\\\/\\\/tene.ee\\\/wp-content\\\/uploads\\\/2024\\\/07\\\/Garage_Lapua.jpg\",\"contentUrl\":\"https:\\\/\\\/tene.ee\\\/wp-content\\\/uploads\\\/2024\\\/07\\\/Garage_Lapua.jpg\",\"width\":2500,\"height\":1667},{\"@type\":\"BreadcrumbList\",\"@id\":\"https:\\\/\\\/tene.ee\\\/cs\\\/toode\\\/puidust-garaaz-lapua\\\/#breadcrumb\",\"itemListElement\":[{\"@type\":\"ListItem\",\"position\":1,\"name\":\"Avaleht\",\"item\":\"https:\\\/\\\/tene.ee\\\/cs\\\/\"},{\"@type\":\"ListItem\",\"position\":2,\"name\":\"V\u0161echny produkty\",\"item\":\"http:\\\/\\\/tene.ee\\\/cs\\\/shop\\\/\"},{\"@type\":\"ListItem\",\"position\":3,\"name\":\"D\u0159ev\u011bn\u00e1 gar\u00e1\u017e Lapua\"}]},{\"@type\":\"WebSite\",\"@id\":\"https:\\\/\\\/tene.ee\\\/cs\\\/#website\",\"url\":\"https:\\\/\\\/tene.ee\\\/cs\\\/\",\"name\":\"Tene.ee - Kaunite hetkede jaoks sinu aias\",\"description\":\"Tene.ee - parimad puit- ja aiamajad otse tootjalt\",\"publisher\":{\"@id\":\"https:\\\/\\\/tene.ee\\\/cs\\\/#organization\"},\"alternateName\":\"Tene.ee\",\"potentialAction\":[{\"@type\":\"SearchAction\",\"target\":{\"@type\":\"EntryPoint\",\"urlTemplate\":\"https:\\\/\\\/tene.ee\\\/cs\\\/?s={search_term_string}\"},\"query-input\":{\"@type\":\"PropertyValueSpecification\",\"valueRequired\":true,\"valueName\":\"search_term_string\"}}],\"inLanguage\":\"cs\"},{\"@type\":\"Organization\",\"@id\":\"https:\\\/\\\/tene.ee\\\/cs\\\/#organization\",\"name\":\"Tene.ee\",\"url\":\"https:\\\/\\\/tene.ee\\\/cs\\\/\",\"logo\":{\"@type\":\"ImageObject\",\"inLanguage\":\"cs\",\"@id\":\"https:\\\/\\\/tene.ee\\\/cs\\\/#\\\/schema\\\/logo\\\/image\\\/\",\"url\":\"https:\\\/\\\/tene.ee\\\/wp-content\\\/uploads\\\/2024\\\/12\\\/TENE-logo-2018-2.png\",\"contentUrl\":\"https:\\\/\\\/tene.ee\\\/wp-content\\\/uploads\\\/2024\\\/12\\\/TENE-logo-2018-2.png\",\"width\":2339,\"height\":1654,\"caption\":\"Tene.ee\"},\"image\":{\"@id\":\"https:\\\/\\\/tene.ee\\\/cs\\\/#\\\/schema\\\/logo\\\/image\\\/\"},\"sameAs\":[\"https:\\\/\\\/www.facebook.com\\\/teneaiamajad\"]}]}<\/script>\n<!-- \/ Yoast SEO plugin. -->","yoast_head_json":{"title":"Tene.ee - D\u0159ev\u011bn\u00e1 gar\u00e1\u017e Lapua","description":"Tene.ee D\u0159ev\u011bn\u00e1 gar\u00e1\u017e Lapua","robots":{"index":"index","follow":"follow","max-snippet":"max-snippet:-1","max-image-preview":"max-image-preview:large","max-video-preview":"max-video-preview:-1"},"canonical":"https:\/\/tene.ee\/cs\/toode\/puidust-garaaz-lapua\/","og_locale":"cs_CZ","og_type":"article","og_title":"Tene.ee - D\u0159ev\u011bn\u00e1 gar\u00e1\u017e Lapua","og_description":"Tene.ee D\u0159ev\u011bn\u00e1 gar\u00e1\u017e Lapua","og_url":"https:\/\/tene.ee\/cs\/toode\/puidust-garaaz-lapua\/","og_site_name":"Tene.ee","article_publisher":"https:\/\/www.facebook.com\/teneaiamajad","article_modified_time":"2024-11-28T09:07:30+00:00","og_image":[{"width":2500,"height":1667,"url":"http:\/\/tene.ee\/wp-content\/uploads\/2024\/07\/Garage_Lapua.jpg","type":"image\/jpeg"}],"twitter_card":"summary_large_image","twitter_misc":{"Odhadovan\u00e1 doba \u010dten\u00ed":"1 minuta"},"schema":{"@context":"https:\/\/schema.org","@graph":[{"@type":"WebPage","@id":"https:\/\/tene.ee\/cs\/toode\/puidust-garaaz-lapua\/","url":"https:\/\/tene.ee\/cs\/toode\/puidust-garaaz-lapua\/","name":"Tene.ee - D\u0159ev\u011bn\u00e1 gar\u00e1\u017e Lapua","isPartOf":{"@id":"https:\/\/tene.ee\/cs\/#website"},"primaryImageOfPage":{"@id":"https:\/\/tene.ee\/cs\/toode\/puidust-garaaz-lapua\/#primaryimage"},"image":{"@id":"https:\/\/tene.ee\/cs\/toode\/puidust-garaaz-lapua\/#primaryimage"},"thumbnailUrl":"https:\/\/tene.ee\/wp-content\/uploads\/2024\/07\/Garage_Lapua.jpg","datePublished":"2024-07-12T14:13:18+00:00","dateModified":"2024-11-28T09:07:30+00:00","description":"Tene.ee D\u0159ev\u011bn\u00e1 gar\u00e1\u017e Lapua","breadcrumb":{"@id":"https:\/\/tene.ee\/cs\/toode\/puidust-garaaz-lapua\/#breadcrumb"},"inLanguage":"cs","potentialAction":[{"@type":"ReadAction","target":["https:\/\/tene.ee\/cs\/toode\/puidust-garaaz-lapua\/"]}]},{"@type":"ImageObject","inLanguage":"cs","@id":"https:\/\/tene.ee\/cs\/toode\/puidust-garaaz-lapua\/#primaryimage","url":"https:\/\/tene.ee\/wp-content\/uploads\/2024\/07\/Garage_Lapua.jpg","contentUrl":"https:\/\/tene.ee\/wp-content\/uploads\/2024\/07\/Garage_Lapua.jpg","width":2500,"height":1667},{"@type":"BreadcrumbList","@id":"https:\/\/tene.ee\/cs\/toode\/puidust-garaaz-lapua\/#breadcrumb","itemListElement":[{"@type":"ListItem","position":1,"name":"Avaleht","item":"https:\/\/tene.ee\/cs\/"},{"@type":"ListItem","position":2,"name":"V\u0161echny produkty","item":"http:\/\/tene.ee\/cs\/shop\/"},{"@type":"ListItem","position":3,"name":"D\u0159ev\u011bn\u00e1 gar\u00e1\u017e Lapua"}]},{"@type":"WebSite","@id":"https:\/\/tene.ee\/cs\/#website","url":"https:\/\/tene.ee\/cs\/","name":"Tene.ee - Kaunite hetkede jaoks sinu aias","description":"Tene.ee - parimad puit- ja aiamajad otse tootjalt","publisher":{"@id":"https:\/\/tene.ee\/cs\/#organization"},"alternateName":"Tene.ee","potentialAction":[{"@type":"SearchAction","target":{"@type":"EntryPoint","urlTemplate":"https:\/\/tene.ee\/cs\/?s={search_term_string}"},"query-input":{"@type":"PropertyValueSpecification","valueRequired":true,"valueName":"search_term_string"}}],"inLanguage":"cs"},{"@type":"Organization","@id":"https:\/\/tene.ee\/cs\/#organization","name":"Tene.ee","url":"https:\/\/tene.ee\/cs\/","logo":{"@type":"ImageObject","inLanguage":"cs","@id":"https:\/\/tene.ee\/cs\/#\/schema\/logo\/image\/","url":"https:\/\/tene.ee\/wp-content\/uploads\/2024\/12\/TENE-logo-2018-2.png","contentUrl":"https:\/\/tene.ee\/wp-content\/uploads\/2024\/12\/TENE-logo-2018-2.png","width":2339,"height":1654,"caption":"Tene.ee"},"image":{"@id":"https:\/\/tene.ee\/cs\/#\/schema\/logo\/image\/"},"sameAs":["https:\/\/www.facebook.com\/teneaiamajad"]}]}},"_links":{"self":[{"href":"https:\/\/tene.ee\/cs\/wp-json\/wp\/v2\/product\/18544","targetHints":{"allow":["GET"]}}],"collection":[{"href":"https:\/\/tene.ee\/cs\/wp-json\/wp\/v2\/product"}],"about":[{"href":"https:\/\/tene.ee\/cs\/wp-json\/wp\/v2\/types\/product"}],"wp:featuredmedia":[{"embeddable":true,"href":"https:\/\/tene.ee\/cs\/wp-json\/wp\/v2\/media\/14679"}],"wp:attachment":[{"href":"https:\/\/tene.ee\/cs\/wp-json\/wp\/v2\/media?parent=18544"}],"wp:term":[{"taxonomy":"product_brand","embeddable":true,"href":"https:\/\/tene.ee\/cs\/wp-json\/wp\/v2\/product_brand?post=18544"},{"taxonomy":"product_cat","embeddable":true,"href":"https:\/\/tene.ee\/cs\/wp-json\/wp\/v2\/product_cat?post=18544"},{"taxonomy":"product_tag","embeddable":true,"href":"https:\/\/tene.ee\/cs\/wp-json\/wp\/v2\/product_tag?post=18544"}],"curies":[{"name":"wp","href":"https:\/\/api.w.org\/{rel}","templated":true}]}}