{"id":51809,"date":"2024-07-16T13:28:52","date_gmt":"2024-07-16T10:28:52","guid":{"rendered":"https:\/\/tene.ee\/pojdme-koupit\/"},"modified":"2025-07-29T00:52:11","modified_gmt":"2025-07-28T21:52:11","slug":"pojdme-koupit","status":"publish","type":"page","link":"https:\/\/tene.ee\/cs\/pojdme-koupit\/","title":{"rendered":"Poj\u010fme koupit"},"content":{"rendered":"<div class=\"wpb-content-wrapper\"><p>[vc_row equal_height=&#8220;yes&#8220; content_placement=&#8220;middle&#8220; css=&#8220;.vc_custom_1696834038795{margin-bottom: 0px !important;padding-right: 5px !important;padding-left: 5px !important;}&#8220; wd_z_index=&#8220;no&#8220; woodmart_css_id=&#8220;6523a1ef262ec&#8220; responsive_spacing=&#8220;eyJwYXJhbV90eXBlIjoid29vZG1hcnRfcmVzcG9uc2l2ZV9zcGFjaW5nIiwic2VsZWN0b3JfaWQiOiI2NTIzYTFlZjI2MmVjIiwic2hvcnRjb2RlIjoidmNfcm93IiwiZGF0YSI6eyJ0YWJsZXQiOnt9LCJtb2JpbGUiOnt9fX0=&#8220; mobile_bg_img_hidden=&#8220;no&#8220; tablet_bg_img_hidden=&#8220;no&#8220; woodmart_parallax=&#8220;0&#8243; woodmart_gradient_switch=&#8220;no&#8220; row_reverse_mobile=&#8220;0&#8243; row_reverse_tablet=&#8220;0&#8243; woodmart_disable_overflow=&#8220;0&#8243; woodmart_box_shadow=&#8220;no&#8220;][vc_column width=&#8220;1\/2&#8243; vertical_alignment=&#8220;eyJkZXZpY2VzIjp7ImRlc2t0b3AiOnsidmFsdWUiOiJjZW50ZXIifSwidGFibGV0Ijp7InZhbHVlIjoiIn0sIm1vYmlsZSI6eyJ2YWx1ZSI6IiJ9fX0=&#8220; horizontal_alignment=&#8220;eyJkZXZpY2VzIjp7ImRlc2t0b3AiOnsidmFsdWUiOiJzcGFjZS1iZXR3ZWVuIn0sInRhYmxldCI6eyJ2YWx1ZSI6IiJ9LCJtb2JpbGUiOnsidmFsdWUiOiIifX19&#8243; css=&#8220;.vc_custom_1696833341478{margin-bottom: 35px !important;padding-top: 10px !important;}&#8220; offset=&#8220;vc_col-lg-4 vc_col-md-4&#8243; wd_z_index=&#8220;no&#8220; woodmart_css_id=&#8220;65239f2b66ea0&#8243; responsive_spacing=&#8220;eyJwYXJhbV90eXBlIjoid29vZG1hcnRfcmVzcG9uc2l2ZV9zcGFjaW5nIiwic2VsZWN0b3JfaWQiOiI2NTIzOWYyYjY2ZWEwIiwic2hvcnRjb2RlIjoidmNfY29sdW1uIiwiZGF0YSI6eyJ0YWJsZXQiOnt9LCJtb2JpbGUiOnt9fX0=&#8220; parallax_scroll=&#8220;no&#8220; mobile_bg_img_hidden=&#8220;no&#8220; tablet_bg_img_hidden=&#8220;no&#8220; woodmart_parallax=&#8220;0&#8243; woodmart_sticky_column=&#8220;false&#8220; mobile_reset_margin=&#8220;no&#8220; tablet_reset_margin=&#8220;no&#8220; el_class=&#8220;column-contact-direction&#8220; wd_collapsible_content_switcher=&#8220;no&#8220; wd_column_role_offcanvas_desktop=&#8220;no&#8220; wd_column_role_offcanvas_tablet=&#8220;no&#8220; wd_column_role_offcanvas_mobile=&#8220;no&#8220; wd_column_role_content_desktop=&#8220;no&#8220; wd_column_role_content_tablet=&#8220;no&#8220; wd_column_role_content_mobile=&#8220;no&#8220; woodmart_box_shadow=&#8220;no&#8220;]\n\t\t<div id=\"wd-65d0b1ca3a72f\" class=\"title-wrapper wd-wpb wd-set-mb reset-last-child  wd-rs-65d0b1ca3a72f wd-title-color-default wd-title-style-default text-left vc_custom_1708175823657 wd-underline-colored\">\n\t\t\t\n\t\t\t<div class=\"liner-continer\">\n\t\t\t\t<h4 class=\"woodmart-title-container title  wd-font-weight- wd-fontsize-l\" >VYKUPUJEME D\u00c5\u02dcEVO!<\/h4>\n\t\t\t\t\t\t\t<\/div>\n\t\t\t\n\t\t\t\n\t\t\t\n\t\t<\/div>\n\t\t\n\t\t\t\t\t<div class=\"info-box-wrapper\">\n\t\t\t\t<div id=\"wd-6735aabc94a4e\" class=\" wd-rs-6735aabc94a4e wd-info-box wd-wpb text-left box-icon-align-top box-style- color-scheme- wd-bg-none vc_custom_1731570662599\">\n\t\t\t\t\t\t\t\t\t\t<div class=\"info-box-content\">\n\t\t\t\t\t\t\t\t\t\t\t\t<div class=\"info-box-inner reset-last-child\"><p><span data-sheets-root=\"1\">Vykupujeme such\u00c3\u00a9 smrkov\u00c3\u00a9 \u00c5\u2122ezivo s vlhkost\u00c3\u00ad 18+\/- 2 %.<\/span><\/p>\n<\/div>\n\n\t\t\t\t\t\t\t\t\t\t\t<\/div>\n\n\t\t\t\t\t\n\t\t\t\t\t\t\t\t\t<\/div>\n\t\t\t<\/div>\n\t\t\n\t\t<div id=\"wd-6501c6f2c93bd\" class=\"title-wrapper wd-wpb wd-set-mb reset-last-child  wd-rs-6501c6f2c93bd wd-title-color-default wd-title-style-default text-left vc_custom_1694614837119 wd-underline-colored\">\n\t\t\t\n\t\t\t<div class=\"liner-continer\">\n\t\t\t\t<h4 class=\"woodmart-title-container title  wd-font-weight- wd-fontsize-l\" >NAPI\u00c5 TE N\u00c3\u0081M<\/h4>\n\t\t\t\t\t\t\t<\/div>\n\t\t\t\n\t\t\t\n\t\t\t\n\t\t<\/div>\n\t\t\n\t\t\t\t<div id=\"wd-659bc70e52cef\" class=\"wd-text-block wd-wpb reset-last-child wd-rs-659bc70e52cef text-left vc_custom_1704707863453\">\n\t\t\t<p><span data-sheets-root=\"1\">Nab\u00c3\u00addky a dodac\u00c3\u00ad podm\u00c3\u00adnky naleznete v n\u00c3\u00a1kupn\u00c3\u00adm pr\u00c5\u00afvodci:<\/span><\/p>\n<p>Telefon: +372 508 9909<br \/>\nE-mail: info@tene.ee; peep@tene.ee<\/p>\n\t\t<\/div>\n\t\t[\/vc_column][vc_column width=&#8220;1\/2&#8243; offset=&#8220;vc_col-lg-8 vc_col-md-8&#8243; wd_z_index=&#8220;no&#8220; woodmart_css_id=&#8220;6501c42ebfe96&#8243; responsive_spacing=&#8220;eyJwYXJhbV90eXBlIjoid29vZG1hcnRfcmVzcG9uc2l2ZV9zcGFjaW5nIiwic2VsZWN0b3JfaWQiOiI2NTAxYzQyZWJmZTk2Iiwic2hvcnRjb2RlIjoidmNfY29sdW1uIiwiZGF0YSI6eyJ0YWJsZXQiOnt9LCJtb2JpbGUiOnt9fX0=&#8220; parallax_scroll=&#8220;no&#8220; mobile_bg_img_hidden=&#8220;no&#8220; tablet_bg_img_hidden=&#8220;no&#8220; woodmart_parallax=&#8220;0&#8243; woodmart_sticky_column=&#8220;false&#8220; mobile_reset_margin=&#8220;no&#8220; tablet_reset_margin=&#8220;no&#8220; el_class=&#8220;column-contact-direction&#8220; wd_collapsible_content_switcher=&#8220;no&#8220; wd_column_role_offcanvas_desktop=&#8220;no&#8220; wd_column_role_offcanvas_tablet=&#8220;no&#8220; wd_column_role_offcanvas_mobile=&#8220;no&#8220; wd_column_role_content_desktop=&#8220;no&#8220; wd_column_role_content_tablet=&#8220;no&#8220; wd_column_role_content_mobile=&#8220;no&#8220; woodmart_box_shadow=&#8220;no&#8220;][vc_tta_accordion][vc_tta_section title=&#8220;Kvalitn\u00c3\u00ad&#8220; tab_id=&#8220;1704708287543-3a990df8-919d&#8220;][vc_column_text css=&#8220;&#8220; woodmart_inline=&#8220;no&#8220; text_larger=&#8220;no&#8220;]<span data-sheets-root=\"1\">SF (U\/S+V; AB), 2 ExLog &#8211; Fresh, pln\u00c3\u00bd okraj (nepovolen okraj r\u00c3\u00a1hna), mrtv\u00c3\u00a9 spadl\u00c3\u00a9 v\u00c4\u203atve, hniloba a zm\u00c4\u203ana barvy a po\u00c5\u00a1kozen\u00c3\u00ad hmyzem nejsou povoleny.<\/span><\/p>\n<p><span data-sheets-root=\"1\">Podm\u00c4\u203arek v tlou\u00c5\u00a1\u00c5\u00a5ce a \u00c5\u00a1\u00c3\u00ad\u00c5\u2122ce nen\u00c3\u00ad povolen.<\/span><\/p>\n<p>Ka\u00c5\u00bed\u00c3\u00bd pr\u00c5\u00af\u00c5\u2122ez a d\u00c3\u00a9lka v samostatn\u00c3\u00a9m balen\u00c3\u00ad a opat\u00c5\u2122en\u00c3\u00bd \u00c5\u00a1t\u00c3\u00adtkem na obalu, kter\u00c3\u00bd uv\u00c3\u00a1d\u00c3\u00ad pr\u00c5\u00af\u00c5\u2122ez, d\u00c3\u00a9lku, kvalitu, informace o su\u00c5\u00a1en\u00c3\u00ad (KD a fin\u00c3\u00a1ln\u00c3\u00ad vlhkost a tepeln\u00c3\u00a9 zpracov\u00c3\u00a1n\u00c3\u00ad (HT-ISPM-15) s unik\u00c3\u00a1tn\u00c3\u00adm IPPC \u00c4\u008d\u00c3\u00adslem ).[\/vc_column_text][\/vc_tta_section][vc_tta_section title=&#8220;Pr\u00c5\u00af\u00c5\u2122ezy&#8220; tab_id=&#8220;1704708287555-895fc214-0ee4&#8243;][vc_column_text css=&#8220;&#8220; woodmart_inline=&#8220;no&#8220; text_larger=&#8220;no&#8220;]V\u00c5\u00a1echny pr\u00c5\u00af\u00c5\u2122ezy 6,0 m a p\u00c3\u00a1dov\u00c3\u00a1 d\u00c3\u00a9lka.<\/p>\n<p>Baleno v ochrann\u00c3\u00a9 f\u00c3\u00b3lii na d\u00c5\u2122evo (pota\u00c5\u00been\u00c3\u00a9 na 5 stran\u00c3\u00a1ch).<\/p>\n<p>32 x 125 mm<br \/>\n44 x 125 mm<br \/>\n44 x 100\/150 mm<br \/>\n75 x 125 mm<br \/>\n75 x 150 mm<br \/>\n[\/vc_column_text][\/vc_tta_section][\/vc_tta_accordion][\/vc_column][\/vc_row]<\/p>\n<\/div>","protected":false},"excerpt":{"rendered":"<p>[vc_row equal_height=&#8220;yes&#8220; content_placement=&#8220;middle&#8220; css=&#8220;.vc_custom_1696834038795{margin-bottom: 0px !important;padding-right: 5px !important;padding-left: 5px !important;}&#8220; wd_z_index=&#8220;no&#8220; woodmart_css_id=&#8220;6523a1ef262ec&#8220; responsive_spacing=&#8220;eyJwYXJhbV90eXBlIjoid29vZG1hcnRfcmVzcG9uc2l2ZV9zcGFjaW5nIiwic2VsZWN0b3JfaWQiOiI2NTIzYTFlZjI2MmVjIiwic2hvcnRjb2RlIjoidmNfcm93IiwiZGF0YSI6eyJ0YWJsZXQiOnt9LCJtb2JpbGUiOnt9fX0=&#8220; mobile_bg_img_hidden=&#8220;no&#8220; tablet_bg_img_hidden=&#8220;no&#8220; woodmart_parallax=&#8220;0&#8243; woodmart_gradient_switch=&#8220;no&#8220; row_reverse_mobile=&#8220;0&#8243; row_reverse_tablet=&#8220;0&#8243; woodmart_disable_overflow=&#8220;0&#8243;<\/p>\n","protected":false},"author":1,"featured_media":0,"parent":0,"menu_order":0,"comment_status":"closed","ping_status":"closed","template":"","meta":{"_acf_changed":false,"footnotes":""},"class_list":["post-51809","page","type-page","status-publish","hentry"],"acf":[],"yoast_head":"<!-- This site is optimized with the Yoast SEO plugin v27.5 - https:\/\/yoast.com\/product\/yoast-seo-wordpress\/ -->\n<title>Tene.ee - Poj\u010fme koupit<\/title>\n<meta name=\"description\" content=\"Tene.ee Poj\u010fme koupit\" \/>\n<meta name=\"robots\" content=\"index, follow, max-snippet:-1, max-image-preview:large, max-video-preview:-1\" \/>\n<link rel=\"canonical\" href=\"https:\/\/tene.ee\/cs\/pojdme-koupit\/\" \/>\n<meta property=\"og:locale\" content=\"cs_CZ\" \/>\n<meta property=\"og:type\" content=\"article\" \/>\n<meta property=\"og:title\" content=\"Tene.ee - Poj\u010fme koupit\" \/>\n<meta property=\"og:description\" content=\"Tene.ee Poj\u010fme koupit\" \/>\n<meta property=\"og:url\" content=\"https:\/\/tene.ee\/cs\/pojdme-koupit\/\" \/>\n<meta property=\"og:site_name\" content=\"Tene.ee\" \/>\n<meta property=\"article:publisher\" content=\"https:\/\/www.facebook.com\/teneaiamajad\" \/>\n<meta property=\"article:modified_time\" content=\"2025-07-28T21:52:11+00:00\" \/>\n<meta property=\"og:image\" content=\"https:\/\/tene.ee\/wp-content\/uploads\/2024\/12\/TENE-logo-2018-2.png\" \/>\n\t<meta property=\"og:image:width\" content=\"2339\" \/>\n\t<meta property=\"og:image:height\" content=\"1654\" \/>\n\t<meta property=\"og:image:type\" content=\"image\/png\" \/>\n<meta name=\"twitter:card\" content=\"summary_large_image\" \/>\n<meta name=\"twitter:label1\" content=\"Odhadovan\u00e1 doba \u010dten\u00ed\" \/>\n\t<meta name=\"twitter:data1\" content=\"2 minuty\" \/>\n<script type=\"application\/ld+json\" class=\"yoast-schema-graph\">{\"@context\":\"https:\\\/\\\/schema.org\",\"@graph\":[{\"@type\":\"WebPage\",\"@id\":\"https:\\\/\\\/tene.ee\\\/cs\\\/pojdme-koupit\\\/\",\"url\":\"https:\\\/\\\/tene.ee\\\/cs\\\/pojdme-koupit\\\/\",\"name\":\"Tene.ee - Poj\u010fme koupit\",\"isPartOf\":{\"@id\":\"https:\\\/\\\/tene.ee\\\/cs\\\/#website\"},\"datePublished\":\"2024-07-16T10:28:52+00:00\",\"dateModified\":\"2025-07-28T21:52:11+00:00\",\"description\":\"Tene.ee Poj\u010fme koupit\",\"breadcrumb\":{\"@id\":\"https:\\\/\\\/tene.ee\\\/cs\\\/pojdme-koupit\\\/#breadcrumb\"},\"inLanguage\":\"cs\",\"potentialAction\":[{\"@type\":\"ReadAction\",\"target\":[\"https:\\\/\\\/tene.ee\\\/cs\\\/pojdme-koupit\\\/\"]}]},{\"@type\":\"BreadcrumbList\",\"@id\":\"https:\\\/\\\/tene.ee\\\/cs\\\/pojdme-koupit\\\/#breadcrumb\",\"itemListElement\":[{\"@type\":\"ListItem\",\"position\":1,\"name\":\"Avaleht\",\"item\":\"https:\\\/\\\/tene.ee\\\/cs\\\/\"},{\"@type\":\"ListItem\",\"position\":2,\"name\":\"Poj\u010fme koupit\"}]},{\"@type\":\"WebSite\",\"@id\":\"https:\\\/\\\/tene.ee\\\/cs\\\/#website\",\"url\":\"https:\\\/\\\/tene.ee\\\/cs\\\/\",\"name\":\"Tene.ee - Kaunite hetkede jaoks sinu aias\",\"description\":\"Tene.ee - parimad puit- ja aiamajad otse tootjalt\",\"publisher\":{\"@id\":\"https:\\\/\\\/tene.ee\\\/cs\\\/#organization\"},\"alternateName\":\"Tene.ee\",\"potentialAction\":[{\"@type\":\"SearchAction\",\"target\":{\"@type\":\"EntryPoint\",\"urlTemplate\":\"https:\\\/\\\/tene.ee\\\/cs\\\/?s={search_term_string}\"},\"query-input\":{\"@type\":\"PropertyValueSpecification\",\"valueRequired\":true,\"valueName\":\"search_term_string\"}}],\"inLanguage\":\"cs\"},{\"@type\":\"Organization\",\"@id\":\"https:\\\/\\\/tene.ee\\\/cs\\\/#organization\",\"name\":\"Tene.ee\",\"url\":\"https:\\\/\\\/tene.ee\\\/cs\\\/\",\"logo\":{\"@type\":\"ImageObject\",\"inLanguage\":\"cs\",\"@id\":\"https:\\\/\\\/tene.ee\\\/cs\\\/#\\\/schema\\\/logo\\\/image\\\/\",\"url\":\"https:\\\/\\\/tene.ee\\\/wp-content\\\/uploads\\\/2024\\\/12\\\/TENE-logo-2018-2.png\",\"contentUrl\":\"https:\\\/\\\/tene.ee\\\/wp-content\\\/uploads\\\/2024\\\/12\\\/TENE-logo-2018-2.png\",\"width\":2339,\"height\":1654,\"caption\":\"Tene.ee\"},\"image\":{\"@id\":\"https:\\\/\\\/tene.ee\\\/cs\\\/#\\\/schema\\\/logo\\\/image\\\/\"},\"sameAs\":[\"https:\\\/\\\/www.facebook.com\\\/teneaiamajad\"]}]}<\/script>\n<!-- \/ Yoast SEO plugin. -->","yoast_head_json":{"title":"Tene.ee - Poj\u010fme koupit","description":"Tene.ee Poj\u010fme koupit","robots":{"index":"index","follow":"follow","max-snippet":"max-snippet:-1","max-image-preview":"max-image-preview:large","max-video-preview":"max-video-preview:-1"},"canonical":"https:\/\/tene.ee\/cs\/pojdme-koupit\/","og_locale":"cs_CZ","og_type":"article","og_title":"Tene.ee - Poj\u010fme koupit","og_description":"Tene.ee Poj\u010fme koupit","og_url":"https:\/\/tene.ee\/cs\/pojdme-koupit\/","og_site_name":"Tene.ee","article_publisher":"https:\/\/www.facebook.com\/teneaiamajad","article_modified_time":"2025-07-28T21:52:11+00:00","og_image":[{"width":2339,"height":1654,"url":"https:\/\/tene.ee\/wp-content\/uploads\/2024\/12\/TENE-logo-2018-2.png","type":"image\/png"}],"twitter_card":"summary_large_image","twitter_misc":{"Odhadovan\u00e1 doba \u010dten\u00ed":"2 minuty"},"schema":{"@context":"https:\/\/schema.org","@graph":[{"@type":"WebPage","@id":"https:\/\/tene.ee\/cs\/pojdme-koupit\/","url":"https:\/\/tene.ee\/cs\/pojdme-koupit\/","name":"Tene.ee - Poj\u010fme koupit","isPartOf":{"@id":"https:\/\/tene.ee\/cs\/#website"},"datePublished":"2024-07-16T10:28:52+00:00","dateModified":"2025-07-28T21:52:11+00:00","description":"Tene.ee Poj\u010fme koupit","breadcrumb":{"@id":"https:\/\/tene.ee\/cs\/pojdme-koupit\/#breadcrumb"},"inLanguage":"cs","potentialAction":[{"@type":"ReadAction","target":["https:\/\/tene.ee\/cs\/pojdme-koupit\/"]}]},{"@type":"BreadcrumbList","@id":"https:\/\/tene.ee\/cs\/pojdme-koupit\/#breadcrumb","itemListElement":[{"@type":"ListItem","position":1,"name":"Avaleht","item":"https:\/\/tene.ee\/cs\/"},{"@type":"ListItem","position":2,"name":"Poj\u010fme koupit"}]},{"@type":"WebSite","@id":"https:\/\/tene.ee\/cs\/#website","url":"https:\/\/tene.ee\/cs\/","name":"Tene.ee - Kaunite hetkede jaoks sinu aias","description":"Tene.ee - parimad puit- ja aiamajad otse tootjalt","publisher":{"@id":"https:\/\/tene.ee\/cs\/#organization"},"alternateName":"Tene.ee","potentialAction":[{"@type":"SearchAction","target":{"@type":"EntryPoint","urlTemplate":"https:\/\/tene.ee\/cs\/?s={search_term_string}"},"query-input":{"@type":"PropertyValueSpecification","valueRequired":true,"valueName":"search_term_string"}}],"inLanguage":"cs"},{"@type":"Organization","@id":"https:\/\/tene.ee\/cs\/#organization","name":"Tene.ee","url":"https:\/\/tene.ee\/cs\/","logo":{"@type":"ImageObject","inLanguage":"cs","@id":"https:\/\/tene.ee\/cs\/#\/schema\/logo\/image\/","url":"https:\/\/tene.ee\/wp-content\/uploads\/2024\/12\/TENE-logo-2018-2.png","contentUrl":"https:\/\/tene.ee\/wp-content\/uploads\/2024\/12\/TENE-logo-2018-2.png","width":2339,"height":1654,"caption":"Tene.ee"},"image":{"@id":"https:\/\/tene.ee\/cs\/#\/schema\/logo\/image\/"},"sameAs":["https:\/\/www.facebook.com\/teneaiamajad"]}]}},"_links":{"self":[{"href":"https:\/\/tene.ee\/cs\/wp-json\/wp\/v2\/pages\/51809","targetHints":{"allow":["GET"]}}],"collection":[{"href":"https:\/\/tene.ee\/cs\/wp-json\/wp\/v2\/pages"}],"about":[{"href":"https:\/\/tene.ee\/cs\/wp-json\/wp\/v2\/types\/page"}],"author":[{"embeddable":true,"href":"https:\/\/tene.ee\/cs\/wp-json\/wp\/v2\/users\/1"}],"replies":[{"embeddable":true,"href":"https:\/\/tene.ee\/cs\/wp-json\/wp\/v2\/comments?post=51809"}],"version-history":[{"count":0,"href":"https:\/\/tene.ee\/cs\/wp-json\/wp\/v2\/pages\/51809\/revisions"}],"wp:attachment":[{"href":"https:\/\/tene.ee\/cs\/wp-json\/wp\/v2\/media?parent=51809"}],"curies":[{"name":"wp","href":"https:\/\/api.w.org\/{rel}","templated":true}]}}